{"id":2601,"date":"2019-07-29T10:31:49","date_gmt":"2019-07-29T10:31:49","guid":{"rendered":"https:\/\/livrariasolmar.pt\/quem-somos\/"},"modified":"2022-03-10T10:46:07","modified_gmt":"2022-03-10T10:46:07","slug":"who-we-are","status":"publish","type":"page","link":"https:\/\/livrariasolmar.pt\/en\/who-we-are\/","title":{"rendered":"Who We Are"},"content":{"rendered":"<p>[vc_row row_content_width=&#8221;grid&#8221; svg_background=&#8221;%5B%7B%7D%5D&#8221;][vc_column][vc_empty_space][vc_video link=&#8221;https:\/\/www.youtube.com\/watch?v=KCSYFKq3vYU&#8221; el_width=&#8221;50&#8243; align=&#8221;center&#8221; el_class=&#8221;videoWhoAreWe&#8221;][vc_empty_space][vc_column_text]Livraria Solmar opened its doors on March 21<sup>st<\/sup>, 1991, in Ponta Delgada. Founded by Jos\u00e9 Carlos Frias, Albano Pimentel, and Jos\u00e9 Garcia, it is currently managed by only one of its founders, Jos\u00e9 Carlos Frias, along with his wife, Maria Helena Frias. The opening date was a symbolic and bold choice: symbolic because it honoured the celebration of World Poetry Day, and bold because it marked a turning point for the concept of \u201cbookstore\u201d in the Azores, creating a consistent plethora of cultural events \u2014 expositions, book launches, debates, get-togethers \u2014, which stimulated the city\u2019s public and intellectual spheres, as it still does nowadays.<\/p>\n<p>The cultural events hosted in this bookstore \u2014 all of them held with the intention of bringing together regional and national authors \u2014 have had the attendance of notable figures, such as: Ant\u00f3nio Lobo Antunes, Jos\u00e9 Saramago (Nobel Prize in Literature 1998), Jos\u00e9 Cardoso Pires, Mia Couto, Urbano Bettencourt, Emanuel Jorge Botelho, Daniel de S\u00e1, Fernando Aires, Dias de Melo, Vamberto Freitas, \u00c1lamo de Oliveira, On\u00e9simo Teot\u00f3nio de Almeida, Jo\u00e3o de Melo; as well as authors who are building the new generation of literature: Joel Neto, Jo\u00e3o Pedro Porto, Leonardo, Nuno Costa Santos, Maria Brand\u00e3o, Leonor Sampaio, among many other renowned Azorean writers.<\/p>\n<p>From its inception, Livraria Solmar has been a space of symbiosis between writers and artists, hosting exhibition openings, many of which happened in the 90s.<\/p>\n<p>In the decade of 2000, Artes e Letras is launched, a publisher that is currently autonomous and managed by Maria Helena Frias, printing tittles of great importance: Raul Brand\u00e3o\u2019s<em> Ilhas Desconhecidas<\/em>, Antero de Quental\u2019s<em> Sonetos Completos<\/em>, Maria das Merc\u00eas Pacheco\u2019s<em> Viajantes nos A\u00e7ores<\/em>, and others.<\/p>\n<p>This is the synthesis of a cultural space whose greatest achievement is its longevity and its biggest challenge is its permanence.[\/vc_column_text][\/vc_column][\/vc_row][vc_row][vc_column][vc_empty_space][\/vc_column][\/vc_row]<\/p>\n","protected":false},"excerpt":{"rendered":"<p>[vc_row row_content_width=&#8221;grid&#8221; svg_background=&#8221;%5B%7B%7D%5D&#8221;][vc_column][vc_empty_space][vc_video link=&#8221;https:\/\/www.youtube.com\/watch?v=KCSYFKq3vYU&#8221; el_width=&#8221;50&#8243; align=&#8221;center&#8221; el_class=&#8221;videoWhoAreWe&#8221;][vc_empty_space][vc_column_text]Livraria Solmar opened its doors on March 21st, 1991, in Ponta Delgada. Founded by Jos\u00e9 Carlos Frias, Albano Pimentel, and Jos\u00e9 Garcia, it is currently managed by only one of its founders, Jos\u00e9 Carlos [&hellip;]<\/p>\n","protected":false},"author":1,"featured_media":0,"parent":0,"menu_order":0,"comment_status":"closed","ping_status":"closed","template":"full-width.php","meta":[],"yoast_head":"<!-- This site is optimized with the Yoast SEO plugin v16.6 - https:\/\/yoast.com\/wordpress\/plugins\/seo\/ -->\n<title>Bookshop in Ponta DelgadaWho We Are - Livraria Solmar - Livraria online<\/title>\n<meta name=\"description\" content=\"Hundreds of books of different categories to complete your day. Visit the Solmar Bookshop in Ponta Delgada and enjoy a good book!\" \/>\n<meta name=\"robots\" content=\"index, follow, max-snippet:-1, max-image-preview:large, max-video-preview:-1\" \/>\n<link rel=\"canonical\" href=\"https:\/\/livrariasolmar.pt\/en\/who-we-are\/\" \/>\n<meta property=\"og:locale\" content=\"en_US\" \/>\n<meta property=\"og:type\" content=\"article\" \/>\n<meta property=\"og:title\" content=\"Bookshop in Ponta DelgadaWho We Are - Livraria Solmar - Livraria online\" \/>\n<meta property=\"og:description\" content=\"Hundreds of books of different categories to complete your day. Visit the Solmar Bookshop in Ponta Delgada and enjoy a good book!\" \/>\n<meta property=\"og:url\" content=\"https:\/\/livrariasolmar.pt\/en\/who-we-are\/\" \/>\n<meta property=\"og:site_name\" content=\"Livraria Solmar - Livraria online\" \/>\n<meta property=\"article:modified_time\" content=\"2022-03-10T10:46:07+00:00\" \/>\n<meta name=\"twitter:card\" content=\"summary_large_image\" \/>\n<meta name=\"twitter:label1\" content=\"Est. reading time\" \/>\n\t<meta name=\"twitter:data1\" content=\"2 minutes\" \/>\n<script type=\"application\/ld+json\" class=\"yoast-schema-graph\">{\"@context\":\"https:\/\/schema.org\",\"@graph\":[{\"@type\":\"WebSite\",\"@id\":\"https:\/\/livrariasolmar.pt\/#website\",\"url\":\"https:\/\/livrariasolmar.pt\/\",\"name\":\"Livraria Solmar - Livraria online\",\"description\":\"Com\\u00e9rcio Livros E Objetos De Arte, Lda - Ponta Delgada, A\\u00e7ores\",\"potentialAction\":[{\"@type\":\"SearchAction\",\"target\":{\"@type\":\"EntryPoint\",\"urlTemplate\":\"https:\/\/livrariasolmar.pt\/?s={search_term_string}\"},\"query-input\":\"required name=search_term_string\"}],\"inLanguage\":\"en-US\"},{\"@type\":\"WebPage\",\"@id\":\"https:\/\/livrariasolmar.pt\/en\/who-we-are\/#webpage\",\"url\":\"https:\/\/livrariasolmar.pt\/en\/who-we-are\/\",\"name\":\"Bookshop in Ponta DelgadaWho We Are - Livraria Solmar - Livraria online\",\"isPartOf\":{\"@id\":\"https:\/\/livrariasolmar.pt\/#website\"},\"datePublished\":\"2019-07-29T10:31:49+00:00\",\"dateModified\":\"2022-03-10T10:46:07+00:00\",\"description\":\"Hundreds of books of different categories to complete your day. Visit the Solmar Bookshop in Ponta Delgada and enjoy a good book!\",\"breadcrumb\":{\"@id\":\"https:\/\/livrariasolmar.pt\/en\/who-we-are\/#breadcrumb\"},\"inLanguage\":\"en-US\",\"potentialAction\":[{\"@type\":\"ReadAction\",\"target\":[\"https:\/\/livrariasolmar.pt\/en\/who-we-are\/\"]}]},{\"@type\":\"BreadcrumbList\",\"@id\":\"https:\/\/livrariasolmar.pt\/en\/who-we-are\/#breadcrumb\",\"itemListElement\":[{\"@type\":\"ListItem\",\"position\":1,\"name\":\"In\\u00edcio\",\"item\":\"https:\/\/livrariasolmar.pt\/en\/\"},{\"@type\":\"ListItem\",\"position\":2,\"name\":\"Who We Are\"}]}]}<\/script>\n<!-- \/ Yoast SEO plugin. -->","_links":{"self":[{"href":"https:\/\/livrariasolmar.pt\/en\/wp-json\/wp\/v2\/pages\/2601"}],"collection":[{"href":"https:\/\/livrariasolmar.pt\/en\/wp-json\/wp\/v2\/pages"}],"about":[{"href":"https:\/\/livrariasolmar.pt\/en\/wp-json\/wp\/v2\/types\/page"}],"author":[{"embeddable":true,"href":"https:\/\/livrariasolmar.pt\/en\/wp-json\/wp\/v2\/users\/1"}],"replies":[{"embeddable":true,"href":"https:\/\/livrariasolmar.pt\/en\/wp-json\/wp\/v2\/comments?post=2601"}],"version-history":[{"count":23,"href":"https:\/\/livrariasolmar.pt\/en\/wp-json\/wp\/v2\/pages\/2601\/revisions"}],"predecessor-version":[{"id":4703,"href":"https:\/\/livrariasolmar.pt\/en\/wp-json\/wp\/v2\/pages\/2601\/revisions\/4703"}],"wp:attachment":[{"href":"https:\/\/livrariasolmar.pt\/en\/wp-json\/wp\/v2\/media?parent=2601"}],"curies":[{"name":"wp","href":"https:\/\/api.w.org\/{rel}","templated":true}]}}