{"id":10027,"date":"2025-01-28T14:16:16","date_gmt":"2025-01-28T14:16:16","guid":{"rendered":"https:\/\/livrariasolmar.pt\/?post_type=product&#038;p=10027"},"modified":"2025-03-24T17:58:01","modified_gmt":"2025-03-24T17:58:01","slug":"rabo-de-peixe","status":"publish","type":"product","link":"https:\/\/livrariasolmar.pt\/en\/produto\/rabo-de-peixe\/","title":{"rendered":"Rabo de Peixe"},"content":{"rendered":"","protected":false},"excerpt":{"rendered":"<p>No dia 26 de maio de 2023, estreava, na Netflix, Rabo de Peixe. Dois dias depois, a s\u00e9rie portuguesa era n\u00famero 1 no top nacional da Netflix, onde se manteve ao longo de mais de dois meses, tornando-se assim a s\u00e9rie mais vista de sempre em Portugal.<\/p>\n<p>Al\u00e9m-fronteiras, chegou a mais de 190 pa\u00edses e, em mais 38, a hist\u00f3ria de quatro amigos que tentam escapar ao seu destino alcan\u00e7ou o top das s\u00e9ries mais vistas, acumulando mais de 45 milh\u00f5es de horas de visualiza\u00e7\u00f5es, segundo dados divulgados pela empresa em junho deste ano.<\/p>\n<p>Mas como \u00e9 que se chegou at\u00e9 aqui? Quem s\u00e3o as pessoas que criaram e interpretaram esta hist\u00f3ria? Como se parte de um acontecimento real para construir uma s\u00e9rie de fic\u00e7\u00e3o que, em muitos aspetos, foi pioneira em Portugal?<\/p>\n<p>Com recurso a fotografias in\u00e9ditas, feitas durante as filmagens da primeira temporada de Rabo de Peixe, e a entrevistas \u00e0 equipa que a produziu e realizou, ao longo de um ano, este livro leva-nos a conhecer os bastidores da s\u00e9rie e o respetivo processo de cria\u00e7\u00e3o. Desde o criador, Augusto Fraga, ao elenco, passando pelo diretor de fotografia, o diretor de arte, os figurinos e a caracteriza\u00e7\u00e3o, a m\u00fasica e os efeitos especiais, entre outros, ficamos a conhecer os segredos por tr\u00e1s do sucesso de Rabo de Peixe.<\/p>\n","protected":false},"author":2,"featured_media":10028,"template":"","meta":[],"product_cat":[175,176],"product_tag":[],"cat_produtos":[],"yoast_head":"<!-- This site is optimized with the Yoast SEO plugin v16.6 - https:\/\/yoast.com\/wordpress\/plugins\/seo\/ -->\n<title>Rabo de Peixe - Livraria Solmar - Livraria online<\/title>\n<meta name=\"robots\" content=\"index, follow, max-snippet:-1, max-image-preview:large, max-video-preview:-1\" \/>\n<link rel=\"canonical\" href=\"https:\/\/livrariasolmar.pt\/en\/produto\/rabo-de-peixe\/\" \/>\n<meta property=\"og:locale\" content=\"en_US\" \/>\n<meta property=\"og:type\" content=\"article\" \/>\n<meta property=\"og:title\" content=\"Rabo de Peixe - Livraria Solmar - Livraria online\" \/>\n<meta property=\"og:description\" content=\"No dia 26 de maio de 2023, estreava, na Netflix, Rabo de Peixe. Dois dias depois, a s\u00e9rie portuguesa era n\u00famero 1 no top nacional da Netflix, onde se manteve ao longo de mais de dois meses, tornando-se assim a s\u00e9rie mais vista de sempre em Portugal.  Al\u00e9m-fronteiras, chegou a mais de 190 pa\u00edses e, em mais 38, a hist\u00f3ria de quatro amigos que tentam escapar ao seu destino alcan\u00e7ou o top das s\u00e9ries mais vistas, acumulando mais de 45 milh\u00f5es de horas de visualiza\u00e7\u00f5es, segundo dados divulgados pela empresa em junho deste ano.  Mas como \u00e9 que se chegou at\u00e9 aqui? Quem s\u00e3o as pessoas que criaram e interpretaram esta hist\u00f3ria? Como se parte de um acontecimento real para construir uma s\u00e9rie de fic\u00e7\u00e3o que, em muitos aspetos, foi pioneira em Portugal?  Com recurso a fotografias in\u00e9ditas, feitas durante as filmagens da primeira temporada de Rabo de Peixe, e a entrevistas \u00e0 equipa que a produziu e realizou, ao longo de um ano, este livro leva-nos a conhecer os bastidores da s\u00e9rie e o respetivo processo de cria\u00e7\u00e3o. Desde o criador, Augusto Fraga, ao elenco, passando pelo diretor de fotografia, o diretor de arte, os figurinos e a caracteriza\u00e7\u00e3o, a m\u00fasica e os efeitos especiais, entre outros, ficamos a conhecer os segredos por tr\u00e1s do sucesso de Rabo de Peixe.\" \/>\n<meta property=\"og:url\" content=\"https:\/\/livrariasolmar.pt\/produto\/rabo-de-peixe\/\" \/>\n<meta property=\"og:site_name\" content=\"Livraria Solmar - Livraria online\" \/>\n<meta property=\"article:modified_time\" content=\"2025-03-24T17:58:01+00:00\" \/>\n<meta property=\"og:image\" content=\"https:\/\/livrariasolmar.pt\/wp-content\/uploads\/2025\/01\/1540-1.jpg\" \/>\n\t<meta property=\"og:image:width\" content=\"340\" \/>\n\t<meta property=\"og:image:height\" content=\"340\" \/>\n<meta name=\"twitter:card\" content=\"summary_large_image\" \/>\n<script type=\"application\/ld+json\" class=\"yoast-schema-graph\">{\"@context\":\"https:\/\/schema.org\",\"@graph\":[{\"@type\":\"WebSite\",\"@id\":\"https:\/\/livrariasolmar.pt\/#website\",\"url\":\"https:\/\/livrariasolmar.pt\/\",\"name\":\"Livraria Solmar - Livraria online\",\"description\":\"Com\\u00e9rcio Livros E Objetos De Arte, Lda - Ponta Delgada, A\\u00e7ores\",\"potentialAction\":[{\"@type\":\"SearchAction\",\"target\":{\"@type\":\"EntryPoint\",\"urlTemplate\":\"https:\/\/livrariasolmar.pt\/?s={search_term_string}\"},\"query-input\":\"required name=search_term_string\"}],\"inLanguage\":\"en-US\"},{\"@type\":\"ImageObject\",\"@id\":\"https:\/\/livrariasolmar.pt\/produto\/rabo-de-peixe\/#primaryimage\",\"inLanguage\":\"en-US\",\"url\":\"https:\/\/livrariasolmar.pt\/wp-content\/uploads\/2025\/01\/1540-1.jpg\",\"contentUrl\":\"https:\/\/livrariasolmar.pt\/wp-content\/uploads\/2025\/01\/1540-1.jpg\",\"width\":340,\"height\":340},{\"@type\":\"WebPage\",\"@id\":\"https:\/\/livrariasolmar.pt\/produto\/rabo-de-peixe\/#webpage\",\"url\":\"https:\/\/livrariasolmar.pt\/produto\/rabo-de-peixe\/\",\"name\":\"Rabo de Peixe - Livraria Solmar - Livraria online\",\"isPartOf\":{\"@id\":\"https:\/\/livrariasolmar.pt\/#website\"},\"primaryImageOfPage\":{\"@id\":\"https:\/\/livrariasolmar.pt\/produto\/rabo-de-peixe\/#primaryimage\"},\"datePublished\":\"2025-01-28T14:16:16+00:00\",\"dateModified\":\"2025-03-24T17:58:01+00:00\",\"breadcrumb\":{\"@id\":\"https:\/\/livrariasolmar.pt\/produto\/rabo-de-peixe\/#breadcrumb\"},\"inLanguage\":\"en-US\",\"potentialAction\":[{\"@type\":\"ReadAction\",\"target\":[\"https:\/\/livrariasolmar.pt\/produto\/rabo-de-peixe\/\"]}]},{\"@type\":\"BreadcrumbList\",\"@id\":\"https:\/\/livrariasolmar.pt\/produto\/rabo-de-peixe\/#breadcrumb\",\"itemListElement\":[{\"@type\":\"ListItem\",\"position\":1,\"name\":\"In\\u00edcio\",\"item\":\"https:\/\/livrariasolmar.pt\/en\/\"},{\"@type\":\"ListItem\",\"position\":2,\"name\":\"Shop\",\"item\":\"https:\/\/livrariasolmar.pt\/en\/shop\/\"},{\"@type\":\"ListItem\",\"position\":3,\"name\":\"Rabo de Peixe\"}]}]}<\/script>\n<!-- \/ Yoast SEO plugin. -->","_links":{"self":[{"href":"https:\/\/livrariasolmar.pt\/en\/wp-json\/wp\/v2\/product\/10027"}],"collection":[{"href":"https:\/\/livrariasolmar.pt\/en\/wp-json\/wp\/v2\/product"}],"about":[{"href":"https:\/\/livrariasolmar.pt\/en\/wp-json\/wp\/v2\/types\/product"}],"author":[{"embeddable":true,"href":"https:\/\/livrariasolmar.pt\/en\/wp-json\/wp\/v2\/users\/2"}],"wp:featuredmedia":[{"embeddable":true,"href":"https:\/\/livrariasolmar.pt\/en\/wp-json\/wp\/v2\/media\/10028"}],"wp:attachment":[{"href":"https:\/\/livrariasolmar.pt\/en\/wp-json\/wp\/v2\/media?parent=10027"}],"wp:term":[{"taxonomy":"product_cat","embeddable":true,"href":"https:\/\/livrariasolmar.pt\/en\/wp-json\/wp\/v2\/product_cat?post=10027"},{"taxonomy":"product_tag","embeddable":true,"href":"https:\/\/livrariasolmar.pt\/en\/wp-json\/wp\/v2\/product_tag?post=10027"},{"taxonomy":"cat_produtos","embeddable":true,"href":"https:\/\/livrariasolmar.pt\/en\/wp-json\/wp\/v2\/cat_produtos?post=10027"}],"curies":[{"name":"wp","href":"https:\/\/api.w.org\/{rel}","templated":true}]}}