{"id":10037,"date":"2025-01-29T15:55:34","date_gmt":"2025-01-29T15:55:34","guid":{"rendered":"https:\/\/livrariasolmar.pt\/?post_type=product&#038;p=10037"},"modified":"2025-03-02T16:23:10","modified_gmt":"2025-03-02T16:23:10","slug":"querida-tia","status":"publish","type":"product","link":"https:\/\/livrariasolmar.pt\/en\/produto\/querida-tia\/","title":{"rendered":"Querida Tia"},"content":{"rendered":"","protected":false},"excerpt":{"rendered":"<p>O novo e muito aguardado romance de uma das autoras mais lidas em Portugal.<\/p>\n<p>Colette era uma mulher sem hist\u00f3ria, mas n\u00e3o h\u00e1 pessoas sem hist\u00f3ria\u2026 Agn\u00e8s recebe um telefonema e julga que se enganaram: a pol\u00edcia diz-lhe que Colette, a sua querida tia, acaba de morrer. Mas como \u00e9 poss\u00edvel, se o funeral aconteceu h\u00e1 tr\u00eas anos? Ser\u00e1 um engano, certamente, mas ela ter\u00e1 de regressar a Borgonha, lugar que h\u00e1 tanto tempo deixou para tr\u00e1s, para perceber o que realmente aconteceu.<\/p>\n<p>Aquela mulher, que Agn\u00e8s n\u00e3o sabe se \u00e9 ou n\u00e3o a sua tia, deixou um conjunto de coisas ao seu cuidado: notas com os \u00faltimos desejos e um conjunto de cassetes \u00e1udio. A sobrinha de Colette sempre vira a tia como uma mulher sem hist\u00f3ria, algu\u00e9m que passara pela vida sem deixar marcas, mas, agora, prepara-se para compreender o que nunca devemos esquecer: na verdade, n\u00e3o h\u00e1 pessoas sem hist\u00f3ria, e a de Colette tem tanto, tanto para contar.<\/p>\n<p>Podem as palavras, escritas ou ditas, ter o poder de mudar o nosso presente e, mais, dar-nos outro passado?<br \/>\nJuntando o destino e as vidas de v\u00e1rias mulheres, de forma tocante e surpreendente, Val\u00e9rie Perrin regressa com um romance que reflete o mais humano e profundo de todos n\u00f3s.<\/p>\n","protected":false},"author":2,"featured_media":10038,"template":"","meta":[],"product_cat":[153],"product_tag":[],"cat_produtos":[],"yoast_head":"<!-- This site is optimized with the Yoast SEO plugin v16.6 - https:\/\/yoast.com\/wordpress\/plugins\/seo\/ -->\n<title>Querida Tia - Livraria Solmar - Livraria online<\/title>\n<meta name=\"robots\" content=\"index, follow, max-snippet:-1, max-image-preview:large, max-video-preview:-1\" \/>\n<link rel=\"canonical\" href=\"https:\/\/livrariasolmar.pt\/en\/produto\/querida-tia\/\" \/>\n<meta property=\"og:locale\" content=\"en_US\" \/>\n<meta property=\"og:type\" content=\"article\" \/>\n<meta property=\"og:title\" content=\"Querida Tia - Livraria Solmar - Livraria online\" \/>\n<meta property=\"og:description\" content=\"O novo e muito aguardado romance de uma das autoras mais lidas em Portugal.  Colette era uma mulher sem hist\u00f3ria, mas n\u00e3o h\u00e1 pessoas sem hist\u00f3ria\u2026 Agn\u00e8s recebe um telefonema e julga que se enganaram: a pol\u00edcia diz-lhe que Colette, a sua querida tia, acaba de morrer. Mas como \u00e9 poss\u00edvel, se o funeral aconteceu h\u00e1 tr\u00eas anos? Ser\u00e1 um engano, certamente, mas ela ter\u00e1 de regressar a Borgonha, lugar que h\u00e1 tanto tempo deixou para tr\u00e1s, para perceber o que realmente aconteceu.  Aquela mulher, que Agn\u00e8s n\u00e3o sabe se \u00e9 ou n\u00e3o a sua tia, deixou um conjunto de coisas ao seu cuidado: notas com os \u00faltimos desejos e um conjunto de cassetes \u00e1udio. A sobrinha de Colette sempre vira a tia como uma mulher sem hist\u00f3ria, algu\u00e9m que passara pela vida sem deixar marcas, mas, agora, prepara-se para compreender o que nunca devemos esquecer: na verdade, n\u00e3o h\u00e1 pessoas sem hist\u00f3ria, e a de Colette tem tanto, tanto para contar.  Podem as palavras, escritas ou ditas, ter o poder de mudar o nosso presente e, mais, dar-nos outro passado? Juntando o destino e as vidas de v\u00e1rias mulheres, de forma tocante e surpreendente, Val\u00e9rie Perrin regressa com um romance que reflete o mais humano e profundo de todos n\u00f3s.\" \/>\n<meta property=\"og:url\" content=\"https:\/\/livrariasolmar.pt\/produto\/querida-tia\/\" \/>\n<meta property=\"og:site_name\" content=\"Livraria Solmar - Livraria online\" \/>\n<meta property=\"article:modified_time\" content=\"2025-03-02T16:23:10+00:00\" \/>\n<meta property=\"og:image\" content=\"https:\/\/livrariasolmar.pt\/wp-content\/uploads\/2025\/01\/1507-1.jpg\" \/>\n\t<meta property=\"og:image:width\" content=\"400\" \/>\n\t<meta property=\"og:image:height\" content=\"594\" \/>\n<meta name=\"twitter:card\" content=\"summary_large_image\" \/>\n<script type=\"application\/ld+json\" class=\"yoast-schema-graph\">{\"@context\":\"https:\/\/schema.org\",\"@graph\":[{\"@type\":\"WebSite\",\"@id\":\"https:\/\/livrariasolmar.pt\/#website\",\"url\":\"https:\/\/livrariasolmar.pt\/\",\"name\":\"Livraria Solmar - Livraria online\",\"description\":\"Com\\u00e9rcio Livros E Objetos De Arte, Lda - Ponta Delgada, A\\u00e7ores\",\"potentialAction\":[{\"@type\":\"SearchAction\",\"target\":{\"@type\":\"EntryPoint\",\"urlTemplate\":\"https:\/\/livrariasolmar.pt\/?s={search_term_string}\"},\"query-input\":\"required name=search_term_string\"}],\"inLanguage\":\"en-US\"},{\"@type\":\"ImageObject\",\"@id\":\"https:\/\/livrariasolmar.pt\/produto\/querida-tia\/#primaryimage\",\"inLanguage\":\"en-US\",\"url\":\"https:\/\/livrariasolmar.pt\/wp-content\/uploads\/2025\/01\/1507-1.jpg\",\"contentUrl\":\"https:\/\/livrariasolmar.pt\/wp-content\/uploads\/2025\/01\/1507-1.jpg\",\"width\":400,\"height\":594},{\"@type\":\"WebPage\",\"@id\":\"https:\/\/livrariasolmar.pt\/produto\/querida-tia\/#webpage\",\"url\":\"https:\/\/livrariasolmar.pt\/produto\/querida-tia\/\",\"name\":\"Querida Tia - Livraria Solmar - Livraria online\",\"isPartOf\":{\"@id\":\"https:\/\/livrariasolmar.pt\/#website\"},\"primaryImageOfPage\":{\"@id\":\"https:\/\/livrariasolmar.pt\/produto\/querida-tia\/#primaryimage\"},\"datePublished\":\"2025-01-29T15:55:34+00:00\",\"dateModified\":\"2025-03-02T16:23:10+00:00\",\"breadcrumb\":{\"@id\":\"https:\/\/livrariasolmar.pt\/produto\/querida-tia\/#breadcrumb\"},\"inLanguage\":\"en-US\",\"potentialAction\":[{\"@type\":\"ReadAction\",\"target\":[\"https:\/\/livrariasolmar.pt\/produto\/querida-tia\/\"]}]},{\"@type\":\"BreadcrumbList\",\"@id\":\"https:\/\/livrariasolmar.pt\/produto\/querida-tia\/#breadcrumb\",\"itemListElement\":[{\"@type\":\"ListItem\",\"position\":1,\"name\":\"In\\u00edcio\",\"item\":\"https:\/\/livrariasolmar.pt\/en\/\"},{\"@type\":\"ListItem\",\"position\":2,\"name\":\"Shop\",\"item\":\"https:\/\/livrariasolmar.pt\/en\/shop\/\"},{\"@type\":\"ListItem\",\"position\":3,\"name\":\"Querida Tia\"}]}]}<\/script>\n<!-- \/ Yoast SEO plugin. -->","_links":{"self":[{"href":"https:\/\/livrariasolmar.pt\/en\/wp-json\/wp\/v2\/product\/10037"}],"collection":[{"href":"https:\/\/livrariasolmar.pt\/en\/wp-json\/wp\/v2\/product"}],"about":[{"href":"https:\/\/livrariasolmar.pt\/en\/wp-json\/wp\/v2\/types\/product"}],"author":[{"embeddable":true,"href":"https:\/\/livrariasolmar.pt\/en\/wp-json\/wp\/v2\/users\/2"}],"wp:featuredmedia":[{"embeddable":true,"href":"https:\/\/livrariasolmar.pt\/en\/wp-json\/wp\/v2\/media\/10038"}],"wp:attachment":[{"href":"https:\/\/livrariasolmar.pt\/en\/wp-json\/wp\/v2\/media?parent=10037"}],"wp:term":[{"taxonomy":"product_cat","embeddable":true,"href":"https:\/\/livrariasolmar.pt\/en\/wp-json\/wp\/v2\/product_cat?post=10037"},{"taxonomy":"product_tag","embeddable":true,"href":"https:\/\/livrariasolmar.pt\/en\/wp-json\/wp\/v2\/product_tag?post=10037"},{"taxonomy":"cat_produtos","embeddable":true,"href":"https:\/\/livrariasolmar.pt\/en\/wp-json\/wp\/v2\/cat_produtos?post=10037"}],"curies":[{"name":"wp","href":"https:\/\/api.w.org\/{rel}","templated":true}]}}