{"id":10050,"date":"2025-02-02T13:11:13","date_gmt":"2025-02-02T13:11:13","guid":{"rendered":"https:\/\/livrariasolmar.pt\/?post_type=product&#038;p=10050"},"modified":"2025-10-08T17:29:04","modified_gmt":"2025-10-08T17:29:04","slug":"ala-d","status":"publish","type":"product","link":"https:\/\/livrariasolmar.pt\/en\/produto\/ala-d\/","title":{"rendered":"Ala D"},"content":{"rendered":"","protected":false},"excerpt":{"rendered":"<p>Amy Brenner, estudante de medicina, prepara-se para passar a noite numa ala psiqui\u00e1trica fechada. H\u00e1 muito que adia o turno noturno obrigat\u00f3rio na Ala D e tem raz\u00f5es concretas para isso. Raz\u00f5es que ningu\u00e9m poder\u00e1 descobrir.<\/p>\n<p>Quando Amy faz a ronda da noite, ouve um barulho vindo de um dos quartos. Um ru\u00eddo sinistro. Parece algu\u00e9m a tentar arrombar a porta. Amy fica aterrorizada. Aconte\u00e7a o que acontecer, n\u00e3o se ir\u00e1 aproximar daquele quarto.<\/p>\n<p>\u00c0 medida que as horas passam, fica cada vez mais convencida de que algo terr\u00edvel est\u00e1 a acontecer. Quando o pessoal e os pacientes come\u00e7am a desaparecer sem deixar rasto, torna-se claro que todos na unidade est\u00e3o em perigo.<\/p>\n<p>O pior pesadelo de Amy era passar a noite na Ala D. Agora, pode nunca mais conseguir sair de l\u00e1.<\/p>\n","protected":false},"author":2,"featured_media":10051,"template":"","meta":[],"product_cat":[588],"product_tag":[],"cat_produtos":[],"yoast_head":"<!-- This site is optimized with the Yoast SEO plugin v16.6 - https:\/\/yoast.com\/wordpress\/plugins\/seo\/ -->\n<title>Ala D - Livraria Solmar - Livraria online<\/title>\n<meta name=\"robots\" content=\"index, follow, max-snippet:-1, max-image-preview:large, max-video-preview:-1\" \/>\n<link rel=\"canonical\" href=\"https:\/\/livrariasolmar.pt\/en\/produto\/ala-d\/\" \/>\n<meta property=\"og:locale\" content=\"en_US\" \/>\n<meta property=\"og:type\" content=\"article\" \/>\n<meta property=\"og:title\" content=\"Ala D - Livraria Solmar - Livraria online\" \/>\n<meta property=\"og:description\" content=\"Amy Brenner, estudante de medicina, prepara-se para passar a noite numa ala psiqui\u00e1trica fechada. H\u00e1 muito que adia o turno noturno obrigat\u00f3rio na Ala D e tem raz\u00f5es concretas para isso. Raz\u00f5es que ningu\u00e9m poder\u00e1 descobrir.  Quando Amy faz a ronda da noite, ouve um barulho vindo de um dos quartos. Um ru\u00eddo sinistro. Parece algu\u00e9m a tentar arrombar a porta. Amy fica aterrorizada. Aconte\u00e7a o que acontecer, n\u00e3o se ir\u00e1 aproximar daquele quarto.  \u00c0 medida que as horas passam, fica cada vez mais convencida de que algo terr\u00edvel est\u00e1 a acontecer. Quando o pessoal e os pacientes come\u00e7am a desaparecer sem deixar rasto, torna-se claro que todos na unidade est\u00e3o em perigo.  O pior pesadelo de Amy era passar a noite na Ala D. Agora, pode nunca mais conseguir sair de l\u00e1.\" \/>\n<meta property=\"og:url\" content=\"https:\/\/livrariasolmar.pt\/produto\/ala-d\/\" \/>\n<meta property=\"og:site_name\" content=\"Livraria Solmar - Livraria online\" \/>\n<meta property=\"article:modified_time\" content=\"2025-10-08T17:29:04+00:00\" \/>\n<meta property=\"og:image\" content=\"https:\/\/livrariasolmar.pt\/wp-content\/uploads\/2025\/02\/1507-1.jpg\" \/>\n\t<meta property=\"og:image:width\" content=\"400\" \/>\n\t<meta property=\"og:image:height\" content=\"400\" \/>\n<meta name=\"twitter:card\" content=\"summary_large_image\" \/>\n<script type=\"application\/ld+json\" class=\"yoast-schema-graph\">{\"@context\":\"https:\/\/schema.org\",\"@graph\":[{\"@type\":\"WebSite\",\"@id\":\"https:\/\/livrariasolmar.pt\/#website\",\"url\":\"https:\/\/livrariasolmar.pt\/\",\"name\":\"Livraria Solmar - Livraria online\",\"description\":\"Com\\u00e9rcio Livros E Objetos De Arte, Lda - Ponta Delgada, A\\u00e7ores\",\"potentialAction\":[{\"@type\":\"SearchAction\",\"target\":{\"@type\":\"EntryPoint\",\"urlTemplate\":\"https:\/\/livrariasolmar.pt\/?s={search_term_string}\"},\"query-input\":\"required name=search_term_string\"}],\"inLanguage\":\"en-US\"},{\"@type\":\"ImageObject\",\"@id\":\"https:\/\/livrariasolmar.pt\/produto\/ala-d\/#primaryimage\",\"inLanguage\":\"en-US\",\"url\":\"https:\/\/livrariasolmar.pt\/wp-content\/uploads\/2025\/02\/1507-1.jpg\",\"contentUrl\":\"https:\/\/livrariasolmar.pt\/wp-content\/uploads\/2025\/02\/1507-1.jpg\",\"width\":400,\"height\":400},{\"@type\":\"WebPage\",\"@id\":\"https:\/\/livrariasolmar.pt\/produto\/ala-d\/#webpage\",\"url\":\"https:\/\/livrariasolmar.pt\/produto\/ala-d\/\",\"name\":\"Ala D - Livraria Solmar - Livraria online\",\"isPartOf\":{\"@id\":\"https:\/\/livrariasolmar.pt\/#website\"},\"primaryImageOfPage\":{\"@id\":\"https:\/\/livrariasolmar.pt\/produto\/ala-d\/#primaryimage\"},\"datePublished\":\"2025-02-02T13:11:13+00:00\",\"dateModified\":\"2025-10-08T17:29:04+00:00\",\"breadcrumb\":{\"@id\":\"https:\/\/livrariasolmar.pt\/produto\/ala-d\/#breadcrumb\"},\"inLanguage\":\"en-US\",\"potentialAction\":[{\"@type\":\"ReadAction\",\"target\":[\"https:\/\/livrariasolmar.pt\/produto\/ala-d\/\"]}]},{\"@type\":\"BreadcrumbList\",\"@id\":\"https:\/\/livrariasolmar.pt\/produto\/ala-d\/#breadcrumb\",\"itemListElement\":[{\"@type\":\"ListItem\",\"position\":1,\"name\":\"In\\u00edcio\",\"item\":\"https:\/\/livrariasolmar.pt\/en\/\"},{\"@type\":\"ListItem\",\"position\":2,\"name\":\"Shop\",\"item\":\"https:\/\/livrariasolmar.pt\/en\/shop\/\"},{\"@type\":\"ListItem\",\"position\":3,\"name\":\"Ala D\"}]}]}<\/script>\n<!-- \/ Yoast SEO plugin. -->","_links":{"self":[{"href":"https:\/\/livrariasolmar.pt\/en\/wp-json\/wp\/v2\/product\/10050"}],"collection":[{"href":"https:\/\/livrariasolmar.pt\/en\/wp-json\/wp\/v2\/product"}],"about":[{"href":"https:\/\/livrariasolmar.pt\/en\/wp-json\/wp\/v2\/types\/product"}],"author":[{"embeddable":true,"href":"https:\/\/livrariasolmar.pt\/en\/wp-json\/wp\/v2\/users\/2"}],"wp:featuredmedia":[{"embeddable":true,"href":"https:\/\/livrariasolmar.pt\/en\/wp-json\/wp\/v2\/media\/10051"}],"wp:attachment":[{"href":"https:\/\/livrariasolmar.pt\/en\/wp-json\/wp\/v2\/media?parent=10050"}],"wp:term":[{"taxonomy":"product_cat","embeddable":true,"href":"https:\/\/livrariasolmar.pt\/en\/wp-json\/wp\/v2\/product_cat?post=10050"},{"taxonomy":"product_tag","embeddable":true,"href":"https:\/\/livrariasolmar.pt\/en\/wp-json\/wp\/v2\/product_tag?post=10050"},{"taxonomy":"cat_produtos","embeddable":true,"href":"https:\/\/livrariasolmar.pt\/en\/wp-json\/wp\/v2\/cat_produtos?post=10050"}],"curies":[{"name":"wp","href":"https:\/\/api.w.org\/{rel}","templated":true}]}}