{"id":10062,"date":"2025-02-02T15:24:34","date_gmt":"2025-02-02T15:24:34","guid":{"rendered":"https:\/\/livrariasolmar.pt\/?post_type=product&#038;p=10062"},"modified":"2025-06-07T16:39:22","modified_gmt":"2025-06-07T16:39:22","slug":"a-ilha-onde-as-mulheres-voam","status":"publish","type":"product","link":"https:\/\/livrariasolmar.pt\/en\/produto\/a-ilha-onde-as-mulheres-voam\/","title":{"rendered":"A Ilha Onde as Mulheres Voam"},"content":{"rendered":"","protected":false},"excerpt":{"rendered":"<p>Entre 1903 e 1905, o centeio da ilha de Alicudi foi contaminado por fungos e adquiriu propriedades alucinog\u00e9nias. Esse centeio foi abundantemente utilizado para fazer p\u00e3o, a base da alimenta\u00e7\u00e3o na \u00e9poca. Por causa disso, os habitantes da ilha acabaram por ser involuntariamente submetidos a uma experi\u00eancia psicad\u00e9lica coletiva, comprovada por v\u00e1rios estudos. Ainda hoje se contam hist\u00f3rias lend\u00e1rias em torno da Ilha onde as Mulheres Voam.<\/p>\n<p>Caterina olha para o corpo inerte e duro de Maria, a sua irm\u00e3 g\u00e9mea, e sabe que a sua vida vai mudar para sempre. Embora tenha ficado com mais espa\u00e7o no quarto, a m\u00e3e d\u00e1-lhe agora mais trabalho nos campos, a entregar anchovas e nas tarefas dom\u00e9sticas, enquanto espera pelo seu dia preferido: quando todos se re\u00fanem para amassar o p\u00e3o.<\/p>\n<p>Aquele p\u00e3o, agora negro e amargo, \u00e9 tudo o que lhes resta. Nesses peda\u00e7os de alimento est\u00e1 a chave para Caterina escapar a um presente cada vez mais solit\u00e1rio e penoso, vislumbrando mulheres m\u00e1gicas que pairam no c\u00e9u soturno da ilha e logo se desvanecem na bruma. O que ela n\u00e3o sabe \u00e9 que os cen\u00e1rios dessas vis\u00f5es extraordin\u00e1rias s\u00e3o comuns a todos os outros habitantes. E que, para ela, e para todos, chegar\u00e1 o momento de escolher entre a realidade e o sonho.<\/p>\n","protected":false},"author":2,"featured_media":10063,"template":"","meta":[],"product_cat":[153],"product_tag":[],"cat_produtos":[],"yoast_head":"<!-- This site is optimized with the Yoast SEO plugin v16.6 - https:\/\/yoast.com\/wordpress\/plugins\/seo\/ -->\n<title>A Ilha Onde as Mulheres Voam - Livraria Solmar - Livraria online<\/title>\n<meta name=\"robots\" content=\"index, follow, max-snippet:-1, max-image-preview:large, max-video-preview:-1\" \/>\n<link rel=\"canonical\" href=\"https:\/\/livrariasolmar.pt\/en\/produto\/a-ilha-onde-as-mulheres-voam\/\" \/>\n<meta property=\"og:locale\" content=\"en_US\" \/>\n<meta property=\"og:type\" content=\"article\" \/>\n<meta property=\"og:title\" content=\"A Ilha Onde as Mulheres Voam - Livraria Solmar - Livraria online\" \/>\n<meta property=\"og:description\" content=\"Entre 1903 e 1905, o centeio da ilha de Alicudi foi contaminado por fungos e adquiriu propriedades alucinog\u00e9nias. Esse centeio foi abundantemente utilizado para fazer p\u00e3o, a base da alimenta\u00e7\u00e3o na \u00e9poca. Por causa disso, os habitantes da ilha acabaram por ser involuntariamente submetidos a uma experi\u00eancia psicad\u00e9lica coletiva, comprovada por v\u00e1rios estudos. Ainda hoje se contam hist\u00f3rias lend\u00e1rias em torno da Ilha onde as Mulheres Voam.  Caterina olha para o corpo inerte e duro de Maria, a sua irm\u00e3 g\u00e9mea, e sabe que a sua vida vai mudar para sempre. Embora tenha ficado com mais espa\u00e7o no quarto, a m\u00e3e d\u00e1-lhe agora mais trabalho nos campos, a entregar anchovas e nas tarefas dom\u00e9sticas, enquanto espera pelo seu dia preferido: quando todos se re\u00fanem para amassar o p\u00e3o.  Aquele p\u00e3o, agora negro e amargo, \u00e9 tudo o que lhes resta. Nesses peda\u00e7os de alimento est\u00e1 a chave para Caterina escapar a um presente cada vez mais solit\u00e1rio e penoso, vislumbrando mulheres m\u00e1gicas que pairam no c\u00e9u soturno da ilha e logo se desvanecem na bruma. O que ela n\u00e3o sabe \u00e9 que os cen\u00e1rios dessas vis\u00f5es extraordin\u00e1rias s\u00e3o comuns a todos os outros habitantes. E que, para ela, e para todos, chegar\u00e1 o momento de escolher entre a realidade e o sonho.\" \/>\n<meta property=\"og:url\" content=\"https:\/\/livrariasolmar.pt\/produto\/a-ilha-onde-as-mulheres-voam\/\" \/>\n<meta property=\"og:site_name\" content=\"Livraria Solmar - Livraria online\" \/>\n<meta property=\"article:modified_time\" content=\"2025-06-07T16:39:22+00:00\" \/>\n<meta property=\"og:image\" content=\"https:\/\/livrariasolmar.pt\/wp-content\/uploads\/2025\/02\/1507-1-1.jpg\" \/>\n\t<meta property=\"og:image:width\" content=\"400\" \/>\n\t<meta property=\"og:image:height\" content=\"448\" \/>\n<meta name=\"twitter:card\" content=\"summary_large_image\" \/>\n<script type=\"application\/ld+json\" class=\"yoast-schema-graph\">{\"@context\":\"https:\/\/schema.org\",\"@graph\":[{\"@type\":\"WebSite\",\"@id\":\"https:\/\/livrariasolmar.pt\/#website\",\"url\":\"https:\/\/livrariasolmar.pt\/\",\"name\":\"Livraria Solmar - Livraria online\",\"description\":\"Com\\u00e9rcio Livros E Objetos De Arte, Lda - Ponta Delgada, A\\u00e7ores\",\"potentialAction\":[{\"@type\":\"SearchAction\",\"target\":{\"@type\":\"EntryPoint\",\"urlTemplate\":\"https:\/\/livrariasolmar.pt\/?s={search_term_string}\"},\"query-input\":\"required name=search_term_string\"}],\"inLanguage\":\"en-US\"},{\"@type\":\"ImageObject\",\"@id\":\"https:\/\/livrariasolmar.pt\/produto\/a-ilha-onde-as-mulheres-voam\/#primaryimage\",\"inLanguage\":\"en-US\",\"url\":\"https:\/\/livrariasolmar.pt\/wp-content\/uploads\/2025\/02\/1507-1-1.jpg\",\"contentUrl\":\"https:\/\/livrariasolmar.pt\/wp-content\/uploads\/2025\/02\/1507-1-1.jpg\",\"width\":400,\"height\":448},{\"@type\":\"WebPage\",\"@id\":\"https:\/\/livrariasolmar.pt\/produto\/a-ilha-onde-as-mulheres-voam\/#webpage\",\"url\":\"https:\/\/livrariasolmar.pt\/produto\/a-ilha-onde-as-mulheres-voam\/\",\"name\":\"A Ilha Onde as Mulheres Voam - Livraria Solmar - Livraria online\",\"isPartOf\":{\"@id\":\"https:\/\/livrariasolmar.pt\/#website\"},\"primaryImageOfPage\":{\"@id\":\"https:\/\/livrariasolmar.pt\/produto\/a-ilha-onde-as-mulheres-voam\/#primaryimage\"},\"datePublished\":\"2025-02-02T15:24:34+00:00\",\"dateModified\":\"2025-06-07T16:39:22+00:00\",\"breadcrumb\":{\"@id\":\"https:\/\/livrariasolmar.pt\/produto\/a-ilha-onde-as-mulheres-voam\/#breadcrumb\"},\"inLanguage\":\"en-US\",\"potentialAction\":[{\"@type\":\"ReadAction\",\"target\":[\"https:\/\/livrariasolmar.pt\/produto\/a-ilha-onde-as-mulheres-voam\/\"]}]},{\"@type\":\"BreadcrumbList\",\"@id\":\"https:\/\/livrariasolmar.pt\/produto\/a-ilha-onde-as-mulheres-voam\/#breadcrumb\",\"itemListElement\":[{\"@type\":\"ListItem\",\"position\":1,\"name\":\"In\\u00edcio\",\"item\":\"https:\/\/livrariasolmar.pt\/en\/\"},{\"@type\":\"ListItem\",\"position\":2,\"name\":\"Shop\",\"item\":\"https:\/\/livrariasolmar.pt\/en\/shop\/\"},{\"@type\":\"ListItem\",\"position\":3,\"name\":\"A Ilha Onde as Mulheres Voam\"}]}]}<\/script>\n<!-- \/ Yoast SEO plugin. -->","_links":{"self":[{"href":"https:\/\/livrariasolmar.pt\/en\/wp-json\/wp\/v2\/product\/10062"}],"collection":[{"href":"https:\/\/livrariasolmar.pt\/en\/wp-json\/wp\/v2\/product"}],"about":[{"href":"https:\/\/livrariasolmar.pt\/en\/wp-json\/wp\/v2\/types\/product"}],"author":[{"embeddable":true,"href":"https:\/\/livrariasolmar.pt\/en\/wp-json\/wp\/v2\/users\/2"}],"wp:featuredmedia":[{"embeddable":true,"href":"https:\/\/livrariasolmar.pt\/en\/wp-json\/wp\/v2\/media\/10063"}],"wp:attachment":[{"href":"https:\/\/livrariasolmar.pt\/en\/wp-json\/wp\/v2\/media?parent=10062"}],"wp:term":[{"taxonomy":"product_cat","embeddable":true,"href":"https:\/\/livrariasolmar.pt\/en\/wp-json\/wp\/v2\/product_cat?post=10062"},{"taxonomy":"product_tag","embeddable":true,"href":"https:\/\/livrariasolmar.pt\/en\/wp-json\/wp\/v2\/product_tag?post=10062"},{"taxonomy":"cat_produtos","embeddable":true,"href":"https:\/\/livrariasolmar.pt\/en\/wp-json\/wp\/v2\/cat_produtos?post=10062"}],"curies":[{"name":"wp","href":"https:\/\/api.w.org\/{rel}","templated":true}]}}