{"id":10065,"date":"2025-02-02T15:30:25","date_gmt":"2025-02-02T15:30:25","guid":{"rendered":"https:\/\/livrariasolmar.pt\/?post_type=product&#038;p=10065"},"modified":"2025-07-27T11:44:31","modified_gmt":"2025-07-27T11:44:31","slug":"sempre","status":"publish","type":"product","link":"https:\/\/livrariasolmar.pt\/en\/produto\/sempre\/","title":{"rendered":"Sempre!"},"content":{"rendered":"","protected":false},"excerpt":{"rendered":"<p>Em\u00a0<i>Sempre!<\/i>, entre versos e can\u00e7\u00f5es, acompanhamos o nascimento de duas novas vidas: a de uma crian\u00e7a e a de um pa\u00eds. A par e passo, seguimos a hist\u00f3ria de ambos e de como uma influ\u00eancia a outra: o pa\u00eds infeliz dividido entre o mar e a guerra obriga uma fam\u00edlia a fugir furtivamente para um lugar distante. Mas, um dia, esse pa\u00eds que ficara para tr\u00e1s tornou-se de todas as cores: acabara-se o eterno inverno, erguia-se agora o sol de ver\u00e3o.<\/p>\n<p>A fam\u00edlia regressa a um Portugal libertado e uma nova vida come\u00e7a para todos. A hist\u00f3ria acaba, mas o livro continua: abre-se uma ca\u00e7a ao verso, aprende-se o significado de\u00a0<i>abrilar<\/i>\u00a0e convida-se o leitor a refletir sobre tudo o que foi e tudo o que ser\u00e1.<\/p>\n","protected":false},"author":2,"featured_media":10066,"template":"","meta":[],"product_cat":[172],"product_tag":[],"cat_produtos":[],"yoast_head":"<!-- This site is optimized with the Yoast SEO plugin v16.6 - https:\/\/yoast.com\/wordpress\/plugins\/seo\/ -->\n<title>Sempre! - Livraria Solmar - Livraria online<\/title>\n<meta name=\"robots\" content=\"index, follow, max-snippet:-1, max-image-preview:large, max-video-preview:-1\" \/>\n<link rel=\"canonical\" href=\"https:\/\/livrariasolmar.pt\/en\/produto\/sempre\/\" \/>\n<meta property=\"og:locale\" content=\"en_US\" \/>\n<meta property=\"og:type\" content=\"article\" \/>\n<meta property=\"og:title\" content=\"Sempre! - Livraria Solmar - Livraria online\" \/>\n<meta property=\"og:description\" content=\"Em\u00a0Sempre!, entre versos e can\u00e7\u00f5es, acompanhamos o nascimento de duas novas vidas: a de uma crian\u00e7a e a de um pa\u00eds. A par e passo, seguimos a hist\u00f3ria de ambos e de como uma influ\u00eancia a outra: o pa\u00eds infeliz dividido entre o mar e a guerra obriga uma fam\u00edlia a fugir furtivamente para um lugar distante. Mas, um dia, esse pa\u00eds que ficara para tr\u00e1s tornou-se de todas as cores: acabara-se o eterno inverno, erguia-se agora o sol de ver\u00e3o.  A fam\u00edlia regressa a um Portugal libertado e uma nova vida come\u00e7a para todos. A hist\u00f3ria acaba, mas o livro continua: abre-se uma ca\u00e7a ao verso, aprende-se o significado de\u00a0abrilar\u00a0e convida-se o leitor a refletir sobre tudo o que foi e tudo o que ser\u00e1.\" \/>\n<meta property=\"og:url\" content=\"https:\/\/livrariasolmar.pt\/produto\/sempre\/\" \/>\n<meta property=\"og:site_name\" content=\"Livraria Solmar - Livraria online\" \/>\n<meta property=\"article:modified_time\" content=\"2025-07-27T11:44:31+00:00\" \/>\n<meta property=\"og:image\" content=\"https:\/\/livrariasolmar.pt\/wp-content\/uploads\/2025\/02\/475376279_18045194504213822_3085788958514760406_n.jpg\" \/>\n\t<meta property=\"og:image:width\" content=\"1080\" \/>\n\t<meta property=\"og:image:height\" content=\"1080\" \/>\n<meta name=\"twitter:card\" content=\"summary_large_image\" \/>\n<script type=\"application\/ld+json\" class=\"yoast-schema-graph\">{\"@context\":\"https:\/\/schema.org\",\"@graph\":[{\"@type\":\"WebSite\",\"@id\":\"https:\/\/livrariasolmar.pt\/#website\",\"url\":\"https:\/\/livrariasolmar.pt\/\",\"name\":\"Livraria Solmar - Livraria online\",\"description\":\"Com\\u00e9rcio Livros E Objetos De Arte, Lda - Ponta Delgada, A\\u00e7ores\",\"potentialAction\":[{\"@type\":\"SearchAction\",\"target\":{\"@type\":\"EntryPoint\",\"urlTemplate\":\"https:\/\/livrariasolmar.pt\/?s={search_term_string}\"},\"query-input\":\"required name=search_term_string\"}],\"inLanguage\":\"en-US\"},{\"@type\":\"ImageObject\",\"@id\":\"https:\/\/livrariasolmar.pt\/produto\/sempre\/#primaryimage\",\"inLanguage\":\"en-US\",\"url\":\"https:\/\/livrariasolmar.pt\/wp-content\/uploads\/2025\/02\/475376279_18045194504213822_3085788958514760406_n.jpg\",\"contentUrl\":\"https:\/\/livrariasolmar.pt\/wp-content\/uploads\/2025\/02\/475376279_18045194504213822_3085788958514760406_n.jpg\",\"width\":1080,\"height\":1080},{\"@type\":\"WebPage\",\"@id\":\"https:\/\/livrariasolmar.pt\/produto\/sempre\/#webpage\",\"url\":\"https:\/\/livrariasolmar.pt\/produto\/sempre\/\",\"name\":\"Sempre! - Livraria Solmar - Livraria online\",\"isPartOf\":{\"@id\":\"https:\/\/livrariasolmar.pt\/#website\"},\"primaryImageOfPage\":{\"@id\":\"https:\/\/livrariasolmar.pt\/produto\/sempre\/#primaryimage\"},\"datePublished\":\"2025-02-02T15:30:25+00:00\",\"dateModified\":\"2025-07-27T11:44:31+00:00\",\"breadcrumb\":{\"@id\":\"https:\/\/livrariasolmar.pt\/produto\/sempre\/#breadcrumb\"},\"inLanguage\":\"en-US\",\"potentialAction\":[{\"@type\":\"ReadAction\",\"target\":[\"https:\/\/livrariasolmar.pt\/produto\/sempre\/\"]}]},{\"@type\":\"BreadcrumbList\",\"@id\":\"https:\/\/livrariasolmar.pt\/produto\/sempre\/#breadcrumb\",\"itemListElement\":[{\"@type\":\"ListItem\",\"position\":1,\"name\":\"In\\u00edcio\",\"item\":\"https:\/\/livrariasolmar.pt\/en\/\"},{\"@type\":\"ListItem\",\"position\":2,\"name\":\"Shop\",\"item\":\"https:\/\/livrariasolmar.pt\/en\/shop\/\"},{\"@type\":\"ListItem\",\"position\":3,\"name\":\"Sempre!\"}]}]}<\/script>\n<!-- \/ Yoast SEO plugin. -->","_links":{"self":[{"href":"https:\/\/livrariasolmar.pt\/en\/wp-json\/wp\/v2\/product\/10065"}],"collection":[{"href":"https:\/\/livrariasolmar.pt\/en\/wp-json\/wp\/v2\/product"}],"about":[{"href":"https:\/\/livrariasolmar.pt\/en\/wp-json\/wp\/v2\/types\/product"}],"author":[{"embeddable":true,"href":"https:\/\/livrariasolmar.pt\/en\/wp-json\/wp\/v2\/users\/2"}],"wp:featuredmedia":[{"embeddable":true,"href":"https:\/\/livrariasolmar.pt\/en\/wp-json\/wp\/v2\/media\/10066"}],"wp:attachment":[{"href":"https:\/\/livrariasolmar.pt\/en\/wp-json\/wp\/v2\/media?parent=10065"}],"wp:term":[{"taxonomy":"product_cat","embeddable":true,"href":"https:\/\/livrariasolmar.pt\/en\/wp-json\/wp\/v2\/product_cat?post=10065"},{"taxonomy":"product_tag","embeddable":true,"href":"https:\/\/livrariasolmar.pt\/en\/wp-json\/wp\/v2\/product_tag?post=10065"},{"taxonomy":"cat_produtos","embeddable":true,"href":"https:\/\/livrariasolmar.pt\/en\/wp-json\/wp\/v2\/cat_produtos?post=10065"}],"curies":[{"name":"wp","href":"https:\/\/api.w.org\/{rel}","templated":true}]}}