{"id":10068,"date":"2025-02-02T15:41:42","date_gmt":"2025-02-02T15:41:42","guid":{"rendered":"https:\/\/livrariasolmar.pt\/?post_type=product&#038;p=10068"},"modified":"2025-03-27T18:45:19","modified_gmt":"2025-03-27T18:45:19","slug":"o-livro-do-cha-a-arte-de-uma-tradicao-ancestral","status":"publish","type":"product","link":"https:\/\/livrariasolmar.pt\/en\/produto\/o-livro-do-cha-a-arte-de-uma-tradicao-ancestral\/","title":{"rendered":"O Livro do Ch\u00e1 &#8211; A arte de uma tradi\u00e7\u00e3o ancestral"},"content":{"rendered":"","protected":false},"excerpt":{"rendered":"<p>O Livro do Ch\u00e1, de Kakuzo Okakura, transcende os limites estreitos do seu t\u00edtulo e mostra-nos um conceito unificado de vida, poesia, arte, espiritualidade e natureza. Ao longo do caminho, explora temas como o zen e o taoismo, mas tamb\u00e9m os delicados aspetos seculares do ch\u00e1 e da vida no Jap\u00e3o.<\/p>\n<p>Sendo um dos primeiros ativistas culturais a espalhar a cultura do Jap\u00e3o pelo mundo, a miss\u00e3o de Okakura sempre foi a de preservar a arte japonesa e o sentido por tr\u00e1s das pr\u00e1ticas est\u00e9ticas de uma extin\u00e7\u00e3o que parecia iminente. O livro enfatiza como a simplicidade induzida pelo ch\u00e1 afetou a cultura, a arte e a arquitetura japonesa.<\/p>\n<p>Um s\u00e9culo depois de ter sido escrita, esta obra permanece muito amada por leitores de todo o mundo e entrela\u00e7a uma rica hist\u00f3ria do ch\u00e1 na sociedade japonesa com uma escrita comovente sobre a cultura asi\u00e1tica, justificando o fasc\u00ednio que temos por ela. O Livro do Ch\u00e1 oferece-nos uma deliciosa ch\u00e1vena de sabedoria.<\/p>\n","protected":false},"author":2,"featured_media":10069,"template":"","meta":[],"product_cat":[173],"product_tag":[],"cat_produtos":[],"yoast_head":"<!-- This site is optimized with the Yoast SEO plugin v16.6 - https:\/\/yoast.com\/wordpress\/plugins\/seo\/ -->\n<title>O Livro do Ch\u00e1 - A arte de uma tradi\u00e7\u00e3o ancestral - Livraria Solmar - Livraria online<\/title>\n<meta name=\"robots\" content=\"index, follow, max-snippet:-1, max-image-preview:large, max-video-preview:-1\" \/>\n<link rel=\"canonical\" href=\"https:\/\/livrariasolmar.pt\/en\/produto\/o-livro-do-cha-a-arte-de-uma-tradicao-ancestral\/\" \/>\n<meta property=\"og:locale\" content=\"en_US\" \/>\n<meta property=\"og:type\" content=\"article\" \/>\n<meta property=\"og:title\" content=\"O Livro do Ch\u00e1 - A arte de uma tradi\u00e7\u00e3o ancestral - Livraria Solmar - Livraria online\" \/>\n<meta property=\"og:description\" content=\"O Livro do Ch\u00e1, de Kakuzo Okakura, transcende os limites estreitos do seu t\u00edtulo e mostra-nos um conceito unificado de vida, poesia, arte, espiritualidade e natureza. Ao longo do caminho, explora temas como o zen e o taoismo, mas tamb\u00e9m os delicados aspetos seculares do ch\u00e1 e da vida no Jap\u00e3o.  Sendo um dos primeiros ativistas culturais a espalhar a cultura do Jap\u00e3o pelo mundo, a miss\u00e3o de Okakura sempre foi a de preservar a arte japonesa e o sentido por tr\u00e1s das pr\u00e1ticas est\u00e9ticas de uma extin\u00e7\u00e3o que parecia iminente. O livro enfatiza como a simplicidade induzida pelo ch\u00e1 afetou a cultura, a arte e a arquitetura japonesa.  Um s\u00e9culo depois de ter sido escrita, esta obra permanece muito amada por leitores de todo o mundo e entrela\u00e7a uma rica hist\u00f3ria do ch\u00e1 na sociedade japonesa com uma escrita comovente sobre a cultura asi\u00e1tica, justificando o fasc\u00ednio que temos por ela. O Livro do Ch\u00e1 oferece-nos uma deliciosa ch\u00e1vena de sabedoria.\" \/>\n<meta property=\"og:url\" content=\"https:\/\/livrariasolmar.pt\/produto\/o-livro-do-cha-a-arte-de-uma-tradicao-ancestral\/\" \/>\n<meta property=\"og:site_name\" content=\"Livraria Solmar - Livraria online\" \/>\n<meta property=\"article:modified_time\" content=\"2025-03-27T18:45:19+00:00\" \/>\n<meta property=\"og:image\" content=\"https:\/\/livrariasolmar.pt\/wp-content\/uploads\/2025\/02\/1507-1-2.jpg\" \/>\n\t<meta property=\"og:image:width\" content=\"400\" \/>\n\t<meta property=\"og:image:height\" content=\"448\" \/>\n<meta name=\"twitter:card\" content=\"summary_large_image\" \/>\n<script type=\"application\/ld+json\" class=\"yoast-schema-graph\">{\"@context\":\"https:\/\/schema.org\",\"@graph\":[{\"@type\":\"WebSite\",\"@id\":\"https:\/\/livrariasolmar.pt\/#website\",\"url\":\"https:\/\/livrariasolmar.pt\/\",\"name\":\"Livraria Solmar - Livraria online\",\"description\":\"Com\\u00e9rcio Livros E Objetos De Arte, Lda - Ponta Delgada, A\\u00e7ores\",\"potentialAction\":[{\"@type\":\"SearchAction\",\"target\":{\"@type\":\"EntryPoint\",\"urlTemplate\":\"https:\/\/livrariasolmar.pt\/?s={search_term_string}\"},\"query-input\":\"required name=search_term_string\"}],\"inLanguage\":\"en-US\"},{\"@type\":\"ImageObject\",\"@id\":\"https:\/\/livrariasolmar.pt\/produto\/o-livro-do-cha-a-arte-de-uma-tradicao-ancestral\/#primaryimage\",\"inLanguage\":\"en-US\",\"url\":\"https:\/\/livrariasolmar.pt\/wp-content\/uploads\/2025\/02\/1507-1-2.jpg\",\"contentUrl\":\"https:\/\/livrariasolmar.pt\/wp-content\/uploads\/2025\/02\/1507-1-2.jpg\",\"width\":400,\"height\":448},{\"@type\":\"WebPage\",\"@id\":\"https:\/\/livrariasolmar.pt\/produto\/o-livro-do-cha-a-arte-de-uma-tradicao-ancestral\/#webpage\",\"url\":\"https:\/\/livrariasolmar.pt\/produto\/o-livro-do-cha-a-arte-de-uma-tradicao-ancestral\/\",\"name\":\"O Livro do Ch\\u00e1 - A arte de uma tradi\\u00e7\\u00e3o ancestral - Livraria Solmar - Livraria online\",\"isPartOf\":{\"@id\":\"https:\/\/livrariasolmar.pt\/#website\"},\"primaryImageOfPage\":{\"@id\":\"https:\/\/livrariasolmar.pt\/produto\/o-livro-do-cha-a-arte-de-uma-tradicao-ancestral\/#primaryimage\"},\"datePublished\":\"2025-02-02T15:41:42+00:00\",\"dateModified\":\"2025-03-27T18:45:19+00:00\",\"breadcrumb\":{\"@id\":\"https:\/\/livrariasolmar.pt\/produto\/o-livro-do-cha-a-arte-de-uma-tradicao-ancestral\/#breadcrumb\"},\"inLanguage\":\"en-US\",\"potentialAction\":[{\"@type\":\"ReadAction\",\"target\":[\"https:\/\/livrariasolmar.pt\/produto\/o-livro-do-cha-a-arte-de-uma-tradicao-ancestral\/\"]}]},{\"@type\":\"BreadcrumbList\",\"@id\":\"https:\/\/livrariasolmar.pt\/produto\/o-livro-do-cha-a-arte-de-uma-tradicao-ancestral\/#breadcrumb\",\"itemListElement\":[{\"@type\":\"ListItem\",\"position\":1,\"name\":\"In\\u00edcio\",\"item\":\"https:\/\/livrariasolmar.pt\/en\/\"},{\"@type\":\"ListItem\",\"position\":2,\"name\":\"Shop\",\"item\":\"https:\/\/livrariasolmar.pt\/en\/shop\/\"},{\"@type\":\"ListItem\",\"position\":3,\"name\":\"O Livro do Ch\\u00e1 &#8211; A arte de uma tradi\\u00e7\\u00e3o ancestral\"}]}]}<\/script>\n<!-- \/ Yoast SEO plugin. -->","_links":{"self":[{"href":"https:\/\/livrariasolmar.pt\/en\/wp-json\/wp\/v2\/product\/10068"}],"collection":[{"href":"https:\/\/livrariasolmar.pt\/en\/wp-json\/wp\/v2\/product"}],"about":[{"href":"https:\/\/livrariasolmar.pt\/en\/wp-json\/wp\/v2\/types\/product"}],"author":[{"embeddable":true,"href":"https:\/\/livrariasolmar.pt\/en\/wp-json\/wp\/v2\/users\/2"}],"wp:featuredmedia":[{"embeddable":true,"href":"https:\/\/livrariasolmar.pt\/en\/wp-json\/wp\/v2\/media\/10069"}],"wp:attachment":[{"href":"https:\/\/livrariasolmar.pt\/en\/wp-json\/wp\/v2\/media?parent=10068"}],"wp:term":[{"taxonomy":"product_cat","embeddable":true,"href":"https:\/\/livrariasolmar.pt\/en\/wp-json\/wp\/v2\/product_cat?post=10068"},{"taxonomy":"product_tag","embeddable":true,"href":"https:\/\/livrariasolmar.pt\/en\/wp-json\/wp\/v2\/product_tag?post=10068"},{"taxonomy":"cat_produtos","embeddable":true,"href":"https:\/\/livrariasolmar.pt\/en\/wp-json\/wp\/v2\/cat_produtos?post=10068"}],"curies":[{"name":"wp","href":"https:\/\/api.w.org\/{rel}","templated":true}]}}