{"id":10071,"date":"2025-02-02T15:59:53","date_gmt":"2025-02-02T15:59:53","guid":{"rendered":"https:\/\/livrariasolmar.pt\/?post_type=product&#038;p=10071"},"modified":"2025-05-31T17:31:31","modified_gmt":"2025-05-31T17:31:31","slug":"o-imperador-vermelho-xi-jinping-e-a-nova-china","status":"publish","type":"product","link":"https:\/\/livrariasolmar.pt\/en\/produto\/o-imperador-vermelho-xi-jinping-e-a-nova-china\/","title":{"rendered":"O Imperador Vermelho- Xi Jinping e a Nova China"},"content":{"rendered":"","protected":false},"excerpt":{"rendered":"<p>O Imperador Vermelho apresenta um retrato revelador de Xi Jinping, o homem que preside mais de 1,4 mil milh\u00f5es de pessoas e que dirige a segunda maior economia do planeta. Oriundo de uma das fam\u00edlias governantes da China comunista, durante a Revolu\u00e7\u00e3o Cultural o jovem Xi foi exilado para o campo. Sub-repticiamente, fazendo uso das suas prerrogativas e da ast\u00facia, pugnou pelo regresso ao topo. Em 2012, ap\u00f3s a queda espetacular de seu rival Bo Xilai, Xi Jinping tornou-se o l\u00edder da China.<\/p>\n<p>Numa narrativa de leitura compulsiva, o veterano correspondente internacional Michael Sheridan leva o leitor desde o pobre e isolado pa\u00eds da juventude de Xi at\u00e9 \u00e0 superpot\u00eancia militar e econ\u00f3mica da atualidade. Na nova China de Xi, as m\u00e1fias familiares lutam pelo poder no meio de assassinatos, corrup\u00e7\u00e3o e esc\u00e2ndalos sexuais, enquanto ministros e generais desaparecem em purgas. Ningu\u00e9m est\u00e1 a salvo no seu estado de tecno-seguran\u00e7a. Xi \u00e9 um governante absoluto cuja palavra \u00e9 lei em tudo, desde a guerra e a paz at\u00e9 \u00e0 implac\u00e1vel campanha contra a covid-19. O seu objetivo \u00e9 dominar o com\u00e9rcio mundial, derrotar a democracia ocidental e fazer da China a pot\u00eancia suprema no Oriente. Solit\u00e1rio e temer\u00e1rio, \u00e9 o mais importante l\u00edder do nosso tempo.<\/p>\n<p>Baseando-se em hist\u00f3rias \u00edntimas do mundo fechado das principais fam\u00edlias chinesas e em duas d\u00e9cadas de reportagens feitas em primeira m\u00e3o, Michael Sheridan lan\u00e7a uma nova luz sobre a hist\u00f3ria e a pol\u00edtica da China. O livro revela que por tr\u00e1s da fachada do Partido Comunista Chin\u00eas h\u00e1 uma dinastia moderna e um novo imperador.<\/p>\n","protected":false},"author":2,"featured_media":10072,"template":"","meta":[],"product_cat":[153],"product_tag":[],"cat_produtos":[],"yoast_head":"<!-- This site is optimized with the Yoast SEO plugin v16.6 - https:\/\/yoast.com\/wordpress\/plugins\/seo\/ -->\n<title>O Imperador Vermelho- Xi Jinping e a Nova China - Livraria Solmar - Livraria online<\/title>\n<meta name=\"robots\" content=\"index, follow, max-snippet:-1, max-image-preview:large, max-video-preview:-1\" \/>\n<link rel=\"canonical\" href=\"https:\/\/livrariasolmar.pt\/en\/produto\/o-imperador-vermelho-xi-jinping-e-a-nova-china\/\" \/>\n<meta property=\"og:locale\" content=\"en_US\" \/>\n<meta property=\"og:type\" content=\"article\" \/>\n<meta property=\"og:title\" content=\"O Imperador Vermelho- Xi Jinping e a Nova China - Livraria Solmar - Livraria online\" \/>\n<meta property=\"og:description\" content=\"O Imperador Vermelho apresenta um retrato revelador de Xi Jinping, o homem que preside mais de 1,4 mil milh\u00f5es de pessoas e que dirige a segunda maior economia do planeta. Oriundo de uma das fam\u00edlias governantes da China comunista, durante a Revolu\u00e7\u00e3o Cultural o jovem Xi foi exilado para o campo. Sub-repticiamente, fazendo uso das suas prerrogativas e da ast\u00facia, pugnou pelo regresso ao topo. Em 2012, ap\u00f3s a queda espetacular de seu rival Bo Xilai, Xi Jinping tornou-se o l\u00edder da China.  Numa narrativa de leitura compulsiva, o veterano correspondente internacional Michael Sheridan leva o leitor desde o pobre e isolado pa\u00eds da juventude de Xi at\u00e9 \u00e0 superpot\u00eancia militar e econ\u00f3mica da atualidade. Na nova China de Xi, as m\u00e1fias familiares lutam pelo poder no meio de assassinatos, corrup\u00e7\u00e3o e esc\u00e2ndalos sexuais, enquanto ministros e generais desaparecem em purgas. Ningu\u00e9m est\u00e1 a salvo no seu estado de tecno-seguran\u00e7a. Xi \u00e9 um governante absoluto cuja palavra \u00e9 lei em tudo, desde a guerra e a paz at\u00e9 \u00e0 implac\u00e1vel campanha contra a covid-19. O seu objetivo \u00e9 dominar o com\u00e9rcio mundial, derrotar a democracia ocidental e fazer da China a pot\u00eancia suprema no Oriente. Solit\u00e1rio e temer\u00e1rio, \u00e9 o mais importante l\u00edder do nosso tempo.  Baseando-se em hist\u00f3rias \u00edntimas do mundo fechado das principais fam\u00edlias chinesas e em duas d\u00e9cadas de reportagens feitas em primeira m\u00e3o, Michael Sheridan lan\u00e7a uma nova luz sobre a hist\u00f3ria e a pol\u00edtica da China. O livro revela que por tr\u00e1s da fachada do Partido Comunista Chin\u00eas h\u00e1 uma dinastia moderna e um novo imperador.\" \/>\n<meta property=\"og:url\" content=\"https:\/\/livrariasolmar.pt\/produto\/o-imperador-vermelho-xi-jinping-e-a-nova-china\/\" \/>\n<meta property=\"og:site_name\" content=\"Livraria Solmar - Livraria online\" \/>\n<meta property=\"article:modified_time\" content=\"2025-05-31T17:31:31+00:00\" \/>\n<meta property=\"og:image\" content=\"https:\/\/livrariasolmar.pt\/wp-content\/uploads\/2025\/02\/1507-1-1-1.jpg\" \/>\n\t<meta property=\"og:image:width\" content=\"400\" \/>\n\t<meta property=\"og:image:height\" content=\"400\" \/>\n<meta name=\"twitter:card\" content=\"summary_large_image\" \/>\n<script type=\"application\/ld+json\" class=\"yoast-schema-graph\">{\"@context\":\"https:\/\/schema.org\",\"@graph\":[{\"@type\":\"WebSite\",\"@id\":\"https:\/\/livrariasolmar.pt\/#website\",\"url\":\"https:\/\/livrariasolmar.pt\/\",\"name\":\"Livraria Solmar - Livraria online\",\"description\":\"Com\\u00e9rcio Livros E Objetos De Arte, Lda - Ponta Delgada, A\\u00e7ores\",\"potentialAction\":[{\"@type\":\"SearchAction\",\"target\":{\"@type\":\"EntryPoint\",\"urlTemplate\":\"https:\/\/livrariasolmar.pt\/?s={search_term_string}\"},\"query-input\":\"required name=search_term_string\"}],\"inLanguage\":\"en-US\"},{\"@type\":\"ImageObject\",\"@id\":\"https:\/\/livrariasolmar.pt\/produto\/o-imperador-vermelho-xi-jinping-e-a-nova-china\/#primaryimage\",\"inLanguage\":\"en-US\",\"url\":\"https:\/\/livrariasolmar.pt\/wp-content\/uploads\/2025\/02\/1507-1-1-1.jpg\",\"contentUrl\":\"https:\/\/livrariasolmar.pt\/wp-content\/uploads\/2025\/02\/1507-1-1-1.jpg\",\"width\":400,\"height\":400},{\"@type\":\"WebPage\",\"@id\":\"https:\/\/livrariasolmar.pt\/produto\/o-imperador-vermelho-xi-jinping-e-a-nova-china\/#webpage\",\"url\":\"https:\/\/livrariasolmar.pt\/produto\/o-imperador-vermelho-xi-jinping-e-a-nova-china\/\",\"name\":\"O Imperador Vermelho- Xi Jinping e a Nova China - Livraria Solmar - Livraria online\",\"isPartOf\":{\"@id\":\"https:\/\/livrariasolmar.pt\/#website\"},\"primaryImageOfPage\":{\"@id\":\"https:\/\/livrariasolmar.pt\/produto\/o-imperador-vermelho-xi-jinping-e-a-nova-china\/#primaryimage\"},\"datePublished\":\"2025-02-02T15:59:53+00:00\",\"dateModified\":\"2025-05-31T17:31:31+00:00\",\"breadcrumb\":{\"@id\":\"https:\/\/livrariasolmar.pt\/produto\/o-imperador-vermelho-xi-jinping-e-a-nova-china\/#breadcrumb\"},\"inLanguage\":\"en-US\",\"potentialAction\":[{\"@type\":\"ReadAction\",\"target\":[\"https:\/\/livrariasolmar.pt\/produto\/o-imperador-vermelho-xi-jinping-e-a-nova-china\/\"]}]},{\"@type\":\"BreadcrumbList\",\"@id\":\"https:\/\/livrariasolmar.pt\/produto\/o-imperador-vermelho-xi-jinping-e-a-nova-china\/#breadcrumb\",\"itemListElement\":[{\"@type\":\"ListItem\",\"position\":1,\"name\":\"In\\u00edcio\",\"item\":\"https:\/\/livrariasolmar.pt\/en\/\"},{\"@type\":\"ListItem\",\"position\":2,\"name\":\"Shop\",\"item\":\"https:\/\/livrariasolmar.pt\/en\/shop\/\"},{\"@type\":\"ListItem\",\"position\":3,\"name\":\"O Imperador Vermelho- Xi Jinping e a Nova China\"}]}]}<\/script>\n<!-- \/ Yoast SEO plugin. -->","_links":{"self":[{"href":"https:\/\/livrariasolmar.pt\/en\/wp-json\/wp\/v2\/product\/10071"}],"collection":[{"href":"https:\/\/livrariasolmar.pt\/en\/wp-json\/wp\/v2\/product"}],"about":[{"href":"https:\/\/livrariasolmar.pt\/en\/wp-json\/wp\/v2\/types\/product"}],"author":[{"embeddable":true,"href":"https:\/\/livrariasolmar.pt\/en\/wp-json\/wp\/v2\/users\/2"}],"wp:featuredmedia":[{"embeddable":true,"href":"https:\/\/livrariasolmar.pt\/en\/wp-json\/wp\/v2\/media\/10072"}],"wp:attachment":[{"href":"https:\/\/livrariasolmar.pt\/en\/wp-json\/wp\/v2\/media?parent=10071"}],"wp:term":[{"taxonomy":"product_cat","embeddable":true,"href":"https:\/\/livrariasolmar.pt\/en\/wp-json\/wp\/v2\/product_cat?post=10071"},{"taxonomy":"product_tag","embeddable":true,"href":"https:\/\/livrariasolmar.pt\/en\/wp-json\/wp\/v2\/product_tag?post=10071"},{"taxonomy":"cat_produtos","embeddable":true,"href":"https:\/\/livrariasolmar.pt\/en\/wp-json\/wp\/v2\/cat_produtos?post=10071"}],"curies":[{"name":"wp","href":"https:\/\/api.w.org\/{rel}","templated":true}]}}