{"id":10074,"date":"2025-02-02T16:19:42","date_gmt":"2025-02-02T16:19:42","guid":{"rendered":"https:\/\/livrariasolmar.pt\/?post_type=product&#038;p=10074"},"modified":"2025-02-23T13:34:13","modified_gmt":"2025-02-23T13:34:13","slug":"sangue-na-neve-a-revolucao-russa-1914-1924","status":"publish","type":"product","link":"https:\/\/livrariasolmar.pt\/en\/produto\/sangue-na-neve-a-revolucao-russa-1914-1924\/","title":{"rendered":"Sangue na Neve &#8211; A Revolu\u00e7\u00e3o Russa, 1914-1924"},"content":{"rendered":"","protected":false},"excerpt":{"rendered":"<p>Para Robert Service, a grande pergunta ainda sem resposta \u00e9 como reconciliar as duas narrativas b\u00e1sicas que sustentam os acontecimentos extraordin\u00e1rios e perturbadores de 1917. A primeira responsabiliza diretamente o czar Nicolau II e o Governo Provis\u00f3rio de Kerensky que dep\u00f4s o monarca. A outra \u00e9 a vis\u00e3o a partir da base, a dos oper\u00e1rios e camponeses que queriam o socialismo democr\u00e1tico, e n\u00e3o a ditadura bolchevique imposta por Lenine e os seus sucessores.<\/p>\n<p>O relato vivo e revisionista de Service, que se estende do per\u00edodo entre o in\u00edcio da Primeira Guerra Mundial e a morte de Lenine em 1924, revela que as sementes da revolu\u00e7\u00e3o foram lan\u00e7adas pela decis\u00e3o do czar de se juntar \u00e0 guerra contra a Alemanha em 1914.<\/p>\n<p>Com clareza brutal, mostra como esses acontecimentos se desenrolaram e acabaram por conduzir ao estabelecimento do regime totalit\u00e1rio sovi\u00e9tico, que perduraria pelas sete d\u00e9cadas seguintes.<\/p>\n","protected":false},"author":2,"featured_media":10075,"template":"","meta":[],"product_cat":[366],"product_tag":[],"cat_produtos":[],"yoast_head":"<!-- This site is optimized with the Yoast SEO plugin v16.6 - https:\/\/yoast.com\/wordpress\/plugins\/seo\/ -->\n<title>Sangue na Neve - A Revolu\u00e7\u00e3o Russa, 1914-1924 - Livraria Solmar - Livraria online<\/title>\n<meta name=\"robots\" content=\"index, follow, max-snippet:-1, max-image-preview:large, max-video-preview:-1\" \/>\n<link rel=\"canonical\" href=\"https:\/\/livrariasolmar.pt\/en\/produto\/sangue-na-neve-a-revolucao-russa-1914-1924\/\" \/>\n<meta property=\"og:locale\" content=\"en_US\" \/>\n<meta property=\"og:type\" content=\"article\" \/>\n<meta property=\"og:title\" content=\"Sangue na Neve - A Revolu\u00e7\u00e3o Russa, 1914-1924 - Livraria Solmar - Livraria online\" \/>\n<meta property=\"og:description\" content=\"Para Robert Service, a grande pergunta ainda sem resposta \u00e9 como reconciliar as duas narrativas b\u00e1sicas que sustentam os acontecimentos extraordin\u00e1rios e perturbadores de 1917. A primeira responsabiliza diretamente o czar Nicolau II e o Governo Provis\u00f3rio de Kerensky que dep\u00f4s o monarca. A outra \u00e9 a vis\u00e3o a partir da base, a dos oper\u00e1rios e camponeses que queriam o socialismo democr\u00e1tico, e n\u00e3o a ditadura bolchevique imposta por Lenine e os seus sucessores.  O relato vivo e revisionista de Service, que se estende do per\u00edodo entre o in\u00edcio da Primeira Guerra Mundial e a morte de Lenine em 1924, revela que as sementes da revolu\u00e7\u00e3o foram lan\u00e7adas pela decis\u00e3o do czar de se juntar \u00e0 guerra contra a Alemanha em 1914.  Com clareza brutal, mostra como esses acontecimentos se desenrolaram e acabaram por conduzir ao estabelecimento do regime totalit\u00e1rio sovi\u00e9tico, que perduraria pelas sete d\u00e9cadas seguintes.\" \/>\n<meta property=\"og:url\" content=\"https:\/\/livrariasolmar.pt\/produto\/sangue-na-neve-a-revolucao-russa-1914-1924\/\" \/>\n<meta property=\"og:site_name\" content=\"Livraria Solmar - Livraria online\" \/>\n<meta property=\"article:modified_time\" content=\"2025-02-23T13:34:13+00:00\" \/>\n<meta property=\"og:image\" content=\"https:\/\/livrariasolmar.pt\/wp-content\/uploads\/2025\/02\/1540-1-1-1.jpg\" \/>\n\t<meta property=\"og:image:width\" content=\"340\" \/>\n\t<meta property=\"og:image:height\" content=\"340\" \/>\n<meta name=\"twitter:card\" content=\"summary_large_image\" \/>\n<script type=\"application\/ld+json\" class=\"yoast-schema-graph\">{\"@context\":\"https:\/\/schema.org\",\"@graph\":[{\"@type\":\"WebSite\",\"@id\":\"https:\/\/livrariasolmar.pt\/#website\",\"url\":\"https:\/\/livrariasolmar.pt\/\",\"name\":\"Livraria Solmar - Livraria online\",\"description\":\"Com\\u00e9rcio Livros E Objetos De Arte, Lda - Ponta Delgada, A\\u00e7ores\",\"potentialAction\":[{\"@type\":\"SearchAction\",\"target\":{\"@type\":\"EntryPoint\",\"urlTemplate\":\"https:\/\/livrariasolmar.pt\/?s={search_term_string}\"},\"query-input\":\"required name=search_term_string\"}],\"inLanguage\":\"en-US\"},{\"@type\":\"ImageObject\",\"@id\":\"https:\/\/livrariasolmar.pt\/produto\/sangue-na-neve-a-revolucao-russa-1914-1924\/#primaryimage\",\"inLanguage\":\"en-US\",\"url\":\"https:\/\/livrariasolmar.pt\/wp-content\/uploads\/2025\/02\/1540-1-1-1.jpg\",\"contentUrl\":\"https:\/\/livrariasolmar.pt\/wp-content\/uploads\/2025\/02\/1540-1-1-1.jpg\",\"width\":340,\"height\":340},{\"@type\":\"WebPage\",\"@id\":\"https:\/\/livrariasolmar.pt\/produto\/sangue-na-neve-a-revolucao-russa-1914-1924\/#webpage\",\"url\":\"https:\/\/livrariasolmar.pt\/produto\/sangue-na-neve-a-revolucao-russa-1914-1924\/\",\"name\":\"Sangue na Neve - A Revolu\\u00e7\\u00e3o Russa, 1914-1924 - Livraria Solmar - Livraria online\",\"isPartOf\":{\"@id\":\"https:\/\/livrariasolmar.pt\/#website\"},\"primaryImageOfPage\":{\"@id\":\"https:\/\/livrariasolmar.pt\/produto\/sangue-na-neve-a-revolucao-russa-1914-1924\/#primaryimage\"},\"datePublished\":\"2025-02-02T16:19:42+00:00\",\"dateModified\":\"2025-02-23T13:34:13+00:00\",\"breadcrumb\":{\"@id\":\"https:\/\/livrariasolmar.pt\/produto\/sangue-na-neve-a-revolucao-russa-1914-1924\/#breadcrumb\"},\"inLanguage\":\"en-US\",\"potentialAction\":[{\"@type\":\"ReadAction\",\"target\":[\"https:\/\/livrariasolmar.pt\/produto\/sangue-na-neve-a-revolucao-russa-1914-1924\/\"]}]},{\"@type\":\"BreadcrumbList\",\"@id\":\"https:\/\/livrariasolmar.pt\/produto\/sangue-na-neve-a-revolucao-russa-1914-1924\/#breadcrumb\",\"itemListElement\":[{\"@type\":\"ListItem\",\"position\":1,\"name\":\"In\\u00edcio\",\"item\":\"https:\/\/livrariasolmar.pt\/en\/\"},{\"@type\":\"ListItem\",\"position\":2,\"name\":\"Shop\",\"item\":\"https:\/\/livrariasolmar.pt\/en\/shop\/\"},{\"@type\":\"ListItem\",\"position\":3,\"name\":\"Sangue na Neve &#8211; A Revolu\\u00e7\\u00e3o Russa, 1914-1924\"}]}]}<\/script>\n<!-- \/ Yoast SEO plugin. -->","_links":{"self":[{"href":"https:\/\/livrariasolmar.pt\/en\/wp-json\/wp\/v2\/product\/10074"}],"collection":[{"href":"https:\/\/livrariasolmar.pt\/en\/wp-json\/wp\/v2\/product"}],"about":[{"href":"https:\/\/livrariasolmar.pt\/en\/wp-json\/wp\/v2\/types\/product"}],"author":[{"embeddable":true,"href":"https:\/\/livrariasolmar.pt\/en\/wp-json\/wp\/v2\/users\/2"}],"wp:featuredmedia":[{"embeddable":true,"href":"https:\/\/livrariasolmar.pt\/en\/wp-json\/wp\/v2\/media\/10075"}],"wp:attachment":[{"href":"https:\/\/livrariasolmar.pt\/en\/wp-json\/wp\/v2\/media?parent=10074"}],"wp:term":[{"taxonomy":"product_cat","embeddable":true,"href":"https:\/\/livrariasolmar.pt\/en\/wp-json\/wp\/v2\/product_cat?post=10074"},{"taxonomy":"product_tag","embeddable":true,"href":"https:\/\/livrariasolmar.pt\/en\/wp-json\/wp\/v2\/product_tag?post=10074"},{"taxonomy":"cat_produtos","embeddable":true,"href":"https:\/\/livrariasolmar.pt\/en\/wp-json\/wp\/v2\/cat_produtos?post=10074"}],"curies":[{"name":"wp","href":"https:\/\/api.w.org\/{rel}","templated":true}]}}