{"id":10078,"date":"2025-02-03T17:52:52","date_gmt":"2025-02-03T17:52:52","guid":{"rendered":"https:\/\/livrariasolmar.pt\/?post_type=product&#038;p=10078"},"modified":"2025-02-03T17:52:53","modified_gmt":"2025-02-03T17:52:53","slug":"nos","status":"publish","type":"product","link":"https:\/\/livrariasolmar.pt\/en\/produto\/nos\/","title":{"rendered":"N\u00f3s"},"content":{"rendered":"","protected":false},"excerpt":{"rendered":"<p>Tal como a hist\u00f3ria deste livro, tamb\u00e9m a hist\u00f3ria dos povos da Europa \u00e9 infinita. Ao longo destas p\u00e1ginas ficamos a conhecer um grupo de personagens cujas hist\u00f3rias se entrela\u00e7am, em v\u00e1rios momentos e em v\u00e1rios espa\u00e7os: em Portugal, na Gr\u00e9cia, na Su\u00e9cia, nos Pa\u00edses Baixos\u2026<\/p>\n<p>A hist\u00f3ria que aqui se conta n\u00e3o tem princ\u00edpio nem fim e podemos come\u00e7ar onde quisermos. Afinal, esta \u00e9 a hist\u00f3ria de todos n\u00f3s, nesta teia de caminhos que \u00e9 a Uni\u00e3o Europeia.<\/p>\n","protected":false},"author":2,"featured_media":10079,"template":"","meta":[],"product_cat":[172],"product_tag":[],"cat_produtos":[],"yoast_head":"<!-- This site is optimized with the Yoast SEO plugin v16.6 - https:\/\/yoast.com\/wordpress\/plugins\/seo\/ -->\n<title>N\u00f3s - Livraria Solmar - Livraria online<\/title>\n<meta name=\"robots\" content=\"index, follow, max-snippet:-1, max-image-preview:large, max-video-preview:-1\" \/>\n<link rel=\"canonical\" href=\"https:\/\/livrariasolmar.pt\/en\/produto\/nos\/\" \/>\n<meta property=\"og:locale\" content=\"en_US\" \/>\n<meta property=\"og:type\" content=\"article\" \/>\n<meta property=\"og:title\" content=\"N\u00f3s - Livraria Solmar - Livraria online\" \/>\n<meta property=\"og:description\" content=\"Tal como a hist\u00f3ria deste livro, tamb\u00e9m a hist\u00f3ria dos povos da Europa \u00e9 infinita. Ao longo destas p\u00e1ginas ficamos a conhecer um grupo de personagens cujas hist\u00f3rias se entrela\u00e7am, em v\u00e1rios momentos e em v\u00e1rios espa\u00e7os: em Portugal, na Gr\u00e9cia, na Su\u00e9cia, nos Pa\u00edses Baixos\u2026  A hist\u00f3ria que aqui se conta n\u00e3o tem princ\u00edpio nem fim e podemos come\u00e7ar onde quisermos. Afinal, esta \u00e9 a hist\u00f3ria de todos n\u00f3s, nesta teia de caminhos que \u00e9 a Uni\u00e3o Europeia.\" \/>\n<meta property=\"og:url\" content=\"https:\/\/livrariasolmar.pt\/produto\/nos\/\" \/>\n<meta property=\"og:site_name\" content=\"Livraria Solmar - Livraria online\" \/>\n<meta property=\"article:modified_time\" content=\"2025-02-03T17:52:53+00:00\" \/>\n<meta property=\"og:image\" content=\"https:\/\/livrariasolmar.pt\/wp-content\/uploads\/2025\/02\/1507-1-3.jpg\" \/>\n\t<meta property=\"og:image:width\" content=\"400\" \/>\n\t<meta property=\"og:image:height\" content=\"459\" \/>\n<meta name=\"twitter:card\" content=\"summary_large_image\" \/>\n<script type=\"application\/ld+json\" class=\"yoast-schema-graph\">{\"@context\":\"https:\/\/schema.org\",\"@graph\":[{\"@type\":\"WebSite\",\"@id\":\"https:\/\/livrariasolmar.pt\/#website\",\"url\":\"https:\/\/livrariasolmar.pt\/\",\"name\":\"Livraria Solmar - Livraria online\",\"description\":\"Com\\u00e9rcio Livros E Objetos De Arte, Lda - Ponta Delgada, A\\u00e7ores\",\"potentialAction\":[{\"@type\":\"SearchAction\",\"target\":{\"@type\":\"EntryPoint\",\"urlTemplate\":\"https:\/\/livrariasolmar.pt\/?s={search_term_string}\"},\"query-input\":\"required name=search_term_string\"}],\"inLanguage\":\"en-US\"},{\"@type\":\"ImageObject\",\"@id\":\"https:\/\/livrariasolmar.pt\/produto\/nos\/#primaryimage\",\"inLanguage\":\"en-US\",\"url\":\"https:\/\/livrariasolmar.pt\/wp-content\/uploads\/2025\/02\/1507-1-3.jpg\",\"contentUrl\":\"https:\/\/livrariasolmar.pt\/wp-content\/uploads\/2025\/02\/1507-1-3.jpg\",\"width\":400,\"height\":459},{\"@type\":\"WebPage\",\"@id\":\"https:\/\/livrariasolmar.pt\/produto\/nos\/#webpage\",\"url\":\"https:\/\/livrariasolmar.pt\/produto\/nos\/\",\"name\":\"N\\u00f3s - Livraria Solmar - Livraria online\",\"isPartOf\":{\"@id\":\"https:\/\/livrariasolmar.pt\/#website\"},\"primaryImageOfPage\":{\"@id\":\"https:\/\/livrariasolmar.pt\/produto\/nos\/#primaryimage\"},\"datePublished\":\"2025-02-03T17:52:52+00:00\",\"dateModified\":\"2025-02-03T17:52:53+00:00\",\"breadcrumb\":{\"@id\":\"https:\/\/livrariasolmar.pt\/produto\/nos\/#breadcrumb\"},\"inLanguage\":\"en-US\",\"potentialAction\":[{\"@type\":\"ReadAction\",\"target\":[\"https:\/\/livrariasolmar.pt\/produto\/nos\/\"]}]},{\"@type\":\"BreadcrumbList\",\"@id\":\"https:\/\/livrariasolmar.pt\/produto\/nos\/#breadcrumb\",\"itemListElement\":[{\"@type\":\"ListItem\",\"position\":1,\"name\":\"In\\u00edcio\",\"item\":\"https:\/\/livrariasolmar.pt\/en\/\"},{\"@type\":\"ListItem\",\"position\":2,\"name\":\"Shop\",\"item\":\"https:\/\/livrariasolmar.pt\/en\/shop\/\"},{\"@type\":\"ListItem\",\"position\":3,\"name\":\"N\\u00f3s\"}]}]}<\/script>\n<!-- \/ Yoast SEO plugin. -->","_links":{"self":[{"href":"https:\/\/livrariasolmar.pt\/en\/wp-json\/wp\/v2\/product\/10078"}],"collection":[{"href":"https:\/\/livrariasolmar.pt\/en\/wp-json\/wp\/v2\/product"}],"about":[{"href":"https:\/\/livrariasolmar.pt\/en\/wp-json\/wp\/v2\/types\/product"}],"author":[{"embeddable":true,"href":"https:\/\/livrariasolmar.pt\/en\/wp-json\/wp\/v2\/users\/2"}],"wp:featuredmedia":[{"embeddable":true,"href":"https:\/\/livrariasolmar.pt\/en\/wp-json\/wp\/v2\/media\/10079"}],"wp:attachment":[{"href":"https:\/\/livrariasolmar.pt\/en\/wp-json\/wp\/v2\/media?parent=10078"}],"wp:term":[{"taxonomy":"product_cat","embeddable":true,"href":"https:\/\/livrariasolmar.pt\/en\/wp-json\/wp\/v2\/product_cat?post=10078"},{"taxonomy":"product_tag","embeddable":true,"href":"https:\/\/livrariasolmar.pt\/en\/wp-json\/wp\/v2\/product_tag?post=10078"},{"taxonomy":"cat_produtos","embeddable":true,"href":"https:\/\/livrariasolmar.pt\/en\/wp-json\/wp\/v2\/cat_produtos?post=10078"}],"curies":[{"name":"wp","href":"https:\/\/api.w.org\/{rel}","templated":true}]}}