{"id":10081,"date":"2025-02-03T18:01:06","date_gmt":"2025-02-03T18:01:06","guid":{"rendered":"https:\/\/livrariasolmar.pt\/?post_type=product&#038;p=10081"},"modified":"2025-02-03T18:01:06","modified_gmt":"2025-02-03T18:01:06","slug":"a-casa-da-democracia","status":"publish","type":"product","link":"https:\/\/livrariasolmar.pt\/en\/produto\/a-casa-da-democracia\/","title":{"rendered":"A Casa da Democracia"},"content":{"rendered":"","protected":false},"excerpt":{"rendered":"<p>A sede do Parlamento portugu\u00eas \u00e9 um dos mais importantes monumentos da cidade de Lisboa e o lugar onde se confrontam v\u00e1rias ideias e opini\u00f5es acerca do futuro da nossa comunidade.<\/p>\n<p>Neste livro, o 11.\u00ba da cole\u00e7\u00e3o\u00a0<i>Miss\u00e3o: Democracia<\/i>, ficamos a conhecer n\u00e3o s\u00f3 os v\u00e1rios espa\u00e7os do Pal\u00e1cio de S\u00e3o Bento, cuja origem remonta ao s\u00e9culo XVI, como tamb\u00e9m um conjunto de funcion\u00e1rios especializados que ali trabalham. S\u00e3o eles que, todos os dias, ajudam os deputados que nos representam na sua \u00e1rdua tarefa e cuidam deste valioso patrim\u00f3nio comum.<\/p>\n","protected":false},"author":2,"featured_media":10082,"template":"","meta":[],"product_cat":[172],"product_tag":[],"cat_produtos":[],"yoast_head":"<!-- This site is optimized with the Yoast SEO plugin v16.6 - https:\/\/yoast.com\/wordpress\/plugins\/seo\/ -->\n<title>A Casa da Democracia - Livraria Solmar - Livraria online<\/title>\n<meta name=\"robots\" content=\"index, follow, max-snippet:-1, max-image-preview:large, max-video-preview:-1\" \/>\n<link rel=\"canonical\" href=\"https:\/\/livrariasolmar.pt\/en\/produto\/a-casa-da-democracia\/\" \/>\n<meta property=\"og:locale\" content=\"en_US\" \/>\n<meta property=\"og:type\" content=\"article\" \/>\n<meta property=\"og:title\" content=\"A Casa da Democracia - Livraria Solmar - Livraria online\" \/>\n<meta property=\"og:description\" content=\"A sede do Parlamento portugu\u00eas \u00e9 um dos mais importantes monumentos da cidade de Lisboa e o lugar onde se confrontam v\u00e1rias ideias e opini\u00f5es acerca do futuro da nossa comunidade.  Neste livro, o 11.\u00ba da cole\u00e7\u00e3o\u00a0Miss\u00e3o: Democracia, ficamos a conhecer n\u00e3o s\u00f3 os v\u00e1rios espa\u00e7os do Pal\u00e1cio de S\u00e3o Bento, cuja origem remonta ao s\u00e9culo XVI, como tamb\u00e9m um conjunto de funcion\u00e1rios especializados que ali trabalham. S\u00e3o eles que, todos os dias, ajudam os deputados que nos representam na sua \u00e1rdua tarefa e cuidam deste valioso patrim\u00f3nio comum.\" \/>\n<meta property=\"og:url\" content=\"https:\/\/livrariasolmar.pt\/produto\/a-casa-da-democracia\/\" \/>\n<meta property=\"og:site_name\" content=\"Livraria Solmar - Livraria online\" \/>\n<meta property=\"og:image\" content=\"https:\/\/livrariasolmar.pt\/wp-content\/uploads\/2025\/02\/1507-1-4.jpg\" \/>\n\t<meta property=\"og:image:width\" content=\"400\" \/>\n\t<meta property=\"og:image:height\" content=\"452\" \/>\n<meta name=\"twitter:card\" content=\"summary_large_image\" \/>\n<script type=\"application\/ld+json\" class=\"yoast-schema-graph\">{\"@context\":\"https:\/\/schema.org\",\"@graph\":[{\"@type\":\"WebSite\",\"@id\":\"https:\/\/livrariasolmar.pt\/#website\",\"url\":\"https:\/\/livrariasolmar.pt\/\",\"name\":\"Livraria Solmar - Livraria online\",\"description\":\"Com\\u00e9rcio Livros E Objetos De Arte, Lda - Ponta Delgada, A\\u00e7ores\",\"potentialAction\":[{\"@type\":\"SearchAction\",\"target\":{\"@type\":\"EntryPoint\",\"urlTemplate\":\"https:\/\/livrariasolmar.pt\/?s={search_term_string}\"},\"query-input\":\"required name=search_term_string\"}],\"inLanguage\":\"en-US\"},{\"@type\":\"ImageObject\",\"@id\":\"https:\/\/livrariasolmar.pt\/produto\/a-casa-da-democracia\/#primaryimage\",\"inLanguage\":\"en-US\",\"url\":\"https:\/\/livrariasolmar.pt\/wp-content\/uploads\/2025\/02\/1507-1-4.jpg\",\"contentUrl\":\"https:\/\/livrariasolmar.pt\/wp-content\/uploads\/2025\/02\/1507-1-4.jpg\",\"width\":400,\"height\":452},{\"@type\":\"WebPage\",\"@id\":\"https:\/\/livrariasolmar.pt\/produto\/a-casa-da-democracia\/#webpage\",\"url\":\"https:\/\/livrariasolmar.pt\/produto\/a-casa-da-democracia\/\",\"name\":\"A Casa da Democracia - Livraria Solmar - Livraria online\",\"isPartOf\":{\"@id\":\"https:\/\/livrariasolmar.pt\/#website\"},\"primaryImageOfPage\":{\"@id\":\"https:\/\/livrariasolmar.pt\/produto\/a-casa-da-democracia\/#primaryimage\"},\"datePublished\":\"2025-02-03T18:01:06+00:00\",\"dateModified\":\"2025-02-03T18:01:06+00:00\",\"breadcrumb\":{\"@id\":\"https:\/\/livrariasolmar.pt\/produto\/a-casa-da-democracia\/#breadcrumb\"},\"inLanguage\":\"en-US\",\"potentialAction\":[{\"@type\":\"ReadAction\",\"target\":[\"https:\/\/livrariasolmar.pt\/produto\/a-casa-da-democracia\/\"]}]},{\"@type\":\"BreadcrumbList\",\"@id\":\"https:\/\/livrariasolmar.pt\/produto\/a-casa-da-democracia\/#breadcrumb\",\"itemListElement\":[{\"@type\":\"ListItem\",\"position\":1,\"name\":\"In\\u00edcio\",\"item\":\"https:\/\/livrariasolmar.pt\/en\/\"},{\"@type\":\"ListItem\",\"position\":2,\"name\":\"Shop\",\"item\":\"https:\/\/livrariasolmar.pt\/en\/shop\/\"},{\"@type\":\"ListItem\",\"position\":3,\"name\":\"A Casa da Democracia\"}]}]}<\/script>\n<!-- \/ Yoast SEO plugin. -->","_links":{"self":[{"href":"https:\/\/livrariasolmar.pt\/en\/wp-json\/wp\/v2\/product\/10081"}],"collection":[{"href":"https:\/\/livrariasolmar.pt\/en\/wp-json\/wp\/v2\/product"}],"about":[{"href":"https:\/\/livrariasolmar.pt\/en\/wp-json\/wp\/v2\/types\/product"}],"author":[{"embeddable":true,"href":"https:\/\/livrariasolmar.pt\/en\/wp-json\/wp\/v2\/users\/2"}],"wp:featuredmedia":[{"embeddable":true,"href":"https:\/\/livrariasolmar.pt\/en\/wp-json\/wp\/v2\/media\/10082"}],"wp:attachment":[{"href":"https:\/\/livrariasolmar.pt\/en\/wp-json\/wp\/v2\/media?parent=10081"}],"wp:term":[{"taxonomy":"product_cat","embeddable":true,"href":"https:\/\/livrariasolmar.pt\/en\/wp-json\/wp\/v2\/product_cat?post=10081"},{"taxonomy":"product_tag","embeddable":true,"href":"https:\/\/livrariasolmar.pt\/en\/wp-json\/wp\/v2\/product_tag?post=10081"},{"taxonomy":"cat_produtos","embeddable":true,"href":"https:\/\/livrariasolmar.pt\/en\/wp-json\/wp\/v2\/cat_produtos?post=10081"}],"curies":[{"name":"wp","href":"https:\/\/api.w.org\/{rel}","templated":true}]}}