{"id":10084,"date":"2025-02-03T18:05:34","date_gmt":"2025-02-03T18:05:34","guid":{"rendered":"https:\/\/livrariasolmar.pt\/?post_type=product&#038;p=10084"},"modified":"2025-02-03T18:05:34","modified_gmt":"2025-02-03T18:05:34","slug":"tu-es-livre","status":"publish","type":"product","link":"https:\/\/livrariasolmar.pt\/en\/produto\/tu-es-livre\/","title":{"rendered":"Tu \u00e9s Livre?"},"content":{"rendered":"","protected":false},"excerpt":{"rendered":"<p>A liberdade \u00e9 dif\u00edcil de definir precisamente por estar t\u00e3o presente na nossa vida. At\u00e9 nisso se assemelha ao ar que respiramos. O que acontece se nos falta o ar? E se algu\u00e9m nos tira a liberdade? A liberdade, tal como o ar, faz parte de n\u00f3s e \u00e9 preciosa \u00e0 vida. Por esta raz\u00e3o, temos de estar sempre muito atentos e atentas para que nunca seja posta em causa.<\/p>\n<p>Este \u00e9 um livro para os leitores pensarem sobre o que realmente significa ser livre, bem como nas alegrias e nas responsabilidades que essa condi\u00e7\u00e3o nos traz.<\/p>\n","protected":false},"author":2,"featured_media":10085,"template":"","meta":[],"product_cat":[172],"product_tag":[],"cat_produtos":[],"yoast_head":"<!-- This site is optimized with the Yoast SEO plugin v16.6 - https:\/\/yoast.com\/wordpress\/plugins\/seo\/ -->\n<title>Tu \u00e9s Livre? - Livraria Solmar - Livraria online<\/title>\n<meta name=\"robots\" content=\"index, follow, max-snippet:-1, max-image-preview:large, max-video-preview:-1\" \/>\n<link rel=\"canonical\" href=\"https:\/\/livrariasolmar.pt\/en\/produto\/tu-es-livre\/\" \/>\n<meta property=\"og:locale\" content=\"en_US\" \/>\n<meta property=\"og:type\" content=\"article\" \/>\n<meta property=\"og:title\" content=\"Tu \u00e9s Livre? - Livraria Solmar - Livraria online\" \/>\n<meta property=\"og:description\" content=\"A liberdade \u00e9 dif\u00edcil de definir precisamente por estar t\u00e3o presente na nossa vida. At\u00e9 nisso se assemelha ao ar que respiramos. O que acontece se nos falta o ar? E se algu\u00e9m nos tira a liberdade? A liberdade, tal como o ar, faz parte de n\u00f3s e \u00e9 preciosa \u00e0 vida. Por esta raz\u00e3o, temos de estar sempre muito atentos e atentas para que nunca seja posta em causa.  Este \u00e9 um livro para os leitores pensarem sobre o que realmente significa ser livre, bem como nas alegrias e nas responsabilidades que essa condi\u00e7\u00e3o nos traz.\" \/>\n<meta property=\"og:url\" content=\"https:\/\/livrariasolmar.pt\/produto\/tu-es-livre\/\" \/>\n<meta property=\"og:site_name\" content=\"Livraria Solmar - Livraria online\" \/>\n<meta property=\"og:image\" content=\"https:\/\/livrariasolmar.pt\/wp-content\/uploads\/2025\/02\/1540-1-2.jpg\" \/>\n\t<meta property=\"og:image:width\" content=\"340\" \/>\n\t<meta property=\"og:image:height\" content=\"340\" \/>\n<meta name=\"twitter:card\" content=\"summary_large_image\" \/>\n<script type=\"application\/ld+json\" class=\"yoast-schema-graph\">{\"@context\":\"https:\/\/schema.org\",\"@graph\":[{\"@type\":\"WebSite\",\"@id\":\"https:\/\/livrariasolmar.pt\/#website\",\"url\":\"https:\/\/livrariasolmar.pt\/\",\"name\":\"Livraria Solmar - Livraria online\",\"description\":\"Com\\u00e9rcio Livros E Objetos De Arte, Lda - Ponta Delgada, A\\u00e7ores\",\"potentialAction\":[{\"@type\":\"SearchAction\",\"target\":{\"@type\":\"EntryPoint\",\"urlTemplate\":\"https:\/\/livrariasolmar.pt\/?s={search_term_string}\"},\"query-input\":\"required name=search_term_string\"}],\"inLanguage\":\"en-US\"},{\"@type\":\"ImageObject\",\"@id\":\"https:\/\/livrariasolmar.pt\/produto\/tu-es-livre\/#primaryimage\",\"inLanguage\":\"en-US\",\"url\":\"https:\/\/livrariasolmar.pt\/wp-content\/uploads\/2025\/02\/1540-1-2.jpg\",\"contentUrl\":\"https:\/\/livrariasolmar.pt\/wp-content\/uploads\/2025\/02\/1540-1-2.jpg\",\"width\":340,\"height\":340},{\"@type\":\"WebPage\",\"@id\":\"https:\/\/livrariasolmar.pt\/produto\/tu-es-livre\/#webpage\",\"url\":\"https:\/\/livrariasolmar.pt\/produto\/tu-es-livre\/\",\"name\":\"Tu \\u00e9s Livre? - Livraria Solmar - Livraria online\",\"isPartOf\":{\"@id\":\"https:\/\/livrariasolmar.pt\/#website\"},\"primaryImageOfPage\":{\"@id\":\"https:\/\/livrariasolmar.pt\/produto\/tu-es-livre\/#primaryimage\"},\"datePublished\":\"2025-02-03T18:05:34+00:00\",\"dateModified\":\"2025-02-03T18:05:34+00:00\",\"breadcrumb\":{\"@id\":\"https:\/\/livrariasolmar.pt\/produto\/tu-es-livre\/#breadcrumb\"},\"inLanguage\":\"en-US\",\"potentialAction\":[{\"@type\":\"ReadAction\",\"target\":[\"https:\/\/livrariasolmar.pt\/produto\/tu-es-livre\/\"]}]},{\"@type\":\"BreadcrumbList\",\"@id\":\"https:\/\/livrariasolmar.pt\/produto\/tu-es-livre\/#breadcrumb\",\"itemListElement\":[{\"@type\":\"ListItem\",\"position\":1,\"name\":\"In\\u00edcio\",\"item\":\"https:\/\/livrariasolmar.pt\/en\/\"},{\"@type\":\"ListItem\",\"position\":2,\"name\":\"Shop\",\"item\":\"https:\/\/livrariasolmar.pt\/en\/shop\/\"},{\"@type\":\"ListItem\",\"position\":3,\"name\":\"Tu \\u00e9s Livre?\"}]}]}<\/script>\n<!-- \/ Yoast SEO plugin. -->","_links":{"self":[{"href":"https:\/\/livrariasolmar.pt\/en\/wp-json\/wp\/v2\/product\/10084"}],"collection":[{"href":"https:\/\/livrariasolmar.pt\/en\/wp-json\/wp\/v2\/product"}],"about":[{"href":"https:\/\/livrariasolmar.pt\/en\/wp-json\/wp\/v2\/types\/product"}],"author":[{"embeddable":true,"href":"https:\/\/livrariasolmar.pt\/en\/wp-json\/wp\/v2\/users\/2"}],"wp:featuredmedia":[{"embeddable":true,"href":"https:\/\/livrariasolmar.pt\/en\/wp-json\/wp\/v2\/media\/10085"}],"wp:attachment":[{"href":"https:\/\/livrariasolmar.pt\/en\/wp-json\/wp\/v2\/media?parent=10084"}],"wp:term":[{"taxonomy":"product_cat","embeddable":true,"href":"https:\/\/livrariasolmar.pt\/en\/wp-json\/wp\/v2\/product_cat?post=10084"},{"taxonomy":"product_tag","embeddable":true,"href":"https:\/\/livrariasolmar.pt\/en\/wp-json\/wp\/v2\/product_tag?post=10084"},{"taxonomy":"cat_produtos","embeddable":true,"href":"https:\/\/livrariasolmar.pt\/en\/wp-json\/wp\/v2\/cat_produtos?post=10084"}],"curies":[{"name":"wp","href":"https:\/\/api.w.org\/{rel}","templated":true}]}}