{"id":10090,"date":"2025-02-03T18:19:11","date_gmt":"2025-02-03T18:19:11","guid":{"rendered":"https:\/\/livrariasolmar.pt\/?post_type=product&#038;p=10090"},"modified":"2025-07-27T11:43:21","modified_gmt":"2025-07-27T11:43:21","slug":"dita-dor","status":"publish","type":"product","link":"https:\/\/livrariasolmar.pt\/en\/produto\/dita-dor\/","title":{"rendered":"Dita Dor"},"content":{"rendered":"","protected":false},"excerpt":{"rendered":"<p>Nesta obra, acompanhamos o dia a dia de Ant\u00f3nio, um menino cuja vida familiar seria igual \u00e0 de tantos outros meninos no tempo em que Portugal vivia numa ditadura. Com ele, percorremos uma \u00e9poca em que, na escola, nas ruas, em casa, um pouco por todo o lado, entrecruzado com a felicidade e as agruras pr\u00f3prias da vida, havia um contexto de medo, censura, guerra, desigualdade e pobreza.<\/p>\n<p>Ant\u00f3nio olha em volta e faz perguntas sobre o que o rodeia. H\u00e1 tantas coisas que n\u00e3o compreende!<\/p>\n<p>Nas p\u00e1ginas finais, alguns conte\u00fados informativos convidam os leitores a aprender mais sobre certos aspetos da vida e da hist\u00f3ria do nosso pa\u00eds, antes de Abril de 1974.<\/p>\n","protected":false},"author":2,"featured_media":10091,"template":"","meta":[],"product_cat":[172],"product_tag":[],"cat_produtos":[],"yoast_head":"<!-- This site is optimized with the Yoast SEO plugin v16.6 - https:\/\/yoast.com\/wordpress\/plugins\/seo\/ -->\n<title>Dita Dor - Livraria Solmar - Livraria online<\/title>\n<meta name=\"robots\" content=\"index, follow, max-snippet:-1, max-image-preview:large, max-video-preview:-1\" \/>\n<link rel=\"canonical\" href=\"https:\/\/livrariasolmar.pt\/en\/produto\/dita-dor\/\" \/>\n<meta property=\"og:locale\" content=\"en_US\" \/>\n<meta property=\"og:type\" content=\"article\" \/>\n<meta property=\"og:title\" content=\"Dita Dor - Livraria Solmar - Livraria online\" \/>\n<meta property=\"og:description\" content=\"Nesta obra, acompanhamos o dia a dia de Ant\u00f3nio, um menino cuja vida familiar seria igual \u00e0 de tantos outros meninos no tempo em que Portugal vivia numa ditadura. Com ele, percorremos uma \u00e9poca em que, na escola, nas ruas, em casa, um pouco por todo o lado, entrecruzado com a felicidade e as agruras pr\u00f3prias da vida, havia um contexto de medo, censura, guerra, desigualdade e pobreza.  Ant\u00f3nio olha em volta e faz perguntas sobre o que o rodeia. H\u00e1 tantas coisas que n\u00e3o compreende!  Nas p\u00e1ginas finais, alguns conte\u00fados informativos convidam os leitores a aprender mais sobre certos aspetos da vida e da hist\u00f3ria do nosso pa\u00eds, antes de Abril de 1974.\" \/>\n<meta property=\"og:url\" content=\"https:\/\/livrariasolmar.pt\/produto\/dita-dor\/\" \/>\n<meta property=\"og:site_name\" content=\"Livraria Solmar - Livraria online\" \/>\n<meta property=\"article:modified_time\" content=\"2025-07-27T11:43:21+00:00\" \/>\n<meta property=\"og:image\" content=\"https:\/\/livrariasolmar.pt\/wp-content\/uploads\/2025\/02\/1507-1-1-2.jpg\" \/>\n\t<meta property=\"og:image:width\" content=\"400\" \/>\n\t<meta property=\"og:image:height\" content=\"480\" \/>\n<meta name=\"twitter:card\" content=\"summary_large_image\" \/>\n<script type=\"application\/ld+json\" class=\"yoast-schema-graph\">{\"@context\":\"https:\/\/schema.org\",\"@graph\":[{\"@type\":\"WebSite\",\"@id\":\"https:\/\/livrariasolmar.pt\/#website\",\"url\":\"https:\/\/livrariasolmar.pt\/\",\"name\":\"Livraria Solmar - Livraria online\",\"description\":\"Com\\u00e9rcio Livros E Objetos De Arte, Lda - Ponta Delgada, A\\u00e7ores\",\"potentialAction\":[{\"@type\":\"SearchAction\",\"target\":{\"@type\":\"EntryPoint\",\"urlTemplate\":\"https:\/\/livrariasolmar.pt\/?s={search_term_string}\"},\"query-input\":\"required name=search_term_string\"}],\"inLanguage\":\"en-US\"},{\"@type\":\"ImageObject\",\"@id\":\"https:\/\/livrariasolmar.pt\/produto\/dita-dor\/#primaryimage\",\"inLanguage\":\"en-US\",\"url\":\"https:\/\/livrariasolmar.pt\/wp-content\/uploads\/2025\/02\/1507-1-1-2.jpg\",\"contentUrl\":\"https:\/\/livrariasolmar.pt\/wp-content\/uploads\/2025\/02\/1507-1-1-2.jpg\",\"width\":400,\"height\":480},{\"@type\":\"WebPage\",\"@id\":\"https:\/\/livrariasolmar.pt\/produto\/dita-dor\/#webpage\",\"url\":\"https:\/\/livrariasolmar.pt\/produto\/dita-dor\/\",\"name\":\"Dita Dor - Livraria Solmar - Livraria online\",\"isPartOf\":{\"@id\":\"https:\/\/livrariasolmar.pt\/#website\"},\"primaryImageOfPage\":{\"@id\":\"https:\/\/livrariasolmar.pt\/produto\/dita-dor\/#primaryimage\"},\"datePublished\":\"2025-02-03T18:19:11+00:00\",\"dateModified\":\"2025-07-27T11:43:21+00:00\",\"breadcrumb\":{\"@id\":\"https:\/\/livrariasolmar.pt\/produto\/dita-dor\/#breadcrumb\"},\"inLanguage\":\"en-US\",\"potentialAction\":[{\"@type\":\"ReadAction\",\"target\":[\"https:\/\/livrariasolmar.pt\/produto\/dita-dor\/\"]}]},{\"@type\":\"BreadcrumbList\",\"@id\":\"https:\/\/livrariasolmar.pt\/produto\/dita-dor\/#breadcrumb\",\"itemListElement\":[{\"@type\":\"ListItem\",\"position\":1,\"name\":\"In\\u00edcio\",\"item\":\"https:\/\/livrariasolmar.pt\/en\/\"},{\"@type\":\"ListItem\",\"position\":2,\"name\":\"Shop\",\"item\":\"https:\/\/livrariasolmar.pt\/en\/shop\/\"},{\"@type\":\"ListItem\",\"position\":3,\"name\":\"Dita Dor\"}]}]}<\/script>\n<!-- \/ Yoast SEO plugin. -->","_links":{"self":[{"href":"https:\/\/livrariasolmar.pt\/en\/wp-json\/wp\/v2\/product\/10090"}],"collection":[{"href":"https:\/\/livrariasolmar.pt\/en\/wp-json\/wp\/v2\/product"}],"about":[{"href":"https:\/\/livrariasolmar.pt\/en\/wp-json\/wp\/v2\/types\/product"}],"author":[{"embeddable":true,"href":"https:\/\/livrariasolmar.pt\/en\/wp-json\/wp\/v2\/users\/2"}],"wp:featuredmedia":[{"embeddable":true,"href":"https:\/\/livrariasolmar.pt\/en\/wp-json\/wp\/v2\/media\/10091"}],"wp:attachment":[{"href":"https:\/\/livrariasolmar.pt\/en\/wp-json\/wp\/v2\/media?parent=10090"}],"wp:term":[{"taxonomy":"product_cat","embeddable":true,"href":"https:\/\/livrariasolmar.pt\/en\/wp-json\/wp\/v2\/product_cat?post=10090"},{"taxonomy":"product_tag","embeddable":true,"href":"https:\/\/livrariasolmar.pt\/en\/wp-json\/wp\/v2\/product_tag?post=10090"},{"taxonomy":"cat_produtos","embeddable":true,"href":"https:\/\/livrariasolmar.pt\/en\/wp-json\/wp\/v2\/cat_produtos?post=10090"}],"curies":[{"name":"wp","href":"https:\/\/api.w.org\/{rel}","templated":true}]}}