{"id":10093,"date":"2025-02-03T18:28:11","date_gmt":"2025-02-03T18:28:11","guid":{"rendered":"https:\/\/livrariasolmar.pt\/?post_type=product&#038;p=10093"},"modified":"2025-02-03T18:28:11","modified_gmt":"2025-02-03T18:28:11","slug":"deputados-do-futuro-ola","status":"publish","type":"product","link":"https:\/\/livrariasolmar.pt\/en\/produto\/deputados-do-futuro-ola\/","title":{"rendered":"Deputados do Futuro, Ol\u00e1!"},"content":{"rendered":"","protected":false},"excerpt":{"rendered":"<p>N\u00e3o \u00e9 nada f\u00e1cil explicar a algu\u00e9m o que \u00e9 um deputado e o que significa ter a responsabilidade de representar todo um pa\u00eds, mas este livro pode ajudar. Tudo come\u00e7a com uma afirma\u00e7\u00e3o que nos faz pensar: \u00abTodos os deputados e todas as deputadas que vemos hoje, no plen\u00e1rio da Assembleia da Rep\u00fablica, j\u00e1 brincaram um dia no recreio de uma escola\u00bb.<\/p>\n<p>Partindo desta premissa, talvez j\u00e1 consigamos perceber melhor como foram, um dia, os deputados de hoje e quem poder\u00e3o ser os deputados de amanh\u00e3. Nas p\u00e1ginas finais, um conjunto de perguntas e respostas satisfazem a curiosidade de quem quer saber mais sobre esta dif\u00edcil tarefa e sobre o trabalho no Parlamento.<\/p>\n","protected":false},"author":2,"featured_media":10094,"template":"","meta":[],"product_cat":[172],"product_tag":[],"cat_produtos":[],"yoast_head":"<!-- This site is optimized with the Yoast SEO plugin v16.6 - https:\/\/yoast.com\/wordpress\/plugins\/seo\/ -->\n<title>Deputados do Futuro, Ol\u00e1! - Livraria Solmar - Livraria online<\/title>\n<meta name=\"robots\" content=\"index, follow, max-snippet:-1, max-image-preview:large, max-video-preview:-1\" \/>\n<link rel=\"canonical\" href=\"https:\/\/livrariasolmar.pt\/en\/produto\/deputados-do-futuro-ola\/\" \/>\n<meta property=\"og:locale\" content=\"en_US\" \/>\n<meta property=\"og:type\" content=\"article\" \/>\n<meta property=\"og:title\" content=\"Deputados do Futuro, Ol\u00e1! - Livraria Solmar - Livraria online\" \/>\n<meta property=\"og:description\" content=\"N\u00e3o \u00e9 nada f\u00e1cil explicar a algu\u00e9m o que \u00e9 um deputado e o que significa ter a responsabilidade de representar todo um pa\u00eds, mas este livro pode ajudar. Tudo come\u00e7a com uma afirma\u00e7\u00e3o que nos faz pensar: \u00abTodos os deputados e todas as deputadas que vemos hoje, no plen\u00e1rio da Assembleia da Rep\u00fablica, j\u00e1 brincaram um dia no recreio de uma escola\u00bb.  Partindo desta premissa, talvez j\u00e1 consigamos perceber melhor como foram, um dia, os deputados de hoje e quem poder\u00e3o ser os deputados de amanh\u00e3. Nas p\u00e1ginas finais, um conjunto de perguntas e respostas satisfazem a curiosidade de quem quer saber mais sobre esta dif\u00edcil tarefa e sobre o trabalho no Parlamento.\" \/>\n<meta property=\"og:url\" content=\"https:\/\/livrariasolmar.pt\/produto\/deputados-do-futuro-ola\/\" \/>\n<meta property=\"og:site_name\" content=\"Livraria Solmar - Livraria online\" \/>\n<meta property=\"og:image\" content=\"https:\/\/livrariasolmar.pt\/wp-content\/uploads\/2025\/02\/1507-1-5.jpg\" \/>\n\t<meta property=\"og:image:width\" content=\"400\" \/>\n\t<meta property=\"og:image:height\" content=\"480\" \/>\n<meta name=\"twitter:card\" content=\"summary_large_image\" \/>\n<script type=\"application\/ld+json\" class=\"yoast-schema-graph\">{\"@context\":\"https:\/\/schema.org\",\"@graph\":[{\"@type\":\"WebSite\",\"@id\":\"https:\/\/livrariasolmar.pt\/#website\",\"url\":\"https:\/\/livrariasolmar.pt\/\",\"name\":\"Livraria Solmar - Livraria online\",\"description\":\"Com\\u00e9rcio Livros E Objetos De Arte, Lda - Ponta Delgada, A\\u00e7ores\",\"potentialAction\":[{\"@type\":\"SearchAction\",\"target\":{\"@type\":\"EntryPoint\",\"urlTemplate\":\"https:\/\/livrariasolmar.pt\/?s={search_term_string}\"},\"query-input\":\"required name=search_term_string\"}],\"inLanguage\":\"en-US\"},{\"@type\":\"ImageObject\",\"@id\":\"https:\/\/livrariasolmar.pt\/produto\/deputados-do-futuro-ola\/#primaryimage\",\"inLanguage\":\"en-US\",\"url\":\"https:\/\/livrariasolmar.pt\/wp-content\/uploads\/2025\/02\/1507-1-5.jpg\",\"contentUrl\":\"https:\/\/livrariasolmar.pt\/wp-content\/uploads\/2025\/02\/1507-1-5.jpg\",\"width\":400,\"height\":480},{\"@type\":\"WebPage\",\"@id\":\"https:\/\/livrariasolmar.pt\/produto\/deputados-do-futuro-ola\/#webpage\",\"url\":\"https:\/\/livrariasolmar.pt\/produto\/deputados-do-futuro-ola\/\",\"name\":\"Deputados do Futuro, Ol\\u00e1! - Livraria Solmar - Livraria online\",\"isPartOf\":{\"@id\":\"https:\/\/livrariasolmar.pt\/#website\"},\"primaryImageOfPage\":{\"@id\":\"https:\/\/livrariasolmar.pt\/produto\/deputados-do-futuro-ola\/#primaryimage\"},\"datePublished\":\"2025-02-03T18:28:11+00:00\",\"dateModified\":\"2025-02-03T18:28:11+00:00\",\"breadcrumb\":{\"@id\":\"https:\/\/livrariasolmar.pt\/produto\/deputados-do-futuro-ola\/#breadcrumb\"},\"inLanguage\":\"en-US\",\"potentialAction\":[{\"@type\":\"ReadAction\",\"target\":[\"https:\/\/livrariasolmar.pt\/produto\/deputados-do-futuro-ola\/\"]}]},{\"@type\":\"BreadcrumbList\",\"@id\":\"https:\/\/livrariasolmar.pt\/produto\/deputados-do-futuro-ola\/#breadcrumb\",\"itemListElement\":[{\"@type\":\"ListItem\",\"position\":1,\"name\":\"In\\u00edcio\",\"item\":\"https:\/\/livrariasolmar.pt\/en\/\"},{\"@type\":\"ListItem\",\"position\":2,\"name\":\"Shop\",\"item\":\"https:\/\/livrariasolmar.pt\/en\/shop\/\"},{\"@type\":\"ListItem\",\"position\":3,\"name\":\"Deputados do Futuro, Ol\\u00e1!\"}]}]}<\/script>\n<!-- \/ Yoast SEO plugin. -->","_links":{"self":[{"href":"https:\/\/livrariasolmar.pt\/en\/wp-json\/wp\/v2\/product\/10093"}],"collection":[{"href":"https:\/\/livrariasolmar.pt\/en\/wp-json\/wp\/v2\/product"}],"about":[{"href":"https:\/\/livrariasolmar.pt\/en\/wp-json\/wp\/v2\/types\/product"}],"author":[{"embeddable":true,"href":"https:\/\/livrariasolmar.pt\/en\/wp-json\/wp\/v2\/users\/2"}],"wp:featuredmedia":[{"embeddable":true,"href":"https:\/\/livrariasolmar.pt\/en\/wp-json\/wp\/v2\/media\/10094"}],"wp:attachment":[{"href":"https:\/\/livrariasolmar.pt\/en\/wp-json\/wp\/v2\/media?parent=10093"}],"wp:term":[{"taxonomy":"product_cat","embeddable":true,"href":"https:\/\/livrariasolmar.pt\/en\/wp-json\/wp\/v2\/product_cat?post=10093"},{"taxonomy":"product_tag","embeddable":true,"href":"https:\/\/livrariasolmar.pt\/en\/wp-json\/wp\/v2\/product_tag?post=10093"},{"taxonomy":"cat_produtos","embeddable":true,"href":"https:\/\/livrariasolmar.pt\/en\/wp-json\/wp\/v2\/cat_produtos?post=10093"}],"curies":[{"name":"wp","href":"https:\/\/api.w.org\/{rel}","templated":true}]}}