{"id":10096,"date":"2025-02-03T18:32:00","date_gmt":"2025-02-03T18:32:00","guid":{"rendered":"https:\/\/livrariasolmar.pt\/?post_type=product&#038;p=10096"},"modified":"2025-02-03T18:32:00","modified_gmt":"2025-02-03T18:32:00","slug":"e-se-fossemos-a-votos","status":"publish","type":"product","link":"https:\/\/livrariasolmar.pt\/en\/produto\/e-se-fossemos-a-votos\/","title":{"rendered":"E se F\u00f4ssemos a Votos?"},"content":{"rendered":"","protected":false},"excerpt":{"rendered":"<p>Os pais e os professores querem sempre ensinar-nos tudo e o mais que for, mas na verdade nunca h\u00e1 tempo para tudo. Por vezes, ficam para tr\u00e1s coisas t\u00e3o importantes como aprender o que \u00e9 uma elei\u00e7\u00e3o, para que serve votar e quantos tipos de elei\u00e7\u00f5es existem.<\/p>\n<p>Nesta hist\u00f3ria fazem-se muitas perguntas a um av\u00f4 paciente, que recebe a visita inesperada da neta e de alguns colegas. Depois de descobrirem a import\u00e2ncia deste instrumento e de como \u00e9 fundamental para o bom funcionamento de uma sociedade democr\u00e1tica, decidem juntos replicar tudo aquilo que aprenderam na sua pr\u00f3pria escola.<\/p>\n","protected":false},"author":2,"featured_media":10097,"template":"","meta":[],"product_cat":[172],"product_tag":[],"cat_produtos":[],"yoast_head":"<!-- This site is optimized with the Yoast SEO plugin v16.6 - https:\/\/yoast.com\/wordpress\/plugins\/seo\/ -->\n<title>E se F\u00f4ssemos a Votos? - Livraria Solmar - Livraria online<\/title>\n<meta name=\"robots\" content=\"index, follow, max-snippet:-1, max-image-preview:large, max-video-preview:-1\" \/>\n<link rel=\"canonical\" href=\"https:\/\/livrariasolmar.pt\/en\/produto\/e-se-fossemos-a-votos\/\" \/>\n<meta property=\"og:locale\" content=\"en_US\" \/>\n<meta property=\"og:type\" content=\"article\" \/>\n<meta property=\"og:title\" content=\"E se F\u00f4ssemos a Votos? - Livraria Solmar - Livraria online\" \/>\n<meta property=\"og:description\" content=\"Os pais e os professores querem sempre ensinar-nos tudo e o mais que for, mas na verdade nunca h\u00e1 tempo para tudo. Por vezes, ficam para tr\u00e1s coisas t\u00e3o importantes como aprender o que \u00e9 uma elei\u00e7\u00e3o, para que serve votar e quantos tipos de elei\u00e7\u00f5es existem.  Nesta hist\u00f3ria fazem-se muitas perguntas a um av\u00f4 paciente, que recebe a visita inesperada da neta e de alguns colegas. Depois de descobrirem a import\u00e2ncia deste instrumento e de como \u00e9 fundamental para o bom funcionamento de uma sociedade democr\u00e1tica, decidem juntos replicar tudo aquilo que aprenderam na sua pr\u00f3pria escola.\" \/>\n<meta property=\"og:url\" content=\"https:\/\/livrariasolmar.pt\/produto\/e-se-fossemos-a-votos\/\" \/>\n<meta property=\"og:site_name\" content=\"Livraria Solmar - Livraria online\" \/>\n<meta property=\"og:image\" content=\"https:\/\/livrariasolmar.pt\/wp-content\/uploads\/2025\/02\/1507-1-1-3.jpg\" \/>\n\t<meta property=\"og:image:width\" content=\"400\" \/>\n\t<meta property=\"og:image:height\" content=\"400\" \/>\n<meta name=\"twitter:card\" content=\"summary_large_image\" \/>\n<script type=\"application\/ld+json\" class=\"yoast-schema-graph\">{\"@context\":\"https:\/\/schema.org\",\"@graph\":[{\"@type\":\"WebSite\",\"@id\":\"https:\/\/livrariasolmar.pt\/#website\",\"url\":\"https:\/\/livrariasolmar.pt\/\",\"name\":\"Livraria Solmar - Livraria online\",\"description\":\"Com\\u00e9rcio Livros E Objetos De Arte, Lda - Ponta Delgada, A\\u00e7ores\",\"potentialAction\":[{\"@type\":\"SearchAction\",\"target\":{\"@type\":\"EntryPoint\",\"urlTemplate\":\"https:\/\/livrariasolmar.pt\/?s={search_term_string}\"},\"query-input\":\"required name=search_term_string\"}],\"inLanguage\":\"en-US\"},{\"@type\":\"ImageObject\",\"@id\":\"https:\/\/livrariasolmar.pt\/produto\/e-se-fossemos-a-votos\/#primaryimage\",\"inLanguage\":\"en-US\",\"url\":\"https:\/\/livrariasolmar.pt\/wp-content\/uploads\/2025\/02\/1507-1-1-3.jpg\",\"contentUrl\":\"https:\/\/livrariasolmar.pt\/wp-content\/uploads\/2025\/02\/1507-1-1-3.jpg\",\"width\":400,\"height\":400},{\"@type\":\"WebPage\",\"@id\":\"https:\/\/livrariasolmar.pt\/produto\/e-se-fossemos-a-votos\/#webpage\",\"url\":\"https:\/\/livrariasolmar.pt\/produto\/e-se-fossemos-a-votos\/\",\"name\":\"E se F\\u00f4ssemos a Votos? - Livraria Solmar - Livraria online\",\"isPartOf\":{\"@id\":\"https:\/\/livrariasolmar.pt\/#website\"},\"primaryImageOfPage\":{\"@id\":\"https:\/\/livrariasolmar.pt\/produto\/e-se-fossemos-a-votos\/#primaryimage\"},\"datePublished\":\"2025-02-03T18:32:00+00:00\",\"dateModified\":\"2025-02-03T18:32:00+00:00\",\"breadcrumb\":{\"@id\":\"https:\/\/livrariasolmar.pt\/produto\/e-se-fossemos-a-votos\/#breadcrumb\"},\"inLanguage\":\"en-US\",\"potentialAction\":[{\"@type\":\"ReadAction\",\"target\":[\"https:\/\/livrariasolmar.pt\/produto\/e-se-fossemos-a-votos\/\"]}]},{\"@type\":\"BreadcrumbList\",\"@id\":\"https:\/\/livrariasolmar.pt\/produto\/e-se-fossemos-a-votos\/#breadcrumb\",\"itemListElement\":[{\"@type\":\"ListItem\",\"position\":1,\"name\":\"In\\u00edcio\",\"item\":\"https:\/\/livrariasolmar.pt\/en\/\"},{\"@type\":\"ListItem\",\"position\":2,\"name\":\"Shop\",\"item\":\"https:\/\/livrariasolmar.pt\/en\/shop\/\"},{\"@type\":\"ListItem\",\"position\":3,\"name\":\"E se F\\u00f4ssemos a Votos?\"}]}]}<\/script>\n<!-- \/ Yoast SEO plugin. -->","_links":{"self":[{"href":"https:\/\/livrariasolmar.pt\/en\/wp-json\/wp\/v2\/product\/10096"}],"collection":[{"href":"https:\/\/livrariasolmar.pt\/en\/wp-json\/wp\/v2\/product"}],"about":[{"href":"https:\/\/livrariasolmar.pt\/en\/wp-json\/wp\/v2\/types\/product"}],"author":[{"embeddable":true,"href":"https:\/\/livrariasolmar.pt\/en\/wp-json\/wp\/v2\/users\/2"}],"wp:featuredmedia":[{"embeddable":true,"href":"https:\/\/livrariasolmar.pt\/en\/wp-json\/wp\/v2\/media\/10097"}],"wp:attachment":[{"href":"https:\/\/livrariasolmar.pt\/en\/wp-json\/wp\/v2\/media?parent=10096"}],"wp:term":[{"taxonomy":"product_cat","embeddable":true,"href":"https:\/\/livrariasolmar.pt\/en\/wp-json\/wp\/v2\/product_cat?post=10096"},{"taxonomy":"product_tag","embeddable":true,"href":"https:\/\/livrariasolmar.pt\/en\/wp-json\/wp\/v2\/product_tag?post=10096"},{"taxonomy":"cat_produtos","embeddable":true,"href":"https:\/\/livrariasolmar.pt\/en\/wp-json\/wp\/v2\/cat_produtos?post=10096"}],"curies":[{"name":"wp","href":"https:\/\/api.w.org\/{rel}","templated":true}]}}