{"id":10099,"date":"2025-02-03T18:42:02","date_gmt":"2025-02-03T18:42:02","guid":{"rendered":"https:\/\/livrariasolmar.pt\/?post_type=product&#038;p=10099"},"modified":"2025-02-03T18:42:02","modified_gmt":"2025-02-03T18:42:02","slug":"fantasmas-bananas-e-avestruzes","status":"publish","type":"product","link":"https:\/\/livrariasolmar.pt\/en\/produto\/fantasmas-bananas-e-avestruzes\/","title":{"rendered":"Fantasmas, Bananas e Avestruzes"},"content":{"rendered":"","protected":false},"excerpt":{"rendered":"<p>Assim que come\u00e7amos a crescer, apercebemo-nos de que h\u00e1 regras que temos de cumprir. Elas n\u00e3o se veem, mas est\u00e3o por todo o lado. Por vezes servem causas maiores; j\u00e1 outras t\u00eam prop\u00f3sitos mais banais. Umas t\u00eam uma apar\u00eancia simples, outras s\u00e3o t\u00e3o complexas que levam anos a estabelecer-se.<\/p>\n<p>Os fantasmas, as bananas e as avestruzes deste livro ensinam-nos a entrar no grande circuito da lei, do qual todos n\u00f3s fazemos parte. Com eles, fechamos os olhos, imaginamos e damos o salto.<\/p>\n","protected":false},"author":2,"featured_media":10100,"template":"","meta":[],"product_cat":[172],"product_tag":[],"cat_produtos":[],"yoast_head":"<!-- This site is optimized with the Yoast SEO plugin v16.6 - https:\/\/yoast.com\/wordpress\/plugins\/seo\/ -->\n<title>Fantasmas, Bananas e Avestruzes - Livraria Solmar - Livraria online<\/title>\n<meta name=\"robots\" content=\"index, follow, max-snippet:-1, max-image-preview:large, max-video-preview:-1\" \/>\n<link rel=\"canonical\" href=\"https:\/\/livrariasolmar.pt\/en\/produto\/fantasmas-bananas-e-avestruzes\/\" \/>\n<meta property=\"og:locale\" content=\"en_US\" \/>\n<meta property=\"og:type\" content=\"article\" \/>\n<meta property=\"og:title\" content=\"Fantasmas, Bananas e Avestruzes - Livraria Solmar - Livraria online\" \/>\n<meta property=\"og:description\" content=\"Assim que come\u00e7amos a crescer, apercebemo-nos de que h\u00e1 regras que temos de cumprir. Elas n\u00e3o se veem, mas est\u00e3o por todo o lado. Por vezes servem causas maiores; j\u00e1 outras t\u00eam prop\u00f3sitos mais banais. Umas t\u00eam uma apar\u00eancia simples, outras s\u00e3o t\u00e3o complexas que levam anos a estabelecer-se.  Os fantasmas, as bananas e as avestruzes deste livro ensinam-nos a entrar no grande circuito da lei, do qual todos n\u00f3s fazemos parte. Com eles, fechamos os olhos, imaginamos e damos o salto.\" \/>\n<meta property=\"og:url\" content=\"https:\/\/livrariasolmar.pt\/produto\/fantasmas-bananas-e-avestruzes\/\" \/>\n<meta property=\"og:site_name\" content=\"Livraria Solmar - Livraria online\" \/>\n<meta property=\"og:image\" content=\"https:\/\/livrariasolmar.pt\/wp-content\/uploads\/2025\/02\/1507-1-6.jpg\" \/>\n\t<meta property=\"og:image:width\" content=\"400\" \/>\n\t<meta property=\"og:image:height\" content=\"480\" \/>\n<meta name=\"twitter:card\" content=\"summary_large_image\" \/>\n<script type=\"application\/ld+json\" class=\"yoast-schema-graph\">{\"@context\":\"https:\/\/schema.org\",\"@graph\":[{\"@type\":\"WebSite\",\"@id\":\"https:\/\/livrariasolmar.pt\/#website\",\"url\":\"https:\/\/livrariasolmar.pt\/\",\"name\":\"Livraria Solmar - Livraria online\",\"description\":\"Com\\u00e9rcio Livros E Objetos De Arte, Lda - Ponta Delgada, A\\u00e7ores\",\"potentialAction\":[{\"@type\":\"SearchAction\",\"target\":{\"@type\":\"EntryPoint\",\"urlTemplate\":\"https:\/\/livrariasolmar.pt\/?s={search_term_string}\"},\"query-input\":\"required name=search_term_string\"}],\"inLanguage\":\"en-US\"},{\"@type\":\"ImageObject\",\"@id\":\"https:\/\/livrariasolmar.pt\/produto\/fantasmas-bananas-e-avestruzes\/#primaryimage\",\"inLanguage\":\"en-US\",\"url\":\"https:\/\/livrariasolmar.pt\/wp-content\/uploads\/2025\/02\/1507-1-6.jpg\",\"contentUrl\":\"https:\/\/livrariasolmar.pt\/wp-content\/uploads\/2025\/02\/1507-1-6.jpg\",\"width\":400,\"height\":480},{\"@type\":\"WebPage\",\"@id\":\"https:\/\/livrariasolmar.pt\/produto\/fantasmas-bananas-e-avestruzes\/#webpage\",\"url\":\"https:\/\/livrariasolmar.pt\/produto\/fantasmas-bananas-e-avestruzes\/\",\"name\":\"Fantasmas, Bananas e Avestruzes - Livraria Solmar - Livraria online\",\"isPartOf\":{\"@id\":\"https:\/\/livrariasolmar.pt\/#website\"},\"primaryImageOfPage\":{\"@id\":\"https:\/\/livrariasolmar.pt\/produto\/fantasmas-bananas-e-avestruzes\/#primaryimage\"},\"datePublished\":\"2025-02-03T18:42:02+00:00\",\"dateModified\":\"2025-02-03T18:42:02+00:00\",\"breadcrumb\":{\"@id\":\"https:\/\/livrariasolmar.pt\/produto\/fantasmas-bananas-e-avestruzes\/#breadcrumb\"},\"inLanguage\":\"en-US\",\"potentialAction\":[{\"@type\":\"ReadAction\",\"target\":[\"https:\/\/livrariasolmar.pt\/produto\/fantasmas-bananas-e-avestruzes\/\"]}]},{\"@type\":\"BreadcrumbList\",\"@id\":\"https:\/\/livrariasolmar.pt\/produto\/fantasmas-bananas-e-avestruzes\/#breadcrumb\",\"itemListElement\":[{\"@type\":\"ListItem\",\"position\":1,\"name\":\"In\\u00edcio\",\"item\":\"https:\/\/livrariasolmar.pt\/en\/\"},{\"@type\":\"ListItem\",\"position\":2,\"name\":\"Shop\",\"item\":\"https:\/\/livrariasolmar.pt\/en\/shop\/\"},{\"@type\":\"ListItem\",\"position\":3,\"name\":\"Fantasmas, Bananas e Avestruzes\"}]}]}<\/script>\n<!-- \/ Yoast SEO plugin. -->","_links":{"self":[{"href":"https:\/\/livrariasolmar.pt\/en\/wp-json\/wp\/v2\/product\/10099"}],"collection":[{"href":"https:\/\/livrariasolmar.pt\/en\/wp-json\/wp\/v2\/product"}],"about":[{"href":"https:\/\/livrariasolmar.pt\/en\/wp-json\/wp\/v2\/types\/product"}],"author":[{"embeddable":true,"href":"https:\/\/livrariasolmar.pt\/en\/wp-json\/wp\/v2\/users\/2"}],"wp:featuredmedia":[{"embeddable":true,"href":"https:\/\/livrariasolmar.pt\/en\/wp-json\/wp\/v2\/media\/10100"}],"wp:attachment":[{"href":"https:\/\/livrariasolmar.pt\/en\/wp-json\/wp\/v2\/media?parent=10099"}],"wp:term":[{"taxonomy":"product_cat","embeddable":true,"href":"https:\/\/livrariasolmar.pt\/en\/wp-json\/wp\/v2\/product_cat?post=10099"},{"taxonomy":"product_tag","embeddable":true,"href":"https:\/\/livrariasolmar.pt\/en\/wp-json\/wp\/v2\/product_tag?post=10099"},{"taxonomy":"cat_produtos","embeddable":true,"href":"https:\/\/livrariasolmar.pt\/en\/wp-json\/wp\/v2\/cat_produtos?post=10099"}],"curies":[{"name":"wp","href":"https:\/\/api.w.org\/{rel}","templated":true}]}}