{"id":10105,"date":"2025-02-03T18:55:38","date_gmt":"2025-02-03T18:55:38","guid":{"rendered":"https:\/\/livrariasolmar.pt\/?post_type=product&#038;p=10105"},"modified":"2025-02-03T18:55:38","modified_gmt":"2025-02-03T18:55:38","slug":"a-melhor-amiga-da-menina-republica","status":"publish","type":"product","link":"https:\/\/livrariasolmar.pt\/en\/produto\/a-melhor-amiga-da-menina-republica\/","title":{"rendered":"A Melhor Amiga da Menina Rep\u00fablica"},"content":{"rendered":"","protected":false},"excerpt":{"rendered":"<p>O 5 de Outubro de 1910 p\u00f4s fim \u00e0 monarquia em Portugal. Ao longo das p\u00e1ginas deste livro, a Menina Rep\u00fablica partilha tudo o que viveu e sentiu durante esses tempos de mudan\u00e7a com a Democracia, a sua melhor amiga. Viu chap\u00e9us a voar, escolas e universidades a abrir, leis a nascer, novos s\u00edmbolos para o seu pa\u00eds \u2014 um hino, uma bandeira, uma moeda.<\/p>\n<p>O livro oferece ainda a oportunidade de ver um \u00e1lbum de fotografias muito especial, onde posa com orgulho com as republicanas e os republicanos.<\/p>\n","protected":false},"author":2,"featured_media":10106,"template":"","meta":[],"product_cat":[172],"product_tag":[],"cat_produtos":[],"yoast_head":"<!-- This site is optimized with the Yoast SEO plugin v16.6 - https:\/\/yoast.com\/wordpress\/plugins\/seo\/ -->\n<title>A Melhor Amiga da Menina Rep\u00fablica - Livraria Solmar - Livraria online<\/title>\n<meta name=\"robots\" content=\"index, follow, max-snippet:-1, max-image-preview:large, max-video-preview:-1\" \/>\n<link rel=\"canonical\" href=\"https:\/\/livrariasolmar.pt\/en\/produto\/a-melhor-amiga-da-menina-republica\/\" \/>\n<meta property=\"og:locale\" content=\"en_US\" \/>\n<meta property=\"og:type\" content=\"article\" \/>\n<meta property=\"og:title\" content=\"A Melhor Amiga da Menina Rep\u00fablica - Livraria Solmar - Livraria online\" \/>\n<meta property=\"og:description\" content=\"O 5 de Outubro de 1910 p\u00f4s fim \u00e0 monarquia em Portugal. Ao longo das p\u00e1ginas deste livro, a Menina Rep\u00fablica partilha tudo o que viveu e sentiu durante esses tempos de mudan\u00e7a com a Democracia, a sua melhor amiga. Viu chap\u00e9us a voar, escolas e universidades a abrir, leis a nascer, novos s\u00edmbolos para o seu pa\u00eds \u2014 um hino, uma bandeira, uma moeda.  O livro oferece ainda a oportunidade de ver um \u00e1lbum de fotografias muito especial, onde posa com orgulho com as republicanas e os republicanos.\" \/>\n<meta property=\"og:url\" content=\"https:\/\/livrariasolmar.pt\/produto\/a-melhor-amiga-da-menina-republica\/\" \/>\n<meta property=\"og:site_name\" content=\"Livraria Solmar - Livraria online\" \/>\n<meta property=\"og:image\" content=\"https:\/\/livrariasolmar.pt\/wp-content\/uploads\/2025\/02\/1507-1-2-1.jpg\" \/>\n\t<meta property=\"og:image:width\" content=\"400\" \/>\n\t<meta property=\"og:image:height\" content=\"480\" \/>\n<meta name=\"twitter:card\" content=\"summary_large_image\" \/>\n<script type=\"application\/ld+json\" class=\"yoast-schema-graph\">{\"@context\":\"https:\/\/schema.org\",\"@graph\":[{\"@type\":\"WebSite\",\"@id\":\"https:\/\/livrariasolmar.pt\/#website\",\"url\":\"https:\/\/livrariasolmar.pt\/\",\"name\":\"Livraria Solmar - Livraria online\",\"description\":\"Com\\u00e9rcio Livros E Objetos De Arte, Lda - Ponta Delgada, A\\u00e7ores\",\"potentialAction\":[{\"@type\":\"SearchAction\",\"target\":{\"@type\":\"EntryPoint\",\"urlTemplate\":\"https:\/\/livrariasolmar.pt\/?s={search_term_string}\"},\"query-input\":\"required name=search_term_string\"}],\"inLanguage\":\"en-US\"},{\"@type\":\"ImageObject\",\"@id\":\"https:\/\/livrariasolmar.pt\/produto\/a-melhor-amiga-da-menina-republica\/#primaryimage\",\"inLanguage\":\"en-US\",\"url\":\"https:\/\/livrariasolmar.pt\/wp-content\/uploads\/2025\/02\/1507-1-2-1.jpg\",\"contentUrl\":\"https:\/\/livrariasolmar.pt\/wp-content\/uploads\/2025\/02\/1507-1-2-1.jpg\",\"width\":400,\"height\":480},{\"@type\":\"WebPage\",\"@id\":\"https:\/\/livrariasolmar.pt\/produto\/a-melhor-amiga-da-menina-republica\/#webpage\",\"url\":\"https:\/\/livrariasolmar.pt\/produto\/a-melhor-amiga-da-menina-republica\/\",\"name\":\"A Melhor Amiga da Menina Rep\\u00fablica - Livraria Solmar - Livraria online\",\"isPartOf\":{\"@id\":\"https:\/\/livrariasolmar.pt\/#website\"},\"primaryImageOfPage\":{\"@id\":\"https:\/\/livrariasolmar.pt\/produto\/a-melhor-amiga-da-menina-republica\/#primaryimage\"},\"datePublished\":\"2025-02-03T18:55:38+00:00\",\"dateModified\":\"2025-02-03T18:55:38+00:00\",\"breadcrumb\":{\"@id\":\"https:\/\/livrariasolmar.pt\/produto\/a-melhor-amiga-da-menina-republica\/#breadcrumb\"},\"inLanguage\":\"en-US\",\"potentialAction\":[{\"@type\":\"ReadAction\",\"target\":[\"https:\/\/livrariasolmar.pt\/produto\/a-melhor-amiga-da-menina-republica\/\"]}]},{\"@type\":\"BreadcrumbList\",\"@id\":\"https:\/\/livrariasolmar.pt\/produto\/a-melhor-amiga-da-menina-republica\/#breadcrumb\",\"itemListElement\":[{\"@type\":\"ListItem\",\"position\":1,\"name\":\"In\\u00edcio\",\"item\":\"https:\/\/livrariasolmar.pt\/en\/\"},{\"@type\":\"ListItem\",\"position\":2,\"name\":\"Shop\",\"item\":\"https:\/\/livrariasolmar.pt\/en\/shop\/\"},{\"@type\":\"ListItem\",\"position\":3,\"name\":\"A Melhor Amiga da Menina Rep\\u00fablica\"}]}]}<\/script>\n<!-- \/ Yoast SEO plugin. -->","_links":{"self":[{"href":"https:\/\/livrariasolmar.pt\/en\/wp-json\/wp\/v2\/product\/10105"}],"collection":[{"href":"https:\/\/livrariasolmar.pt\/en\/wp-json\/wp\/v2\/product"}],"about":[{"href":"https:\/\/livrariasolmar.pt\/en\/wp-json\/wp\/v2\/types\/product"}],"author":[{"embeddable":true,"href":"https:\/\/livrariasolmar.pt\/en\/wp-json\/wp\/v2\/users\/2"}],"wp:featuredmedia":[{"embeddable":true,"href":"https:\/\/livrariasolmar.pt\/en\/wp-json\/wp\/v2\/media\/10106"}],"wp:attachment":[{"href":"https:\/\/livrariasolmar.pt\/en\/wp-json\/wp\/v2\/media?parent=10105"}],"wp:term":[{"taxonomy":"product_cat","embeddable":true,"href":"https:\/\/livrariasolmar.pt\/en\/wp-json\/wp\/v2\/product_cat?post=10105"},{"taxonomy":"product_tag","embeddable":true,"href":"https:\/\/livrariasolmar.pt\/en\/wp-json\/wp\/v2\/product_tag?post=10105"},{"taxonomy":"cat_produtos","embeddable":true,"href":"https:\/\/livrariasolmar.pt\/en\/wp-json\/wp\/v2\/cat_produtos?post=10105"}],"curies":[{"name":"wp","href":"https:\/\/api.w.org\/{rel}","templated":true}]}}