{"id":10108,"date":"2025-02-03T19:03:47","date_gmt":"2025-02-03T19:03:47","guid":{"rendered":"https:\/\/livrariasolmar.pt\/?post_type=product&#038;p=10108"},"modified":"2025-02-03T19:03:48","modified_gmt":"2025-02-03T19:03:48","slug":"voltas-e-reviravoltas","status":"publish","type":"product","link":"https:\/\/livrariasolmar.pt\/en\/produto\/voltas-e-reviravoltas\/","title":{"rendered":"Voltas e Reviravoltas"},"content":{"rendered":"","protected":false},"excerpt":{"rendered":"<p>As pra\u00e7as dos bairros onde crescemos s\u00e3o lugares especiais, onde tudo pode acontecer. Na pra\u00e7a que estes amigos costumam frequentar depois da escola e onde praticam as suas acrob\u00e1ticas manobras de skate, um banco de jardim torna-se o centro de uma disputa acalorada.<\/p>\n<p>A interven\u00e7\u00e3o do presidente da junta de freguesia tem um desfecho inesperado, que ajuda estes amigos a compreender o que significa, afinal, viver em comunidade e participar no bem-comum.<\/p>\n","protected":false},"author":2,"featured_media":10109,"template":"","meta":[],"product_cat":[172],"product_tag":[],"cat_produtos":[],"yoast_head":"<!-- This site is optimized with the Yoast SEO plugin v16.6 - https:\/\/yoast.com\/wordpress\/plugins\/seo\/ -->\n<title>Voltas e Reviravoltas - Livraria Solmar - Livraria online<\/title>\n<meta name=\"robots\" content=\"index, follow, max-snippet:-1, max-image-preview:large, max-video-preview:-1\" \/>\n<link rel=\"canonical\" href=\"https:\/\/livrariasolmar.pt\/en\/produto\/voltas-e-reviravoltas\/\" \/>\n<meta property=\"og:locale\" content=\"en_US\" \/>\n<meta property=\"og:type\" content=\"article\" \/>\n<meta property=\"og:title\" content=\"Voltas e Reviravoltas - Livraria Solmar - Livraria online\" \/>\n<meta property=\"og:description\" content=\"As pra\u00e7as dos bairros onde crescemos s\u00e3o lugares especiais, onde tudo pode acontecer. Na pra\u00e7a que estes amigos costumam frequentar depois da escola e onde praticam as suas acrob\u00e1ticas manobras de skate, um banco de jardim torna-se o centro de uma disputa acalorada.  A interven\u00e7\u00e3o do presidente da junta de freguesia tem um desfecho inesperado, que ajuda estes amigos a compreender o que significa, afinal, viver em comunidade e participar no bem-comum.\" \/>\n<meta property=\"og:url\" content=\"https:\/\/livrariasolmar.pt\/produto\/voltas-e-reviravoltas\/\" \/>\n<meta property=\"og:site_name\" content=\"Livraria Solmar - Livraria online\" \/>\n<meta property=\"article:modified_time\" content=\"2025-02-03T19:03:48+00:00\" \/>\n<meta property=\"og:image\" content=\"https:\/\/livrariasolmar.pt\/wp-content\/uploads\/2025\/02\/1540-1-2-2.jpg\" \/>\n\t<meta property=\"og:image:width\" content=\"340\" \/>\n\t<meta property=\"og:image:height\" content=\"340\" \/>\n<meta name=\"twitter:card\" content=\"summary_large_image\" \/>\n<script type=\"application\/ld+json\" class=\"yoast-schema-graph\">{\"@context\":\"https:\/\/schema.org\",\"@graph\":[{\"@type\":\"WebSite\",\"@id\":\"https:\/\/livrariasolmar.pt\/#website\",\"url\":\"https:\/\/livrariasolmar.pt\/\",\"name\":\"Livraria Solmar - Livraria online\",\"description\":\"Com\\u00e9rcio Livros E Objetos De Arte, Lda - Ponta Delgada, A\\u00e7ores\",\"potentialAction\":[{\"@type\":\"SearchAction\",\"target\":{\"@type\":\"EntryPoint\",\"urlTemplate\":\"https:\/\/livrariasolmar.pt\/?s={search_term_string}\"},\"query-input\":\"required name=search_term_string\"}],\"inLanguage\":\"en-US\"},{\"@type\":\"ImageObject\",\"@id\":\"https:\/\/livrariasolmar.pt\/produto\/voltas-e-reviravoltas\/#primaryimage\",\"inLanguage\":\"en-US\",\"url\":\"https:\/\/livrariasolmar.pt\/wp-content\/uploads\/2025\/02\/1540-1-2-2.jpg\",\"contentUrl\":\"https:\/\/livrariasolmar.pt\/wp-content\/uploads\/2025\/02\/1540-1-2-2.jpg\",\"width\":340,\"height\":340},{\"@type\":\"WebPage\",\"@id\":\"https:\/\/livrariasolmar.pt\/produto\/voltas-e-reviravoltas\/#webpage\",\"url\":\"https:\/\/livrariasolmar.pt\/produto\/voltas-e-reviravoltas\/\",\"name\":\"Voltas e Reviravoltas - Livraria Solmar - Livraria online\",\"isPartOf\":{\"@id\":\"https:\/\/livrariasolmar.pt\/#website\"},\"primaryImageOfPage\":{\"@id\":\"https:\/\/livrariasolmar.pt\/produto\/voltas-e-reviravoltas\/#primaryimage\"},\"datePublished\":\"2025-02-03T19:03:47+00:00\",\"dateModified\":\"2025-02-03T19:03:48+00:00\",\"breadcrumb\":{\"@id\":\"https:\/\/livrariasolmar.pt\/produto\/voltas-e-reviravoltas\/#breadcrumb\"},\"inLanguage\":\"en-US\",\"potentialAction\":[{\"@type\":\"ReadAction\",\"target\":[\"https:\/\/livrariasolmar.pt\/produto\/voltas-e-reviravoltas\/\"]}]},{\"@type\":\"BreadcrumbList\",\"@id\":\"https:\/\/livrariasolmar.pt\/produto\/voltas-e-reviravoltas\/#breadcrumb\",\"itemListElement\":[{\"@type\":\"ListItem\",\"position\":1,\"name\":\"In\\u00edcio\",\"item\":\"https:\/\/livrariasolmar.pt\/en\/\"},{\"@type\":\"ListItem\",\"position\":2,\"name\":\"Shop\",\"item\":\"https:\/\/livrariasolmar.pt\/en\/shop\/\"},{\"@type\":\"ListItem\",\"position\":3,\"name\":\"Voltas e Reviravoltas\"}]}]}<\/script>\n<!-- \/ Yoast SEO plugin. -->","_links":{"self":[{"href":"https:\/\/livrariasolmar.pt\/en\/wp-json\/wp\/v2\/product\/10108"}],"collection":[{"href":"https:\/\/livrariasolmar.pt\/en\/wp-json\/wp\/v2\/product"}],"about":[{"href":"https:\/\/livrariasolmar.pt\/en\/wp-json\/wp\/v2\/types\/product"}],"author":[{"embeddable":true,"href":"https:\/\/livrariasolmar.pt\/en\/wp-json\/wp\/v2\/users\/2"}],"wp:featuredmedia":[{"embeddable":true,"href":"https:\/\/livrariasolmar.pt\/en\/wp-json\/wp\/v2\/media\/10109"}],"wp:attachment":[{"href":"https:\/\/livrariasolmar.pt\/en\/wp-json\/wp\/v2\/media?parent=10108"}],"wp:term":[{"taxonomy":"product_cat","embeddable":true,"href":"https:\/\/livrariasolmar.pt\/en\/wp-json\/wp\/v2\/product_cat?post=10108"},{"taxonomy":"product_tag","embeddable":true,"href":"https:\/\/livrariasolmar.pt\/en\/wp-json\/wp\/v2\/product_tag?post=10108"},{"taxonomy":"cat_produtos","embeddable":true,"href":"https:\/\/livrariasolmar.pt\/en\/wp-json\/wp\/v2\/cat_produtos?post=10108"}],"curies":[{"name":"wp","href":"https:\/\/api.w.org\/{rel}","templated":true}]}}