{"id":10120,"date":"2025-02-04T17:28:24","date_gmt":"2025-02-04T17:28:24","guid":{"rendered":"https:\/\/livrariasolmar.pt\/?post_type=product&#038;p=10120"},"modified":"2025-02-23T17:03:56","modified_gmt":"2025-02-23T17:03:56","slug":"o-julgamento-de-espinosa","status":"publish","type":"product","link":"https:\/\/livrariasolmar.pt\/en\/produto\/o-julgamento-de-espinosa\/","title":{"rendered":"O Julgamento de Espinosa"},"content":{"rendered":"","protected":false},"excerpt":{"rendered":"<p>\u00abN\u00e3o nos competir\u00e1 incluir em vez de excluir? N\u00e3o nos caber\u00e1 ver no outro uma potencial fonte de riqueza e, antes disso, sondar no nosso \u00e2mago aquilo que nos incomoda nele?\u00bb Este \u00e9 o romance hist\u00f3rico que nos permitir\u00e1 compreender o pensamento de Espinosa, o grande fil\u00f3sofo cuja fam\u00edlia foi for\u00e7ada a fugir de Portugal.<\/p>\n<p>Amesterd\u00e3o, 1656. Na sinagoga da comunidade hispano-portuguesa, transformada em tribunal, um homem muito jovem \u00e9 julgado por \u00abatos monstruosos e heresias horr\u00edveis\u00bb. Corre o risco de ser exilado para toda a vida.<\/p>\n<p>Como \u00e9 que o homem que todos viam como um s\u00e1bio prematuro e futuro rabino acabou assim? Que encontros o desviaram do caminho que lhe havia sido tra\u00e7ado? Qual foi o seu percurso partindo de um Deus que castiga para um Deus que, tendo tudo e sendo tudo, nada exige?<\/p>\n<p>Neste romance fascinante, que nos faz mergulhar no cora\u00e7\u00e3o do debate precursor do S\u00e9culo das Luzes, Jacques Schecroun imagina os acontecimentos que marcaram uma viragem importante na vida de Espinosa. O julgamento a que o fil\u00f3sofo foi submetido sublinha, ainda hoje, a modernidade do seu pensamento e a atualidade da quest\u00e3o da liberdade de express\u00e3o.<\/p>\n","protected":false},"author":2,"featured_media":10121,"template":"","meta":[],"product_cat":[153],"product_tag":[],"cat_produtos":[],"yoast_head":"<!-- This site is optimized with the Yoast SEO plugin v16.6 - https:\/\/yoast.com\/wordpress\/plugins\/seo\/ -->\n<title>O Julgamento de Espinosa - Livraria Solmar - Livraria online<\/title>\n<meta name=\"robots\" content=\"index, follow, max-snippet:-1, max-image-preview:large, max-video-preview:-1\" \/>\n<link rel=\"canonical\" href=\"https:\/\/livrariasolmar.pt\/en\/produto\/o-julgamento-de-espinosa\/\" \/>\n<meta property=\"og:locale\" content=\"en_US\" \/>\n<meta property=\"og:type\" content=\"article\" \/>\n<meta property=\"og:title\" content=\"O Julgamento de Espinosa - Livraria Solmar - Livraria online\" \/>\n<meta property=\"og:description\" content=\"\u00abN\u00e3o nos competir\u00e1 incluir em vez de excluir? N\u00e3o nos caber\u00e1 ver no outro uma potencial fonte de riqueza e, antes disso, sondar no nosso \u00e2mago aquilo que nos incomoda nele?\u00bb Este \u00e9 o romance hist\u00f3rico que nos permitir\u00e1 compreender o pensamento de Espinosa, o grande fil\u00f3sofo cuja fam\u00edlia foi for\u00e7ada a fugir de Portugal.  Amesterd\u00e3o, 1656. Na sinagoga da comunidade hispano-portuguesa, transformada em tribunal, um homem muito jovem \u00e9 julgado por \u00abatos monstruosos e heresias horr\u00edveis\u00bb. Corre o risco de ser exilado para toda a vida.  Como \u00e9 que o homem que todos viam como um s\u00e1bio prematuro e futuro rabino acabou assim? Que encontros o desviaram do caminho que lhe havia sido tra\u00e7ado? Qual foi o seu percurso partindo de um Deus que castiga para um Deus que, tendo tudo e sendo tudo, nada exige?  Neste romance fascinante, que nos faz mergulhar no cora\u00e7\u00e3o do debate precursor do S\u00e9culo das Luzes, Jacques Schecroun imagina os acontecimentos que marcaram uma viragem importante na vida de Espinosa. O julgamento a que o fil\u00f3sofo foi submetido sublinha, ainda hoje, a modernidade do seu pensamento e a atualidade da quest\u00e3o da liberdade de express\u00e3o.\" \/>\n<meta property=\"og:url\" content=\"https:\/\/livrariasolmar.pt\/produto\/o-julgamento-de-espinosa\/\" \/>\n<meta property=\"og:site_name\" content=\"Livraria Solmar - Livraria online\" \/>\n<meta property=\"article:modified_time\" content=\"2025-02-23T17:03:56+00:00\" \/>\n<meta property=\"og:image\" content=\"https:\/\/livrariasolmar.pt\/wp-content\/uploads\/2025\/02\/1540-1-2-3.jpg\" \/>\n\t<meta property=\"og:image:width\" content=\"340\" \/>\n\t<meta property=\"og:image:height\" content=\"340\" \/>\n<meta name=\"twitter:card\" content=\"summary_large_image\" \/>\n<script type=\"application\/ld+json\" class=\"yoast-schema-graph\">{\"@context\":\"https:\/\/schema.org\",\"@graph\":[{\"@type\":\"WebSite\",\"@id\":\"https:\/\/livrariasolmar.pt\/#website\",\"url\":\"https:\/\/livrariasolmar.pt\/\",\"name\":\"Livraria Solmar - Livraria online\",\"description\":\"Com\\u00e9rcio Livros E Objetos De Arte, Lda - Ponta Delgada, A\\u00e7ores\",\"potentialAction\":[{\"@type\":\"SearchAction\",\"target\":{\"@type\":\"EntryPoint\",\"urlTemplate\":\"https:\/\/livrariasolmar.pt\/?s={search_term_string}\"},\"query-input\":\"required name=search_term_string\"}],\"inLanguage\":\"en-US\"},{\"@type\":\"ImageObject\",\"@id\":\"https:\/\/livrariasolmar.pt\/produto\/o-julgamento-de-espinosa\/#primaryimage\",\"inLanguage\":\"en-US\",\"url\":\"https:\/\/livrariasolmar.pt\/wp-content\/uploads\/2025\/02\/1540-1-2-3.jpg\",\"contentUrl\":\"https:\/\/livrariasolmar.pt\/wp-content\/uploads\/2025\/02\/1540-1-2-3.jpg\",\"width\":340,\"height\":340},{\"@type\":\"WebPage\",\"@id\":\"https:\/\/livrariasolmar.pt\/produto\/o-julgamento-de-espinosa\/#webpage\",\"url\":\"https:\/\/livrariasolmar.pt\/produto\/o-julgamento-de-espinosa\/\",\"name\":\"O Julgamento de Espinosa - Livraria Solmar - Livraria online\",\"isPartOf\":{\"@id\":\"https:\/\/livrariasolmar.pt\/#website\"},\"primaryImageOfPage\":{\"@id\":\"https:\/\/livrariasolmar.pt\/produto\/o-julgamento-de-espinosa\/#primaryimage\"},\"datePublished\":\"2025-02-04T17:28:24+00:00\",\"dateModified\":\"2025-02-23T17:03:56+00:00\",\"breadcrumb\":{\"@id\":\"https:\/\/livrariasolmar.pt\/produto\/o-julgamento-de-espinosa\/#breadcrumb\"},\"inLanguage\":\"en-US\",\"potentialAction\":[{\"@type\":\"ReadAction\",\"target\":[\"https:\/\/livrariasolmar.pt\/produto\/o-julgamento-de-espinosa\/\"]}]},{\"@type\":\"BreadcrumbList\",\"@id\":\"https:\/\/livrariasolmar.pt\/produto\/o-julgamento-de-espinosa\/#breadcrumb\",\"itemListElement\":[{\"@type\":\"ListItem\",\"position\":1,\"name\":\"In\\u00edcio\",\"item\":\"https:\/\/livrariasolmar.pt\/en\/\"},{\"@type\":\"ListItem\",\"position\":2,\"name\":\"Shop\",\"item\":\"https:\/\/livrariasolmar.pt\/en\/shop\/\"},{\"@type\":\"ListItem\",\"position\":3,\"name\":\"O Julgamento de Espinosa\"}]}]}<\/script>\n<!-- \/ Yoast SEO plugin. -->","_links":{"self":[{"href":"https:\/\/livrariasolmar.pt\/en\/wp-json\/wp\/v2\/product\/10120"}],"collection":[{"href":"https:\/\/livrariasolmar.pt\/en\/wp-json\/wp\/v2\/product"}],"about":[{"href":"https:\/\/livrariasolmar.pt\/en\/wp-json\/wp\/v2\/types\/product"}],"author":[{"embeddable":true,"href":"https:\/\/livrariasolmar.pt\/en\/wp-json\/wp\/v2\/users\/2"}],"wp:featuredmedia":[{"embeddable":true,"href":"https:\/\/livrariasolmar.pt\/en\/wp-json\/wp\/v2\/media\/10121"}],"wp:attachment":[{"href":"https:\/\/livrariasolmar.pt\/en\/wp-json\/wp\/v2\/media?parent=10120"}],"wp:term":[{"taxonomy":"product_cat","embeddable":true,"href":"https:\/\/livrariasolmar.pt\/en\/wp-json\/wp\/v2\/product_cat?post=10120"},{"taxonomy":"product_tag","embeddable":true,"href":"https:\/\/livrariasolmar.pt\/en\/wp-json\/wp\/v2\/product_tag?post=10120"},{"taxonomy":"cat_produtos","embeddable":true,"href":"https:\/\/livrariasolmar.pt\/en\/wp-json\/wp\/v2\/cat_produtos?post=10120"}],"curies":[{"name":"wp","href":"https:\/\/api.w.org\/{rel}","templated":true}]}}