{"id":10123,"date":"2025-02-04T17:48:26","date_gmt":"2025-02-04T17:48:26","guid":{"rendered":"https:\/\/livrariasolmar.pt\/?post_type=product&#038;p=10123"},"modified":"2025-11-28T18:37:35","modified_gmt":"2025-11-28T18:37:35","slug":"a-vida-em-nos-aforismos","status":"publish","type":"product","link":"https:\/\/livrariasolmar.pt\/en\/produto\/a-vida-em-nos-aforismos\/","title":{"rendered":"A Vida em N\u00f3s &#8211; Aforismos"},"content":{"rendered":"","protected":false},"excerpt":{"rendered":"<p>O que significa ser crist\u00e3o hoje; at\u00e9 onde v\u00e3o os dom\u00ednios da f\u00e9 ou os limites da esperan\u00e7a; o que significam a alegria, a fam\u00edlia, a velhice, o amor e a amizade, a imperfei\u00e7\u00e3o do tempo e a necessidade da beleza nas nossas vidas? Sobre estes temas, e ao longo de uma obra ensa\u00edstica cuidada e atenta, Jos\u00e9 Tolentino Mendon\u00e7a escreveu textos not\u00e1veis de que agora se recuperam fragmentos e passagens que nos confrontam e comovem.<\/p>\n<p>Falam da presen\u00e7a de Deus, da Sua busca, mas tamb\u00e9m da solid\u00e3o e da necessidade dos outros, das leituras que n\u00e3o se esquecem, da experi\u00eancia da f\u00e9 e da d\u00favida, da fragilidade, da renova\u00e7\u00e3o dos la\u00e7os familiares &#8211; e at\u00e9 de Cam\u00f5es, \u00abque nos deixou em heran\u00e7a a poesia\u00bb.<\/p>\n<p>No seu tom simultaneamente confessional, po\u00e9tico e reflexivo, estes fragmentos e aforismos da sua obra reenviam-nos para uma evid\u00eancia desarmante: a de que, sem beleza (e sem inquieta\u00e7\u00e3o), a experi\u00eancia crist\u00e3 permanece incompleta.<\/p>\n","protected":false},"author":2,"featured_media":10124,"template":"","meta":[],"product_cat":[180],"product_tag":[],"cat_produtos":[],"yoast_head":"<!-- This site is optimized with the Yoast SEO plugin v16.6 - https:\/\/yoast.com\/wordpress\/plugins\/seo\/ -->\n<title>A Vida em N\u00f3s - Aforismos - Livraria Solmar - Livraria online<\/title>\n<meta name=\"robots\" content=\"index, follow, max-snippet:-1, max-image-preview:large, max-video-preview:-1\" \/>\n<link rel=\"canonical\" href=\"https:\/\/livrariasolmar.pt\/en\/produto\/a-vida-em-nos-aforismos\/\" \/>\n<meta property=\"og:locale\" content=\"en_US\" \/>\n<meta property=\"og:type\" content=\"article\" \/>\n<meta property=\"og:title\" content=\"A Vida em N\u00f3s - Aforismos - Livraria Solmar - Livraria online\" \/>\n<meta property=\"og:description\" content=\"O que significa ser crist\u00e3o hoje; at\u00e9 onde v\u00e3o os dom\u00ednios da f\u00e9 ou os limites da esperan\u00e7a; o que significam a alegria, a fam\u00edlia, a velhice, o amor e a amizade, a imperfei\u00e7\u00e3o do tempo e a necessidade da beleza nas nossas vidas? Sobre estes temas, e ao longo de uma obra ensa\u00edstica cuidada e atenta, Jos\u00e9 Tolentino Mendon\u00e7a escreveu textos not\u00e1veis de que agora se recuperam fragmentos e passagens que nos confrontam e comovem.  Falam da presen\u00e7a de Deus, da Sua busca, mas tamb\u00e9m da solid\u00e3o e da necessidade dos outros, das leituras que n\u00e3o se esquecem, da experi\u00eancia da f\u00e9 e da d\u00favida, da fragilidade, da renova\u00e7\u00e3o dos la\u00e7os familiares - e at\u00e9 de Cam\u00f5es, \u00abque nos deixou em heran\u00e7a a poesia\u00bb.  No seu tom simultaneamente confessional, po\u00e9tico e reflexivo, estes fragmentos e aforismos da sua obra reenviam-nos para uma evid\u00eancia desarmante: a de que, sem beleza (e sem inquieta\u00e7\u00e3o), a experi\u00eancia crist\u00e3 permanece incompleta.\" \/>\n<meta property=\"og:url\" content=\"https:\/\/livrariasolmar.pt\/produto\/a-vida-em-nos-aforismos\/\" \/>\n<meta property=\"og:site_name\" content=\"Livraria Solmar - Livraria online\" \/>\n<meta property=\"article:modified_time\" content=\"2025-11-28T18:37:35+00:00\" \/>\n<meta property=\"og:image\" content=\"https:\/\/livrariasolmar.pt\/wp-content\/uploads\/2025\/02\/1540-1-2-4.jpg\" \/>\n\t<meta property=\"og:image:width\" content=\"340\" \/>\n\t<meta property=\"og:image:height\" content=\"340\" \/>\n<meta name=\"twitter:card\" content=\"summary_large_image\" \/>\n<script type=\"application\/ld+json\" class=\"yoast-schema-graph\">{\"@context\":\"https:\/\/schema.org\",\"@graph\":[{\"@type\":\"WebSite\",\"@id\":\"https:\/\/livrariasolmar.pt\/#website\",\"url\":\"https:\/\/livrariasolmar.pt\/\",\"name\":\"Livraria Solmar - Livraria online\",\"description\":\"Com\\u00e9rcio Livros E Objetos De Arte, Lda - Ponta Delgada, A\\u00e7ores\",\"potentialAction\":[{\"@type\":\"SearchAction\",\"target\":{\"@type\":\"EntryPoint\",\"urlTemplate\":\"https:\/\/livrariasolmar.pt\/?s={search_term_string}\"},\"query-input\":\"required name=search_term_string\"}],\"inLanguage\":\"en-US\"},{\"@type\":\"ImageObject\",\"@id\":\"https:\/\/livrariasolmar.pt\/produto\/a-vida-em-nos-aforismos\/#primaryimage\",\"inLanguage\":\"en-US\",\"url\":\"https:\/\/livrariasolmar.pt\/wp-content\/uploads\/2025\/02\/1540-1-2-4.jpg\",\"contentUrl\":\"https:\/\/livrariasolmar.pt\/wp-content\/uploads\/2025\/02\/1540-1-2-4.jpg\",\"width\":340,\"height\":340},{\"@type\":\"WebPage\",\"@id\":\"https:\/\/livrariasolmar.pt\/produto\/a-vida-em-nos-aforismos\/#webpage\",\"url\":\"https:\/\/livrariasolmar.pt\/produto\/a-vida-em-nos-aforismos\/\",\"name\":\"A Vida em N\\u00f3s - Aforismos - Livraria Solmar - Livraria online\",\"isPartOf\":{\"@id\":\"https:\/\/livrariasolmar.pt\/#website\"},\"primaryImageOfPage\":{\"@id\":\"https:\/\/livrariasolmar.pt\/produto\/a-vida-em-nos-aforismos\/#primaryimage\"},\"datePublished\":\"2025-02-04T17:48:26+00:00\",\"dateModified\":\"2025-11-28T18:37:35+00:00\",\"breadcrumb\":{\"@id\":\"https:\/\/livrariasolmar.pt\/produto\/a-vida-em-nos-aforismos\/#breadcrumb\"},\"inLanguage\":\"en-US\",\"potentialAction\":[{\"@type\":\"ReadAction\",\"target\":[\"https:\/\/livrariasolmar.pt\/produto\/a-vida-em-nos-aforismos\/\"]}]},{\"@type\":\"BreadcrumbList\",\"@id\":\"https:\/\/livrariasolmar.pt\/produto\/a-vida-em-nos-aforismos\/#breadcrumb\",\"itemListElement\":[{\"@type\":\"ListItem\",\"position\":1,\"name\":\"In\\u00edcio\",\"item\":\"https:\/\/livrariasolmar.pt\/en\/\"},{\"@type\":\"ListItem\",\"position\":2,\"name\":\"Shop\",\"item\":\"https:\/\/livrariasolmar.pt\/en\/shop\/\"},{\"@type\":\"ListItem\",\"position\":3,\"name\":\"A Vida em N\\u00f3s &#8211; Aforismos\"}]}]}<\/script>\n<!-- \/ Yoast SEO plugin. -->","_links":{"self":[{"href":"https:\/\/livrariasolmar.pt\/en\/wp-json\/wp\/v2\/product\/10123"}],"collection":[{"href":"https:\/\/livrariasolmar.pt\/en\/wp-json\/wp\/v2\/product"}],"about":[{"href":"https:\/\/livrariasolmar.pt\/en\/wp-json\/wp\/v2\/types\/product"}],"author":[{"embeddable":true,"href":"https:\/\/livrariasolmar.pt\/en\/wp-json\/wp\/v2\/users\/2"}],"wp:featuredmedia":[{"embeddable":true,"href":"https:\/\/livrariasolmar.pt\/en\/wp-json\/wp\/v2\/media\/10124"}],"wp:attachment":[{"href":"https:\/\/livrariasolmar.pt\/en\/wp-json\/wp\/v2\/media?parent=10123"}],"wp:term":[{"taxonomy":"product_cat","embeddable":true,"href":"https:\/\/livrariasolmar.pt\/en\/wp-json\/wp\/v2\/product_cat?post=10123"},{"taxonomy":"product_tag","embeddable":true,"href":"https:\/\/livrariasolmar.pt\/en\/wp-json\/wp\/v2\/product_tag?post=10123"},{"taxonomy":"cat_produtos","embeddable":true,"href":"https:\/\/livrariasolmar.pt\/en\/wp-json\/wp\/v2\/cat_produtos?post=10123"}],"curies":[{"name":"wp","href":"https:\/\/api.w.org\/{rel}","templated":true}]}}