{"id":10132,"date":"2025-02-04T18:39:28","date_gmt":"2025-02-04T18:39:28","guid":{"rendered":"https:\/\/livrariasolmar.pt\/?post_type=product&#038;p=10132"},"modified":"2025-03-27T18:40:52","modified_gmt":"2025-03-27T18:40:52","slug":"educacao-para-um-mundo-novo","status":"publish","type":"product","link":"https:\/\/livrariasolmar.pt\/en\/produto\/educacao-para-um-mundo-novo\/","title":{"rendered":"Educa\u00e7\u00e3o para Um Mundo Novo"},"content":{"rendered":"","protected":false},"excerpt":{"rendered":"<p>O M\u00e9todo Montessori \u00e9 uma das tend\u00eancias mais importantes da educa\u00e7\u00e3o atual, ajudando a desenvolver crian\u00e7as aut\u00f3nomas, independentes, respons\u00e1veis e capazes de pensar por si mesmas.<\/p>\n<p>Maria Montessori foi m\u00e9dica, educadora e pedagoga. Criou um m\u00e9todo de ensino que procura respeitar os ritmos de aprendizagem de cada crian\u00e7a e que defende o desenvolvimento integral do ser humano desde o nascimento. O foco est\u00e1 naquilo que se \u00e9, e n\u00e3o naquilo que se tem. O objetivo \u00e9, portanto, permitir que cada crian\u00e7a se torne a melhor pessoa que pode ser.<\/p>\n<p>Nesta obra, Montessori explora o imenso potencial de desenvolvimento da crian\u00e7a e oferece aos pais, professores e educadores uma nova perspetiva sobre a arte de educar: cultivar a alegria em vez da obriga\u00e7\u00e3o, fortalecer o entusiasmo em vez da avers\u00e3o e fomentar a colabora\u00e7\u00e3o em vez da repreens\u00e3o.<\/p>\n<p>Assim, como adultos, somos convidados a colaborar com a natureza e a ajudar a que as habilidades individuais de cada pequeno ser despertem e brilhem com a sua pr\u00f3pria luz, removendo os obst\u00e1culos que se interp\u00f5em no caminho.<\/p>\n<p>UM LIVRO DE LEITURA OBRIGAT\u00d3RIA PARA TODOS OS INTERESSADOS EM DESENVOLVIMENTO INFANTIL E NA PEDAGOGIA MONTESSORI<br \/>\nPara Maria Montessori, n\u00e3o \u00e9 o professor que ensina a crian\u00e7a, mas a crian\u00e7a que ensina o professor. Essa \u00e9 uma das revela\u00e7\u00f5es desta obra, que apresenta, mesmo para os par\u00e2metros atuais, um olhar radical sobre a educa\u00e7\u00e3o. O objetivo deste livro \u00e9 demonstrar e defender os grandes poderes da crian\u00e7a e ajudar pais e educadores a olhar de outra forma para este processo de desenvolvimento pessoal .<\/p>\n<p>A educa\u00e7\u00e3o n\u00e3o \u00e9 o que o educador d\u00e1; \u00e9 um processo natural realizado espontaneamente pelo indiv\u00edduo, n\u00e3o por ouvir palavras, mas por acumular experi\u00eancias sobre o meio ambiente.<\/p>\n<p>A tarefa do educador passa ent\u00e3o a ser a prepara\u00e7\u00e3o de uma s\u00e9rie de incentivos que estimulem a atividade cultural, desenvolvidos num ambiente especialmente preparado, e abstendo-se, de seguida, de interfer\u00eancias intrusivas.<\/p>\n","protected":false},"author":2,"featured_media":10133,"template":"","meta":[],"product_cat":[426],"product_tag":[],"cat_produtos":[],"yoast_head":"<!-- This site is optimized with the Yoast SEO plugin v16.6 - https:\/\/yoast.com\/wordpress\/plugins\/seo\/ -->\n<title>Educa\u00e7\u00e3o para Um Mundo Novo - Livraria Solmar - Livraria online<\/title>\n<meta name=\"robots\" content=\"index, follow, max-snippet:-1, max-image-preview:large, max-video-preview:-1\" \/>\n<link rel=\"canonical\" href=\"https:\/\/livrariasolmar.pt\/en\/produto\/educacao-para-um-mundo-novo\/\" \/>\n<meta property=\"og:locale\" content=\"en_US\" \/>\n<meta property=\"og:type\" content=\"article\" \/>\n<meta property=\"og:title\" content=\"Educa\u00e7\u00e3o para Um Mundo Novo - Livraria Solmar - Livraria online\" \/>\n<meta property=\"og:description\" content=\"O M\u00e9todo Montessori \u00e9 uma das tend\u00eancias mais importantes da educa\u00e7\u00e3o atual, ajudando a desenvolver crian\u00e7as aut\u00f3nomas, independentes, respons\u00e1veis e capazes de pensar por si mesmas.  Maria Montessori foi m\u00e9dica, educadora e pedagoga. Criou um m\u00e9todo de ensino que procura respeitar os ritmos de aprendizagem de cada crian\u00e7a e que defende o desenvolvimento integral do ser humano desde o nascimento. O foco est\u00e1 naquilo que se \u00e9, e n\u00e3o naquilo que se tem. O objetivo \u00e9, portanto, permitir que cada crian\u00e7a se torne a melhor pessoa que pode ser.  Nesta obra, Montessori explora o imenso potencial de desenvolvimento da crian\u00e7a e oferece aos pais, professores e educadores uma nova perspetiva sobre a arte de educar: cultivar a alegria em vez da obriga\u00e7\u00e3o, fortalecer o entusiasmo em vez da avers\u00e3o e fomentar a colabora\u00e7\u00e3o em vez da repreens\u00e3o.  Assim, como adultos, somos convidados a colaborar com a natureza e a ajudar a que as habilidades individuais de cada pequeno ser despertem e brilhem com a sua pr\u00f3pria luz, removendo os obst\u00e1culos que se interp\u00f5em no caminho.  UM LIVRO DE LEITURA OBRIGAT\u00d3RIA PARA TODOS OS INTERESSADOS EM DESENVOLVIMENTO INFANTIL E NA PEDAGOGIA MONTESSORI Para Maria Montessori, n\u00e3o \u00e9 o professor que ensina a crian\u00e7a, mas a crian\u00e7a que ensina o professor. Essa \u00e9 uma das revela\u00e7\u00f5es desta obra, que apresenta, mesmo para os par\u00e2metros atuais, um olhar radical sobre a educa\u00e7\u00e3o. O objetivo deste livro \u00e9 demonstrar e defender os grandes poderes da crian\u00e7a e ajudar pais e educadores a olhar de outra forma para este processo de desenvolvimento pessoal .  A educa\u00e7\u00e3o n\u00e3o \u00e9 o que o educador d\u00e1; \u00e9 um processo natural realizado espontaneamente pelo indiv\u00edduo, n\u00e3o por ouvir palavras, mas por acumular experi\u00eancias sobre o meio ambiente.  A tarefa do educador passa ent\u00e3o a ser a prepara\u00e7\u00e3o de uma s\u00e9rie de incentivos que estimulem a atividade cultural, desenvolvidos num ambiente especialmente preparado, e abstendo-se, de seguida, de interfer\u00eancias intrusivas.\" \/>\n<meta property=\"og:url\" content=\"https:\/\/livrariasolmar.pt\/produto\/educacao-para-um-mundo-novo\/\" \/>\n<meta property=\"og:site_name\" content=\"Livraria Solmar - Livraria online\" \/>\n<meta property=\"article:modified_time\" content=\"2025-03-27T18:40:52+00:00\" \/>\n<meta property=\"og:image\" content=\"https:\/\/livrariasolmar.pt\/wp-content\/uploads\/2025\/02\/1540-1-2-5.jpg\" \/>\n\t<meta property=\"og:image:width\" content=\"340\" \/>\n\t<meta property=\"og:image:height\" content=\"340\" \/>\n<meta name=\"twitter:card\" content=\"summary_large_image\" \/>\n<script type=\"application\/ld+json\" class=\"yoast-schema-graph\">{\"@context\":\"https:\/\/schema.org\",\"@graph\":[{\"@type\":\"WebSite\",\"@id\":\"https:\/\/livrariasolmar.pt\/#website\",\"url\":\"https:\/\/livrariasolmar.pt\/\",\"name\":\"Livraria Solmar - Livraria online\",\"description\":\"Com\\u00e9rcio Livros E Objetos De Arte, Lda - Ponta Delgada, A\\u00e7ores\",\"potentialAction\":[{\"@type\":\"SearchAction\",\"target\":{\"@type\":\"EntryPoint\",\"urlTemplate\":\"https:\/\/livrariasolmar.pt\/?s={search_term_string}\"},\"query-input\":\"required name=search_term_string\"}],\"inLanguage\":\"en-US\"},{\"@type\":\"ImageObject\",\"@id\":\"https:\/\/livrariasolmar.pt\/produto\/educacao-para-um-mundo-novo\/#primaryimage\",\"inLanguage\":\"en-US\",\"url\":\"https:\/\/livrariasolmar.pt\/wp-content\/uploads\/2025\/02\/1540-1-2-5.jpg\",\"contentUrl\":\"https:\/\/livrariasolmar.pt\/wp-content\/uploads\/2025\/02\/1540-1-2-5.jpg\",\"width\":340,\"height\":340},{\"@type\":\"WebPage\",\"@id\":\"https:\/\/livrariasolmar.pt\/produto\/educacao-para-um-mundo-novo\/#webpage\",\"url\":\"https:\/\/livrariasolmar.pt\/produto\/educacao-para-um-mundo-novo\/\",\"name\":\"Educa\\u00e7\\u00e3o para Um Mundo Novo - Livraria Solmar - Livraria online\",\"isPartOf\":{\"@id\":\"https:\/\/livrariasolmar.pt\/#website\"},\"primaryImageOfPage\":{\"@id\":\"https:\/\/livrariasolmar.pt\/produto\/educacao-para-um-mundo-novo\/#primaryimage\"},\"datePublished\":\"2025-02-04T18:39:28+00:00\",\"dateModified\":\"2025-03-27T18:40:52+00:00\",\"breadcrumb\":{\"@id\":\"https:\/\/livrariasolmar.pt\/produto\/educacao-para-um-mundo-novo\/#breadcrumb\"},\"inLanguage\":\"en-US\",\"potentialAction\":[{\"@type\":\"ReadAction\",\"target\":[\"https:\/\/livrariasolmar.pt\/produto\/educacao-para-um-mundo-novo\/\"]}]},{\"@type\":\"BreadcrumbList\",\"@id\":\"https:\/\/livrariasolmar.pt\/produto\/educacao-para-um-mundo-novo\/#breadcrumb\",\"itemListElement\":[{\"@type\":\"ListItem\",\"position\":1,\"name\":\"In\\u00edcio\",\"item\":\"https:\/\/livrariasolmar.pt\/en\/\"},{\"@type\":\"ListItem\",\"position\":2,\"name\":\"Shop\",\"item\":\"https:\/\/livrariasolmar.pt\/en\/shop\/\"},{\"@type\":\"ListItem\",\"position\":3,\"name\":\"Educa\\u00e7\\u00e3o para Um Mundo Novo\"}]}]}<\/script>\n<!-- \/ Yoast SEO plugin. -->","_links":{"self":[{"href":"https:\/\/livrariasolmar.pt\/en\/wp-json\/wp\/v2\/product\/10132"}],"collection":[{"href":"https:\/\/livrariasolmar.pt\/en\/wp-json\/wp\/v2\/product"}],"about":[{"href":"https:\/\/livrariasolmar.pt\/en\/wp-json\/wp\/v2\/types\/product"}],"author":[{"embeddable":true,"href":"https:\/\/livrariasolmar.pt\/en\/wp-json\/wp\/v2\/users\/2"}],"wp:featuredmedia":[{"embeddable":true,"href":"https:\/\/livrariasolmar.pt\/en\/wp-json\/wp\/v2\/media\/10133"}],"wp:attachment":[{"href":"https:\/\/livrariasolmar.pt\/en\/wp-json\/wp\/v2\/media?parent=10132"}],"wp:term":[{"taxonomy":"product_cat","embeddable":true,"href":"https:\/\/livrariasolmar.pt\/en\/wp-json\/wp\/v2\/product_cat?post=10132"},{"taxonomy":"product_tag","embeddable":true,"href":"https:\/\/livrariasolmar.pt\/en\/wp-json\/wp\/v2\/product_tag?post=10132"},{"taxonomy":"cat_produtos","embeddable":true,"href":"https:\/\/livrariasolmar.pt\/en\/wp-json\/wp\/v2\/cat_produtos?post=10132"}],"curies":[{"name":"wp","href":"https:\/\/api.w.org\/{rel}","templated":true}]}}