{"id":10165,"date":"2025-02-18T16:15:14","date_gmt":"2025-02-18T16:15:14","guid":{"rendered":"https:\/\/livrariasolmar.pt\/?post_type=product&#038;p=10165"},"modified":"2025-07-27T16:51:40","modified_gmt":"2025-07-27T16:51:40","slug":"acredita-que-es-capaz","status":"publish","type":"product","link":"https:\/\/livrariasolmar.pt\/en\/produto\/acredita-que-es-capaz\/","title":{"rendered":"Acredita que \u00e9s Capaz"},"content":{"rendered":"","protected":false},"excerpt":{"rendered":"<p>Este livro encorajador convida os mais novos a enfrentarem os seus medos, respeitando o momento de cada um. Ir ao dentista, andar de bicicleta, conhecer novas pessoas, ou o primeiro dia de escola, podem ser experi\u00eancias intimidantes, mas assim que ganham coragem para concretiz\u00e1-las, as crian\u00e7as aprendem que o desconhecido, afinal, n\u00e3o \u00e9 assim t\u00e3o assustador.<\/p>\n<p>Arriscar \u00e9 deixar a nossa luz brilhar.<br \/>\nE ela brilha quando conquistamos os nossos medos.<br \/>\nPor isso, um dia ganhamos coragem.<br \/>\nE o mundo deixa de ter segredos.<\/p>\n","protected":false},"author":2,"featured_media":10166,"template":"","meta":[],"product_cat":[172],"product_tag":[],"cat_produtos":[],"yoast_head":"<!-- This site is optimized with the Yoast SEO plugin v16.6 - https:\/\/yoast.com\/wordpress\/plugins\/seo\/ -->\n<title>Acredita que \u00e9s Capaz - Livraria Solmar - Livraria online<\/title>\n<meta name=\"robots\" content=\"index, follow, max-snippet:-1, max-image-preview:large, max-video-preview:-1\" \/>\n<link rel=\"canonical\" href=\"https:\/\/livrariasolmar.pt\/en\/produto\/acredita-que-es-capaz\/\" \/>\n<meta property=\"og:locale\" content=\"en_US\" \/>\n<meta property=\"og:type\" content=\"article\" \/>\n<meta property=\"og:title\" content=\"Acredita que \u00e9s Capaz - Livraria Solmar - Livraria online\" \/>\n<meta property=\"og:description\" content=\"Este livro encorajador convida os mais novos a enfrentarem os seus medos, respeitando o momento de cada um. Ir ao dentista, andar de bicicleta, conhecer novas pessoas, ou o primeiro dia de escola, podem ser experi\u00eancias intimidantes, mas assim que ganham coragem para concretiz\u00e1-las, as crian\u00e7as aprendem que o desconhecido, afinal, n\u00e3o \u00e9 assim t\u00e3o assustador.  Arriscar \u00e9 deixar a nossa luz brilhar. E ela brilha quando conquistamos os nossos medos. Por isso, um dia ganhamos coragem. E o mundo deixa de ter segredos.\" \/>\n<meta property=\"og:url\" content=\"https:\/\/livrariasolmar.pt\/produto\/acredita-que-es-capaz\/\" \/>\n<meta property=\"og:site_name\" content=\"Livraria Solmar - Livraria online\" \/>\n<meta property=\"article:modified_time\" content=\"2025-07-27T16:51:40+00:00\" \/>\n<meta property=\"og:image\" content=\"https:\/\/livrariasolmar.pt\/wp-content\/uploads\/2025\/02\/1507-1-9.jpg\" \/>\n\t<meta property=\"og:image:width\" content=\"400\" \/>\n\t<meta property=\"og:image:height\" content=\"429\" \/>\n<meta name=\"twitter:card\" content=\"summary_large_image\" \/>\n<script type=\"application\/ld+json\" class=\"yoast-schema-graph\">{\"@context\":\"https:\/\/schema.org\",\"@graph\":[{\"@type\":\"WebSite\",\"@id\":\"https:\/\/livrariasolmar.pt\/#website\",\"url\":\"https:\/\/livrariasolmar.pt\/\",\"name\":\"Livraria Solmar - Livraria online\",\"description\":\"Com\\u00e9rcio Livros E Objetos De Arte, Lda - Ponta Delgada, A\\u00e7ores\",\"potentialAction\":[{\"@type\":\"SearchAction\",\"target\":{\"@type\":\"EntryPoint\",\"urlTemplate\":\"https:\/\/livrariasolmar.pt\/?s={search_term_string}\"},\"query-input\":\"required name=search_term_string\"}],\"inLanguage\":\"en-US\"},{\"@type\":\"ImageObject\",\"@id\":\"https:\/\/livrariasolmar.pt\/produto\/acredita-que-es-capaz\/#primaryimage\",\"inLanguage\":\"en-US\",\"url\":\"https:\/\/livrariasolmar.pt\/wp-content\/uploads\/2025\/02\/1507-1-9.jpg\",\"contentUrl\":\"https:\/\/livrariasolmar.pt\/wp-content\/uploads\/2025\/02\/1507-1-9.jpg\",\"width\":400,\"height\":429},{\"@type\":\"WebPage\",\"@id\":\"https:\/\/livrariasolmar.pt\/produto\/acredita-que-es-capaz\/#webpage\",\"url\":\"https:\/\/livrariasolmar.pt\/produto\/acredita-que-es-capaz\/\",\"name\":\"Acredita que \\u00e9s Capaz - Livraria Solmar - Livraria online\",\"isPartOf\":{\"@id\":\"https:\/\/livrariasolmar.pt\/#website\"},\"primaryImageOfPage\":{\"@id\":\"https:\/\/livrariasolmar.pt\/produto\/acredita-que-es-capaz\/#primaryimage\"},\"datePublished\":\"2025-02-18T16:15:14+00:00\",\"dateModified\":\"2025-07-27T16:51:40+00:00\",\"breadcrumb\":{\"@id\":\"https:\/\/livrariasolmar.pt\/produto\/acredita-que-es-capaz\/#breadcrumb\"},\"inLanguage\":\"en-US\",\"potentialAction\":[{\"@type\":\"ReadAction\",\"target\":[\"https:\/\/livrariasolmar.pt\/produto\/acredita-que-es-capaz\/\"]}]},{\"@type\":\"BreadcrumbList\",\"@id\":\"https:\/\/livrariasolmar.pt\/produto\/acredita-que-es-capaz\/#breadcrumb\",\"itemListElement\":[{\"@type\":\"ListItem\",\"position\":1,\"name\":\"In\\u00edcio\",\"item\":\"https:\/\/livrariasolmar.pt\/en\/\"},{\"@type\":\"ListItem\",\"position\":2,\"name\":\"Shop\",\"item\":\"https:\/\/livrariasolmar.pt\/en\/shop\/\"},{\"@type\":\"ListItem\",\"position\":3,\"name\":\"Acredita que \\u00e9s Capaz\"}]}]}<\/script>\n<!-- \/ Yoast SEO plugin. -->","_links":{"self":[{"href":"https:\/\/livrariasolmar.pt\/en\/wp-json\/wp\/v2\/product\/10165"}],"collection":[{"href":"https:\/\/livrariasolmar.pt\/en\/wp-json\/wp\/v2\/product"}],"about":[{"href":"https:\/\/livrariasolmar.pt\/en\/wp-json\/wp\/v2\/types\/product"}],"author":[{"embeddable":true,"href":"https:\/\/livrariasolmar.pt\/en\/wp-json\/wp\/v2\/users\/2"}],"wp:featuredmedia":[{"embeddable":true,"href":"https:\/\/livrariasolmar.pt\/en\/wp-json\/wp\/v2\/media\/10166"}],"wp:attachment":[{"href":"https:\/\/livrariasolmar.pt\/en\/wp-json\/wp\/v2\/media?parent=10165"}],"wp:term":[{"taxonomy":"product_cat","embeddable":true,"href":"https:\/\/livrariasolmar.pt\/en\/wp-json\/wp\/v2\/product_cat?post=10165"},{"taxonomy":"product_tag","embeddable":true,"href":"https:\/\/livrariasolmar.pt\/en\/wp-json\/wp\/v2\/product_tag?post=10165"},{"taxonomy":"cat_produtos","embeddable":true,"href":"https:\/\/livrariasolmar.pt\/en\/wp-json\/wp\/v2\/cat_produtos?post=10165"}],"curies":[{"name":"wp","href":"https:\/\/api.w.org\/{rel}","templated":true}]}}