{"id":10168,"date":"2025-02-18T16:21:53","date_gmt":"2025-02-18T16:21:53","guid":{"rendered":"https:\/\/livrariasolmar.pt\/?post_type=product&#038;p=10168"},"modified":"2025-09-25T19:36:28","modified_gmt":"2025-09-25T19:36:28","slug":"o-grande-livro-das-emocoes","status":"publish","type":"product","link":"https:\/\/livrariasolmar.pt\/en\/produto\/o-grande-livro-das-emocoes\/","title":{"rendered":"O Grande Livro das Emo\u00e7\u00f5es"},"content":{"rendered":"","protected":false},"excerpt":{"rendered":"<p>Saber identificar e expressar emo\u00e7\u00f5es e sentimentos \u00e9 uma mais-valia no desenvolvimento de qualquer crian\u00e7a. Este livro aborda 30 emo\u00e7\u00f5es fundamentais, por meio de hist\u00f3rias nas quais os pequenos leitores ir\u00e3o reconhecer diversas emo\u00e7\u00f5es, seguidas de conselhos \u00fateis para que pais e educadores as possam trabalhar em conjunto.<\/p>\n<p>Frustra\u00e7\u00e3o, medo, empatia, inveja, mas tamb\u00e9m situa\u00e7\u00f5es mais complexas, como bullying, perda, ou v\u00edcio dos ecr\u00e3s, s\u00e3o alguns dos temas que comp\u00f5em estas p\u00e1ginas repletas de ilustra\u00e7\u00f5es, para promover a resili\u00eancia e superar os desafios do dia a dia.<\/p>\n<p>AS EMO\u00c7\u00d5ES N\u00c3O SE ESCOLHEM: SIMPLESMENTE SURGEM. T\u00c3O POUCO EST\u00c3O CERTAS OU ERRADAS.<br \/>\nCrian\u00e7as emocionalmente inteligentes t\u00eam maior probabilidade de serem adultos mais felizes e bem-sucedidos. Ningu\u00e9m nasce com a habilidade de gerir as suas emo\u00e7\u00f5es, mas \u00e9 perfeitamente poss\u00edvel aprender e desenvolver essas capacidades.<\/p>\n<p>Aprender a gerir as emo\u00e7\u00f5es ajuda as crian\u00e7as:<br \/>\n&#8211; a tomarem decis\u00f5es adequadas e estabelecer rela\u00e7\u00f5es mais saud\u00e1veis;<br \/>\n&#8211; a criarem melhores conex\u00f5es com os seus cuidadores;<br \/>\n&#8211; a comunicar de forma mais eficiente;<br \/>\n&#8211; a reconhecer e controlar o stress e a ansiedade;<br \/>\n&#8211; a estimular o autoconhecimento.<\/p>\n","protected":false},"author":2,"featured_media":10169,"template":"","meta":[],"product_cat":[172],"product_tag":[],"cat_produtos":[],"yoast_head":"<!-- This site is optimized with the Yoast SEO plugin v16.6 - https:\/\/yoast.com\/wordpress\/plugins\/seo\/ -->\n<title>O Grande Livro das Emo\u00e7\u00f5es - Livraria Solmar - Livraria online<\/title>\n<meta name=\"robots\" content=\"index, follow, max-snippet:-1, max-image-preview:large, max-video-preview:-1\" \/>\n<link rel=\"canonical\" href=\"https:\/\/livrariasolmar.pt\/en\/produto\/o-grande-livro-das-emocoes\/\" \/>\n<meta property=\"og:locale\" content=\"en_US\" \/>\n<meta property=\"og:type\" content=\"article\" \/>\n<meta property=\"og:title\" content=\"O Grande Livro das Emo\u00e7\u00f5es - Livraria Solmar - Livraria online\" \/>\n<meta property=\"og:description\" content=\"Saber identificar e expressar emo\u00e7\u00f5es e sentimentos \u00e9 uma mais-valia no desenvolvimento de qualquer crian\u00e7a. Este livro aborda 30 emo\u00e7\u00f5es fundamentais, por meio de hist\u00f3rias nas quais os pequenos leitores ir\u00e3o reconhecer diversas emo\u00e7\u00f5es, seguidas de conselhos \u00fateis para que pais e educadores as possam trabalhar em conjunto.  Frustra\u00e7\u00e3o, medo, empatia, inveja, mas tamb\u00e9m situa\u00e7\u00f5es mais complexas, como bullying, perda, ou v\u00edcio dos ecr\u00e3s, s\u00e3o alguns dos temas que comp\u00f5em estas p\u00e1ginas repletas de ilustra\u00e7\u00f5es, para promover a resili\u00eancia e superar os desafios do dia a dia.  AS EMO\u00c7\u00d5ES N\u00c3O SE ESCOLHEM: SIMPLESMENTE SURGEM. T\u00c3O POUCO EST\u00c3O CERTAS OU ERRADAS. Crian\u00e7as emocionalmente inteligentes t\u00eam maior probabilidade de serem adultos mais felizes e bem-sucedidos. Ningu\u00e9m nasce com a habilidade de gerir as suas emo\u00e7\u00f5es, mas \u00e9 perfeitamente poss\u00edvel aprender e desenvolver essas capacidades.  Aprender a gerir as emo\u00e7\u00f5es ajuda as crian\u00e7as: - a tomarem decis\u00f5es adequadas e estabelecer rela\u00e7\u00f5es mais saud\u00e1veis; - a criarem melhores conex\u00f5es com os seus cuidadores; - a comunicar de forma mais eficiente; - a reconhecer e controlar o stress e a ansiedade; - a estimular o autoconhecimento.\" \/>\n<meta property=\"og:url\" content=\"https:\/\/livrariasolmar.pt\/produto\/o-grande-livro-das-emocoes\/\" \/>\n<meta property=\"og:site_name\" content=\"Livraria Solmar - Livraria online\" \/>\n<meta property=\"article:modified_time\" content=\"2025-09-25T19:36:28+00:00\" \/>\n<meta property=\"og:image\" content=\"https:\/\/livrariasolmar.pt\/wp-content\/uploads\/2025\/02\/1540-1-3-2.jpg\" \/>\n\t<meta property=\"og:image:width\" content=\"340\" \/>\n\t<meta property=\"og:image:height\" content=\"340\" \/>\n<meta name=\"twitter:card\" content=\"summary_large_image\" \/>\n<script type=\"application\/ld+json\" class=\"yoast-schema-graph\">{\"@context\":\"https:\/\/schema.org\",\"@graph\":[{\"@type\":\"WebSite\",\"@id\":\"https:\/\/livrariasolmar.pt\/#website\",\"url\":\"https:\/\/livrariasolmar.pt\/\",\"name\":\"Livraria Solmar - Livraria online\",\"description\":\"Com\\u00e9rcio Livros E Objetos De Arte, Lda - Ponta Delgada, A\\u00e7ores\",\"potentialAction\":[{\"@type\":\"SearchAction\",\"target\":{\"@type\":\"EntryPoint\",\"urlTemplate\":\"https:\/\/livrariasolmar.pt\/?s={search_term_string}\"},\"query-input\":\"required name=search_term_string\"}],\"inLanguage\":\"en-US\"},{\"@type\":\"ImageObject\",\"@id\":\"https:\/\/livrariasolmar.pt\/produto\/o-grande-livro-das-emocoes\/#primaryimage\",\"inLanguage\":\"en-US\",\"url\":\"https:\/\/livrariasolmar.pt\/wp-content\/uploads\/2025\/02\/1540-1-3-2.jpg\",\"contentUrl\":\"https:\/\/livrariasolmar.pt\/wp-content\/uploads\/2025\/02\/1540-1-3-2.jpg\",\"width\":340,\"height\":340},{\"@type\":\"WebPage\",\"@id\":\"https:\/\/livrariasolmar.pt\/produto\/o-grande-livro-das-emocoes\/#webpage\",\"url\":\"https:\/\/livrariasolmar.pt\/produto\/o-grande-livro-das-emocoes\/\",\"name\":\"O Grande Livro das Emo\\u00e7\\u00f5es - Livraria Solmar - Livraria online\",\"isPartOf\":{\"@id\":\"https:\/\/livrariasolmar.pt\/#website\"},\"primaryImageOfPage\":{\"@id\":\"https:\/\/livrariasolmar.pt\/produto\/o-grande-livro-das-emocoes\/#primaryimage\"},\"datePublished\":\"2025-02-18T16:21:53+00:00\",\"dateModified\":\"2025-09-25T19:36:28+00:00\",\"breadcrumb\":{\"@id\":\"https:\/\/livrariasolmar.pt\/produto\/o-grande-livro-das-emocoes\/#breadcrumb\"},\"inLanguage\":\"en-US\",\"potentialAction\":[{\"@type\":\"ReadAction\",\"target\":[\"https:\/\/livrariasolmar.pt\/produto\/o-grande-livro-das-emocoes\/\"]}]},{\"@type\":\"BreadcrumbList\",\"@id\":\"https:\/\/livrariasolmar.pt\/produto\/o-grande-livro-das-emocoes\/#breadcrumb\",\"itemListElement\":[{\"@type\":\"ListItem\",\"position\":1,\"name\":\"In\\u00edcio\",\"item\":\"https:\/\/livrariasolmar.pt\/en\/\"},{\"@type\":\"ListItem\",\"position\":2,\"name\":\"Shop\",\"item\":\"https:\/\/livrariasolmar.pt\/en\/shop\/\"},{\"@type\":\"ListItem\",\"position\":3,\"name\":\"O Grande Livro das Emo\\u00e7\\u00f5es\"}]}]}<\/script>\n<!-- \/ Yoast SEO plugin. -->","_links":{"self":[{"href":"https:\/\/livrariasolmar.pt\/en\/wp-json\/wp\/v2\/product\/10168"}],"collection":[{"href":"https:\/\/livrariasolmar.pt\/en\/wp-json\/wp\/v2\/product"}],"about":[{"href":"https:\/\/livrariasolmar.pt\/en\/wp-json\/wp\/v2\/types\/product"}],"author":[{"embeddable":true,"href":"https:\/\/livrariasolmar.pt\/en\/wp-json\/wp\/v2\/users\/2"}],"wp:featuredmedia":[{"embeddable":true,"href":"https:\/\/livrariasolmar.pt\/en\/wp-json\/wp\/v2\/media\/10169"}],"wp:attachment":[{"href":"https:\/\/livrariasolmar.pt\/en\/wp-json\/wp\/v2\/media?parent=10168"}],"wp:term":[{"taxonomy":"product_cat","embeddable":true,"href":"https:\/\/livrariasolmar.pt\/en\/wp-json\/wp\/v2\/product_cat?post=10168"},{"taxonomy":"product_tag","embeddable":true,"href":"https:\/\/livrariasolmar.pt\/en\/wp-json\/wp\/v2\/product_tag?post=10168"},{"taxonomy":"cat_produtos","embeddable":true,"href":"https:\/\/livrariasolmar.pt\/en\/wp-json\/wp\/v2\/cat_produtos?post=10168"}],"curies":[{"name":"wp","href":"https:\/\/api.w.org\/{rel}","templated":true}]}}