{"id":10174,"date":"2025-02-18T18:10:15","date_gmt":"2025-02-18T18:10:15","guid":{"rendered":"https:\/\/livrariasolmar.pt\/?post_type=product&#038;p=10174"},"modified":"2025-02-20T17:31:34","modified_gmt":"2025-02-20T17:31:34","slug":"a-cidade-viva","status":"publish","type":"product","link":"https:\/\/livrariasolmar.pt\/en\/produto\/a-cidade-viva\/","title":{"rendered":"A Cidade Viva"},"content":{"rendered":"","protected":false},"excerpt":{"rendered":"<p>\u00abO ser humano tem-se posto, h\u00e1 demasiado tempo, num plano separado do da natureza, esquecendo-se de que reage aos mesmos fatores fundamentais que controlam a expans\u00e3o de qualquer outra esp\u00e9cie. Concebemos mesmo os espa\u00e7os que habitamos como estando separados do resto da natureza, contra ela, at\u00e9. E \u00e9 por isso que da forma como imaginamos as nossas cidades depender\u00e1 uma parte significativa da nossa possibilidade de sobreviv\u00eancia.<\/p>\n<p>Em poucas d\u00e9cadas, a humanidade levou a cabo uma revolu\u00e7\u00e3o de h\u00e1bitos ancestrais. Quase sem nos darmos conta, a nossa esp\u00e9cie, que at\u00e9 h\u00e1 pouco tempo vivia imersa na natureza, habitando cada canto da terra, passou a ocupar uma por\u00e7\u00e3o desmesuradamente concentrada de territ\u00f3rio. O que sucedeu? Como pass\u00e1mos, em poucas gera\u00e7\u00f5es, de uma esp\u00e9cie generalista, adapt\u00e1vel a viver em qualquer parte, a uma esp\u00e9cie capaz de habitar um nicho ecol\u00f3gico espec\u00edfico &#8211; a cidade? Uma revolu\u00e7\u00e3o compar\u00e1vel \u00e0 da transi\u00e7\u00e3o de ca\u00e7adores-recoletores para agricultores, h\u00e1 12 mil anos. Sem d\u00favida que em termos de acesso a recursos, bem como de efici\u00eancia, defesa e difus\u00e3o da esp\u00e9cie, esta transforma\u00e7\u00e3o \u00e9 vantajosa. Mas comporta um risco terr\u00edvel: a especializa\u00e7\u00e3o de uma esp\u00e9cie s\u00f3 \u00e9 eficaz em ambientes est\u00e1veis. Em condi\u00e7\u00f5es ambientais inst\u00e1veis, torna-se perigosa. O nosso sucesso urbano exige um fluxo cont\u00ednuo e exponencialmente crescente de recursos e energia &#8211; que, contudo, n\u00e3o s\u00e3o ilimitados. E o aquecimento global pode operar uma muta\u00e7\u00e3o fatal das condi\u00e7\u00f5es das quais a nossa sobreviv\u00eancia depende. \u00c9 por isso que precisamos de reintegrar a natureza no nosso habitat.<\/p>\n<p>A cidade do futuro, seja constru\u00edda de raiz ou recuperada, ter\u00e1 de ser uma fitopolis, onde as rela\u00e7\u00f5es entre plantas e animais se reaproximem da harmonia que encontramos na natureza. Nada \u00e9 mais importante para o futuro da humanidade.\u00bb<\/p>\n","protected":false},"author":2,"featured_media":10175,"template":"","meta":[],"product_cat":[178],"product_tag":[],"cat_produtos":[],"yoast_head":"<!-- This site is optimized with the Yoast SEO plugin v16.6 - https:\/\/yoast.com\/wordpress\/plugins\/seo\/ -->\n<title>A Cidade Viva - Livraria Solmar - Livraria online<\/title>\n<meta name=\"robots\" content=\"index, follow, max-snippet:-1, max-image-preview:large, max-video-preview:-1\" \/>\n<link rel=\"canonical\" href=\"https:\/\/livrariasolmar.pt\/en\/produto\/a-cidade-viva\/\" \/>\n<meta property=\"og:locale\" content=\"en_US\" \/>\n<meta property=\"og:type\" content=\"article\" \/>\n<meta property=\"og:title\" content=\"A Cidade Viva - Livraria Solmar - Livraria online\" \/>\n<meta property=\"og:description\" content=\"\u00abO ser humano tem-se posto, h\u00e1 demasiado tempo, num plano separado do da natureza, esquecendo-se de que reage aos mesmos fatores fundamentais que controlam a expans\u00e3o de qualquer outra esp\u00e9cie. Concebemos mesmo os espa\u00e7os que habitamos como estando separados do resto da natureza, contra ela, at\u00e9. E \u00e9 por isso que da forma como imaginamos as nossas cidades depender\u00e1 uma parte significativa da nossa possibilidade de sobreviv\u00eancia.  Em poucas d\u00e9cadas, a humanidade levou a cabo uma revolu\u00e7\u00e3o de h\u00e1bitos ancestrais. Quase sem nos darmos conta, a nossa esp\u00e9cie, que at\u00e9 h\u00e1 pouco tempo vivia imersa na natureza, habitando cada canto da terra, passou a ocupar uma por\u00e7\u00e3o desmesuradamente concentrada de territ\u00f3rio. O que sucedeu? Como pass\u00e1mos, em poucas gera\u00e7\u00f5es, de uma esp\u00e9cie generalista, adapt\u00e1vel a viver em qualquer parte, a uma esp\u00e9cie capaz de habitar um nicho ecol\u00f3gico espec\u00edfico - a cidade? Uma revolu\u00e7\u00e3o compar\u00e1vel \u00e0 da transi\u00e7\u00e3o de ca\u00e7adores-recoletores para agricultores, h\u00e1 12 mil anos. Sem d\u00favida que em termos de acesso a recursos, bem como de efici\u00eancia, defesa e difus\u00e3o da esp\u00e9cie, esta transforma\u00e7\u00e3o \u00e9 vantajosa. Mas comporta um risco terr\u00edvel: a especializa\u00e7\u00e3o de uma esp\u00e9cie s\u00f3 \u00e9 eficaz em ambientes est\u00e1veis. Em condi\u00e7\u00f5es ambientais inst\u00e1veis, torna-se perigosa. O nosso sucesso urbano exige um fluxo cont\u00ednuo e exponencialmente crescente de recursos e energia - que, contudo, n\u00e3o s\u00e3o ilimitados. E o aquecimento global pode operar uma muta\u00e7\u00e3o fatal das condi\u00e7\u00f5es das quais a nossa sobreviv\u00eancia depende. \u00c9 por isso que precisamos de reintegrar a natureza no nosso habitat.  A cidade do futuro, seja constru\u00edda de raiz ou recuperada, ter\u00e1 de ser uma fitopolis, onde as rela\u00e7\u00f5es entre plantas e animais se reaproximem da harmonia que encontramos na natureza. Nada \u00e9 mais importante para o futuro da humanidade.\u00bb\" \/>\n<meta property=\"og:url\" content=\"https:\/\/livrariasolmar.pt\/produto\/a-cidade-viva\/\" \/>\n<meta property=\"og:site_name\" content=\"Livraria Solmar - Livraria online\" \/>\n<meta property=\"article:modified_time\" content=\"2025-02-20T17:31:34+00:00\" \/>\n<meta property=\"og:image\" content=\"https:\/\/livrariasolmar.pt\/wp-content\/uploads\/2025\/02\/1507-1-11.jpg\" \/>\n\t<meta property=\"og:image:width\" content=\"400\" \/>\n\t<meta property=\"og:image:height\" content=\"448\" \/>\n<meta name=\"twitter:card\" content=\"summary_large_image\" \/>\n<script type=\"application\/ld+json\" class=\"yoast-schema-graph\">{\"@context\":\"https:\/\/schema.org\",\"@graph\":[{\"@type\":\"WebSite\",\"@id\":\"https:\/\/livrariasolmar.pt\/#website\",\"url\":\"https:\/\/livrariasolmar.pt\/\",\"name\":\"Livraria Solmar - Livraria online\",\"description\":\"Com\\u00e9rcio Livros E Objetos De Arte, Lda - Ponta Delgada, A\\u00e7ores\",\"potentialAction\":[{\"@type\":\"SearchAction\",\"target\":{\"@type\":\"EntryPoint\",\"urlTemplate\":\"https:\/\/livrariasolmar.pt\/?s={search_term_string}\"},\"query-input\":\"required name=search_term_string\"}],\"inLanguage\":\"en-US\"},{\"@type\":\"ImageObject\",\"@id\":\"https:\/\/livrariasolmar.pt\/produto\/a-cidade-viva\/#primaryimage\",\"inLanguage\":\"en-US\",\"url\":\"https:\/\/livrariasolmar.pt\/wp-content\/uploads\/2025\/02\/1507-1-11.jpg\",\"contentUrl\":\"https:\/\/livrariasolmar.pt\/wp-content\/uploads\/2025\/02\/1507-1-11.jpg\",\"width\":400,\"height\":448},{\"@type\":\"WebPage\",\"@id\":\"https:\/\/livrariasolmar.pt\/produto\/a-cidade-viva\/#webpage\",\"url\":\"https:\/\/livrariasolmar.pt\/produto\/a-cidade-viva\/\",\"name\":\"A Cidade Viva - Livraria Solmar - Livraria online\",\"isPartOf\":{\"@id\":\"https:\/\/livrariasolmar.pt\/#website\"},\"primaryImageOfPage\":{\"@id\":\"https:\/\/livrariasolmar.pt\/produto\/a-cidade-viva\/#primaryimage\"},\"datePublished\":\"2025-02-18T18:10:15+00:00\",\"dateModified\":\"2025-02-20T17:31:34+00:00\",\"breadcrumb\":{\"@id\":\"https:\/\/livrariasolmar.pt\/produto\/a-cidade-viva\/#breadcrumb\"},\"inLanguage\":\"en-US\",\"potentialAction\":[{\"@type\":\"ReadAction\",\"target\":[\"https:\/\/livrariasolmar.pt\/produto\/a-cidade-viva\/\"]}]},{\"@type\":\"BreadcrumbList\",\"@id\":\"https:\/\/livrariasolmar.pt\/produto\/a-cidade-viva\/#breadcrumb\",\"itemListElement\":[{\"@type\":\"ListItem\",\"position\":1,\"name\":\"In\\u00edcio\",\"item\":\"https:\/\/livrariasolmar.pt\/en\/\"},{\"@type\":\"ListItem\",\"position\":2,\"name\":\"Shop\",\"item\":\"https:\/\/livrariasolmar.pt\/en\/shop\/\"},{\"@type\":\"ListItem\",\"position\":3,\"name\":\"A Cidade Viva\"}]}]}<\/script>\n<!-- \/ Yoast SEO plugin. -->","_links":{"self":[{"href":"https:\/\/livrariasolmar.pt\/en\/wp-json\/wp\/v2\/product\/10174"}],"collection":[{"href":"https:\/\/livrariasolmar.pt\/en\/wp-json\/wp\/v2\/product"}],"about":[{"href":"https:\/\/livrariasolmar.pt\/en\/wp-json\/wp\/v2\/types\/product"}],"author":[{"embeddable":true,"href":"https:\/\/livrariasolmar.pt\/en\/wp-json\/wp\/v2\/users\/2"}],"wp:featuredmedia":[{"embeddable":true,"href":"https:\/\/livrariasolmar.pt\/en\/wp-json\/wp\/v2\/media\/10175"}],"wp:attachment":[{"href":"https:\/\/livrariasolmar.pt\/en\/wp-json\/wp\/v2\/media?parent=10174"}],"wp:term":[{"taxonomy":"product_cat","embeddable":true,"href":"https:\/\/livrariasolmar.pt\/en\/wp-json\/wp\/v2\/product_cat?post=10174"},{"taxonomy":"product_tag","embeddable":true,"href":"https:\/\/livrariasolmar.pt\/en\/wp-json\/wp\/v2\/product_tag?post=10174"},{"taxonomy":"cat_produtos","embeddable":true,"href":"https:\/\/livrariasolmar.pt\/en\/wp-json\/wp\/v2\/cat_produtos?post=10174"}],"curies":[{"name":"wp","href":"https:\/\/api.w.org\/{rel}","templated":true}]}}