{"id":10181,"date":"2025-02-23T16:46:30","date_gmt":"2025-02-23T16:46:30","guid":{"rendered":"https:\/\/livrariasolmar.pt\/?post_type=product&#038;p=10181"},"modified":"2025-04-08T15:10:38","modified_gmt":"2025-04-08T15:10:38","slug":"artificial-a-nova-inteligencia-e-a-fronteira-do-humano","status":"publish","type":"product","link":"https:\/\/livrariasolmar.pt\/en\/produto\/artificial-a-nova-inteligencia-e-a-fronteira-do-humano\/","title":{"rendered":"Artificial &#8211; A Nova Intelig\u00eancia e a Fronteira do Humano"},"content":{"rendered":"","protected":false},"excerpt":{"rendered":"<p>\u00abNuma era em que a intelig\u00eancia artificial se prepara para redefinir o nosso mundo, muitos de n\u00f3s continuam a ignorar as suas complexidades e implica\u00e7\u00f5es.<\/p>\n<p>Artificial: a Nova Intelig\u00eancia e a Fronteira do Humano preenche este vazio, com uma abordagem que contempla tanto a intelig\u00eancia humana quanto a artificial.<\/p>\n<p>Formula perguntas profundas sobre a intelig\u00eancia, a singularidade humana e o nosso papel num mundo em mudan\u00e7a. Este livro destaca-se pelo seu enfoque na converg\u00eancia entre a ess\u00eancia humana e o potencial das m\u00e1quinas, proporcionando uma perspetiva \u00fanica a todos os que procuram compreender e dominar o futuro da IA.<\/p>\n<p>N\u00e3o se trata apenas de algoritmos e c\u00f3digo, mas de compreender e forjar o nosso destino na era da IA!\u00bb<\/p>\n","protected":false},"author":2,"featured_media":10182,"template":"","meta":[],"product_cat":[163],"product_tag":[],"cat_produtos":[],"yoast_head":"<!-- This site is optimized with the Yoast SEO plugin v16.6 - https:\/\/yoast.com\/wordpress\/plugins\/seo\/ -->\n<title>Artificial - A Nova Intelig\u00eancia e a Fronteira do Humano - Livraria Solmar - Livraria online<\/title>\n<meta name=\"robots\" content=\"index, follow, max-snippet:-1, max-image-preview:large, max-video-preview:-1\" \/>\n<link rel=\"canonical\" href=\"https:\/\/livrariasolmar.pt\/en\/produto\/artificial-a-nova-inteligencia-e-a-fronteira-do-humano\/\" \/>\n<meta property=\"og:locale\" content=\"en_US\" \/>\n<meta property=\"og:type\" content=\"article\" \/>\n<meta property=\"og:title\" content=\"Artificial - A Nova Intelig\u00eancia e a Fronteira do Humano - Livraria Solmar - Livraria online\" \/>\n<meta property=\"og:description\" content=\"\u00abNuma era em que a intelig\u00eancia artificial se prepara para redefinir o nosso mundo, muitos de n\u00f3s continuam a ignorar as suas complexidades e implica\u00e7\u00f5es.  Artificial: a Nova Intelig\u00eancia e a Fronteira do Humano preenche este vazio, com uma abordagem que contempla tanto a intelig\u00eancia humana quanto a artificial.  Formula perguntas profundas sobre a intelig\u00eancia, a singularidade humana e o nosso papel num mundo em mudan\u00e7a. Este livro destaca-se pelo seu enfoque na converg\u00eancia entre a ess\u00eancia humana e o potencial das m\u00e1quinas, proporcionando uma perspetiva \u00fanica a todos os que procuram compreender e dominar o futuro da IA.  N\u00e3o se trata apenas de algoritmos e c\u00f3digo, mas de compreender e forjar o nosso destino na era da IA!\u00bb\" \/>\n<meta property=\"og:url\" content=\"https:\/\/livrariasolmar.pt\/produto\/artificial-a-nova-inteligencia-e-a-fronteira-do-humano\/\" \/>\n<meta property=\"og:site_name\" content=\"Livraria Solmar - Livraria online\" \/>\n<meta property=\"article:modified_time\" content=\"2025-04-08T15:10:38+00:00\" \/>\n<meta property=\"og:image\" content=\"https:\/\/livrariasolmar.pt\/wp-content\/uploads\/2025\/02\/1507-1-12.jpg\" \/>\n\t<meta property=\"og:image:width\" content=\"400\" \/>\n\t<meta property=\"og:image:height\" content=\"602\" \/>\n<meta name=\"twitter:card\" content=\"summary_large_image\" \/>\n<script type=\"application\/ld+json\" class=\"yoast-schema-graph\">{\"@context\":\"https:\/\/schema.org\",\"@graph\":[{\"@type\":\"WebSite\",\"@id\":\"https:\/\/livrariasolmar.pt\/#website\",\"url\":\"https:\/\/livrariasolmar.pt\/\",\"name\":\"Livraria Solmar - Livraria online\",\"description\":\"Com\\u00e9rcio Livros E Objetos De Arte, Lda - Ponta Delgada, A\\u00e7ores\",\"potentialAction\":[{\"@type\":\"SearchAction\",\"target\":{\"@type\":\"EntryPoint\",\"urlTemplate\":\"https:\/\/livrariasolmar.pt\/?s={search_term_string}\"},\"query-input\":\"required name=search_term_string\"}],\"inLanguage\":\"en-US\"},{\"@type\":\"ImageObject\",\"@id\":\"https:\/\/livrariasolmar.pt\/produto\/artificial-a-nova-inteligencia-e-a-fronteira-do-humano\/#primaryimage\",\"inLanguage\":\"en-US\",\"url\":\"https:\/\/livrariasolmar.pt\/wp-content\/uploads\/2025\/02\/1507-1-12.jpg\",\"contentUrl\":\"https:\/\/livrariasolmar.pt\/wp-content\/uploads\/2025\/02\/1507-1-12.jpg\",\"width\":400,\"height\":602},{\"@type\":\"WebPage\",\"@id\":\"https:\/\/livrariasolmar.pt\/produto\/artificial-a-nova-inteligencia-e-a-fronteira-do-humano\/#webpage\",\"url\":\"https:\/\/livrariasolmar.pt\/produto\/artificial-a-nova-inteligencia-e-a-fronteira-do-humano\/\",\"name\":\"Artificial - A Nova Intelig\\u00eancia e a Fronteira do Humano - Livraria Solmar - Livraria online\",\"isPartOf\":{\"@id\":\"https:\/\/livrariasolmar.pt\/#website\"},\"primaryImageOfPage\":{\"@id\":\"https:\/\/livrariasolmar.pt\/produto\/artificial-a-nova-inteligencia-e-a-fronteira-do-humano\/#primaryimage\"},\"datePublished\":\"2025-02-23T16:46:30+00:00\",\"dateModified\":\"2025-04-08T15:10:38+00:00\",\"breadcrumb\":{\"@id\":\"https:\/\/livrariasolmar.pt\/produto\/artificial-a-nova-inteligencia-e-a-fronteira-do-humano\/#breadcrumb\"},\"inLanguage\":\"en-US\",\"potentialAction\":[{\"@type\":\"ReadAction\",\"target\":[\"https:\/\/livrariasolmar.pt\/produto\/artificial-a-nova-inteligencia-e-a-fronteira-do-humano\/\"]}]},{\"@type\":\"BreadcrumbList\",\"@id\":\"https:\/\/livrariasolmar.pt\/produto\/artificial-a-nova-inteligencia-e-a-fronteira-do-humano\/#breadcrumb\",\"itemListElement\":[{\"@type\":\"ListItem\",\"position\":1,\"name\":\"In\\u00edcio\",\"item\":\"https:\/\/livrariasolmar.pt\/en\/\"},{\"@type\":\"ListItem\",\"position\":2,\"name\":\"Shop\",\"item\":\"https:\/\/livrariasolmar.pt\/en\/shop\/\"},{\"@type\":\"ListItem\",\"position\":3,\"name\":\"Artificial &#8211; A Nova Intelig\\u00eancia e a Fronteira do Humano\"}]}]}<\/script>\n<!-- \/ Yoast SEO plugin. -->","_links":{"self":[{"href":"https:\/\/livrariasolmar.pt\/en\/wp-json\/wp\/v2\/product\/10181"}],"collection":[{"href":"https:\/\/livrariasolmar.pt\/en\/wp-json\/wp\/v2\/product"}],"about":[{"href":"https:\/\/livrariasolmar.pt\/en\/wp-json\/wp\/v2\/types\/product"}],"author":[{"embeddable":true,"href":"https:\/\/livrariasolmar.pt\/en\/wp-json\/wp\/v2\/users\/2"}],"wp:featuredmedia":[{"embeddable":true,"href":"https:\/\/livrariasolmar.pt\/en\/wp-json\/wp\/v2\/media\/10182"}],"wp:attachment":[{"href":"https:\/\/livrariasolmar.pt\/en\/wp-json\/wp\/v2\/media?parent=10181"}],"wp:term":[{"taxonomy":"product_cat","embeddable":true,"href":"https:\/\/livrariasolmar.pt\/en\/wp-json\/wp\/v2\/product_cat?post=10181"},{"taxonomy":"product_tag","embeddable":true,"href":"https:\/\/livrariasolmar.pt\/en\/wp-json\/wp\/v2\/product_tag?post=10181"},{"taxonomy":"cat_produtos","embeddable":true,"href":"https:\/\/livrariasolmar.pt\/en\/wp-json\/wp\/v2\/cat_produtos?post=10181"}],"curies":[{"name":"wp","href":"https:\/\/api.w.org\/{rel}","templated":true}]}}