{"id":10193,"date":"2025-03-06T16:39:40","date_gmt":"2025-03-06T16:39:40","guid":{"rendered":"https:\/\/livrariasolmar.pt\/?post_type=product&#038;p=10193"},"modified":"2025-11-15T20:22:37","modified_gmt":"2025-11-15T20:22:37","slug":"um-menino-chamado-livro","status":"publish","type":"product","link":"https:\/\/livrariasolmar.pt\/en\/produto\/um-menino-chamado-livro\/","title":{"rendered":"Um Menino Chamado Livro"},"content":{"rendered":"","protected":false},"excerpt":{"rendered":"<p>&#8211; Porque \u00e9 que me chamo Livro? &#8211; perguntou o menino \u00e0 m\u00e3e.<br \/>\n&#8211; Porque a tua vida \u00e9 uma hist\u00f3ria &#8211; respondeu-lhe a m\u00e3e.<br \/>\n&#8211; E podes escrev\u00ea-la conforme quiseres.<\/p>\n<p>Esta fascinante hist\u00f3ria da vida de um menino entre livros \u00e9 uma celebra\u00e7\u00e3o profunda da leitura e dos livros, de como estes nos informam, nos inspiram e, por vezes, at\u00e9 nos curam, provando que n\u00f3s somos as hist\u00f3rias que lemos.<\/p>\n","protected":false},"author":2,"featured_media":10194,"template":"","meta":[],"product_cat":[172],"product_tag":[],"cat_produtos":[],"yoast_head":"<!-- This site is optimized with the Yoast SEO plugin v16.6 - https:\/\/yoast.com\/wordpress\/plugins\/seo\/ -->\n<title>Um Menino Chamado Livro - Livraria Solmar - Livraria online<\/title>\n<meta name=\"robots\" content=\"index, follow, max-snippet:-1, max-image-preview:large, max-video-preview:-1\" \/>\n<link rel=\"canonical\" href=\"https:\/\/livrariasolmar.pt\/en\/produto\/um-menino-chamado-livro\/\" \/>\n<meta property=\"og:locale\" content=\"en_US\" \/>\n<meta property=\"og:type\" content=\"article\" \/>\n<meta property=\"og:title\" content=\"Um Menino Chamado Livro - Livraria Solmar - Livraria online\" \/>\n<meta property=\"og:description\" content=\"- Porque \u00e9 que me chamo Livro? - perguntou o menino \u00e0 m\u00e3e. - Porque a tua vida \u00e9 uma hist\u00f3ria - respondeu-lhe a m\u00e3e. - E podes escrev\u00ea-la conforme quiseres.  Esta fascinante hist\u00f3ria da vida de um menino entre livros \u00e9 uma celebra\u00e7\u00e3o profunda da leitura e dos livros, de como estes nos informam, nos inspiram e, por vezes, at\u00e9 nos curam, provando que n\u00f3s somos as hist\u00f3rias que lemos.\" \/>\n<meta property=\"og:url\" content=\"https:\/\/livrariasolmar.pt\/produto\/um-menino-chamado-livro\/\" \/>\n<meta property=\"og:site_name\" content=\"Livraria Solmar - Livraria online\" \/>\n<meta property=\"article:modified_time\" content=\"2025-11-15T20:22:37+00:00\" \/>\n<meta property=\"og:image\" content=\"https:\/\/livrariasolmar.pt\/wp-content\/uploads\/2025\/03\/1540-1-3.jpg\" \/>\n\t<meta property=\"og:image:width\" content=\"340\" \/>\n\t<meta property=\"og:image:height\" content=\"340\" \/>\n<meta name=\"twitter:card\" content=\"summary_large_image\" \/>\n<script type=\"application\/ld+json\" class=\"yoast-schema-graph\">{\"@context\":\"https:\/\/schema.org\",\"@graph\":[{\"@type\":\"WebSite\",\"@id\":\"https:\/\/livrariasolmar.pt\/#website\",\"url\":\"https:\/\/livrariasolmar.pt\/\",\"name\":\"Livraria Solmar - Livraria online\",\"description\":\"Com\\u00e9rcio Livros E Objetos De Arte, Lda - Ponta Delgada, A\\u00e7ores\",\"potentialAction\":[{\"@type\":\"SearchAction\",\"target\":{\"@type\":\"EntryPoint\",\"urlTemplate\":\"https:\/\/livrariasolmar.pt\/?s={search_term_string}\"},\"query-input\":\"required name=search_term_string\"}],\"inLanguage\":\"en-US\"},{\"@type\":\"ImageObject\",\"@id\":\"https:\/\/livrariasolmar.pt\/produto\/um-menino-chamado-livro\/#primaryimage\",\"inLanguage\":\"en-US\",\"url\":\"https:\/\/livrariasolmar.pt\/wp-content\/uploads\/2025\/03\/1540-1-3.jpg\",\"contentUrl\":\"https:\/\/livrariasolmar.pt\/wp-content\/uploads\/2025\/03\/1540-1-3.jpg\",\"width\":340,\"height\":340},{\"@type\":\"WebPage\",\"@id\":\"https:\/\/livrariasolmar.pt\/produto\/um-menino-chamado-livro\/#webpage\",\"url\":\"https:\/\/livrariasolmar.pt\/produto\/um-menino-chamado-livro\/\",\"name\":\"Um Menino Chamado Livro - Livraria Solmar - Livraria online\",\"isPartOf\":{\"@id\":\"https:\/\/livrariasolmar.pt\/#website\"},\"primaryImageOfPage\":{\"@id\":\"https:\/\/livrariasolmar.pt\/produto\/um-menino-chamado-livro\/#primaryimage\"},\"datePublished\":\"2025-03-06T16:39:40+00:00\",\"dateModified\":\"2025-11-15T20:22:37+00:00\",\"breadcrumb\":{\"@id\":\"https:\/\/livrariasolmar.pt\/produto\/um-menino-chamado-livro\/#breadcrumb\"},\"inLanguage\":\"en-US\",\"potentialAction\":[{\"@type\":\"ReadAction\",\"target\":[\"https:\/\/livrariasolmar.pt\/produto\/um-menino-chamado-livro\/\"]}]},{\"@type\":\"BreadcrumbList\",\"@id\":\"https:\/\/livrariasolmar.pt\/produto\/um-menino-chamado-livro\/#breadcrumb\",\"itemListElement\":[{\"@type\":\"ListItem\",\"position\":1,\"name\":\"In\\u00edcio\",\"item\":\"https:\/\/livrariasolmar.pt\/en\/\"},{\"@type\":\"ListItem\",\"position\":2,\"name\":\"Shop\",\"item\":\"https:\/\/livrariasolmar.pt\/en\/shop\/\"},{\"@type\":\"ListItem\",\"position\":3,\"name\":\"Um Menino Chamado Livro\"}]}]}<\/script>\n<!-- \/ Yoast SEO plugin. -->","_links":{"self":[{"href":"https:\/\/livrariasolmar.pt\/en\/wp-json\/wp\/v2\/product\/10193"}],"collection":[{"href":"https:\/\/livrariasolmar.pt\/en\/wp-json\/wp\/v2\/product"}],"about":[{"href":"https:\/\/livrariasolmar.pt\/en\/wp-json\/wp\/v2\/types\/product"}],"author":[{"embeddable":true,"href":"https:\/\/livrariasolmar.pt\/en\/wp-json\/wp\/v2\/users\/2"}],"wp:featuredmedia":[{"embeddable":true,"href":"https:\/\/livrariasolmar.pt\/en\/wp-json\/wp\/v2\/media\/10194"}],"wp:attachment":[{"href":"https:\/\/livrariasolmar.pt\/en\/wp-json\/wp\/v2\/media?parent=10193"}],"wp:term":[{"taxonomy":"product_cat","embeddable":true,"href":"https:\/\/livrariasolmar.pt\/en\/wp-json\/wp\/v2\/product_cat?post=10193"},{"taxonomy":"product_tag","embeddable":true,"href":"https:\/\/livrariasolmar.pt\/en\/wp-json\/wp\/v2\/product_tag?post=10193"},{"taxonomy":"cat_produtos","embeddable":true,"href":"https:\/\/livrariasolmar.pt\/en\/wp-json\/wp\/v2\/cat_produtos?post=10193"}],"curies":[{"name":"wp","href":"https:\/\/api.w.org\/{rel}","templated":true}]}}