{"id":10202,"date":"2025-03-06T17:48:52","date_gmt":"2025-03-06T17:48:52","guid":{"rendered":"https:\/\/livrariasolmar.pt\/?post_type=product&#038;p=10202"},"modified":"2025-10-08T17:28:39","modified_gmt":"2025-10-08T17:28:39","slug":"o-acidente","status":"publish","type":"product","link":"https:\/\/livrariasolmar.pt\/en\/produto\/o-acidente\/","title":{"rendered":"O Acidente"},"content":{"rendered":"","protected":false},"excerpt":{"rendered":"<p>Tegan est\u00e1 sozinha, gr\u00e1vida de oito meses, e resolve deixar para tr\u00e1s uma vida marcada pelo caos e pelo arrependimento. Na esperan\u00e7a de recome\u00e7ar, decide viajar para junto do seu irm\u00e3o enquanto resolve uma s\u00e9rie de coisas.<\/p>\n<p>Por\u00e9m, ao longo do percurso pelas estradas desertas do Maine, depara-se com um nev\u00e3o gigantesco, perde o controlo da viatura e embate contra uma \u00e1rvore. O carro fica imobilizado e ela fratura o tornozelo. Sem rede m\u00f3vel, entregue \u00e0 noite e ao frio, parece condenada a morrer ali mesmo, congelada e sem aux\u00edlio.<\/p>\n<p>A sua sorte muda quando um casal simp\u00e1tico a encontra e lhe oferece abrigo na sua cabana remota, prometendo-lhe abrigo e seguran\u00e7a at\u00e9 que a tempestade passe.<\/p>\n<p>Mas nada \u00e9 o que parece: o pesadelo do qual Tegan est\u00e1 a fugir \u00e9 apenas o come\u00e7o de um destino ainda mais sombrio. \u00c0 medida que os dias passam, percebe que h\u00e1 algo profundamente errado. O que antes parecia um ref\u00fagio acolhedor revela-se agora um pesadelo inquietante.<\/p>\n<p>Ficar ali por mais tempo pode ser um enorme erro, e agora vai ter de lutar com todas as for\u00e7as para se salvar a si mesma e \u00e0 beb\u00e9 que carrega, enfrentando desafios que nunca imaginou. Afinal, a linha entre a salva\u00e7\u00e3o e o perigo nunca foi t\u00e3o t\u00e9nue.<\/p>\n","protected":false},"author":2,"featured_media":10203,"template":"","meta":[],"product_cat":[588],"product_tag":[],"cat_produtos":[],"yoast_head":"<!-- This site is optimized with the Yoast SEO plugin v16.6 - https:\/\/yoast.com\/wordpress\/plugins\/seo\/ -->\n<title>O Acidente - Livraria Solmar - Livraria online<\/title>\n<meta name=\"robots\" content=\"index, follow, max-snippet:-1, max-image-preview:large, max-video-preview:-1\" \/>\n<link rel=\"canonical\" href=\"https:\/\/livrariasolmar.pt\/en\/produto\/o-acidente\/\" \/>\n<meta property=\"og:locale\" content=\"en_US\" \/>\n<meta property=\"og:type\" content=\"article\" \/>\n<meta property=\"og:title\" content=\"O Acidente - Livraria Solmar - Livraria online\" \/>\n<meta property=\"og:description\" content=\"Tegan est\u00e1 sozinha, gr\u00e1vida de oito meses, e resolve deixar para tr\u00e1s uma vida marcada pelo caos e pelo arrependimento. Na esperan\u00e7a de recome\u00e7ar, decide viajar para junto do seu irm\u00e3o enquanto resolve uma s\u00e9rie de coisas.  Por\u00e9m, ao longo do percurso pelas estradas desertas do Maine, depara-se com um nev\u00e3o gigantesco, perde o controlo da viatura e embate contra uma \u00e1rvore. O carro fica imobilizado e ela fratura o tornozelo. Sem rede m\u00f3vel, entregue \u00e0 noite e ao frio, parece condenada a morrer ali mesmo, congelada e sem aux\u00edlio.  A sua sorte muda quando um casal simp\u00e1tico a encontra e lhe oferece abrigo na sua cabana remota, prometendo-lhe abrigo e seguran\u00e7a at\u00e9 que a tempestade passe.  Mas nada \u00e9 o que parece: o pesadelo do qual Tegan est\u00e1 a fugir \u00e9 apenas o come\u00e7o de um destino ainda mais sombrio. \u00c0 medida que os dias passam, percebe que h\u00e1 algo profundamente errado. O que antes parecia um ref\u00fagio acolhedor revela-se agora um pesadelo inquietante.  Ficar ali por mais tempo pode ser um enorme erro, e agora vai ter de lutar com todas as for\u00e7as para se salvar a si mesma e \u00e0 beb\u00e9 que carrega, enfrentando desafios que nunca imaginou. Afinal, a linha entre a salva\u00e7\u00e3o e o perigo nunca foi t\u00e3o t\u00e9nue.\" \/>\n<meta property=\"og:url\" content=\"https:\/\/livrariasolmar.pt\/produto\/o-acidente\/\" \/>\n<meta property=\"og:site_name\" content=\"Livraria Solmar - Livraria online\" \/>\n<meta property=\"article:modified_time\" content=\"2025-10-08T17:28:39+00:00\" \/>\n<meta property=\"og:image\" content=\"https:\/\/livrariasolmar.pt\/wp-content\/uploads\/2025\/03\/1540-1-3-1.jpg\" \/>\n\t<meta property=\"og:image:width\" content=\"340\" \/>\n\t<meta property=\"og:image:height\" content=\"340\" \/>\n<meta name=\"twitter:card\" content=\"summary_large_image\" \/>\n<script type=\"application\/ld+json\" class=\"yoast-schema-graph\">{\"@context\":\"https:\/\/schema.org\",\"@graph\":[{\"@type\":\"WebSite\",\"@id\":\"https:\/\/livrariasolmar.pt\/#website\",\"url\":\"https:\/\/livrariasolmar.pt\/\",\"name\":\"Livraria Solmar - Livraria online\",\"description\":\"Com\\u00e9rcio Livros E Objetos De Arte, Lda - Ponta Delgada, A\\u00e7ores\",\"potentialAction\":[{\"@type\":\"SearchAction\",\"target\":{\"@type\":\"EntryPoint\",\"urlTemplate\":\"https:\/\/livrariasolmar.pt\/?s={search_term_string}\"},\"query-input\":\"required name=search_term_string\"}],\"inLanguage\":\"en-US\"},{\"@type\":\"ImageObject\",\"@id\":\"https:\/\/livrariasolmar.pt\/produto\/o-acidente\/#primaryimage\",\"inLanguage\":\"en-US\",\"url\":\"https:\/\/livrariasolmar.pt\/wp-content\/uploads\/2025\/03\/1540-1-3-1.jpg\",\"contentUrl\":\"https:\/\/livrariasolmar.pt\/wp-content\/uploads\/2025\/03\/1540-1-3-1.jpg\",\"width\":340,\"height\":340},{\"@type\":\"WebPage\",\"@id\":\"https:\/\/livrariasolmar.pt\/produto\/o-acidente\/#webpage\",\"url\":\"https:\/\/livrariasolmar.pt\/produto\/o-acidente\/\",\"name\":\"O Acidente - Livraria Solmar - Livraria online\",\"isPartOf\":{\"@id\":\"https:\/\/livrariasolmar.pt\/#website\"},\"primaryImageOfPage\":{\"@id\":\"https:\/\/livrariasolmar.pt\/produto\/o-acidente\/#primaryimage\"},\"datePublished\":\"2025-03-06T17:48:52+00:00\",\"dateModified\":\"2025-10-08T17:28:39+00:00\",\"breadcrumb\":{\"@id\":\"https:\/\/livrariasolmar.pt\/produto\/o-acidente\/#breadcrumb\"},\"inLanguage\":\"en-US\",\"potentialAction\":[{\"@type\":\"ReadAction\",\"target\":[\"https:\/\/livrariasolmar.pt\/produto\/o-acidente\/\"]}]},{\"@type\":\"BreadcrumbList\",\"@id\":\"https:\/\/livrariasolmar.pt\/produto\/o-acidente\/#breadcrumb\",\"itemListElement\":[{\"@type\":\"ListItem\",\"position\":1,\"name\":\"In\\u00edcio\",\"item\":\"https:\/\/livrariasolmar.pt\/en\/\"},{\"@type\":\"ListItem\",\"position\":2,\"name\":\"Shop\",\"item\":\"https:\/\/livrariasolmar.pt\/en\/shop\/\"},{\"@type\":\"ListItem\",\"position\":3,\"name\":\"O Acidente\"}]}]}<\/script>\n<!-- \/ Yoast SEO plugin. -->","_links":{"self":[{"href":"https:\/\/livrariasolmar.pt\/en\/wp-json\/wp\/v2\/product\/10202"}],"collection":[{"href":"https:\/\/livrariasolmar.pt\/en\/wp-json\/wp\/v2\/product"}],"about":[{"href":"https:\/\/livrariasolmar.pt\/en\/wp-json\/wp\/v2\/types\/product"}],"author":[{"embeddable":true,"href":"https:\/\/livrariasolmar.pt\/en\/wp-json\/wp\/v2\/users\/2"}],"wp:featuredmedia":[{"embeddable":true,"href":"https:\/\/livrariasolmar.pt\/en\/wp-json\/wp\/v2\/media\/10203"}],"wp:attachment":[{"href":"https:\/\/livrariasolmar.pt\/en\/wp-json\/wp\/v2\/media?parent=10202"}],"wp:term":[{"taxonomy":"product_cat","embeddable":true,"href":"https:\/\/livrariasolmar.pt\/en\/wp-json\/wp\/v2\/product_cat?post=10202"},{"taxonomy":"product_tag","embeddable":true,"href":"https:\/\/livrariasolmar.pt\/en\/wp-json\/wp\/v2\/product_tag?post=10202"},{"taxonomy":"cat_produtos","embeddable":true,"href":"https:\/\/livrariasolmar.pt\/en\/wp-json\/wp\/v2\/cat_produtos?post=10202"}],"curies":[{"name":"wp","href":"https:\/\/api.w.org\/{rel}","templated":true}]}}