{"id":10229,"date":"2025-03-08T15:40:49","date_gmt":"2025-03-08T15:40:49","guid":{"rendered":"https:\/\/livrariasolmar.pt\/?post_type=product&#038;p=10229"},"modified":"2025-12-30T17:49:36","modified_gmt":"2025-12-30T17:49:36","slug":"esperanca-a-autobiografia","status":"publish","type":"product","link":"https:\/\/livrariasolmar.pt\/en\/produto\/esperanca-a-autobiografia\/","title":{"rendered":"Esperan\u00e7a &#8211; A autobiografia"},"content":{"rendered":"","protected":false},"excerpt":{"rendered":"<p>Um documento excecional, publicado no Jubileu de 2025, o dos\u00a0<i>peregrinos de esperan\u00e7a<\/i>.<\/p>\n<p>Por vontade do Papa Francisco, este documento excecional deveria ter visto a luz apenas ap\u00f3s a sua morte. Por\u00e9m, o novo Jubileu da Esperan\u00e7a e as necessidades do tempo fizeram-no decidir difundir agora este precioso legado.<br \/>\n<i>Esperan\u00e7a<\/i>\u00a0\u00e9 a primeira autobiografia publicada por um papa na hist\u00f3ria. Uma autobiografia completa, cuja escrita demorou seis anos, que remonta ao in\u00edcio do s\u00e9culo XX, com as ra\u00edzes italianas e a emigra\u00e7\u00e3o aventureira dos antepassados para a Am\u00e9rica Latina, desenvolvendo-se atrav\u00e9s da inf\u00e2ncia, dos entusiasmos e perturba\u00e7\u00f5es da juventude, a escolha vocacional, a maturidade, at\u00e9 ao seu pontificado e ao tempo presente.<br \/>\nAo narrar as suas mem\u00f3rias com uma profunda for\u00e7a narrativa, Francisco aborda tamb\u00e9m as quest\u00f5es cruciais do pontificado e desenvolve com coragem, franqueza e profecia os temas mais importantes da contemporaneidade: guerra e paz (incluindo os conflitos na Ucr\u00e2nia e no M\u00e9dio Oriente), migra\u00e7\u00f5es, crise ambiental, pol\u00edtica social, condi\u00e7\u00e3o da mulher, sexualidade, desenvolvimento tecnol\u00f3gico, futuro da Igreja e das religi\u00f5es.<br \/>\nRica em revela\u00e7\u00f5es e reflex\u00f5es iluminantes, \u00e9 uma autobiografia human\u00edssima, comovente e capaz de fazer humor, que representa um testamento moral e espiritual destinado a fascinar os leitores de todo o mundo.<br \/>\nUm livro enriquecido com fotografias extraordin\u00e1rias, incluindo algumas privadas e in\u00e9ditas, do arquivo pessoal do Papa Francisco.<\/p>\n","protected":false},"author":2,"featured_media":10230,"template":"","meta":[],"product_cat":[176,180],"product_tag":[],"cat_produtos":[1904],"yoast_head":"<!-- This site is optimized with the Yoast SEO plugin v16.6 - https:\/\/yoast.com\/wordpress\/plugins\/seo\/ -->\n<title>Esperan\u00e7a - A autobiografia - Livraria Solmar - Livraria online<\/title>\n<meta name=\"robots\" content=\"index, follow, max-snippet:-1, max-image-preview:large, max-video-preview:-1\" \/>\n<link rel=\"canonical\" href=\"https:\/\/livrariasolmar.pt\/en\/produto\/esperanca-a-autobiografia\/\" \/>\n<meta property=\"og:locale\" content=\"en_US\" \/>\n<meta property=\"og:type\" content=\"article\" \/>\n<meta property=\"og:title\" content=\"Esperan\u00e7a - A autobiografia - Livraria Solmar - Livraria online\" \/>\n<meta property=\"og:description\" content=\"Um documento excecional, publicado no Jubileu de 2025, o dos\u00a0peregrinos de esperan\u00e7a.  Por vontade do Papa Francisco, este documento excecional deveria ter visto a luz apenas ap\u00f3s a sua morte. Por\u00e9m, o novo Jubileu da Esperan\u00e7a e as necessidades do tempo fizeram-no decidir difundir agora este precioso legado. Esperan\u00e7a\u00a0\u00e9 a primeira autobiografia publicada por um papa na hist\u00f3ria. Uma autobiografia completa, cuja escrita demorou seis anos, que remonta ao in\u00edcio do s\u00e9culo XX, com as ra\u00edzes italianas e a emigra\u00e7\u00e3o aventureira dos antepassados para a Am\u00e9rica Latina, desenvolvendo-se atrav\u00e9s da inf\u00e2ncia, dos entusiasmos e perturba\u00e7\u00f5es da juventude, a escolha vocacional, a maturidade, at\u00e9 ao seu pontificado e ao tempo presente. Ao narrar as suas mem\u00f3rias com uma profunda for\u00e7a narrativa, Francisco aborda tamb\u00e9m as quest\u00f5es cruciais do pontificado e desenvolve com coragem, franqueza e profecia os temas mais importantes da contemporaneidade: guerra e paz (incluindo os conflitos na Ucr\u00e2nia e no M\u00e9dio Oriente), migra\u00e7\u00f5es, crise ambiental, pol\u00edtica social, condi\u00e7\u00e3o da mulher, sexualidade, desenvolvimento tecnol\u00f3gico, futuro da Igreja e das religi\u00f5es. Rica em revela\u00e7\u00f5es e reflex\u00f5es iluminantes, \u00e9 uma autobiografia human\u00edssima, comovente e capaz de fazer humor, que representa um testamento moral e espiritual destinado a fascinar os leitores de todo o mundo. Um livro enriquecido com fotografias extraordin\u00e1rias, incluindo algumas privadas e in\u00e9ditas, do arquivo pessoal do Papa Francisco.\" \/>\n<meta property=\"og:url\" content=\"https:\/\/livrariasolmar.pt\/produto\/esperanca-a-autobiografia\/\" \/>\n<meta property=\"og:site_name\" content=\"Livraria Solmar - Livraria online\" \/>\n<meta property=\"article:modified_time\" content=\"2025-12-30T17:49:36+00:00\" \/>\n<meta property=\"og:image\" content=\"https:\/\/livrariasolmar.pt\/wp-content\/uploads\/2025\/03\/1540-1-3-2.jpg\" \/>\n\t<meta property=\"og:image:width\" content=\"340\" \/>\n\t<meta property=\"og:image:height\" content=\"340\" \/>\n<meta name=\"twitter:card\" content=\"summary_large_image\" \/>\n<script type=\"application\/ld+json\" class=\"yoast-schema-graph\">{\"@context\":\"https:\/\/schema.org\",\"@graph\":[{\"@type\":\"WebSite\",\"@id\":\"https:\/\/livrariasolmar.pt\/#website\",\"url\":\"https:\/\/livrariasolmar.pt\/\",\"name\":\"Livraria Solmar - Livraria online\",\"description\":\"Com\\u00e9rcio Livros E Objetos De Arte, Lda - Ponta Delgada, A\\u00e7ores\",\"potentialAction\":[{\"@type\":\"SearchAction\",\"target\":{\"@type\":\"EntryPoint\",\"urlTemplate\":\"https:\/\/livrariasolmar.pt\/?s={search_term_string}\"},\"query-input\":\"required name=search_term_string\"}],\"inLanguage\":\"en-US\"},{\"@type\":\"ImageObject\",\"@id\":\"https:\/\/livrariasolmar.pt\/produto\/esperanca-a-autobiografia\/#primaryimage\",\"inLanguage\":\"en-US\",\"url\":\"https:\/\/livrariasolmar.pt\/wp-content\/uploads\/2025\/03\/1540-1-3-2.jpg\",\"contentUrl\":\"https:\/\/livrariasolmar.pt\/wp-content\/uploads\/2025\/03\/1540-1-3-2.jpg\",\"width\":340,\"height\":340},{\"@type\":\"WebPage\",\"@id\":\"https:\/\/livrariasolmar.pt\/produto\/esperanca-a-autobiografia\/#webpage\",\"url\":\"https:\/\/livrariasolmar.pt\/produto\/esperanca-a-autobiografia\/\",\"name\":\"Esperan\\u00e7a - A autobiografia - Livraria Solmar - Livraria online\",\"isPartOf\":{\"@id\":\"https:\/\/livrariasolmar.pt\/#website\"},\"primaryImageOfPage\":{\"@id\":\"https:\/\/livrariasolmar.pt\/produto\/esperanca-a-autobiografia\/#primaryimage\"},\"datePublished\":\"2025-03-08T15:40:49+00:00\",\"dateModified\":\"2025-12-30T17:49:36+00:00\",\"breadcrumb\":{\"@id\":\"https:\/\/livrariasolmar.pt\/produto\/esperanca-a-autobiografia\/#breadcrumb\"},\"inLanguage\":\"en-US\",\"potentialAction\":[{\"@type\":\"ReadAction\",\"target\":[\"https:\/\/livrariasolmar.pt\/produto\/esperanca-a-autobiografia\/\"]}]},{\"@type\":\"BreadcrumbList\",\"@id\":\"https:\/\/livrariasolmar.pt\/produto\/esperanca-a-autobiografia\/#breadcrumb\",\"itemListElement\":[{\"@type\":\"ListItem\",\"position\":1,\"name\":\"In\\u00edcio\",\"item\":\"https:\/\/livrariasolmar.pt\/en\/\"},{\"@type\":\"ListItem\",\"position\":2,\"name\":\"Shop\",\"item\":\"https:\/\/livrariasolmar.pt\/en\/shop\/\"},{\"@type\":\"ListItem\",\"position\":3,\"name\":\"Esperan\\u00e7a &#8211; A autobiografia\"}]}]}<\/script>\n<!-- \/ Yoast SEO plugin. -->","_links":{"self":[{"href":"https:\/\/livrariasolmar.pt\/en\/wp-json\/wp\/v2\/product\/10229"}],"collection":[{"href":"https:\/\/livrariasolmar.pt\/en\/wp-json\/wp\/v2\/product"}],"about":[{"href":"https:\/\/livrariasolmar.pt\/en\/wp-json\/wp\/v2\/types\/product"}],"author":[{"embeddable":true,"href":"https:\/\/livrariasolmar.pt\/en\/wp-json\/wp\/v2\/users\/2"}],"wp:featuredmedia":[{"embeddable":true,"href":"https:\/\/livrariasolmar.pt\/en\/wp-json\/wp\/v2\/media\/10230"}],"wp:attachment":[{"href":"https:\/\/livrariasolmar.pt\/en\/wp-json\/wp\/v2\/media?parent=10229"}],"wp:term":[{"taxonomy":"product_cat","embeddable":true,"href":"https:\/\/livrariasolmar.pt\/en\/wp-json\/wp\/v2\/product_cat?post=10229"},{"taxonomy":"product_tag","embeddable":true,"href":"https:\/\/livrariasolmar.pt\/en\/wp-json\/wp\/v2\/product_tag?post=10229"},{"taxonomy":"cat_produtos","embeddable":true,"href":"https:\/\/livrariasolmar.pt\/en\/wp-json\/wp\/v2\/cat_produtos?post=10229"}],"curies":[{"name":"wp","href":"https:\/\/api.w.org\/{rel}","templated":true}]}}