{"id":10253,"date":"2025-03-12T17:00:18","date_gmt":"2025-03-12T17:00:18","guid":{"rendered":"https:\/\/livrariasolmar.pt\/?post_type=product&#038;p=10253"},"modified":"2025-03-27T18:23:40","modified_gmt":"2025-03-27T18:23:40","slug":"como-mandar-a-merda-de-forma-educada","status":"publish","type":"product","link":"https:\/\/livrariasolmar.pt\/en\/produto\/como-mandar-a-merda-de-forma-educada\/","title":{"rendered":"Como Mandar \u00e0 Merda (De forma educada)"},"content":{"rendered":"","protected":false},"excerpt":{"rendered":"<p>Porque \u00e9 que temos tanta dificuldade em estabelecer limites? Porque \u00e9 que a simples ideia de dizer \u00abn\u00e3o\u00bb nos enche de ansiedade ou de culpa? Ser\u00e1 por acharmos que precisamos de fazer tudo pelos outros? Ser\u00e1 que temos medo de que, se n\u00e3o o fizermos, gostar\u00e3o menos de n\u00f3s?<\/p>\n<p>A verdade \u00e9 que os limites s\u00e3o t\u00e3o necess\u00e1rios \u00e0s rela\u00e7\u00f5es como o s\u00e3o \u00e0s estradas: sem eles, o n\u00famero de choques frontais aumentaria exponencialmente! Se forem comunicados de forma aberta e saud\u00e1vel, os limites podem mesmo ser os pilares de rela\u00e7\u00f5es felizes, seja com os outros ou connosco mesmos.<\/p>\n<p>Como Mandar \u00e0 Merda n\u00e3o ensina a mandar \u00e0 merda &#8211; ensina antes como evitar chegar a esse ponto, ou seja: como comunicar, com os outros e consigo mesmo, de forma eficaz e clara, aquilo de que precisa e aquilo que est\u00e1 disposto a dar, e como criar (e dar) espa\u00e7o para que cada pessoa seja quem \u00e9, evitando imposi\u00e7\u00f5es, abusos, silenciamentos e outros acidentes da estrada da vida.<\/p>\n","protected":false},"author":2,"featured_media":10254,"template":"","meta":[],"product_cat":[173],"product_tag":[],"cat_produtos":[],"yoast_head":"<!-- This site is optimized with the Yoast SEO plugin v16.6 - https:\/\/yoast.com\/wordpress\/plugins\/seo\/ -->\n<title>Como Mandar \u00e0 Merda (De forma educada) - Livraria Solmar - Livraria online<\/title>\n<meta name=\"robots\" content=\"index, follow, max-snippet:-1, max-image-preview:large, max-video-preview:-1\" \/>\n<link rel=\"canonical\" href=\"https:\/\/livrariasolmar.pt\/en\/produto\/como-mandar-a-merda-de-forma-educada\/\" \/>\n<meta property=\"og:locale\" content=\"en_US\" \/>\n<meta property=\"og:type\" content=\"article\" \/>\n<meta property=\"og:title\" content=\"Como Mandar \u00e0 Merda (De forma educada) - Livraria Solmar - Livraria online\" \/>\n<meta property=\"og:description\" content=\"Porque \u00e9 que temos tanta dificuldade em estabelecer limites? Porque \u00e9 que a simples ideia de dizer \u00abn\u00e3o\u00bb nos enche de ansiedade ou de culpa? Ser\u00e1 por acharmos que precisamos de fazer tudo pelos outros? Ser\u00e1 que temos medo de que, se n\u00e3o o fizermos, gostar\u00e3o menos de n\u00f3s?  A verdade \u00e9 que os limites s\u00e3o t\u00e3o necess\u00e1rios \u00e0s rela\u00e7\u00f5es como o s\u00e3o \u00e0s estradas: sem eles, o n\u00famero de choques frontais aumentaria exponencialmente! Se forem comunicados de forma aberta e saud\u00e1vel, os limites podem mesmo ser os pilares de rela\u00e7\u00f5es felizes, seja com os outros ou connosco mesmos.  Como Mandar \u00e0 Merda n\u00e3o ensina a mandar \u00e0 merda - ensina antes como evitar chegar a esse ponto, ou seja: como comunicar, com os outros e consigo mesmo, de forma eficaz e clara, aquilo de que precisa e aquilo que est\u00e1 disposto a dar, e como criar (e dar) espa\u00e7o para que cada pessoa seja quem \u00e9, evitando imposi\u00e7\u00f5es, abusos, silenciamentos e outros acidentes da estrada da vida.\" \/>\n<meta property=\"og:url\" content=\"https:\/\/livrariasolmar.pt\/produto\/como-mandar-a-merda-de-forma-educada\/\" \/>\n<meta property=\"og:site_name\" content=\"Livraria Solmar - Livraria online\" \/>\n<meta property=\"article:modified_time\" content=\"2025-03-27T18:23:40+00:00\" \/>\n<meta property=\"og:image\" content=\"https:\/\/livrariasolmar.pt\/wp-content\/uploads\/2025\/03\/1540-1.jpg\" \/>\n\t<meta property=\"og:image:width\" content=\"340\" \/>\n\t<meta property=\"og:image:height\" content=\"340\" \/>\n<meta name=\"twitter:card\" content=\"summary_large_image\" \/>\n<script type=\"application\/ld+json\" class=\"yoast-schema-graph\">{\"@context\":\"https:\/\/schema.org\",\"@graph\":[{\"@type\":\"WebSite\",\"@id\":\"https:\/\/livrariasolmar.pt\/#website\",\"url\":\"https:\/\/livrariasolmar.pt\/\",\"name\":\"Livraria Solmar - Livraria online\",\"description\":\"Com\\u00e9rcio Livros E Objetos De Arte, Lda - Ponta Delgada, A\\u00e7ores\",\"potentialAction\":[{\"@type\":\"SearchAction\",\"target\":{\"@type\":\"EntryPoint\",\"urlTemplate\":\"https:\/\/livrariasolmar.pt\/?s={search_term_string}\"},\"query-input\":\"required name=search_term_string\"}],\"inLanguage\":\"en-US\"},{\"@type\":\"ImageObject\",\"@id\":\"https:\/\/livrariasolmar.pt\/produto\/como-mandar-a-merda-de-forma-educada\/#primaryimage\",\"inLanguage\":\"en-US\",\"url\":\"https:\/\/livrariasolmar.pt\/wp-content\/uploads\/2025\/03\/1540-1.jpg\",\"contentUrl\":\"https:\/\/livrariasolmar.pt\/wp-content\/uploads\/2025\/03\/1540-1.jpg\",\"width\":340,\"height\":340},{\"@type\":\"WebPage\",\"@id\":\"https:\/\/livrariasolmar.pt\/produto\/como-mandar-a-merda-de-forma-educada\/#webpage\",\"url\":\"https:\/\/livrariasolmar.pt\/produto\/como-mandar-a-merda-de-forma-educada\/\",\"name\":\"Como Mandar \\u00e0 Merda (De forma educada) - Livraria Solmar - Livraria online\",\"isPartOf\":{\"@id\":\"https:\/\/livrariasolmar.pt\/#website\"},\"primaryImageOfPage\":{\"@id\":\"https:\/\/livrariasolmar.pt\/produto\/como-mandar-a-merda-de-forma-educada\/#primaryimage\"},\"datePublished\":\"2025-03-12T17:00:18+00:00\",\"dateModified\":\"2025-03-27T18:23:40+00:00\",\"breadcrumb\":{\"@id\":\"https:\/\/livrariasolmar.pt\/produto\/como-mandar-a-merda-de-forma-educada\/#breadcrumb\"},\"inLanguage\":\"en-US\",\"potentialAction\":[{\"@type\":\"ReadAction\",\"target\":[\"https:\/\/livrariasolmar.pt\/produto\/como-mandar-a-merda-de-forma-educada\/\"]}]},{\"@type\":\"BreadcrumbList\",\"@id\":\"https:\/\/livrariasolmar.pt\/produto\/como-mandar-a-merda-de-forma-educada\/#breadcrumb\",\"itemListElement\":[{\"@type\":\"ListItem\",\"position\":1,\"name\":\"In\\u00edcio\",\"item\":\"https:\/\/livrariasolmar.pt\/en\/\"},{\"@type\":\"ListItem\",\"position\":2,\"name\":\"Shop\",\"item\":\"https:\/\/livrariasolmar.pt\/en\/shop\/\"},{\"@type\":\"ListItem\",\"position\":3,\"name\":\"Como Mandar \\u00e0 Merda (De forma educada)\"}]}]}<\/script>\n<!-- \/ Yoast SEO plugin. -->","_links":{"self":[{"href":"https:\/\/livrariasolmar.pt\/en\/wp-json\/wp\/v2\/product\/10253"}],"collection":[{"href":"https:\/\/livrariasolmar.pt\/en\/wp-json\/wp\/v2\/product"}],"about":[{"href":"https:\/\/livrariasolmar.pt\/en\/wp-json\/wp\/v2\/types\/product"}],"author":[{"embeddable":true,"href":"https:\/\/livrariasolmar.pt\/en\/wp-json\/wp\/v2\/users\/2"}],"wp:featuredmedia":[{"embeddable":true,"href":"https:\/\/livrariasolmar.pt\/en\/wp-json\/wp\/v2\/media\/10254"}],"wp:attachment":[{"href":"https:\/\/livrariasolmar.pt\/en\/wp-json\/wp\/v2\/media?parent=10253"}],"wp:term":[{"taxonomy":"product_cat","embeddable":true,"href":"https:\/\/livrariasolmar.pt\/en\/wp-json\/wp\/v2\/product_cat?post=10253"},{"taxonomy":"product_tag","embeddable":true,"href":"https:\/\/livrariasolmar.pt\/en\/wp-json\/wp\/v2\/product_tag?post=10253"},{"taxonomy":"cat_produtos","embeddable":true,"href":"https:\/\/livrariasolmar.pt\/en\/wp-json\/wp\/v2\/cat_produtos?post=10253"}],"curies":[{"name":"wp","href":"https:\/\/api.w.org\/{rel}","templated":true}]}}