{"id":10259,"date":"2025-03-12T17:46:45","date_gmt":"2025-03-12T17:46:45","guid":{"rendered":"https:\/\/livrariasolmar.pt\/?post_type=product&#038;p=10259"},"modified":"2025-11-20T20:17:03","modified_gmt":"2025-11-20T20:17:03","slug":"os-quatro-evangelhos-mateus-marcos-lucas-joao","status":"publish","type":"product","link":"https:\/\/livrariasolmar.pt\/en\/produto\/os-quatro-evangelhos-mateus-marcos-lucas-joao\/","title":{"rendered":"Os Quatro Evangelhos: Mateus, Marcos, Lucas, Jo\u00e3o"},"content":{"rendered":"","protected":false},"excerpt":{"rendered":"<p>Por terem sido escritos num grego despretensioso, sem vest\u00edgio da solenidade verbal dos grandes autores hel\u00e9nicos da Antiguidade, \u00e9 prov\u00e1vel que estes quatro textos nem merecessem ao leitor culto da \u00e9poca o alto estatuto de literatura. No entanto, eles conquistaram o mundo antigo, tanto grego como romano, sendo a base do cristianismo e da biografia de Jesus. Lendo-os dois mil anos depois, n\u00e3o \u00e9 dif\u00edcil perceber porqu\u00ea. S\u00e3o textos que &#8211; com a sua mensagem sublime veiculada por palavras cuja beleza desarmante ainda deixa arrepiado quem os leu e releu ao longo de uma vida inteira &#8211; est\u00e3o simplesmente numa categoria \u00e0 parte, pr\u00f3xima da literatura.<\/p>\n<p>Esta nova edi\u00e7\u00e3o traz uma nova proposta, complementar relativamente ao Volume 1 da B\u00edblia que o autor traduziu: dar a ler os Quatro Evangelhos na forma mais pr\u00f3xima poss\u00edvel da que era conhecida pelos primeiros crist\u00e3os. Assim, h\u00e1 muitas pequenas diferen\u00e7as que incidem no texto grego e que v\u00e3o ter reflexo em ajustes necess\u00e1rios \u00e0 tradu\u00e7\u00e3o j\u00e1 publicada.<\/p>\n<p>Esta edi\u00e7\u00e3o bilingue dos Evangelhos segue o manuscrito mais antigo que nos transmite o texto dos Evangelhos, o Codex Vaticanus (do s\u00e9culo IV). Isto permitir\u00e1 aos leitores apreciarem o texto na sua forma mais antiga e mais \u00abpura\u00bb &#8211; em grego e em portugu\u00eas.<\/p>\n","protected":false},"author":2,"featured_media":10260,"template":"","meta":[],"product_cat":[180],"product_tag":[],"cat_produtos":[],"yoast_head":"<!-- This site is optimized with the Yoast SEO plugin v16.6 - https:\/\/yoast.com\/wordpress\/plugins\/seo\/ -->\n<title>Os Quatro Evangelhos: Mateus, Marcos, Lucas, Jo\u00e3o - Livraria Solmar - Livraria online<\/title>\n<meta name=\"robots\" content=\"index, follow, max-snippet:-1, max-image-preview:large, max-video-preview:-1\" \/>\n<link rel=\"canonical\" href=\"https:\/\/livrariasolmar.pt\/en\/produto\/os-quatro-evangelhos-mateus-marcos-lucas-joao\/\" \/>\n<meta property=\"og:locale\" content=\"en_US\" \/>\n<meta property=\"og:type\" content=\"article\" \/>\n<meta property=\"og:title\" content=\"Os Quatro Evangelhos: Mateus, Marcos, Lucas, Jo\u00e3o - Livraria Solmar - Livraria online\" \/>\n<meta property=\"og:description\" content=\"Por terem sido escritos num grego despretensioso, sem vest\u00edgio da solenidade verbal dos grandes autores hel\u00e9nicos da Antiguidade, \u00e9 prov\u00e1vel que estes quatro textos nem merecessem ao leitor culto da \u00e9poca o alto estatuto de literatura. No entanto, eles conquistaram o mundo antigo, tanto grego como romano, sendo a base do cristianismo e da biografia de Jesus. Lendo-os dois mil anos depois, n\u00e3o \u00e9 dif\u00edcil perceber porqu\u00ea. S\u00e3o textos que - com a sua mensagem sublime veiculada por palavras cuja beleza desarmante ainda deixa arrepiado quem os leu e releu ao longo de uma vida inteira - est\u00e3o simplesmente numa categoria \u00e0 parte, pr\u00f3xima da literatura.  Esta nova edi\u00e7\u00e3o traz uma nova proposta, complementar relativamente ao Volume 1 da B\u00edblia que o autor traduziu: dar a ler os Quatro Evangelhos na forma mais pr\u00f3xima poss\u00edvel da que era conhecida pelos primeiros crist\u00e3os. Assim, h\u00e1 muitas pequenas diferen\u00e7as que incidem no texto grego e que v\u00e3o ter reflexo em ajustes necess\u00e1rios \u00e0 tradu\u00e7\u00e3o j\u00e1 publicada.  Esta edi\u00e7\u00e3o bilingue dos Evangelhos segue o manuscrito mais antigo que nos transmite o texto dos Evangelhos, o Codex Vaticanus (do s\u00e9culo IV). Isto permitir\u00e1 aos leitores apreciarem o texto na sua forma mais antiga e mais \u00abpura\u00bb - em grego e em portugu\u00eas.\" \/>\n<meta property=\"og:url\" content=\"https:\/\/livrariasolmar.pt\/produto\/os-quatro-evangelhos-mateus-marcos-lucas-joao\/\" \/>\n<meta property=\"og:site_name\" content=\"Livraria Solmar - Livraria online\" \/>\n<meta property=\"article:modified_time\" content=\"2025-11-20T20:17:03+00:00\" \/>\n<meta property=\"og:image\" content=\"https:\/\/livrariasolmar.pt\/wp-content\/uploads\/2025\/03\/1540-1-3-3.jpg\" \/>\n\t<meta property=\"og:image:width\" content=\"340\" \/>\n\t<meta property=\"og:image:height\" content=\"340\" \/>\n<meta name=\"twitter:card\" content=\"summary_large_image\" \/>\n<script type=\"application\/ld+json\" class=\"yoast-schema-graph\">{\"@context\":\"https:\/\/schema.org\",\"@graph\":[{\"@type\":\"WebSite\",\"@id\":\"https:\/\/livrariasolmar.pt\/#website\",\"url\":\"https:\/\/livrariasolmar.pt\/\",\"name\":\"Livraria Solmar - Livraria online\",\"description\":\"Com\\u00e9rcio Livros E Objetos De Arte, Lda - Ponta Delgada, A\\u00e7ores\",\"potentialAction\":[{\"@type\":\"SearchAction\",\"target\":{\"@type\":\"EntryPoint\",\"urlTemplate\":\"https:\/\/livrariasolmar.pt\/?s={search_term_string}\"},\"query-input\":\"required name=search_term_string\"}],\"inLanguage\":\"en-US\"},{\"@type\":\"ImageObject\",\"@id\":\"https:\/\/livrariasolmar.pt\/produto\/os-quatro-evangelhos-mateus-marcos-lucas-joao\/#primaryimage\",\"inLanguage\":\"en-US\",\"url\":\"https:\/\/livrariasolmar.pt\/wp-content\/uploads\/2025\/03\/1540-1-3-3.jpg\",\"contentUrl\":\"https:\/\/livrariasolmar.pt\/wp-content\/uploads\/2025\/03\/1540-1-3-3.jpg\",\"width\":340,\"height\":340},{\"@type\":\"WebPage\",\"@id\":\"https:\/\/livrariasolmar.pt\/produto\/os-quatro-evangelhos-mateus-marcos-lucas-joao\/#webpage\",\"url\":\"https:\/\/livrariasolmar.pt\/produto\/os-quatro-evangelhos-mateus-marcos-lucas-joao\/\",\"name\":\"Os Quatro Evangelhos: Mateus, Marcos, Lucas, Jo\\u00e3o - Livraria Solmar - Livraria online\",\"isPartOf\":{\"@id\":\"https:\/\/livrariasolmar.pt\/#website\"},\"primaryImageOfPage\":{\"@id\":\"https:\/\/livrariasolmar.pt\/produto\/os-quatro-evangelhos-mateus-marcos-lucas-joao\/#primaryimage\"},\"datePublished\":\"2025-03-12T17:46:45+00:00\",\"dateModified\":\"2025-11-20T20:17:03+00:00\",\"breadcrumb\":{\"@id\":\"https:\/\/livrariasolmar.pt\/produto\/os-quatro-evangelhos-mateus-marcos-lucas-joao\/#breadcrumb\"},\"inLanguage\":\"en-US\",\"potentialAction\":[{\"@type\":\"ReadAction\",\"target\":[\"https:\/\/livrariasolmar.pt\/produto\/os-quatro-evangelhos-mateus-marcos-lucas-joao\/\"]}]},{\"@type\":\"BreadcrumbList\",\"@id\":\"https:\/\/livrariasolmar.pt\/produto\/os-quatro-evangelhos-mateus-marcos-lucas-joao\/#breadcrumb\",\"itemListElement\":[{\"@type\":\"ListItem\",\"position\":1,\"name\":\"In\\u00edcio\",\"item\":\"https:\/\/livrariasolmar.pt\/en\/\"},{\"@type\":\"ListItem\",\"position\":2,\"name\":\"Shop\",\"item\":\"https:\/\/livrariasolmar.pt\/en\/shop\/\"},{\"@type\":\"ListItem\",\"position\":3,\"name\":\"Os Quatro Evangelhos: Mateus, Marcos, Lucas, Jo\\u00e3o\"}]}]}<\/script>\n<!-- \/ Yoast SEO plugin. -->","_links":{"self":[{"href":"https:\/\/livrariasolmar.pt\/en\/wp-json\/wp\/v2\/product\/10259"}],"collection":[{"href":"https:\/\/livrariasolmar.pt\/en\/wp-json\/wp\/v2\/product"}],"about":[{"href":"https:\/\/livrariasolmar.pt\/en\/wp-json\/wp\/v2\/types\/product"}],"author":[{"embeddable":true,"href":"https:\/\/livrariasolmar.pt\/en\/wp-json\/wp\/v2\/users\/2"}],"wp:featuredmedia":[{"embeddable":true,"href":"https:\/\/livrariasolmar.pt\/en\/wp-json\/wp\/v2\/media\/10260"}],"wp:attachment":[{"href":"https:\/\/livrariasolmar.pt\/en\/wp-json\/wp\/v2\/media?parent=10259"}],"wp:term":[{"taxonomy":"product_cat","embeddable":true,"href":"https:\/\/livrariasolmar.pt\/en\/wp-json\/wp\/v2\/product_cat?post=10259"},{"taxonomy":"product_tag","embeddable":true,"href":"https:\/\/livrariasolmar.pt\/en\/wp-json\/wp\/v2\/product_tag?post=10259"},{"taxonomy":"cat_produtos","embeddable":true,"href":"https:\/\/livrariasolmar.pt\/en\/wp-json\/wp\/v2\/cat_produtos?post=10259"}],"curies":[{"name":"wp","href":"https:\/\/api.w.org\/{rel}","templated":true}]}}