{"id":10289,"date":"2025-03-24T17:37:00","date_gmt":"2025-03-24T17:37:00","guid":{"rendered":"https:\/\/livrariasolmar.pt\/?post_type=product&#038;p=10289"},"modified":"2025-11-01T13:16:58","modified_gmt":"2025-11-01T13:16:58","slug":"soneto-da-separacao","status":"publish","type":"product","link":"https:\/\/livrariasolmar.pt\/en\/produto\/soneto-da-separacao\/","title":{"rendered":"Soneto Da Separa\u00e7\u00e3o"},"content":{"rendered":"","protected":false},"excerpt":{"rendered":"<p>Soneto Da Separa\u00e7\u00e3o (Ningu\u00e9m Me D\u00e1 Beijos Como Eu Queria)<\/p>\n<p>Poemas de Daniel Gon\u00e7alves, inspirados no soneto hom\u00f3nimo de Vinicius de Moraes, do qual se fez glosa, volta e furto descarado, descaramento que se estende ao verso de Olavo d\u00b4E\u00e7a Leal, que serve de suspiro a este livro.<\/p>\n<p>Estes poemas apareceram originalmente no inverno e primavera de 2020, tempo de confinamento e estranheza, reanimados copiosamente em 2022 e aditados com o IV andamento e um pren\u00fancio em 2024, conclu\u00eddo, finalmente, com dois desenlaces em 2025, por haver neste mundo um cora\u00e7\u00e3o do qual possuo uma parte.<\/p>\n<p>&nbsp;<\/p>\n","protected":false},"author":2,"featured_media":10290,"template":"","meta":[],"product_cat":[162,200],"product_tag":[],"cat_produtos":[],"yoast_head":"<!-- This site is optimized with the Yoast SEO plugin v16.6 - https:\/\/yoast.com\/wordpress\/plugins\/seo\/ -->\n<title>Soneto Da Separa\u00e7\u00e3o - Livraria Solmar - Livraria online<\/title>\n<meta name=\"robots\" content=\"index, follow, max-snippet:-1, max-image-preview:large, max-video-preview:-1\" \/>\n<link rel=\"canonical\" href=\"https:\/\/livrariasolmar.pt\/en\/produto\/soneto-da-separacao\/\" \/>\n<meta property=\"og:locale\" content=\"en_US\" \/>\n<meta property=\"og:type\" content=\"article\" \/>\n<meta property=\"og:title\" content=\"Soneto Da Separa\u00e7\u00e3o - Livraria Solmar - Livraria online\" \/>\n<meta property=\"og:description\" content=\"Soneto Da Separa\u00e7\u00e3o (Ningu\u00e9m Me D\u00e1 Beijos Como Eu Queria)  Poemas de Daniel Gon\u00e7alves, inspirados no soneto hom\u00f3nimo de Vinicius de Moraes, do qual se fez glosa, volta e furto descarado, descaramento que se estende ao verso de Olavo d\u00b4E\u00e7a Leal, que serve de suspiro a este livro.  Estes poemas apareceram originalmente no inverno e primavera de 2020, tempo de confinamento e estranheza, reanimados copiosamente em 2022 e aditados com o IV andamento e um pren\u00fancio em 2024, conclu\u00eddo, finalmente, com dois desenlaces em 2025, por haver neste mundo um cora\u00e7\u00e3o do qual possuo uma parte.  &nbsp;\" \/>\n<meta property=\"og:url\" content=\"https:\/\/livrariasolmar.pt\/produto\/soneto-da-separacao\/\" \/>\n<meta property=\"og:site_name\" content=\"Livraria Solmar - Livraria online\" \/>\n<meta property=\"article:modified_time\" content=\"2025-11-01T13:16:58+00:00\" \/>\n<meta property=\"og:image\" content=\"https:\/\/livrariasolmar.pt\/wp-content\/uploads\/2025\/03\/479701730_28846700208277681_2445786271665642090_n.jpg\" \/>\n\t<meta property=\"og:image:width\" content=\"750\" \/>\n\t<meta property=\"og:image:height\" content=\"1123\" \/>\n<meta name=\"twitter:card\" content=\"summary_large_image\" \/>\n<script type=\"application\/ld+json\" class=\"yoast-schema-graph\">{\"@context\":\"https:\/\/schema.org\",\"@graph\":[{\"@type\":\"WebSite\",\"@id\":\"https:\/\/livrariasolmar.pt\/#website\",\"url\":\"https:\/\/livrariasolmar.pt\/\",\"name\":\"Livraria Solmar - Livraria online\",\"description\":\"Com\\u00e9rcio Livros E Objetos De Arte, Lda - Ponta Delgada, A\\u00e7ores\",\"potentialAction\":[{\"@type\":\"SearchAction\",\"target\":{\"@type\":\"EntryPoint\",\"urlTemplate\":\"https:\/\/livrariasolmar.pt\/?s={search_term_string}\"},\"query-input\":\"required name=search_term_string\"}],\"inLanguage\":\"en-US\"},{\"@type\":\"ImageObject\",\"@id\":\"https:\/\/livrariasolmar.pt\/produto\/soneto-da-separacao\/#primaryimage\",\"inLanguage\":\"en-US\",\"url\":\"https:\/\/livrariasolmar.pt\/wp-content\/uploads\/2025\/03\/479701730_28846700208277681_2445786271665642090_n.jpg\",\"contentUrl\":\"https:\/\/livrariasolmar.pt\/wp-content\/uploads\/2025\/03\/479701730_28846700208277681_2445786271665642090_n.jpg\",\"width\":750,\"height\":1123},{\"@type\":\"WebPage\",\"@id\":\"https:\/\/livrariasolmar.pt\/produto\/soneto-da-separacao\/#webpage\",\"url\":\"https:\/\/livrariasolmar.pt\/produto\/soneto-da-separacao\/\",\"name\":\"Soneto Da Separa\\u00e7\\u00e3o - Livraria Solmar - Livraria online\",\"isPartOf\":{\"@id\":\"https:\/\/livrariasolmar.pt\/#website\"},\"primaryImageOfPage\":{\"@id\":\"https:\/\/livrariasolmar.pt\/produto\/soneto-da-separacao\/#primaryimage\"},\"datePublished\":\"2025-03-24T17:37:00+00:00\",\"dateModified\":\"2025-11-01T13:16:58+00:00\",\"breadcrumb\":{\"@id\":\"https:\/\/livrariasolmar.pt\/produto\/soneto-da-separacao\/#breadcrumb\"},\"inLanguage\":\"en-US\",\"potentialAction\":[{\"@type\":\"ReadAction\",\"target\":[\"https:\/\/livrariasolmar.pt\/produto\/soneto-da-separacao\/\"]}]},{\"@type\":\"BreadcrumbList\",\"@id\":\"https:\/\/livrariasolmar.pt\/produto\/soneto-da-separacao\/#breadcrumb\",\"itemListElement\":[{\"@type\":\"ListItem\",\"position\":1,\"name\":\"In\\u00edcio\",\"item\":\"https:\/\/livrariasolmar.pt\/en\/\"},{\"@type\":\"ListItem\",\"position\":2,\"name\":\"Shop\",\"item\":\"https:\/\/livrariasolmar.pt\/en\/shop\/\"},{\"@type\":\"ListItem\",\"position\":3,\"name\":\"Soneto Da Separa\\u00e7\\u00e3o\"}]}]}<\/script>\n<!-- \/ Yoast SEO plugin. -->","_links":{"self":[{"href":"https:\/\/livrariasolmar.pt\/en\/wp-json\/wp\/v2\/product\/10289"}],"collection":[{"href":"https:\/\/livrariasolmar.pt\/en\/wp-json\/wp\/v2\/product"}],"about":[{"href":"https:\/\/livrariasolmar.pt\/en\/wp-json\/wp\/v2\/types\/product"}],"author":[{"embeddable":true,"href":"https:\/\/livrariasolmar.pt\/en\/wp-json\/wp\/v2\/users\/2"}],"wp:featuredmedia":[{"embeddable":true,"href":"https:\/\/livrariasolmar.pt\/en\/wp-json\/wp\/v2\/media\/10290"}],"wp:attachment":[{"href":"https:\/\/livrariasolmar.pt\/en\/wp-json\/wp\/v2\/media?parent=10289"}],"wp:term":[{"taxonomy":"product_cat","embeddable":true,"href":"https:\/\/livrariasolmar.pt\/en\/wp-json\/wp\/v2\/product_cat?post=10289"},{"taxonomy":"product_tag","embeddable":true,"href":"https:\/\/livrariasolmar.pt\/en\/wp-json\/wp\/v2\/product_tag?post=10289"},{"taxonomy":"cat_produtos","embeddable":true,"href":"https:\/\/livrariasolmar.pt\/en\/wp-json\/wp\/v2\/cat_produtos?post=10289"}],"curies":[{"name":"wp","href":"https:\/\/api.w.org\/{rel}","templated":true}]}}