{"id":10293,"date":"2025-03-24T18:10:49","date_gmt":"2025-03-24T18:10:49","guid":{"rendered":"https:\/\/livrariasolmar.pt\/?post_type=product&#038;p=10293"},"modified":"2025-08-26T16:14:30","modified_gmt":"2025-08-26T16:14:30","slug":"o-pequeno-tagarelossauro","status":"publish","type":"product","link":"https:\/\/livrariasolmar.pt\/en\/produto\/o-pequeno-tagarelossauro\/","title":{"rendered":"O Pequeno Tagarelossauro"},"content":{"rendered":"","protected":false},"excerpt":{"rendered":"<p>O Tagarelossauro vai partir para uma pequena aventura na selva. E ele tem MUITO a dizer sobre isso. Ele tem, ali\u00e1s, MUITO a dizer sobre TUDO! Ele fala tanto, tanto, que o seu melhor amigo n\u00e3o consegue sequer dizer uma s\u00f3 palavra. Mas, por vezes, n\u00e3o ouvir os outros pode p\u00f4r um dinossauro em grandes apuros\u2026<\/p>\n<p>Ser\u00e1 que o Tagarelossauro conseguir\u00e1 calar-se por um bocadinho, o suficiente para ouvir o que os amigos lhe tentam dizer?<\/p>\n","protected":false},"author":2,"featured_media":10294,"template":"","meta":[],"product_cat":[172],"product_tag":[],"cat_produtos":[],"yoast_head":"<!-- This site is optimized with the Yoast SEO plugin v16.6 - https:\/\/yoast.com\/wordpress\/plugins\/seo\/ -->\n<title>O Pequeno Tagarelossauro - Livraria Solmar - Livraria online<\/title>\n<meta name=\"robots\" content=\"index, follow, max-snippet:-1, max-image-preview:large, max-video-preview:-1\" \/>\n<link rel=\"canonical\" href=\"https:\/\/livrariasolmar.pt\/en\/produto\/o-pequeno-tagarelossauro\/\" \/>\n<meta property=\"og:locale\" content=\"en_US\" \/>\n<meta property=\"og:type\" content=\"article\" \/>\n<meta property=\"og:title\" content=\"O Pequeno Tagarelossauro - Livraria Solmar - Livraria online\" \/>\n<meta property=\"og:description\" content=\"O Tagarelossauro vai partir para uma pequena aventura na selva. E ele tem MUITO a dizer sobre isso. Ele tem, ali\u00e1s, MUITO a dizer sobre TUDO! Ele fala tanto, tanto, que o seu melhor amigo n\u00e3o consegue sequer dizer uma s\u00f3 palavra. Mas, por vezes, n\u00e3o ouvir os outros pode p\u00f4r um dinossauro em grandes apuros\u2026  Ser\u00e1 que o Tagarelossauro conseguir\u00e1 calar-se por um bocadinho, o suficiente para ouvir o que os amigos lhe tentam dizer?\" \/>\n<meta property=\"og:url\" content=\"https:\/\/livrariasolmar.pt\/produto\/o-pequeno-tagarelossauro\/\" \/>\n<meta property=\"og:site_name\" content=\"Livraria Solmar - Livraria online\" \/>\n<meta property=\"article:modified_time\" content=\"2025-08-26T16:14:30+00:00\" \/>\n<meta property=\"og:image\" content=\"https:\/\/livrariasolmar.pt\/wp-content\/uploads\/2025\/03\/1540-1-2.jpg\" \/>\n\t<meta property=\"og:image:width\" content=\"340\" \/>\n\t<meta property=\"og:image:height\" content=\"340\" \/>\n<meta name=\"twitter:card\" content=\"summary_large_image\" \/>\n<script type=\"application\/ld+json\" class=\"yoast-schema-graph\">{\"@context\":\"https:\/\/schema.org\",\"@graph\":[{\"@type\":\"WebSite\",\"@id\":\"https:\/\/livrariasolmar.pt\/#website\",\"url\":\"https:\/\/livrariasolmar.pt\/\",\"name\":\"Livraria Solmar - Livraria online\",\"description\":\"Com\\u00e9rcio Livros E Objetos De Arte, Lda - Ponta Delgada, A\\u00e7ores\",\"potentialAction\":[{\"@type\":\"SearchAction\",\"target\":{\"@type\":\"EntryPoint\",\"urlTemplate\":\"https:\/\/livrariasolmar.pt\/?s={search_term_string}\"},\"query-input\":\"required name=search_term_string\"}],\"inLanguage\":\"en-US\"},{\"@type\":\"ImageObject\",\"@id\":\"https:\/\/livrariasolmar.pt\/produto\/o-pequeno-tagarelossauro\/#primaryimage\",\"inLanguage\":\"en-US\",\"url\":\"https:\/\/livrariasolmar.pt\/wp-content\/uploads\/2025\/03\/1540-1-2.jpg\",\"contentUrl\":\"https:\/\/livrariasolmar.pt\/wp-content\/uploads\/2025\/03\/1540-1-2.jpg\",\"width\":340,\"height\":340},{\"@type\":\"WebPage\",\"@id\":\"https:\/\/livrariasolmar.pt\/produto\/o-pequeno-tagarelossauro\/#webpage\",\"url\":\"https:\/\/livrariasolmar.pt\/produto\/o-pequeno-tagarelossauro\/\",\"name\":\"O Pequeno Tagarelossauro - Livraria Solmar - Livraria online\",\"isPartOf\":{\"@id\":\"https:\/\/livrariasolmar.pt\/#website\"},\"primaryImageOfPage\":{\"@id\":\"https:\/\/livrariasolmar.pt\/produto\/o-pequeno-tagarelossauro\/#primaryimage\"},\"datePublished\":\"2025-03-24T18:10:49+00:00\",\"dateModified\":\"2025-08-26T16:14:30+00:00\",\"breadcrumb\":{\"@id\":\"https:\/\/livrariasolmar.pt\/produto\/o-pequeno-tagarelossauro\/#breadcrumb\"},\"inLanguage\":\"en-US\",\"potentialAction\":[{\"@type\":\"ReadAction\",\"target\":[\"https:\/\/livrariasolmar.pt\/produto\/o-pequeno-tagarelossauro\/\"]}]},{\"@type\":\"BreadcrumbList\",\"@id\":\"https:\/\/livrariasolmar.pt\/produto\/o-pequeno-tagarelossauro\/#breadcrumb\",\"itemListElement\":[{\"@type\":\"ListItem\",\"position\":1,\"name\":\"In\\u00edcio\",\"item\":\"https:\/\/livrariasolmar.pt\/en\/\"},{\"@type\":\"ListItem\",\"position\":2,\"name\":\"Shop\",\"item\":\"https:\/\/livrariasolmar.pt\/en\/shop\/\"},{\"@type\":\"ListItem\",\"position\":3,\"name\":\"O Pequeno Tagarelossauro\"}]}]}<\/script>\n<!-- \/ Yoast SEO plugin. -->","_links":{"self":[{"href":"https:\/\/livrariasolmar.pt\/en\/wp-json\/wp\/v2\/product\/10293"}],"collection":[{"href":"https:\/\/livrariasolmar.pt\/en\/wp-json\/wp\/v2\/product"}],"about":[{"href":"https:\/\/livrariasolmar.pt\/en\/wp-json\/wp\/v2\/types\/product"}],"author":[{"embeddable":true,"href":"https:\/\/livrariasolmar.pt\/en\/wp-json\/wp\/v2\/users\/2"}],"wp:featuredmedia":[{"embeddable":true,"href":"https:\/\/livrariasolmar.pt\/en\/wp-json\/wp\/v2\/media\/10294"}],"wp:attachment":[{"href":"https:\/\/livrariasolmar.pt\/en\/wp-json\/wp\/v2\/media?parent=10293"}],"wp:term":[{"taxonomy":"product_cat","embeddable":true,"href":"https:\/\/livrariasolmar.pt\/en\/wp-json\/wp\/v2\/product_cat?post=10293"},{"taxonomy":"product_tag","embeddable":true,"href":"https:\/\/livrariasolmar.pt\/en\/wp-json\/wp\/v2\/product_tag?post=10293"},{"taxonomy":"cat_produtos","embeddable":true,"href":"https:\/\/livrariasolmar.pt\/en\/wp-json\/wp\/v2\/cat_produtos?post=10293"}],"curies":[{"name":"wp","href":"https:\/\/api.w.org\/{rel}","templated":true}]}}