{"id":10296,"date":"2025-03-25T17:25:19","date_gmt":"2025-03-25T17:25:19","guid":{"rendered":"https:\/\/livrariasolmar.pt\/?post_type=product&#038;p=10296"},"modified":"2025-10-08T17:59:03","modified_gmt":"2025-10-08T17:59:03","slug":"conta-me-tudo","status":"publish","type":"product","link":"https:\/\/livrariasolmar.pt\/en\/produto\/conta-me-tudo\/","title":{"rendered":"Conta-me Tudo"},"content":{"rendered":"","protected":false},"excerpt":{"rendered":"<p>Um encontro surpreendente, amores antigos, amizades recentes e o desejo mais que humano de deixar uma marca no mundo: eis um espantoso romance de Elizabeth Strout.<\/p>\n<p>Talvez nenhum leitor estivesse \u00e0 espera desta partida do destino: Olive Kitteridge e Lucy Barton, as personagens mais ic\u00f3nicas de Elizabeth Strout, conhecem-se finalmente em\u00a0<i>Conta-me tudo<\/i>.<\/p>\n<p>\u00c9 outono na vila de Crosby, no Maine, onde Olive, quase com noventa anos, e Lucy, reconciliada com o ex-marido, enfrentam as agruras do envelhecimento e da solid\u00e3o. Entre as duas, depois de um primeiro encontro aziago, nasce uma inesperada afinidade: trocam hist\u00f3rias de vida, relembram pessoas com quem se cruzaram, partilham mem\u00f3rias distintas e desejos id\u00eanticos, conversam sobre vidas comuns que nunca foram dignas de nota.<\/p>\n<p>Entra em cena tamb\u00e9m Bob Burgess, amigo de Lucy, um atormentado advogado chamado a defender Matthew Beach, homem estranho e solit\u00e1rio, acusado de assassinar a pr\u00f3pria m\u00e3e. Enquanto decorre a investiga\u00e7\u00e3o, Bob e Lucy d\u00e3o longos passeios \u00e0 beira-mar, at\u00e9 ao dia em que, gra\u00e7as a uma das hist\u00f3rias de Olive, percebem que o la\u00e7o que os une \u00e9 mais do que simples amizade. Dilacerados entre o que poderia ser e o que \u00e9, Lucy diz a Bob: \u00abO amor vem sob muitas formas diferentes, mas \u00e9 sempre amor. Amor \u00e9 amor.\u00bb<\/p>\n<p>Com o regresso triunfal de duas personagens maiores que a vida, Elizabeth Strout traz-nos um romance de esperan\u00e7a, empatia e gratid\u00e3o, sobre a for\u00e7a do amor e da amizade, a passagem do tempo e o poder da mem\u00f3ria.\u00a0<i>Conta-me Tudo<\/i>\u00a0\u00e9 a confirma\u00e7\u00e3o de uma escritora incompar\u00e1vel, no dom\u00ednio pleno do seu fulgor liter\u00e1rio.<\/p>\n","protected":false},"author":2,"featured_media":10297,"template":"","meta":[],"product_cat":[153],"product_tag":[],"cat_produtos":[],"yoast_head":"<!-- This site is optimized with the Yoast SEO plugin v16.6 - https:\/\/yoast.com\/wordpress\/plugins\/seo\/ -->\n<title>Conta-me Tudo - Livraria Solmar - Livraria online<\/title>\n<meta name=\"robots\" content=\"index, follow, max-snippet:-1, max-image-preview:large, max-video-preview:-1\" \/>\n<link rel=\"canonical\" href=\"https:\/\/livrariasolmar.pt\/en\/produto\/conta-me-tudo\/\" \/>\n<meta property=\"og:locale\" content=\"en_US\" \/>\n<meta property=\"og:type\" content=\"article\" \/>\n<meta property=\"og:title\" content=\"Conta-me Tudo - Livraria Solmar - Livraria online\" \/>\n<meta property=\"og:description\" content=\"Um encontro surpreendente, amores antigos, amizades recentes e o desejo mais que humano de deixar uma marca no mundo: eis um espantoso romance de Elizabeth Strout.  Talvez nenhum leitor estivesse \u00e0 espera desta partida do destino: Olive Kitteridge e Lucy Barton, as personagens mais ic\u00f3nicas de Elizabeth Strout, conhecem-se finalmente em\u00a0Conta-me tudo.  \u00c9 outono na vila de Crosby, no Maine, onde Olive, quase com noventa anos, e Lucy, reconciliada com o ex-marido, enfrentam as agruras do envelhecimento e da solid\u00e3o. Entre as duas, depois de um primeiro encontro aziago, nasce uma inesperada afinidade: trocam hist\u00f3rias de vida, relembram pessoas com quem se cruzaram, partilham mem\u00f3rias distintas e desejos id\u00eanticos, conversam sobre vidas comuns que nunca foram dignas de nota.  Entra em cena tamb\u00e9m Bob Burgess, amigo de Lucy, um atormentado advogado chamado a defender Matthew Beach, homem estranho e solit\u00e1rio, acusado de assassinar a pr\u00f3pria m\u00e3e. Enquanto decorre a investiga\u00e7\u00e3o, Bob e Lucy d\u00e3o longos passeios \u00e0 beira-mar, at\u00e9 ao dia em que, gra\u00e7as a uma das hist\u00f3rias de Olive, percebem que o la\u00e7o que os une \u00e9 mais do que simples amizade. Dilacerados entre o que poderia ser e o que \u00e9, Lucy diz a Bob: \u00abO amor vem sob muitas formas diferentes, mas \u00e9 sempre amor. Amor \u00e9 amor.\u00bb  Com o regresso triunfal de duas personagens maiores que a vida, Elizabeth Strout traz-nos um romance de esperan\u00e7a, empatia e gratid\u00e3o, sobre a for\u00e7a do amor e da amizade, a passagem do tempo e o poder da mem\u00f3ria.\u00a0Conta-me Tudo\u00a0\u00e9 a confirma\u00e7\u00e3o de uma escritora incompar\u00e1vel, no dom\u00ednio pleno do seu fulgor liter\u00e1rio.\" \/>\n<meta property=\"og:url\" content=\"https:\/\/livrariasolmar.pt\/produto\/conta-me-tudo\/\" \/>\n<meta property=\"og:site_name\" content=\"Livraria Solmar - Livraria online\" \/>\n<meta property=\"article:modified_time\" content=\"2025-10-08T17:59:03+00:00\" \/>\n<meta property=\"og:image\" content=\"https:\/\/livrariasolmar.pt\/wp-content\/uploads\/2025\/03\/1540-1-3-5.jpg\" \/>\n\t<meta property=\"og:image:width\" content=\"340\" \/>\n\t<meta property=\"og:image:height\" content=\"340\" \/>\n<meta name=\"twitter:card\" content=\"summary_large_image\" \/>\n<script type=\"application\/ld+json\" class=\"yoast-schema-graph\">{\"@context\":\"https:\/\/schema.org\",\"@graph\":[{\"@type\":\"WebSite\",\"@id\":\"https:\/\/livrariasolmar.pt\/#website\",\"url\":\"https:\/\/livrariasolmar.pt\/\",\"name\":\"Livraria Solmar - Livraria online\",\"description\":\"Com\\u00e9rcio Livros E Objetos De Arte, Lda - Ponta Delgada, A\\u00e7ores\",\"potentialAction\":[{\"@type\":\"SearchAction\",\"target\":{\"@type\":\"EntryPoint\",\"urlTemplate\":\"https:\/\/livrariasolmar.pt\/?s={search_term_string}\"},\"query-input\":\"required name=search_term_string\"}],\"inLanguage\":\"en-US\"},{\"@type\":\"ImageObject\",\"@id\":\"https:\/\/livrariasolmar.pt\/produto\/conta-me-tudo\/#primaryimage\",\"inLanguage\":\"en-US\",\"url\":\"https:\/\/livrariasolmar.pt\/wp-content\/uploads\/2025\/03\/1540-1-3-5.jpg\",\"contentUrl\":\"https:\/\/livrariasolmar.pt\/wp-content\/uploads\/2025\/03\/1540-1-3-5.jpg\",\"width\":340,\"height\":340},{\"@type\":\"WebPage\",\"@id\":\"https:\/\/livrariasolmar.pt\/produto\/conta-me-tudo\/#webpage\",\"url\":\"https:\/\/livrariasolmar.pt\/produto\/conta-me-tudo\/\",\"name\":\"Conta-me Tudo - Livraria Solmar - Livraria online\",\"isPartOf\":{\"@id\":\"https:\/\/livrariasolmar.pt\/#website\"},\"primaryImageOfPage\":{\"@id\":\"https:\/\/livrariasolmar.pt\/produto\/conta-me-tudo\/#primaryimage\"},\"datePublished\":\"2025-03-25T17:25:19+00:00\",\"dateModified\":\"2025-10-08T17:59:03+00:00\",\"breadcrumb\":{\"@id\":\"https:\/\/livrariasolmar.pt\/produto\/conta-me-tudo\/#breadcrumb\"},\"inLanguage\":\"en-US\",\"potentialAction\":[{\"@type\":\"ReadAction\",\"target\":[\"https:\/\/livrariasolmar.pt\/produto\/conta-me-tudo\/\"]}]},{\"@type\":\"BreadcrumbList\",\"@id\":\"https:\/\/livrariasolmar.pt\/produto\/conta-me-tudo\/#breadcrumb\",\"itemListElement\":[{\"@type\":\"ListItem\",\"position\":1,\"name\":\"In\\u00edcio\",\"item\":\"https:\/\/livrariasolmar.pt\/en\/\"},{\"@type\":\"ListItem\",\"position\":2,\"name\":\"Shop\",\"item\":\"https:\/\/livrariasolmar.pt\/en\/shop\/\"},{\"@type\":\"ListItem\",\"position\":3,\"name\":\"Conta-me Tudo\"}]}]}<\/script>\n<!-- \/ Yoast SEO plugin. -->","_links":{"self":[{"href":"https:\/\/livrariasolmar.pt\/en\/wp-json\/wp\/v2\/product\/10296"}],"collection":[{"href":"https:\/\/livrariasolmar.pt\/en\/wp-json\/wp\/v2\/product"}],"about":[{"href":"https:\/\/livrariasolmar.pt\/en\/wp-json\/wp\/v2\/types\/product"}],"author":[{"embeddable":true,"href":"https:\/\/livrariasolmar.pt\/en\/wp-json\/wp\/v2\/users\/2"}],"wp:featuredmedia":[{"embeddable":true,"href":"https:\/\/livrariasolmar.pt\/en\/wp-json\/wp\/v2\/media\/10297"}],"wp:attachment":[{"href":"https:\/\/livrariasolmar.pt\/en\/wp-json\/wp\/v2\/media?parent=10296"}],"wp:term":[{"taxonomy":"product_cat","embeddable":true,"href":"https:\/\/livrariasolmar.pt\/en\/wp-json\/wp\/v2\/product_cat?post=10296"},{"taxonomy":"product_tag","embeddable":true,"href":"https:\/\/livrariasolmar.pt\/en\/wp-json\/wp\/v2\/product_tag?post=10296"},{"taxonomy":"cat_produtos","embeddable":true,"href":"https:\/\/livrariasolmar.pt\/en\/wp-json\/wp\/v2\/cat_produtos?post=10296"}],"curies":[{"name":"wp","href":"https:\/\/api.w.org\/{rel}","templated":true}]}}