{"id":10302,"date":"2025-03-25T18:01:53","date_gmt":"2025-03-25T18:01:53","guid":{"rendered":"https:\/\/livrariasolmar.pt\/?post_type=product&#038;p=10302"},"modified":"2025-11-15T20:18:06","modified_gmt":"2025-11-15T20:18:06","slug":"spiral-espiral-do-amor","status":"publish","type":"product","link":"https:\/\/livrariasolmar.pt\/en\/produto\/spiral-espiral-do-amor\/","title":{"rendered":"Spiral &#8211; Espiral do Amor"},"content":{"rendered":"","protected":false},"excerpt":{"rendered":"<p>Ele est\u00e1 no limite enquanto ela est\u00e1 en pointe neste romance de namoros falsos da autora bestseller de Collide.<\/p>\n<p>Elias Westbrook, um jogador de h\u00f3quei rec\u00e9m-contratado para os Toronto Thunder, enfrenta os desafios da fama e do escrut\u00ednio dos media. Com uma crescente base de f\u00e3s e demasiadas expetativas sobre ele, Elias luta para marcar o primeiro golo da sua carreira, mas os tabloides n\u00e3o o largam e noticiam todos os seus movimentos, incluindo a mulher com quem foi visto pela \u00faltima vez&#8230;<br \/>\nTudo o que quer \u00e9 escapar aos holofotes.<\/p>\n<p>Sage Beaumont tem o problema oposto. Como bailarina que aspira entrar para o Nova Ballet Theatre, a sua falta de popularidade online deixa-a em grande desvantagem para garantir o papel principal.<\/p>\n<p>Mas, quando Sage depara com a oportunidade perfeita de concretizar os seus sonhos aceitando namorar com Elias, ela arrisca.<\/p>\n<p>Em pouco tempo, as fr\u00e1geis regras do namoro falso que estabeleceram caem por terra perante a sua liga\u00e7\u00e3o escaldante.<\/p>\n<p>Por\u00e9m, antes que as coisas fiquem fora de controlo, Sage e Elias ter\u00e3o de decidir se est\u00e3o dispostos a dar o salto juntos ou se v\u00e3o desistir.<\/p>\n<p>Com cenas picantes de tirar o f\u00f4lego, Spiral \u00e9 o romance New Adult desportivo que te faltava ler.<\/p>\n","protected":false},"author":2,"featured_media":10303,"template":"","meta":[],"product_cat":[477],"product_tag":[],"cat_produtos":[],"yoast_head":"<!-- This site is optimized with the Yoast SEO plugin v16.6 - https:\/\/yoast.com\/wordpress\/plugins\/seo\/ -->\n<title>Spiral - Espiral do Amor - Livraria Solmar - Livraria online<\/title>\n<meta name=\"robots\" content=\"index, follow, max-snippet:-1, max-image-preview:large, max-video-preview:-1\" \/>\n<link rel=\"canonical\" href=\"https:\/\/livrariasolmar.pt\/en\/produto\/spiral-espiral-do-amor\/\" \/>\n<meta property=\"og:locale\" content=\"en_US\" \/>\n<meta property=\"og:type\" content=\"article\" \/>\n<meta property=\"og:title\" content=\"Spiral - Espiral do Amor - Livraria Solmar - Livraria online\" \/>\n<meta property=\"og:description\" content=\"Ele est\u00e1 no limite enquanto ela est\u00e1 en pointe neste romance de namoros falsos da autora bestseller de Collide.  Elias Westbrook, um jogador de h\u00f3quei rec\u00e9m-contratado para os Toronto Thunder, enfrenta os desafios da fama e do escrut\u00ednio dos media. Com uma crescente base de f\u00e3s e demasiadas expetativas sobre ele, Elias luta para marcar o primeiro golo da sua carreira, mas os tabloides n\u00e3o o largam e noticiam todos os seus movimentos, incluindo a mulher com quem foi visto pela \u00faltima vez... Tudo o que quer \u00e9 escapar aos holofotes.  Sage Beaumont tem o problema oposto. Como bailarina que aspira entrar para o Nova Ballet Theatre, a sua falta de popularidade online deixa-a em grande desvantagem para garantir o papel principal.  Mas, quando Sage depara com a oportunidade perfeita de concretizar os seus sonhos aceitando namorar com Elias, ela arrisca.  Em pouco tempo, as fr\u00e1geis regras do namoro falso que estabeleceram caem por terra perante a sua liga\u00e7\u00e3o escaldante.  Por\u00e9m, antes que as coisas fiquem fora de controlo, Sage e Elias ter\u00e3o de decidir se est\u00e3o dispostos a dar o salto juntos ou se v\u00e3o desistir.  Com cenas picantes de tirar o f\u00f4lego, Spiral \u00e9 o romance New Adult desportivo que te faltava ler.\" \/>\n<meta property=\"og:url\" content=\"https:\/\/livrariasolmar.pt\/produto\/spiral-espiral-do-amor\/\" \/>\n<meta property=\"og:site_name\" content=\"Livraria Solmar - Livraria online\" \/>\n<meta property=\"article:modified_time\" content=\"2025-11-15T20:18:06+00:00\" \/>\n<meta property=\"og:image\" content=\"https:\/\/livrariasolmar.pt\/wp-content\/uploads\/2025\/03\/1540-1-5.jpg\" \/>\n\t<meta property=\"og:image:width\" content=\"340\" \/>\n\t<meta property=\"og:image:height\" content=\"340\" \/>\n<meta name=\"twitter:card\" content=\"summary_large_image\" \/>\n<script type=\"application\/ld+json\" class=\"yoast-schema-graph\">{\"@context\":\"https:\/\/schema.org\",\"@graph\":[{\"@type\":\"WebSite\",\"@id\":\"https:\/\/livrariasolmar.pt\/#website\",\"url\":\"https:\/\/livrariasolmar.pt\/\",\"name\":\"Livraria Solmar - Livraria online\",\"description\":\"Com\\u00e9rcio Livros E Objetos De Arte, Lda - Ponta Delgada, A\\u00e7ores\",\"potentialAction\":[{\"@type\":\"SearchAction\",\"target\":{\"@type\":\"EntryPoint\",\"urlTemplate\":\"https:\/\/livrariasolmar.pt\/?s={search_term_string}\"},\"query-input\":\"required name=search_term_string\"}],\"inLanguage\":\"en-US\"},{\"@type\":\"ImageObject\",\"@id\":\"https:\/\/livrariasolmar.pt\/produto\/spiral-espiral-do-amor\/#primaryimage\",\"inLanguage\":\"en-US\",\"url\":\"https:\/\/livrariasolmar.pt\/wp-content\/uploads\/2025\/03\/1540-1-5.jpg\",\"contentUrl\":\"https:\/\/livrariasolmar.pt\/wp-content\/uploads\/2025\/03\/1540-1-5.jpg\",\"width\":340,\"height\":340},{\"@type\":\"WebPage\",\"@id\":\"https:\/\/livrariasolmar.pt\/produto\/spiral-espiral-do-amor\/#webpage\",\"url\":\"https:\/\/livrariasolmar.pt\/produto\/spiral-espiral-do-amor\/\",\"name\":\"Spiral - Espiral do Amor - Livraria Solmar - Livraria online\",\"isPartOf\":{\"@id\":\"https:\/\/livrariasolmar.pt\/#website\"},\"primaryImageOfPage\":{\"@id\":\"https:\/\/livrariasolmar.pt\/produto\/spiral-espiral-do-amor\/#primaryimage\"},\"datePublished\":\"2025-03-25T18:01:53+00:00\",\"dateModified\":\"2025-11-15T20:18:06+00:00\",\"breadcrumb\":{\"@id\":\"https:\/\/livrariasolmar.pt\/produto\/spiral-espiral-do-amor\/#breadcrumb\"},\"inLanguage\":\"en-US\",\"potentialAction\":[{\"@type\":\"ReadAction\",\"target\":[\"https:\/\/livrariasolmar.pt\/produto\/spiral-espiral-do-amor\/\"]}]},{\"@type\":\"BreadcrumbList\",\"@id\":\"https:\/\/livrariasolmar.pt\/produto\/spiral-espiral-do-amor\/#breadcrumb\",\"itemListElement\":[{\"@type\":\"ListItem\",\"position\":1,\"name\":\"In\\u00edcio\",\"item\":\"https:\/\/livrariasolmar.pt\/en\/\"},{\"@type\":\"ListItem\",\"position\":2,\"name\":\"Shop\",\"item\":\"https:\/\/livrariasolmar.pt\/en\/shop\/\"},{\"@type\":\"ListItem\",\"position\":3,\"name\":\"Spiral &#8211; Espiral do Amor\"}]}]}<\/script>\n<!-- \/ Yoast SEO plugin. -->","_links":{"self":[{"href":"https:\/\/livrariasolmar.pt\/en\/wp-json\/wp\/v2\/product\/10302"}],"collection":[{"href":"https:\/\/livrariasolmar.pt\/en\/wp-json\/wp\/v2\/product"}],"about":[{"href":"https:\/\/livrariasolmar.pt\/en\/wp-json\/wp\/v2\/types\/product"}],"author":[{"embeddable":true,"href":"https:\/\/livrariasolmar.pt\/en\/wp-json\/wp\/v2\/users\/2"}],"wp:featuredmedia":[{"embeddable":true,"href":"https:\/\/livrariasolmar.pt\/en\/wp-json\/wp\/v2\/media\/10303"}],"wp:attachment":[{"href":"https:\/\/livrariasolmar.pt\/en\/wp-json\/wp\/v2\/media?parent=10302"}],"wp:term":[{"taxonomy":"product_cat","embeddable":true,"href":"https:\/\/livrariasolmar.pt\/en\/wp-json\/wp\/v2\/product_cat?post=10302"},{"taxonomy":"product_tag","embeddable":true,"href":"https:\/\/livrariasolmar.pt\/en\/wp-json\/wp\/v2\/product_tag?post=10302"},{"taxonomy":"cat_produtos","embeddable":true,"href":"https:\/\/livrariasolmar.pt\/en\/wp-json\/wp\/v2\/cat_produtos?post=10302"}],"curies":[{"name":"wp","href":"https:\/\/api.w.org\/{rel}","templated":true}]}}