{"id":10311,"date":"2025-03-25T18:34:24","date_gmt":"2025-03-25T18:34:24","guid":{"rendered":"https:\/\/livrariasolmar.pt\/?post_type=product&#038;p=10311"},"modified":"2025-11-29T17:47:16","modified_gmt":"2025-11-29T17:47:16","slug":"toquio-express","status":"publish","type":"product","link":"https:\/\/livrariasolmar.pt\/en\/produto\/toquio-express\/","title":{"rendered":"T\u00f3quio Express"},"content":{"rendered":"","protected":false},"excerpt":{"rendered":"<p>Do mestre do mist\u00e9rio japon\u00eas, pela primeira vez publicado em Portugal, uma hist\u00f3ria meticulosamente imaginada.<\/p>\n<p>Na Ba\u00eda Hakata, numa enseada rochosa, jazem os corpos de um homem e de uma mulher. \u00c0 primeira luz do dia, a beleza dos dois jovens deitados lado a lado e a cor brilhante do rosto &#8211; cianeto? &#8211; nada mais inspira \u00e0 pol\u00edcia do que tr\u00eas palavras: suic\u00eddio por amor. Os agentes de Fukuoka sentem-se desapontados: se n\u00e3o vai haver investiga\u00e7\u00e3o, n\u00e3o haver\u00e1 culpado. Mas aos olhos de Torigai Jutaro, um inspetor que j\u00e1 leva muitos anos de trabalho &#8211; pelo menos tantos quantos a sua roupa envelhecida parece ter -, e aos de Mihara Kiichi, o seu jovem colega, aquela cena tem qualquer coisa de estranho. E \u00e9 ent\u00e3o que os dois puxam o primeiro fio de um novelo que esconde a verdade sob camadas de preconceitos, esquemas bizarros e uma trama t\u00e3o bem urdida que s\u00f3 pode ter sido elaborada por uma mente diab\u00f3lica, assente num dispositivo t\u00e3o simples quanto incr\u00edvel: hor\u00e1rios e nomes de\u2026 comboios.<\/p>\n<p>Considerado unanimemente como a obra-prima de Matsumoto, o mestre do mist\u00e9rio japon\u00eas, T\u00f3quio Express \u00e9 um romance que junta o melhor do noir com o charme obsessivo de uma escrita meticulosa, em que cada pormenor tem a medida certa, nada \u00e9 excessivo ou nos aparece ao acaso, e somos levados por uma suave e envolvente sedu\u00e7\u00e3o. Se h\u00e1 puzzles perfeitos, esta hist\u00f3ria \u00e9 uma das suas melhores ilustra\u00e7\u00f5es.<\/p>\n","protected":false},"author":2,"featured_media":10312,"template":"","meta":[],"product_cat":[153,588],"product_tag":[],"cat_produtos":[],"yoast_head":"<!-- This site is optimized with the Yoast SEO plugin v16.6 - https:\/\/yoast.com\/wordpress\/plugins\/seo\/ -->\n<title>T\u00f3quio Express - Livraria Solmar - Livraria online<\/title>\n<meta name=\"robots\" content=\"index, follow, max-snippet:-1, max-image-preview:large, max-video-preview:-1\" \/>\n<link rel=\"canonical\" href=\"https:\/\/livrariasolmar.pt\/en\/produto\/toquio-express\/\" \/>\n<meta property=\"og:locale\" content=\"en_US\" \/>\n<meta property=\"og:type\" content=\"article\" \/>\n<meta property=\"og:title\" content=\"T\u00f3quio Express - Livraria Solmar - Livraria online\" \/>\n<meta property=\"og:description\" content=\"Do mestre do mist\u00e9rio japon\u00eas, pela primeira vez publicado em Portugal, uma hist\u00f3ria meticulosamente imaginada.  Na Ba\u00eda Hakata, numa enseada rochosa, jazem os corpos de um homem e de uma mulher. \u00c0 primeira luz do dia, a beleza dos dois jovens deitados lado a lado e a cor brilhante do rosto - cianeto? - nada mais inspira \u00e0 pol\u00edcia do que tr\u00eas palavras: suic\u00eddio por amor. Os agentes de Fukuoka sentem-se desapontados: se n\u00e3o vai haver investiga\u00e7\u00e3o, n\u00e3o haver\u00e1 culpado. Mas aos olhos de Torigai Jutaro, um inspetor que j\u00e1 leva muitos anos de trabalho - pelo menos tantos quantos a sua roupa envelhecida parece ter -, e aos de Mihara Kiichi, o seu jovem colega, aquela cena tem qualquer coisa de estranho. E \u00e9 ent\u00e3o que os dois puxam o primeiro fio de um novelo que esconde a verdade sob camadas de preconceitos, esquemas bizarros e uma trama t\u00e3o bem urdida que s\u00f3 pode ter sido elaborada por uma mente diab\u00f3lica, assente num dispositivo t\u00e3o simples quanto incr\u00edvel: hor\u00e1rios e nomes de\u2026 comboios.  Considerado unanimemente como a obra-prima de Matsumoto, o mestre do mist\u00e9rio japon\u00eas, T\u00f3quio Express \u00e9 um romance que junta o melhor do noir com o charme obsessivo de uma escrita meticulosa, em que cada pormenor tem a medida certa, nada \u00e9 excessivo ou nos aparece ao acaso, e somos levados por uma suave e envolvente sedu\u00e7\u00e3o. Se h\u00e1 puzzles perfeitos, esta hist\u00f3ria \u00e9 uma das suas melhores ilustra\u00e7\u00f5es.\" \/>\n<meta property=\"og:url\" content=\"https:\/\/livrariasolmar.pt\/produto\/toquio-express\/\" \/>\n<meta property=\"og:site_name\" content=\"Livraria Solmar - Livraria online\" \/>\n<meta property=\"article:modified_time\" content=\"2025-11-29T17:47:16+00:00\" \/>\n<meta property=\"og:image\" content=\"https:\/\/livrariasolmar.pt\/wp-content\/uploads\/2025\/03\/1540-1-3-6.jpg\" \/>\n\t<meta property=\"og:image:width\" content=\"340\" \/>\n\t<meta property=\"og:image:height\" content=\"340\" \/>\n<meta name=\"twitter:card\" content=\"summary_large_image\" \/>\n<script type=\"application\/ld+json\" class=\"yoast-schema-graph\">{\"@context\":\"https:\/\/schema.org\",\"@graph\":[{\"@type\":\"WebSite\",\"@id\":\"https:\/\/livrariasolmar.pt\/#website\",\"url\":\"https:\/\/livrariasolmar.pt\/\",\"name\":\"Livraria Solmar - Livraria online\",\"description\":\"Com\\u00e9rcio Livros E Objetos De Arte, Lda - Ponta Delgada, A\\u00e7ores\",\"potentialAction\":[{\"@type\":\"SearchAction\",\"target\":{\"@type\":\"EntryPoint\",\"urlTemplate\":\"https:\/\/livrariasolmar.pt\/?s={search_term_string}\"},\"query-input\":\"required name=search_term_string\"}],\"inLanguage\":\"en-US\"},{\"@type\":\"ImageObject\",\"@id\":\"https:\/\/livrariasolmar.pt\/produto\/toquio-express\/#primaryimage\",\"inLanguage\":\"en-US\",\"url\":\"https:\/\/livrariasolmar.pt\/wp-content\/uploads\/2025\/03\/1540-1-3-6.jpg\",\"contentUrl\":\"https:\/\/livrariasolmar.pt\/wp-content\/uploads\/2025\/03\/1540-1-3-6.jpg\",\"width\":340,\"height\":340},{\"@type\":\"WebPage\",\"@id\":\"https:\/\/livrariasolmar.pt\/produto\/toquio-express\/#webpage\",\"url\":\"https:\/\/livrariasolmar.pt\/produto\/toquio-express\/\",\"name\":\"T\\u00f3quio Express - Livraria Solmar - Livraria online\",\"isPartOf\":{\"@id\":\"https:\/\/livrariasolmar.pt\/#website\"},\"primaryImageOfPage\":{\"@id\":\"https:\/\/livrariasolmar.pt\/produto\/toquio-express\/#primaryimage\"},\"datePublished\":\"2025-03-25T18:34:24+00:00\",\"dateModified\":\"2025-11-29T17:47:16+00:00\",\"breadcrumb\":{\"@id\":\"https:\/\/livrariasolmar.pt\/produto\/toquio-express\/#breadcrumb\"},\"inLanguage\":\"en-US\",\"potentialAction\":[{\"@type\":\"ReadAction\",\"target\":[\"https:\/\/livrariasolmar.pt\/produto\/toquio-express\/\"]}]},{\"@type\":\"BreadcrumbList\",\"@id\":\"https:\/\/livrariasolmar.pt\/produto\/toquio-express\/#breadcrumb\",\"itemListElement\":[{\"@type\":\"ListItem\",\"position\":1,\"name\":\"In\\u00edcio\",\"item\":\"https:\/\/livrariasolmar.pt\/en\/\"},{\"@type\":\"ListItem\",\"position\":2,\"name\":\"Shop\",\"item\":\"https:\/\/livrariasolmar.pt\/en\/shop\/\"},{\"@type\":\"ListItem\",\"position\":3,\"name\":\"T\\u00f3quio Express\"}]}]}<\/script>\n<!-- \/ Yoast SEO plugin. -->","_links":{"self":[{"href":"https:\/\/livrariasolmar.pt\/en\/wp-json\/wp\/v2\/product\/10311"}],"collection":[{"href":"https:\/\/livrariasolmar.pt\/en\/wp-json\/wp\/v2\/product"}],"about":[{"href":"https:\/\/livrariasolmar.pt\/en\/wp-json\/wp\/v2\/types\/product"}],"author":[{"embeddable":true,"href":"https:\/\/livrariasolmar.pt\/en\/wp-json\/wp\/v2\/users\/2"}],"wp:featuredmedia":[{"embeddable":true,"href":"https:\/\/livrariasolmar.pt\/en\/wp-json\/wp\/v2\/media\/10312"}],"wp:attachment":[{"href":"https:\/\/livrariasolmar.pt\/en\/wp-json\/wp\/v2\/media?parent=10311"}],"wp:term":[{"taxonomy":"product_cat","embeddable":true,"href":"https:\/\/livrariasolmar.pt\/en\/wp-json\/wp\/v2\/product_cat?post=10311"},{"taxonomy":"product_tag","embeddable":true,"href":"https:\/\/livrariasolmar.pt\/en\/wp-json\/wp\/v2\/product_tag?post=10311"},{"taxonomy":"cat_produtos","embeddable":true,"href":"https:\/\/livrariasolmar.pt\/en\/wp-json\/wp\/v2\/cat_produtos?post=10311"}],"curies":[{"name":"wp","href":"https:\/\/api.w.org\/{rel}","templated":true}]}}