{"id":10350,"date":"2025-04-10T17:36:24","date_gmt":"2025-04-10T17:36:24","guid":{"rendered":"https:\/\/livrariasolmar.pt\/?post_type=product&#038;p=10350"},"modified":"2025-06-09T14:23:36","modified_gmt":"2025-06-09T14:23:36","slug":"pedrito-coelho-a-caca-ao-tesouro-na-floresta","status":"publish","type":"product","link":"https:\/\/livrariasolmar.pt\/en\/produto\/pedrito-coelho-a-caca-ao-tesouro-na-floresta\/","title":{"rendered":"Pedrito Coelho &#8211; A Ca\u00e7a ao Tesouro na Floresta"},"content":{"rendered":"","protected":false},"excerpt":{"rendered":"<p>O Pedrito e as irm\u00e3s est\u00e3o com muita vontade de ir brincar fora da toca, mas uma tempestade levou os seus brinquedos pelos ares! Ser\u00e1 que conseguem encontrar tudo o que se perdeu? Junta-te ao Pedrito e \u00e0s suas irm\u00e3s nesta doce aventura, com muitas abas para levantar!<\/p>\n","protected":false},"author":2,"featured_media":10351,"template":"","meta":[],"product_cat":[172],"product_tag":[],"cat_produtos":[],"yoast_head":"<!-- This site is optimized with the Yoast SEO plugin v16.6 - https:\/\/yoast.com\/wordpress\/plugins\/seo\/ -->\n<title>Pedrito Coelho - A Ca\u00e7a ao Tesouro na Floresta - Livraria Solmar - Livraria online<\/title>\n<meta name=\"robots\" content=\"index, follow, max-snippet:-1, max-image-preview:large, max-video-preview:-1\" \/>\n<link rel=\"canonical\" href=\"https:\/\/livrariasolmar.pt\/en\/produto\/pedrito-coelho-a-caca-ao-tesouro-na-floresta\/\" \/>\n<meta property=\"og:locale\" content=\"en_US\" \/>\n<meta property=\"og:type\" content=\"article\" \/>\n<meta property=\"og:title\" content=\"Pedrito Coelho - A Ca\u00e7a ao Tesouro na Floresta - Livraria Solmar - Livraria online\" \/>\n<meta property=\"og:description\" content=\"O Pedrito e as irm\u00e3s est\u00e3o com muita vontade de ir brincar fora da toca, mas uma tempestade levou os seus brinquedos pelos ares! Ser\u00e1 que conseguem encontrar tudo o que se perdeu? Junta-te ao Pedrito e \u00e0s suas irm\u00e3s nesta doce aventura, com muitas abas para levantar!\" \/>\n<meta property=\"og:url\" content=\"https:\/\/livrariasolmar.pt\/produto\/pedrito-coelho-a-caca-ao-tesouro-na-floresta\/\" \/>\n<meta property=\"og:site_name\" content=\"Livraria Solmar - Livraria online\" \/>\n<meta property=\"article:modified_time\" content=\"2025-06-09T14:23:36+00:00\" \/>\n<meta property=\"og:image\" content=\"https:\/\/livrariasolmar.pt\/wp-content\/uploads\/2025\/04\/1540-1.jpg\" \/>\n\t<meta property=\"og:image:width\" content=\"340\" \/>\n\t<meta property=\"og:image:height\" content=\"340\" \/>\n<meta name=\"twitter:card\" content=\"summary_large_image\" \/>\n<script type=\"application\/ld+json\" class=\"yoast-schema-graph\">{\"@context\":\"https:\/\/schema.org\",\"@graph\":[{\"@type\":\"WebSite\",\"@id\":\"https:\/\/livrariasolmar.pt\/#website\",\"url\":\"https:\/\/livrariasolmar.pt\/\",\"name\":\"Livraria Solmar - Livraria online\",\"description\":\"Com\\u00e9rcio Livros E Objetos De Arte, Lda - Ponta Delgada, A\\u00e7ores\",\"potentialAction\":[{\"@type\":\"SearchAction\",\"target\":{\"@type\":\"EntryPoint\",\"urlTemplate\":\"https:\/\/livrariasolmar.pt\/?s={search_term_string}\"},\"query-input\":\"required name=search_term_string\"}],\"inLanguage\":\"en-US\"},{\"@type\":\"ImageObject\",\"@id\":\"https:\/\/livrariasolmar.pt\/produto\/pedrito-coelho-a-caca-ao-tesouro-na-floresta\/#primaryimage\",\"inLanguage\":\"en-US\",\"url\":\"https:\/\/livrariasolmar.pt\/wp-content\/uploads\/2025\/04\/1540-1.jpg\",\"contentUrl\":\"https:\/\/livrariasolmar.pt\/wp-content\/uploads\/2025\/04\/1540-1.jpg\",\"width\":340,\"height\":340},{\"@type\":\"WebPage\",\"@id\":\"https:\/\/livrariasolmar.pt\/produto\/pedrito-coelho-a-caca-ao-tesouro-na-floresta\/#webpage\",\"url\":\"https:\/\/livrariasolmar.pt\/produto\/pedrito-coelho-a-caca-ao-tesouro-na-floresta\/\",\"name\":\"Pedrito Coelho - A Ca\\u00e7a ao Tesouro na Floresta - Livraria Solmar - Livraria online\",\"isPartOf\":{\"@id\":\"https:\/\/livrariasolmar.pt\/#website\"},\"primaryImageOfPage\":{\"@id\":\"https:\/\/livrariasolmar.pt\/produto\/pedrito-coelho-a-caca-ao-tesouro-na-floresta\/#primaryimage\"},\"datePublished\":\"2025-04-10T17:36:24+00:00\",\"dateModified\":\"2025-06-09T14:23:36+00:00\",\"breadcrumb\":{\"@id\":\"https:\/\/livrariasolmar.pt\/produto\/pedrito-coelho-a-caca-ao-tesouro-na-floresta\/#breadcrumb\"},\"inLanguage\":\"en-US\",\"potentialAction\":[{\"@type\":\"ReadAction\",\"target\":[\"https:\/\/livrariasolmar.pt\/produto\/pedrito-coelho-a-caca-ao-tesouro-na-floresta\/\"]}]},{\"@type\":\"BreadcrumbList\",\"@id\":\"https:\/\/livrariasolmar.pt\/produto\/pedrito-coelho-a-caca-ao-tesouro-na-floresta\/#breadcrumb\",\"itemListElement\":[{\"@type\":\"ListItem\",\"position\":1,\"name\":\"In\\u00edcio\",\"item\":\"https:\/\/livrariasolmar.pt\/en\/\"},{\"@type\":\"ListItem\",\"position\":2,\"name\":\"Shop\",\"item\":\"https:\/\/livrariasolmar.pt\/en\/shop\/\"},{\"@type\":\"ListItem\",\"position\":3,\"name\":\"Pedrito Coelho &#8211; A Ca\\u00e7a ao Tesouro na Floresta\"}]}]}<\/script>\n<!-- \/ Yoast SEO plugin. -->","_links":{"self":[{"href":"https:\/\/livrariasolmar.pt\/en\/wp-json\/wp\/v2\/product\/10350"}],"collection":[{"href":"https:\/\/livrariasolmar.pt\/en\/wp-json\/wp\/v2\/product"}],"about":[{"href":"https:\/\/livrariasolmar.pt\/en\/wp-json\/wp\/v2\/types\/product"}],"author":[{"embeddable":true,"href":"https:\/\/livrariasolmar.pt\/en\/wp-json\/wp\/v2\/users\/2"}],"wp:featuredmedia":[{"embeddable":true,"href":"https:\/\/livrariasolmar.pt\/en\/wp-json\/wp\/v2\/media\/10351"}],"wp:attachment":[{"href":"https:\/\/livrariasolmar.pt\/en\/wp-json\/wp\/v2\/media?parent=10350"}],"wp:term":[{"taxonomy":"product_cat","embeddable":true,"href":"https:\/\/livrariasolmar.pt\/en\/wp-json\/wp\/v2\/product_cat?post=10350"},{"taxonomy":"product_tag","embeddable":true,"href":"https:\/\/livrariasolmar.pt\/en\/wp-json\/wp\/v2\/product_tag?post=10350"},{"taxonomy":"cat_produtos","embeddable":true,"href":"https:\/\/livrariasolmar.pt\/en\/wp-json\/wp\/v2\/cat_produtos?post=10350"}],"curies":[{"name":"wp","href":"https:\/\/api.w.org\/{rel}","templated":true}]}}