{"id":10383,"date":"2025-06-07T17:16:43","date_gmt":"2025-06-07T17:16:43","guid":{"rendered":"https:\/\/livrariasolmar.pt\/?post_type=product&#038;p=10383"},"modified":"2025-11-20T17:10:18","modified_gmt":"2025-11-20T17:10:18","slug":"se-eu-quisesse-enlouquecia-biografia-de-herberto-helder","status":"publish","type":"product","link":"https:\/\/livrariasolmar.pt\/en\/produto\/se-eu-quisesse-enlouquecia-biografia-de-herberto-helder\/","title":{"rendered":"Se Eu Quisesse, Enlouquecia &#8211; Biografia de Herberto Helder"},"content":{"rendered":"","protected":false},"excerpt":{"rendered":"<p>A inf\u00e2ncia na Madeira foi vivida a subir \u00e0s \u00e1rvores, tentando chegar mais perto do c\u00e9u, para onde tinha ido a m\u00e3e, e em conflito com o pai. N\u00e3o espanta, por isso, que o jovem Herberto tenha vivido sempre em fuga. Migrou, primeiro, para Lisboa, passando por Tr\u00e1s-os-Montes, Coimbra, Paris, Bruxelas, Amesterd\u00e3o, Antu\u00e9rpia e Santar\u00e9m.<\/p>\n<p>Mais tarde, cultivou amizades com marginais, prostitutas, loucos e artistas malditos, que lhe abriram as portas do meio liter\u00e1rio. Desejando ser admirado e distinguido como grande poeta, prestou uma aten\u00e7\u00e3o obsessiva a tudo o que sobre ele se escrevia e dedicou-se a influenciar e condicionar essas opini\u00f5es. Em paralelo, entregou-se \u00e0s paix\u00f5es, viveu em depress\u00e3o e melancolia, casou duas vezes, foi perseguido pela PIDE e pela censura, passou fome e refugiou-se na solid\u00e3o.<\/p>\n<p>Teve v\u00e1rios empregos: delegado de propaganda m\u00e9dica, meteorologista, publicit\u00e1rio, angariador de clientes para prostitutas, redator de not\u00edcias na r\u00e1dio, ajudante de produ\u00e7\u00e3o na RTP, etc. Viveu em Luanda, como rep\u00f3rter, e conheceu os horrores da guerra, tendo escapado, por mil\u00edmetros, \u00e0 morte. Incapaz a n\u00edvel dom\u00e9stico e pai de dois filhos, aos quais nunca consagrou o afecto expect\u00e1vel, s\u00f3 se dava a sacrif\u00edcios pelo trabalho liter\u00e1rio.<\/p>\n<p>Nesta biografia, com recurso a cartas do pr\u00f3prio e a testemunhos in\u00e9ditos de quem mais de perto com ele conviveu, o soci\u00f3logo e investigador Jo\u00e3o Pedro George apresenta, pela primeira vez, e com grande nitidez, o ser humano por detr\u00e1s do poeta Herberto Helder: uma pessoa grande e pequena, ing\u00e9nua e maliciosa, bondosa e perversa, humilde e vaidosa, cordial e calculista, inspirada e atormentada, brilhante e viciada na ret\u00f3rica, genial e machista. Um homem, enfim, em quem o v\u00e1cuo moral corria parelhas com a grandeza dos momentos de alt\u00edssima inspira\u00e7\u00e3o.<\/p>\n","protected":false},"author":2,"featured_media":10386,"template":"","meta":[],"product_cat":[176],"product_tag":[],"cat_produtos":[],"yoast_head":"<!-- This site is optimized with the Yoast SEO plugin v16.6 - https:\/\/yoast.com\/wordpress\/plugins\/seo\/ -->\n<title>Se Eu Quisesse, Enlouquecia - Biografia de Herberto Helder - Livraria Solmar - Livraria online<\/title>\n<meta name=\"robots\" content=\"index, follow, max-snippet:-1, max-image-preview:large, max-video-preview:-1\" \/>\n<link rel=\"canonical\" href=\"https:\/\/livrariasolmar.pt\/en\/produto\/se-eu-quisesse-enlouquecia-biografia-de-herberto-helder\/\" \/>\n<meta property=\"og:locale\" content=\"en_US\" \/>\n<meta property=\"og:type\" content=\"article\" \/>\n<meta property=\"og:title\" content=\"Se Eu Quisesse, Enlouquecia - Biografia de Herberto Helder - Livraria Solmar - Livraria online\" \/>\n<meta property=\"og:description\" content=\"A inf\u00e2ncia na Madeira foi vivida a subir \u00e0s \u00e1rvores, tentando chegar mais perto do c\u00e9u, para onde tinha ido a m\u00e3e, e em conflito com o pai. N\u00e3o espanta, por isso, que o jovem Herberto tenha vivido sempre em fuga. Migrou, primeiro, para Lisboa, passando por Tr\u00e1s-os-Montes, Coimbra, Paris, Bruxelas, Amesterd\u00e3o, Antu\u00e9rpia e Santar\u00e9m.  Mais tarde, cultivou amizades com marginais, prostitutas, loucos e artistas malditos, que lhe abriram as portas do meio liter\u00e1rio. Desejando ser admirado e distinguido como grande poeta, prestou uma aten\u00e7\u00e3o obsessiva a tudo o que sobre ele se escrevia e dedicou-se a influenciar e condicionar essas opini\u00f5es. Em paralelo, entregou-se \u00e0s paix\u00f5es, viveu em depress\u00e3o e melancolia, casou duas vezes, foi perseguido pela PIDE e pela censura, passou fome e refugiou-se na solid\u00e3o.  Teve v\u00e1rios empregos: delegado de propaganda m\u00e9dica, meteorologista, publicit\u00e1rio, angariador de clientes para prostitutas, redator de not\u00edcias na r\u00e1dio, ajudante de produ\u00e7\u00e3o na RTP, etc. Viveu em Luanda, como rep\u00f3rter, e conheceu os horrores da guerra, tendo escapado, por mil\u00edmetros, \u00e0 morte. Incapaz a n\u00edvel dom\u00e9stico e pai de dois filhos, aos quais nunca consagrou o afecto expect\u00e1vel, s\u00f3 se dava a sacrif\u00edcios pelo trabalho liter\u00e1rio.  Nesta biografia, com recurso a cartas do pr\u00f3prio e a testemunhos in\u00e9ditos de quem mais de perto com ele conviveu, o soci\u00f3logo e investigador Jo\u00e3o Pedro George apresenta, pela primeira vez, e com grande nitidez, o ser humano por detr\u00e1s do poeta Herberto Helder: uma pessoa grande e pequena, ing\u00e9nua e maliciosa, bondosa e perversa, humilde e vaidosa, cordial e calculista, inspirada e atormentada, brilhante e viciada na ret\u00f3rica, genial e machista. Um homem, enfim, em quem o v\u00e1cuo moral corria parelhas com a grandeza dos momentos de alt\u00edssima inspira\u00e7\u00e3o.\" \/>\n<meta property=\"og:url\" content=\"https:\/\/livrariasolmar.pt\/produto\/se-eu-quisesse-enlouquecia-biografia-de-herberto-helder\/\" \/>\n<meta property=\"og:site_name\" content=\"Livraria Solmar - Livraria online\" \/>\n<meta property=\"article:modified_time\" content=\"2025-11-20T17:10:18+00:00\" \/>\n<meta property=\"og:image\" content=\"https:\/\/livrariasolmar.pt\/wp-content\/uploads\/2025\/06\/1540-1-1.jpg\" \/>\n\t<meta property=\"og:image:width\" content=\"340\" \/>\n\t<meta property=\"og:image:height\" content=\"340\" \/>\n<meta name=\"twitter:card\" content=\"summary_large_image\" \/>\n<script type=\"application\/ld+json\" class=\"yoast-schema-graph\">{\"@context\":\"https:\/\/schema.org\",\"@graph\":[{\"@type\":\"WebSite\",\"@id\":\"https:\/\/livrariasolmar.pt\/#website\",\"url\":\"https:\/\/livrariasolmar.pt\/\",\"name\":\"Livraria Solmar - Livraria online\",\"description\":\"Com\\u00e9rcio Livros E Objetos De Arte, Lda - Ponta Delgada, A\\u00e7ores\",\"potentialAction\":[{\"@type\":\"SearchAction\",\"target\":{\"@type\":\"EntryPoint\",\"urlTemplate\":\"https:\/\/livrariasolmar.pt\/?s={search_term_string}\"},\"query-input\":\"required name=search_term_string\"}],\"inLanguage\":\"en-US\"},{\"@type\":\"ImageObject\",\"@id\":\"https:\/\/livrariasolmar.pt\/produto\/se-eu-quisesse-enlouquecia-biografia-de-herberto-helder\/#primaryimage\",\"inLanguage\":\"en-US\",\"url\":\"https:\/\/livrariasolmar.pt\/wp-content\/uploads\/2025\/06\/1540-1-1.jpg\",\"contentUrl\":\"https:\/\/livrariasolmar.pt\/wp-content\/uploads\/2025\/06\/1540-1-1.jpg\",\"width\":340,\"height\":340},{\"@type\":\"WebPage\",\"@id\":\"https:\/\/livrariasolmar.pt\/produto\/se-eu-quisesse-enlouquecia-biografia-de-herberto-helder\/#webpage\",\"url\":\"https:\/\/livrariasolmar.pt\/produto\/se-eu-quisesse-enlouquecia-biografia-de-herberto-helder\/\",\"name\":\"Se Eu Quisesse, Enlouquecia - Biografia de Herberto Helder - Livraria Solmar - Livraria online\",\"isPartOf\":{\"@id\":\"https:\/\/livrariasolmar.pt\/#website\"},\"primaryImageOfPage\":{\"@id\":\"https:\/\/livrariasolmar.pt\/produto\/se-eu-quisesse-enlouquecia-biografia-de-herberto-helder\/#primaryimage\"},\"datePublished\":\"2025-06-07T17:16:43+00:00\",\"dateModified\":\"2025-11-20T17:10:18+00:00\",\"breadcrumb\":{\"@id\":\"https:\/\/livrariasolmar.pt\/produto\/se-eu-quisesse-enlouquecia-biografia-de-herberto-helder\/#breadcrumb\"},\"inLanguage\":\"en-US\",\"potentialAction\":[{\"@type\":\"ReadAction\",\"target\":[\"https:\/\/livrariasolmar.pt\/produto\/se-eu-quisesse-enlouquecia-biografia-de-herberto-helder\/\"]}]},{\"@type\":\"BreadcrumbList\",\"@id\":\"https:\/\/livrariasolmar.pt\/produto\/se-eu-quisesse-enlouquecia-biografia-de-herberto-helder\/#breadcrumb\",\"itemListElement\":[{\"@type\":\"ListItem\",\"position\":1,\"name\":\"In\\u00edcio\",\"item\":\"https:\/\/livrariasolmar.pt\/en\/\"},{\"@type\":\"ListItem\",\"position\":2,\"name\":\"Shop\",\"item\":\"https:\/\/livrariasolmar.pt\/en\/shop\/\"},{\"@type\":\"ListItem\",\"position\":3,\"name\":\"Se Eu Quisesse, Enlouquecia &#8211; Biografia de Herberto Helder\"}]}]}<\/script>\n<!-- \/ Yoast SEO plugin. -->","_links":{"self":[{"href":"https:\/\/livrariasolmar.pt\/en\/wp-json\/wp\/v2\/product\/10383"}],"collection":[{"href":"https:\/\/livrariasolmar.pt\/en\/wp-json\/wp\/v2\/product"}],"about":[{"href":"https:\/\/livrariasolmar.pt\/en\/wp-json\/wp\/v2\/types\/product"}],"author":[{"embeddable":true,"href":"https:\/\/livrariasolmar.pt\/en\/wp-json\/wp\/v2\/users\/2"}],"wp:featuredmedia":[{"embeddable":true,"href":"https:\/\/livrariasolmar.pt\/en\/wp-json\/wp\/v2\/media\/10386"}],"wp:attachment":[{"href":"https:\/\/livrariasolmar.pt\/en\/wp-json\/wp\/v2\/media?parent=10383"}],"wp:term":[{"taxonomy":"product_cat","embeddable":true,"href":"https:\/\/livrariasolmar.pt\/en\/wp-json\/wp\/v2\/product_cat?post=10383"},{"taxonomy":"product_tag","embeddable":true,"href":"https:\/\/livrariasolmar.pt\/en\/wp-json\/wp\/v2\/product_tag?post=10383"},{"taxonomy":"cat_produtos","embeddable":true,"href":"https:\/\/livrariasolmar.pt\/en\/wp-json\/wp\/v2\/cat_produtos?post=10383"}],"curies":[{"name":"wp","href":"https:\/\/api.w.org\/{rel}","templated":true}]}}