{"id":10392,"date":"2025-06-07T17:49:53","date_gmt":"2025-06-07T17:49:53","guid":{"rendered":"https:\/\/livrariasolmar.pt\/?post_type=product&#038;p=10392"},"modified":"2025-12-16T15:24:00","modified_gmt":"2025-12-16T15:24:00","slug":"a-cidade-e-as-suas-muralhas-incertas","status":"publish","type":"product","link":"https:\/\/livrariasolmar.pt\/en\/produto\/a-cidade-e-as-suas-muralhas-incertas\/","title":{"rendered":"A Cidade e as suas Muralhas Incertas"},"content":{"rendered":"","protected":false},"excerpt":{"rendered":"<div id=\"_684478a4dfb78\" class=\"show-more show-more-open\">\n<div>Mal imagina o protagonista que a rapariga por quem se apaixonou est\u00e1 prestes a levar sumi\u00e7o. Nos breves encontros entre os dois, sentados \u00e0 sombra das glic\u00ednias ou passeando pela margem do rio, a jovem revela ao rapaz a exist\u00eancia de uma misteriosa cidade rodeada de uma alta muralha, situada num outro mundo. Se um dia quiser reencontr\u00e1-la e conhecer o seu verdadeiro \u00abeu\u00bb, ele ter\u00e1 de o desejar com todas as suas for\u00e7as e abdicar de parte de si.<\/div>\n<div>Chegado o outono, o rapaz recebe uma \u00faltima carta, o pren\u00fancio de uma despedida, e ela desaparece do mapa, como que por magia. Perdido de amores, apodera-se do rapaz uma tristeza sem fim, mas eis que se decide, investido de um verdadeiro esp\u00edrito de peregrina\u00e7\u00e3o, procurar a elusiva via de acesso \u00e0 cidade, na esperan\u00e7a de reencontrar a amada.<\/div>\n<div>Finalmente diante do port\u00e3o, tem de prescindir da sua sombra e \u00e9-lhe atribu\u00edda a fun\u00e7\u00e3o de leitor de sonhos numa biblioteca\u00a0sui generis, que n\u00e3o alberga nem um livro para amostra. Afinal, a cidade tal como ela a descreveu existe, e tudo \u00e9 poss\u00edvel nesse assombroso universo paralelo, onde a realidade, a identidade, os sonhos e as sombras pairam e escapam aos limites r\u00edgidos e implac\u00e1veis da l\u00f3gica.<\/div>\n<\/div>\n","protected":false},"author":2,"featured_media":10393,"template":"","meta":[],"product_cat":[153],"product_tag":[],"cat_produtos":[],"yoast_head":"<!-- This site is optimized with the Yoast SEO plugin v16.6 - https:\/\/yoast.com\/wordpress\/plugins\/seo\/ -->\n<title>A Cidade e as suas Muralhas Incertas - Livraria Solmar - Livraria online<\/title>\n<meta name=\"robots\" content=\"index, follow, max-snippet:-1, max-image-preview:large, max-video-preview:-1\" \/>\n<link rel=\"canonical\" href=\"https:\/\/livrariasolmar.pt\/en\/produto\/a-cidade-e-as-suas-muralhas-incertas\/\" \/>\n<meta property=\"og:locale\" content=\"en_US\" \/>\n<meta property=\"og:type\" content=\"article\" \/>\n<meta property=\"og:title\" content=\"A Cidade e as suas Muralhas Incertas - Livraria Solmar - Livraria online\" \/>\n<meta property=\"og:description\" content=\"Mal imagina o protagonista que a rapariga por quem se apaixonou est\u00e1 prestes a levar sumi\u00e7o. Nos breves encontros entre os dois, sentados \u00e0 sombra das glic\u00ednias ou passeando pela margem do rio, a jovem revela ao rapaz a exist\u00eancia de uma misteriosa cidade rodeada de uma alta muralha, situada num outro mundo. Se um dia quiser reencontr\u00e1-la e conhecer o seu verdadeiro \u00abeu\u00bb, ele ter\u00e1 de o desejar com todas as suas for\u00e7as e abdicar de parte de si. Chegado o outono, o rapaz recebe uma \u00faltima carta, o pren\u00fancio de uma despedida, e ela desaparece do mapa, como que por magia. Perdido de amores, apodera-se do rapaz uma tristeza sem fim, mas eis que se decide, investido de um verdadeiro esp\u00edrito de peregrina\u00e7\u00e3o, procurar a elusiva via de acesso \u00e0 cidade, na esperan\u00e7a de reencontrar a amada. Finalmente diante do port\u00e3o, tem de prescindir da sua sombra e \u00e9-lhe atribu\u00edda a fun\u00e7\u00e3o de leitor de sonhos numa biblioteca\u00a0sui generis, que n\u00e3o alberga nem um livro para amostra. Afinal, a cidade tal como ela a descreveu existe, e tudo \u00e9 poss\u00edvel nesse assombroso universo paralelo, onde a realidade, a identidade, os sonhos e as sombras pairam e escapam aos limites r\u00edgidos e implac\u00e1veis da l\u00f3gica.\" \/>\n<meta property=\"og:url\" content=\"https:\/\/livrariasolmar.pt\/produto\/a-cidade-e-as-suas-muralhas-incertas\/\" \/>\n<meta property=\"og:site_name\" content=\"Livraria Solmar - Livraria online\" \/>\n<meta property=\"article:modified_time\" content=\"2025-12-16T15:24:00+00:00\" \/>\n<meta property=\"og:image\" content=\"https:\/\/livrariasolmar.pt\/wp-content\/uploads\/2025\/06\/500_9789895813896_a_cidade_e_as_suas_muralhas_incertas.jpg\" \/>\n\t<meta property=\"og:image:width\" content=\"335\" \/>\n\t<meta property=\"og:image:height\" content=\"500\" \/>\n<meta name=\"twitter:card\" content=\"summary_large_image\" \/>\n<script type=\"application\/ld+json\" class=\"yoast-schema-graph\">{\"@context\":\"https:\/\/schema.org\",\"@graph\":[{\"@type\":\"WebSite\",\"@id\":\"https:\/\/livrariasolmar.pt\/#website\",\"url\":\"https:\/\/livrariasolmar.pt\/\",\"name\":\"Livraria Solmar - Livraria online\",\"description\":\"Com\\u00e9rcio Livros E Objetos De Arte, Lda - Ponta Delgada, A\\u00e7ores\",\"potentialAction\":[{\"@type\":\"SearchAction\",\"target\":{\"@type\":\"EntryPoint\",\"urlTemplate\":\"https:\/\/livrariasolmar.pt\/?s={search_term_string}\"},\"query-input\":\"required name=search_term_string\"}],\"inLanguage\":\"en-US\"},{\"@type\":\"ImageObject\",\"@id\":\"https:\/\/livrariasolmar.pt\/produto\/a-cidade-e-as-suas-muralhas-incertas\/#primaryimage\",\"inLanguage\":\"en-US\",\"url\":\"https:\/\/livrariasolmar.pt\/wp-content\/uploads\/2025\/06\/500_9789895813896_a_cidade_e_as_suas_muralhas_incertas.jpg\",\"contentUrl\":\"https:\/\/livrariasolmar.pt\/wp-content\/uploads\/2025\/06\/500_9789895813896_a_cidade_e_as_suas_muralhas_incertas.jpg\",\"width\":335,\"height\":500},{\"@type\":\"WebPage\",\"@id\":\"https:\/\/livrariasolmar.pt\/produto\/a-cidade-e-as-suas-muralhas-incertas\/#webpage\",\"url\":\"https:\/\/livrariasolmar.pt\/produto\/a-cidade-e-as-suas-muralhas-incertas\/\",\"name\":\"A Cidade e as suas Muralhas Incertas - Livraria Solmar - Livraria online\",\"isPartOf\":{\"@id\":\"https:\/\/livrariasolmar.pt\/#website\"},\"primaryImageOfPage\":{\"@id\":\"https:\/\/livrariasolmar.pt\/produto\/a-cidade-e-as-suas-muralhas-incertas\/#primaryimage\"},\"datePublished\":\"2025-06-07T17:49:53+00:00\",\"dateModified\":\"2025-12-16T15:24:00+00:00\",\"breadcrumb\":{\"@id\":\"https:\/\/livrariasolmar.pt\/produto\/a-cidade-e-as-suas-muralhas-incertas\/#breadcrumb\"},\"inLanguage\":\"en-US\",\"potentialAction\":[{\"@type\":\"ReadAction\",\"target\":[\"https:\/\/livrariasolmar.pt\/produto\/a-cidade-e-as-suas-muralhas-incertas\/\"]}]},{\"@type\":\"BreadcrumbList\",\"@id\":\"https:\/\/livrariasolmar.pt\/produto\/a-cidade-e-as-suas-muralhas-incertas\/#breadcrumb\",\"itemListElement\":[{\"@type\":\"ListItem\",\"position\":1,\"name\":\"In\\u00edcio\",\"item\":\"https:\/\/livrariasolmar.pt\/en\/\"},{\"@type\":\"ListItem\",\"position\":2,\"name\":\"Shop\",\"item\":\"https:\/\/livrariasolmar.pt\/en\/shop\/\"},{\"@type\":\"ListItem\",\"position\":3,\"name\":\"A Cidade e as suas Muralhas Incertas\"}]}]}<\/script>\n<!-- \/ Yoast SEO plugin. -->","_links":{"self":[{"href":"https:\/\/livrariasolmar.pt\/en\/wp-json\/wp\/v2\/product\/10392"}],"collection":[{"href":"https:\/\/livrariasolmar.pt\/en\/wp-json\/wp\/v2\/product"}],"about":[{"href":"https:\/\/livrariasolmar.pt\/en\/wp-json\/wp\/v2\/types\/product"}],"author":[{"embeddable":true,"href":"https:\/\/livrariasolmar.pt\/en\/wp-json\/wp\/v2\/users\/2"}],"wp:featuredmedia":[{"embeddable":true,"href":"https:\/\/livrariasolmar.pt\/en\/wp-json\/wp\/v2\/media\/10393"}],"wp:attachment":[{"href":"https:\/\/livrariasolmar.pt\/en\/wp-json\/wp\/v2\/media?parent=10392"}],"wp:term":[{"taxonomy":"product_cat","embeddable":true,"href":"https:\/\/livrariasolmar.pt\/en\/wp-json\/wp\/v2\/product_cat?post=10392"},{"taxonomy":"product_tag","embeddable":true,"href":"https:\/\/livrariasolmar.pt\/en\/wp-json\/wp\/v2\/product_tag?post=10392"},{"taxonomy":"cat_produtos","embeddable":true,"href":"https:\/\/livrariasolmar.pt\/en\/wp-json\/wp\/v2\/cat_produtos?post=10392"}],"curies":[{"name":"wp","href":"https:\/\/api.w.org\/{rel}","templated":true}]}}