{"id":10398,"date":"2025-06-07T18:18:59","date_gmt":"2025-06-07T18:18:59","guid":{"rendered":"https:\/\/livrariasolmar.pt\/?post_type=product&#038;p=10398"},"modified":"2025-09-24T17:19:26","modified_gmt":"2025-09-24T17:19:26","slug":"cartas-para-a-vila-berta","status":"publish","type":"product","link":"https:\/\/livrariasolmar.pt\/en\/produto\/cartas-para-a-vila-berta\/","title":{"rendered":"Cartas para a Vila Berta"},"content":{"rendered":"","protected":false},"excerpt":{"rendered":"<p>Quem foi Miguel Esteves Cardoso, dos 20 aos 24 anos? Tudo quanto sentiu e pensou est\u00e1 aqui, pelo punho do pr\u00f3prio, ou batido numa Olivetti Lettera32, no p\u00f3s-25 de Abril, a partir de Manchester, onde se licenciou em Estudos Pol\u00edticos com nota m\u00e1xima e, mais tarde, se doutorou em Filosofia Pol\u00edtica, com igual distin\u00e7\u00e3o.<\/p>\n<p>Durante quatro anos, MEC escreveu quase todos os dias ao amigo Carlos Vilela, desde Inglaterra. Mas este nunca lhe respondeu. Foram dezenas de cartas de Miguel para Carlos, que morava na Vila Berta, em Lisboa, e nenhuma de Carlos para Miguel, desterrado em Manchester. Mas MEC, ent\u00e3o como hoje, nunca parou de escrever, porque sempre soube ser esse o seu destino. E muito daquilo por que viria a ser reconhecido estava j\u00e1 nas missivas que comp\u00f5em este livro e que se mantiveram in\u00e9ditas durante quase meio s\u00e9culo.<\/p>\n<p>Nestas p\u00e1ginas, que poderiam representar um primeiro volume da autobiografia de Miguel Esteves Cardoso, o autor confessa o inconfess\u00e1vel, como apenas entre amigos se faz, para l\u00e1 de exercitar o pensamento, a ret\u00f3rica e a excentricidade que, percebe-se aqui, sempre o distinguiram. Em Cartas para a Vila Berta est\u00e3o a obsess\u00e3o com a foleirice, a crueldade juvenil em rela\u00e7\u00e3o \u00e0 mis\u00e9ria dos outros, o gosto por ser discriminat\u00f3rio, as opini\u00f5es pol\u00edticas controversas, de Salazar a Mussolini, o in\u00edcio da colabora\u00e7\u00e3o com jornais, uma entrevista a Leonard Cohen, um passeio pela Esc\u00f3cia, o desprezo por quase todos os autores portugueses, o terror quanto a uma poss\u00edvel paternidade com uma senhora irlandesa, o gosto por gastar dinheiro, por \u00e1lcool e anfetaminas, o casamento com a m\u00e3e das filhas e o nascer de uma irreprim\u00edvel paix\u00e3o por Portugal, entre muitos outros temas.<\/p>\n<p>Esfor\u00e7ando-se por ir \u00e0s aulas e lutando para, aos 21 anos, organizar a sua poesia completa, fruto da sele\u00e7\u00e3o dos melhores poemas de onze livros (\u00e0 data de hoje, todos in\u00e9ditos), Cartas para a Vila Berta pode ser lido tamb\u00e9m como um brilhante romance de forma\u00e7\u00e3o sobre a obsess\u00e3o de um jovem por outro. Marcado por grande liberdade formal, e escrito em jeito de di\u00e1rio, nele se acompanha o jovem Miguel Cardoso, as suas ang\u00fastias e confiss\u00f5es, bem como uma enorme vontade de regresso e desforra.<\/p>\n","protected":false},"author":2,"featured_media":10399,"template":"","meta":[],"product_cat":[153],"product_tag":[],"cat_produtos":[],"yoast_head":"<!-- This site is optimized with the Yoast SEO plugin v16.6 - https:\/\/yoast.com\/wordpress\/plugins\/seo\/ -->\n<title>Cartas para a Vila Berta - Livraria Solmar - Livraria online<\/title>\n<meta name=\"robots\" content=\"index, follow, max-snippet:-1, max-image-preview:large, max-video-preview:-1\" \/>\n<link rel=\"canonical\" href=\"https:\/\/livrariasolmar.pt\/en\/produto\/cartas-para-a-vila-berta\/\" \/>\n<meta property=\"og:locale\" content=\"en_US\" \/>\n<meta property=\"og:type\" content=\"article\" \/>\n<meta property=\"og:title\" content=\"Cartas para a Vila Berta - Livraria Solmar - Livraria online\" \/>\n<meta property=\"og:description\" content=\"Quem foi Miguel Esteves Cardoso, dos 20 aos 24 anos? Tudo quanto sentiu e pensou est\u00e1 aqui, pelo punho do pr\u00f3prio, ou batido numa Olivetti Lettera32, no p\u00f3s-25 de Abril, a partir de Manchester, onde se licenciou em Estudos Pol\u00edticos com nota m\u00e1xima e, mais tarde, se doutorou em Filosofia Pol\u00edtica, com igual distin\u00e7\u00e3o.  Durante quatro anos, MEC escreveu quase todos os dias ao amigo Carlos Vilela, desde Inglaterra. Mas este nunca lhe respondeu. Foram dezenas de cartas de Miguel para Carlos, que morava na Vila Berta, em Lisboa, e nenhuma de Carlos para Miguel, desterrado em Manchester. Mas MEC, ent\u00e3o como hoje, nunca parou de escrever, porque sempre soube ser esse o seu destino. E muito daquilo por que viria a ser reconhecido estava j\u00e1 nas missivas que comp\u00f5em este livro e que se mantiveram in\u00e9ditas durante quase meio s\u00e9culo.  Nestas p\u00e1ginas, que poderiam representar um primeiro volume da autobiografia de Miguel Esteves Cardoso, o autor confessa o inconfess\u00e1vel, como apenas entre amigos se faz, para l\u00e1 de exercitar o pensamento, a ret\u00f3rica e a excentricidade que, percebe-se aqui, sempre o distinguiram. Em Cartas para a Vila Berta est\u00e3o a obsess\u00e3o com a foleirice, a crueldade juvenil em rela\u00e7\u00e3o \u00e0 mis\u00e9ria dos outros, o gosto por ser discriminat\u00f3rio, as opini\u00f5es pol\u00edticas controversas, de Salazar a Mussolini, o in\u00edcio da colabora\u00e7\u00e3o com jornais, uma entrevista a Leonard Cohen, um passeio pela Esc\u00f3cia, o desprezo por quase todos os autores portugueses, o terror quanto a uma poss\u00edvel paternidade com uma senhora irlandesa, o gosto por gastar dinheiro, por \u00e1lcool e anfetaminas, o casamento com a m\u00e3e das filhas e o nascer de uma irreprim\u00edvel paix\u00e3o por Portugal, entre muitos outros temas.  Esfor\u00e7ando-se por ir \u00e0s aulas e lutando para, aos 21 anos, organizar a sua poesia completa, fruto da sele\u00e7\u00e3o dos melhores poemas de onze livros (\u00e0 data de hoje, todos in\u00e9ditos), Cartas para a Vila Berta pode ser lido tamb\u00e9m como um brilhante romance de forma\u00e7\u00e3o sobre a obsess\u00e3o de um jovem por outro. Marcado por grande liberdade formal, e escrito em jeito de di\u00e1rio, nele se acompanha o jovem Miguel Cardoso, as suas ang\u00fastias e confiss\u00f5es, bem como uma enorme vontade de regresso e desforra.\" \/>\n<meta property=\"og:url\" content=\"https:\/\/livrariasolmar.pt\/produto\/cartas-para-a-vila-berta\/\" \/>\n<meta property=\"og:site_name\" content=\"Livraria Solmar - Livraria online\" \/>\n<meta property=\"article:modified_time\" content=\"2025-09-24T17:19:26+00:00\" \/>\n<meta property=\"og:image\" content=\"https:\/\/livrariasolmar.pt\/wp-content\/uploads\/2025\/06\/1540-1-3.jpg\" \/>\n\t<meta property=\"og:image:width\" content=\"340\" \/>\n\t<meta property=\"og:image:height\" content=\"340\" \/>\n<meta name=\"twitter:card\" content=\"summary_large_image\" \/>\n<script type=\"application\/ld+json\" class=\"yoast-schema-graph\">{\"@context\":\"https:\/\/schema.org\",\"@graph\":[{\"@type\":\"WebSite\",\"@id\":\"https:\/\/livrariasolmar.pt\/#website\",\"url\":\"https:\/\/livrariasolmar.pt\/\",\"name\":\"Livraria Solmar - Livraria online\",\"description\":\"Com\\u00e9rcio Livros E Objetos De Arte, Lda - Ponta Delgada, A\\u00e7ores\",\"potentialAction\":[{\"@type\":\"SearchAction\",\"target\":{\"@type\":\"EntryPoint\",\"urlTemplate\":\"https:\/\/livrariasolmar.pt\/?s={search_term_string}\"},\"query-input\":\"required name=search_term_string\"}],\"inLanguage\":\"en-US\"},{\"@type\":\"ImageObject\",\"@id\":\"https:\/\/livrariasolmar.pt\/produto\/cartas-para-a-vila-berta\/#primaryimage\",\"inLanguage\":\"en-US\",\"url\":\"https:\/\/livrariasolmar.pt\/wp-content\/uploads\/2025\/06\/1540-1-3.jpg\",\"contentUrl\":\"https:\/\/livrariasolmar.pt\/wp-content\/uploads\/2025\/06\/1540-1-3.jpg\",\"width\":340,\"height\":340},{\"@type\":\"WebPage\",\"@id\":\"https:\/\/livrariasolmar.pt\/produto\/cartas-para-a-vila-berta\/#webpage\",\"url\":\"https:\/\/livrariasolmar.pt\/produto\/cartas-para-a-vila-berta\/\",\"name\":\"Cartas para a Vila Berta - Livraria Solmar - Livraria online\",\"isPartOf\":{\"@id\":\"https:\/\/livrariasolmar.pt\/#website\"},\"primaryImageOfPage\":{\"@id\":\"https:\/\/livrariasolmar.pt\/produto\/cartas-para-a-vila-berta\/#primaryimage\"},\"datePublished\":\"2025-06-07T18:18:59+00:00\",\"dateModified\":\"2025-09-24T17:19:26+00:00\",\"breadcrumb\":{\"@id\":\"https:\/\/livrariasolmar.pt\/produto\/cartas-para-a-vila-berta\/#breadcrumb\"},\"inLanguage\":\"en-US\",\"potentialAction\":[{\"@type\":\"ReadAction\",\"target\":[\"https:\/\/livrariasolmar.pt\/produto\/cartas-para-a-vila-berta\/\"]}]},{\"@type\":\"BreadcrumbList\",\"@id\":\"https:\/\/livrariasolmar.pt\/produto\/cartas-para-a-vila-berta\/#breadcrumb\",\"itemListElement\":[{\"@type\":\"ListItem\",\"position\":1,\"name\":\"In\\u00edcio\",\"item\":\"https:\/\/livrariasolmar.pt\/en\/\"},{\"@type\":\"ListItem\",\"position\":2,\"name\":\"Shop\",\"item\":\"https:\/\/livrariasolmar.pt\/en\/shop\/\"},{\"@type\":\"ListItem\",\"position\":3,\"name\":\"Cartas para a Vila Berta\"}]}]}<\/script>\n<!-- \/ Yoast SEO plugin. -->","_links":{"self":[{"href":"https:\/\/livrariasolmar.pt\/en\/wp-json\/wp\/v2\/product\/10398"}],"collection":[{"href":"https:\/\/livrariasolmar.pt\/en\/wp-json\/wp\/v2\/product"}],"about":[{"href":"https:\/\/livrariasolmar.pt\/en\/wp-json\/wp\/v2\/types\/product"}],"author":[{"embeddable":true,"href":"https:\/\/livrariasolmar.pt\/en\/wp-json\/wp\/v2\/users\/2"}],"wp:featuredmedia":[{"embeddable":true,"href":"https:\/\/livrariasolmar.pt\/en\/wp-json\/wp\/v2\/media\/10399"}],"wp:attachment":[{"href":"https:\/\/livrariasolmar.pt\/en\/wp-json\/wp\/v2\/media?parent=10398"}],"wp:term":[{"taxonomy":"product_cat","embeddable":true,"href":"https:\/\/livrariasolmar.pt\/en\/wp-json\/wp\/v2\/product_cat?post=10398"},{"taxonomy":"product_tag","embeddable":true,"href":"https:\/\/livrariasolmar.pt\/en\/wp-json\/wp\/v2\/product_tag?post=10398"},{"taxonomy":"cat_produtos","embeddable":true,"href":"https:\/\/livrariasolmar.pt\/en\/wp-json\/wp\/v2\/cat_produtos?post=10398"}],"curies":[{"name":"wp","href":"https:\/\/api.w.org\/{rel}","templated":true}]}}