{"id":10401,"date":"2025-06-07T18:36:54","date_gmt":"2025-06-07T18:36:54","guid":{"rendered":"https:\/\/livrariasolmar.pt\/?post_type=product&#038;p=10401"},"modified":"2025-09-24T19:16:23","modified_gmt":"2025-09-24T19:16:23","slug":"hannah-arendt-a-biografia","status":"publish","type":"product","link":"https:\/\/livrariasolmar.pt\/en\/produto\/hannah-arendt-a-biografia\/","title":{"rendered":"Hannah Arendt &#8211; A Biografia"},"content":{"rendered":"","protected":false},"excerpt":{"rendered":"<p>A biografia intelectual da pensadora mais importante para o nosso tempo.<\/p>\n<p>A abordagem desta nova biografia de Hannah Arendt difere radicalmente de pesquisas anteriores. Thomas Meyer utilizou material de arquivo at\u00e9 agora desconhecido e outros documentos anteriormente ignorados para apresentar a fil\u00f3sofa alem\u00e3 sob uma nova luz e em rela\u00e7\u00e3o com o seu tempo.<\/p>\n<p>De K\u00f6nigsberg a Nova Iorque, da sua disserta\u00e7\u00e3o sobre Agostinho a A Vida do Esp\u00edrito, a sua obra-prima inacabada, a biografia de Meyer esclarece o fasc\u00ednio e a cr\u00edtica que a pessoa e os escritos de Arendt suscitaram ao longo dos tempos, tornando o fen\u00f3meno\u00a0<i>Hannah Arendt<\/i>\u00a0mais compreens\u00edvel e apresentando-se como o ponto de partida para uma necess\u00e1ria reavalia\u00e7\u00e3o da vida e da obra da autora de\u00a0<i>A Origem dos Totalitarismos<\/i>.<\/p>\n","protected":false},"author":2,"featured_media":10402,"template":"","meta":[],"product_cat":[176],"product_tag":[],"cat_produtos":[],"yoast_head":"<!-- This site is optimized with the Yoast SEO plugin v16.6 - https:\/\/yoast.com\/wordpress\/plugins\/seo\/ -->\n<title>Hannah Arendt - A Biografia - Livraria Solmar - Livraria online<\/title>\n<meta name=\"robots\" content=\"index, follow, max-snippet:-1, max-image-preview:large, max-video-preview:-1\" \/>\n<link rel=\"canonical\" href=\"https:\/\/livrariasolmar.pt\/en\/produto\/hannah-arendt-a-biografia\/\" \/>\n<meta property=\"og:locale\" content=\"en_US\" \/>\n<meta property=\"og:type\" content=\"article\" \/>\n<meta property=\"og:title\" content=\"Hannah Arendt - A Biografia - Livraria Solmar - Livraria online\" \/>\n<meta property=\"og:description\" content=\"A biografia intelectual da pensadora mais importante para o nosso tempo.  A abordagem desta nova biografia de Hannah Arendt difere radicalmente de pesquisas anteriores. Thomas Meyer utilizou material de arquivo at\u00e9 agora desconhecido e outros documentos anteriormente ignorados para apresentar a fil\u00f3sofa alem\u00e3 sob uma nova luz e em rela\u00e7\u00e3o com o seu tempo.  De K\u00f6nigsberg a Nova Iorque, da sua disserta\u00e7\u00e3o sobre Agostinho a A Vida do Esp\u00edrito, a sua obra-prima inacabada, a biografia de Meyer esclarece o fasc\u00ednio e a cr\u00edtica que a pessoa e os escritos de Arendt suscitaram ao longo dos tempos, tornando o fen\u00f3meno\u00a0Hannah Arendt\u00a0mais compreens\u00edvel e apresentando-se como o ponto de partida para uma necess\u00e1ria reavalia\u00e7\u00e3o da vida e da obra da autora de\u00a0A Origem dos Totalitarismos.\" \/>\n<meta property=\"og:url\" content=\"https:\/\/livrariasolmar.pt\/produto\/hannah-arendt-a-biografia\/\" \/>\n<meta property=\"og:site_name\" content=\"Livraria Solmar - Livraria online\" \/>\n<meta property=\"article:modified_time\" content=\"2025-09-24T19:16:23+00:00\" \/>\n<meta property=\"og:image\" content=\"https:\/\/livrariasolmar.pt\/wp-content\/uploads\/2025\/06\/1540-1-1-2.jpg\" \/>\n\t<meta property=\"og:image:width\" content=\"340\" \/>\n\t<meta property=\"og:image:height\" content=\"340\" \/>\n<meta name=\"twitter:card\" content=\"summary_large_image\" \/>\n<script type=\"application\/ld+json\" class=\"yoast-schema-graph\">{\"@context\":\"https:\/\/schema.org\",\"@graph\":[{\"@type\":\"WebSite\",\"@id\":\"https:\/\/livrariasolmar.pt\/#website\",\"url\":\"https:\/\/livrariasolmar.pt\/\",\"name\":\"Livraria Solmar - Livraria online\",\"description\":\"Com\\u00e9rcio Livros E Objetos De Arte, Lda - Ponta Delgada, A\\u00e7ores\",\"potentialAction\":[{\"@type\":\"SearchAction\",\"target\":{\"@type\":\"EntryPoint\",\"urlTemplate\":\"https:\/\/livrariasolmar.pt\/?s={search_term_string}\"},\"query-input\":\"required name=search_term_string\"}],\"inLanguage\":\"en-US\"},{\"@type\":\"ImageObject\",\"@id\":\"https:\/\/livrariasolmar.pt\/produto\/hannah-arendt-a-biografia\/#primaryimage\",\"inLanguage\":\"en-US\",\"url\":\"https:\/\/livrariasolmar.pt\/wp-content\/uploads\/2025\/06\/1540-1-1-2.jpg\",\"contentUrl\":\"https:\/\/livrariasolmar.pt\/wp-content\/uploads\/2025\/06\/1540-1-1-2.jpg\",\"width\":340,\"height\":340},{\"@type\":\"WebPage\",\"@id\":\"https:\/\/livrariasolmar.pt\/produto\/hannah-arendt-a-biografia\/#webpage\",\"url\":\"https:\/\/livrariasolmar.pt\/produto\/hannah-arendt-a-biografia\/\",\"name\":\"Hannah Arendt - A Biografia - Livraria Solmar - Livraria online\",\"isPartOf\":{\"@id\":\"https:\/\/livrariasolmar.pt\/#website\"},\"primaryImageOfPage\":{\"@id\":\"https:\/\/livrariasolmar.pt\/produto\/hannah-arendt-a-biografia\/#primaryimage\"},\"datePublished\":\"2025-06-07T18:36:54+00:00\",\"dateModified\":\"2025-09-24T19:16:23+00:00\",\"breadcrumb\":{\"@id\":\"https:\/\/livrariasolmar.pt\/produto\/hannah-arendt-a-biografia\/#breadcrumb\"},\"inLanguage\":\"en-US\",\"potentialAction\":[{\"@type\":\"ReadAction\",\"target\":[\"https:\/\/livrariasolmar.pt\/produto\/hannah-arendt-a-biografia\/\"]}]},{\"@type\":\"BreadcrumbList\",\"@id\":\"https:\/\/livrariasolmar.pt\/produto\/hannah-arendt-a-biografia\/#breadcrumb\",\"itemListElement\":[{\"@type\":\"ListItem\",\"position\":1,\"name\":\"In\\u00edcio\",\"item\":\"https:\/\/livrariasolmar.pt\/en\/\"},{\"@type\":\"ListItem\",\"position\":2,\"name\":\"Shop\",\"item\":\"https:\/\/livrariasolmar.pt\/en\/shop\/\"},{\"@type\":\"ListItem\",\"position\":3,\"name\":\"Hannah Arendt &#8211; A Biografia\"}]}]}<\/script>\n<!-- \/ Yoast SEO plugin. -->","_links":{"self":[{"href":"https:\/\/livrariasolmar.pt\/en\/wp-json\/wp\/v2\/product\/10401"}],"collection":[{"href":"https:\/\/livrariasolmar.pt\/en\/wp-json\/wp\/v2\/product"}],"about":[{"href":"https:\/\/livrariasolmar.pt\/en\/wp-json\/wp\/v2\/types\/product"}],"author":[{"embeddable":true,"href":"https:\/\/livrariasolmar.pt\/en\/wp-json\/wp\/v2\/users\/2"}],"wp:featuredmedia":[{"embeddable":true,"href":"https:\/\/livrariasolmar.pt\/en\/wp-json\/wp\/v2\/media\/10402"}],"wp:attachment":[{"href":"https:\/\/livrariasolmar.pt\/en\/wp-json\/wp\/v2\/media?parent=10401"}],"wp:term":[{"taxonomy":"product_cat","embeddable":true,"href":"https:\/\/livrariasolmar.pt\/en\/wp-json\/wp\/v2\/product_cat?post=10401"},{"taxonomy":"product_tag","embeddable":true,"href":"https:\/\/livrariasolmar.pt\/en\/wp-json\/wp\/v2\/product_tag?post=10401"},{"taxonomy":"cat_produtos","embeddable":true,"href":"https:\/\/livrariasolmar.pt\/en\/wp-json\/wp\/v2\/cat_produtos?post=10401"}],"curies":[{"name":"wp","href":"https:\/\/api.w.org\/{rel}","templated":true}]}}