{"id":10404,"date":"2025-06-07T19:09:24","date_gmt":"2025-06-07T19:09:24","guid":{"rendered":"https:\/\/livrariasolmar.pt\/?post_type=product&#038;p=10404"},"modified":"2025-12-05T16:29:26","modified_gmt":"2025-12-05T16:29:26","slug":"o-principezinho","status":"publish","type":"product","link":"https:\/\/livrariasolmar.pt\/en\/produto\/o-principezinho\/","title":{"rendered":"O Principezinho"},"content":{"rendered":"","protected":false},"excerpt":{"rendered":"<p>Este livro maravilhoso ocupa um lugar \u00fanico na literatura mundial.<\/p>\n<p>Um aviador conta um pouco da sua hist\u00f3ria e a de um jovem pr\u00edncipe que encontrou no deserto do Sara. Este relata-lhe a visita que fez a planetas distantes e o que foi aprendendo sobre si e sobre os outros ao longo da viagem.<\/p>\n<p>Do princ\u00edpio ao fim, os epis\u00f3dios inesperados sucedem-se, assim como as reflex\u00f5es sobre aquilo que na vida \u00e9 sup\u00e9rfluo e o que \u00e9 verdadeiramente essencial.<\/p>\n<p>Desde a sua primeira edi\u00e7\u00e3o, em 1943,\u00a0<i>O Principezinho<\/i>\u00a0j\u00e1 vendeu milh\u00f5es de exemplares em todo o mundo, foi adaptado para as mais variadas formas de arte e encantou leitores de todas as idades.<\/p>\n<p>Antoine de Saint-Exup\u00e9ry (1900-1944) \u00e9 o autor desta hist\u00f3ria cheia de simbolismo, que convidamos a ler com o cora\u00e7\u00e3o.<\/p>\n<p>Texto integral com aguarelas do autor.<br \/>\nEdi\u00e7\u00e3o sofisticada, com capa dura.<\/p>\n","protected":false},"author":2,"featured_media":10405,"template":"","meta":[],"product_cat":[15],"product_tag":[],"cat_produtos":[],"yoast_head":"<!-- This site is optimized with the Yoast SEO plugin v16.6 - https:\/\/yoast.com\/wordpress\/plugins\/seo\/ -->\n<title>O Principezinho - Livraria Solmar - Livraria online<\/title>\n<meta name=\"robots\" content=\"index, follow, max-snippet:-1, max-image-preview:large, max-video-preview:-1\" \/>\n<link rel=\"canonical\" href=\"https:\/\/livrariasolmar.pt\/en\/produto\/o-principezinho\/\" \/>\n<meta property=\"og:locale\" content=\"en_US\" \/>\n<meta property=\"og:type\" content=\"article\" \/>\n<meta property=\"og:title\" content=\"O Principezinho - Livraria Solmar - Livraria online\" \/>\n<meta property=\"og:description\" content=\"Este livro maravilhoso ocupa um lugar \u00fanico na literatura mundial.  Um aviador conta um pouco da sua hist\u00f3ria e a de um jovem pr\u00edncipe que encontrou no deserto do Sara. Este relata-lhe a visita que fez a planetas distantes e o que foi aprendendo sobre si e sobre os outros ao longo da viagem.  Do princ\u00edpio ao fim, os epis\u00f3dios inesperados sucedem-se, assim como as reflex\u00f5es sobre aquilo que na vida \u00e9 sup\u00e9rfluo e o que \u00e9 verdadeiramente essencial.  Desde a sua primeira edi\u00e7\u00e3o, em 1943,\u00a0O Principezinho\u00a0j\u00e1 vendeu milh\u00f5es de exemplares em todo o mundo, foi adaptado para as mais variadas formas de arte e encantou leitores de todas as idades.  Antoine de Saint-Exup\u00e9ry (1900-1944) \u00e9 o autor desta hist\u00f3ria cheia de simbolismo, que convidamos a ler com o cora\u00e7\u00e3o.  Texto integral com aguarelas do autor. Edi\u00e7\u00e3o sofisticada, com capa dura.\" \/>\n<meta property=\"og:url\" content=\"https:\/\/livrariasolmar.pt\/produto\/o-principezinho\/\" \/>\n<meta property=\"og:site_name\" content=\"Livraria Solmar - Livraria online\" \/>\n<meta property=\"article:modified_time\" content=\"2025-12-05T16:29:26+00:00\" \/>\n<meta property=\"og:image\" content=\"https:\/\/livrariasolmar.pt\/wp-content\/uploads\/2025\/06\/1540-1-2-1.jpg\" \/>\n\t<meta property=\"og:image:width\" content=\"340\" \/>\n\t<meta property=\"og:image:height\" content=\"340\" \/>\n<meta name=\"twitter:card\" content=\"summary_large_image\" \/>\n<script type=\"application\/ld+json\" class=\"yoast-schema-graph\">{\"@context\":\"https:\/\/schema.org\",\"@graph\":[{\"@type\":\"WebSite\",\"@id\":\"https:\/\/livrariasolmar.pt\/#website\",\"url\":\"https:\/\/livrariasolmar.pt\/\",\"name\":\"Livraria Solmar - Livraria online\",\"description\":\"Com\\u00e9rcio Livros E Objetos De Arte, Lda - Ponta Delgada, A\\u00e7ores\",\"potentialAction\":[{\"@type\":\"SearchAction\",\"target\":{\"@type\":\"EntryPoint\",\"urlTemplate\":\"https:\/\/livrariasolmar.pt\/?s={search_term_string}\"},\"query-input\":\"required name=search_term_string\"}],\"inLanguage\":\"en-US\"},{\"@type\":\"ImageObject\",\"@id\":\"https:\/\/livrariasolmar.pt\/produto\/o-principezinho\/#primaryimage\",\"inLanguage\":\"en-US\",\"url\":\"https:\/\/livrariasolmar.pt\/wp-content\/uploads\/2025\/06\/1540-1-2-1.jpg\",\"contentUrl\":\"https:\/\/livrariasolmar.pt\/wp-content\/uploads\/2025\/06\/1540-1-2-1.jpg\",\"width\":340,\"height\":340},{\"@type\":\"WebPage\",\"@id\":\"https:\/\/livrariasolmar.pt\/produto\/o-principezinho\/#webpage\",\"url\":\"https:\/\/livrariasolmar.pt\/produto\/o-principezinho\/\",\"name\":\"O Principezinho - Livraria Solmar - Livraria online\",\"isPartOf\":{\"@id\":\"https:\/\/livrariasolmar.pt\/#website\"},\"primaryImageOfPage\":{\"@id\":\"https:\/\/livrariasolmar.pt\/produto\/o-principezinho\/#primaryimage\"},\"datePublished\":\"2025-06-07T19:09:24+00:00\",\"dateModified\":\"2025-12-05T16:29:26+00:00\",\"breadcrumb\":{\"@id\":\"https:\/\/livrariasolmar.pt\/produto\/o-principezinho\/#breadcrumb\"},\"inLanguage\":\"en-US\",\"potentialAction\":[{\"@type\":\"ReadAction\",\"target\":[\"https:\/\/livrariasolmar.pt\/produto\/o-principezinho\/\"]}]},{\"@type\":\"BreadcrumbList\",\"@id\":\"https:\/\/livrariasolmar.pt\/produto\/o-principezinho\/#breadcrumb\",\"itemListElement\":[{\"@type\":\"ListItem\",\"position\":1,\"name\":\"In\\u00edcio\",\"item\":\"https:\/\/livrariasolmar.pt\/en\/\"},{\"@type\":\"ListItem\",\"position\":2,\"name\":\"Shop\",\"item\":\"https:\/\/livrariasolmar.pt\/en\/shop\/\"},{\"@type\":\"ListItem\",\"position\":3,\"name\":\"O Principezinho\"}]}]}<\/script>\n<!-- \/ Yoast SEO plugin. -->","_links":{"self":[{"href":"https:\/\/livrariasolmar.pt\/en\/wp-json\/wp\/v2\/product\/10404"}],"collection":[{"href":"https:\/\/livrariasolmar.pt\/en\/wp-json\/wp\/v2\/product"}],"about":[{"href":"https:\/\/livrariasolmar.pt\/en\/wp-json\/wp\/v2\/types\/product"}],"author":[{"embeddable":true,"href":"https:\/\/livrariasolmar.pt\/en\/wp-json\/wp\/v2\/users\/2"}],"wp:featuredmedia":[{"embeddable":true,"href":"https:\/\/livrariasolmar.pt\/en\/wp-json\/wp\/v2\/media\/10405"}],"wp:attachment":[{"href":"https:\/\/livrariasolmar.pt\/en\/wp-json\/wp\/v2\/media?parent=10404"}],"wp:term":[{"taxonomy":"product_cat","embeddable":true,"href":"https:\/\/livrariasolmar.pt\/en\/wp-json\/wp\/v2\/product_cat?post=10404"},{"taxonomy":"product_tag","embeddable":true,"href":"https:\/\/livrariasolmar.pt\/en\/wp-json\/wp\/v2\/product_tag?post=10404"},{"taxonomy":"cat_produtos","embeddable":true,"href":"https:\/\/livrariasolmar.pt\/en\/wp-json\/wp\/v2\/cat_produtos?post=10404"}],"curies":[{"name":"wp","href":"https:\/\/api.w.org\/{rel}","templated":true}]}}