{"id":10407,"date":"2025-06-07T19:14:00","date_gmt":"2025-06-07T19:14:00","guid":{"rendered":"https:\/\/livrariasolmar.pt\/?post_type=product&#038;p=10407"},"modified":"2025-11-16T16:39:25","modified_gmt":"2025-11-16T16:39:25","slug":"o-reino-de-coral","status":"publish","type":"product","link":"https:\/\/livrariasolmar.pt\/en\/produto\/o-reino-de-coral\/","title":{"rendered":"O Reino de Coral"},"content":{"rendered":"","protected":false},"excerpt":{"rendered":"<p>Muitos seres vivos fazem a sua parte na constru\u00e7\u00e3o desta maravilhosa obra de arte.<br \/>\nVamos mergulhar para saber mais?<br \/>\nAfinal, de que cor s\u00e3o os corais?<\/p>\n<p>Corais coloridos, cardumes cintilantes de peixes, a diversidade de vida num recife de coral \u00e9 celebrada neste livro de imagens visualmente deslumbrante, com uma mensagem ecol\u00f3gica sobre a necessidade de proteger esse ambiente mais precioso.<\/p>\n<p>Atrav\u00e9s de rimas suaves e ilustra\u00e7\u00f5es bel\u00edssimas, este livro explora o ciclo da vida, a diversidade e a cor do ecossistema de recifes de coral, bem como as amea\u00e7as que os recifes enfrentam e o que podemos fazer para os salvar. Cada p\u00e1gina est\u00e1 repleta de criaturas marinhas para descobrir e desfrutar.<\/p>\n<p>Com o seu livro anterior Come\u00e7a numa Semente, recomendado pelo Plano Nacional de Leitura, as autoras venceram o prestigiado pr\u00e9mio Margaret Mallett (N\u00e3o-fic\u00e7\u00e3o infantil). Excelente cuidado gr\u00e1fico e encaderna\u00e7\u00e3o, com t\u00e9cnica de gravura especializada, feita \u00e0 m\u00e3o pela ilustradora.<\/p>\n","protected":false},"author":2,"featured_media":10408,"template":"","meta":[],"product_cat":[172],"product_tag":[],"cat_produtos":[],"yoast_head":"<!-- This site is optimized with the Yoast SEO plugin v16.6 - https:\/\/yoast.com\/wordpress\/plugins\/seo\/ -->\n<title>O Reino de Coral - Livraria Solmar - Livraria online<\/title>\n<meta name=\"robots\" content=\"index, follow, max-snippet:-1, max-image-preview:large, max-video-preview:-1\" \/>\n<link rel=\"canonical\" href=\"https:\/\/livrariasolmar.pt\/en\/produto\/o-reino-de-coral\/\" \/>\n<meta property=\"og:locale\" content=\"en_US\" \/>\n<meta property=\"og:type\" content=\"article\" \/>\n<meta property=\"og:title\" content=\"O Reino de Coral - Livraria Solmar - Livraria online\" \/>\n<meta property=\"og:description\" content=\"Muitos seres vivos fazem a sua parte na constru\u00e7\u00e3o desta maravilhosa obra de arte. Vamos mergulhar para saber mais? Afinal, de que cor s\u00e3o os corais?  Corais coloridos, cardumes cintilantes de peixes, a diversidade de vida num recife de coral \u00e9 celebrada neste livro de imagens visualmente deslumbrante, com uma mensagem ecol\u00f3gica sobre a necessidade de proteger esse ambiente mais precioso.  Atrav\u00e9s de rimas suaves e ilustra\u00e7\u00f5es bel\u00edssimas, este livro explora o ciclo da vida, a diversidade e a cor do ecossistema de recifes de coral, bem como as amea\u00e7as que os recifes enfrentam e o que podemos fazer para os salvar. Cada p\u00e1gina est\u00e1 repleta de criaturas marinhas para descobrir e desfrutar.  Com o seu livro anterior Come\u00e7a numa Semente, recomendado pelo Plano Nacional de Leitura, as autoras venceram o prestigiado pr\u00e9mio Margaret Mallett (N\u00e3o-fic\u00e7\u00e3o infantil). Excelente cuidado gr\u00e1fico e encaderna\u00e7\u00e3o, com t\u00e9cnica de gravura especializada, feita \u00e0 m\u00e3o pela ilustradora.\" \/>\n<meta property=\"og:url\" content=\"https:\/\/livrariasolmar.pt\/produto\/o-reino-de-coral\/\" \/>\n<meta property=\"og:site_name\" content=\"Livraria Solmar - Livraria online\" \/>\n<meta property=\"article:modified_time\" content=\"2025-11-16T16:39:25+00:00\" \/>\n<meta property=\"og:image\" content=\"https:\/\/livrariasolmar.pt\/wp-content\/uploads\/2025\/06\/9789896686024_1591180128.jpg\" \/>\n\t<meta property=\"og:image:width\" content=\"704\" \/>\n\t<meta property=\"og:image:height\" content=\"577\" \/>\n<meta name=\"twitter:card\" content=\"summary_large_image\" \/>\n<script type=\"application\/ld+json\" class=\"yoast-schema-graph\">{\"@context\":\"https:\/\/schema.org\",\"@graph\":[{\"@type\":\"WebSite\",\"@id\":\"https:\/\/livrariasolmar.pt\/#website\",\"url\":\"https:\/\/livrariasolmar.pt\/\",\"name\":\"Livraria Solmar - Livraria online\",\"description\":\"Com\\u00e9rcio Livros E Objetos De Arte, Lda - Ponta Delgada, A\\u00e7ores\",\"potentialAction\":[{\"@type\":\"SearchAction\",\"target\":{\"@type\":\"EntryPoint\",\"urlTemplate\":\"https:\/\/livrariasolmar.pt\/?s={search_term_string}\"},\"query-input\":\"required name=search_term_string\"}],\"inLanguage\":\"en-US\"},{\"@type\":\"ImageObject\",\"@id\":\"https:\/\/livrariasolmar.pt\/produto\/o-reino-de-coral\/#primaryimage\",\"inLanguage\":\"en-US\",\"url\":\"https:\/\/livrariasolmar.pt\/wp-content\/uploads\/2025\/06\/9789896686024_1591180128.jpg\",\"contentUrl\":\"https:\/\/livrariasolmar.pt\/wp-content\/uploads\/2025\/06\/9789896686024_1591180128.jpg\",\"width\":704,\"height\":577},{\"@type\":\"WebPage\",\"@id\":\"https:\/\/livrariasolmar.pt\/produto\/o-reino-de-coral\/#webpage\",\"url\":\"https:\/\/livrariasolmar.pt\/produto\/o-reino-de-coral\/\",\"name\":\"O Reino de Coral - Livraria Solmar - Livraria online\",\"isPartOf\":{\"@id\":\"https:\/\/livrariasolmar.pt\/#website\"},\"primaryImageOfPage\":{\"@id\":\"https:\/\/livrariasolmar.pt\/produto\/o-reino-de-coral\/#primaryimage\"},\"datePublished\":\"2025-06-07T19:14:00+00:00\",\"dateModified\":\"2025-11-16T16:39:25+00:00\",\"breadcrumb\":{\"@id\":\"https:\/\/livrariasolmar.pt\/produto\/o-reino-de-coral\/#breadcrumb\"},\"inLanguage\":\"en-US\",\"potentialAction\":[{\"@type\":\"ReadAction\",\"target\":[\"https:\/\/livrariasolmar.pt\/produto\/o-reino-de-coral\/\"]}]},{\"@type\":\"BreadcrumbList\",\"@id\":\"https:\/\/livrariasolmar.pt\/produto\/o-reino-de-coral\/#breadcrumb\",\"itemListElement\":[{\"@type\":\"ListItem\",\"position\":1,\"name\":\"In\\u00edcio\",\"item\":\"https:\/\/livrariasolmar.pt\/en\/\"},{\"@type\":\"ListItem\",\"position\":2,\"name\":\"Shop\",\"item\":\"https:\/\/livrariasolmar.pt\/en\/shop\/\"},{\"@type\":\"ListItem\",\"position\":3,\"name\":\"O Reino de Coral\"}]}]}<\/script>\n<!-- \/ Yoast SEO plugin. -->","_links":{"self":[{"href":"https:\/\/livrariasolmar.pt\/en\/wp-json\/wp\/v2\/product\/10407"}],"collection":[{"href":"https:\/\/livrariasolmar.pt\/en\/wp-json\/wp\/v2\/product"}],"about":[{"href":"https:\/\/livrariasolmar.pt\/en\/wp-json\/wp\/v2\/types\/product"}],"author":[{"embeddable":true,"href":"https:\/\/livrariasolmar.pt\/en\/wp-json\/wp\/v2\/users\/2"}],"wp:featuredmedia":[{"embeddable":true,"href":"https:\/\/livrariasolmar.pt\/en\/wp-json\/wp\/v2\/media\/10408"}],"wp:attachment":[{"href":"https:\/\/livrariasolmar.pt\/en\/wp-json\/wp\/v2\/media?parent=10407"}],"wp:term":[{"taxonomy":"product_cat","embeddable":true,"href":"https:\/\/livrariasolmar.pt\/en\/wp-json\/wp\/v2\/product_cat?post=10407"},{"taxonomy":"product_tag","embeddable":true,"href":"https:\/\/livrariasolmar.pt\/en\/wp-json\/wp\/v2\/product_tag?post=10407"},{"taxonomy":"cat_produtos","embeddable":true,"href":"https:\/\/livrariasolmar.pt\/en\/wp-json\/wp\/v2\/cat_produtos?post=10407"}],"curies":[{"name":"wp","href":"https:\/\/api.w.org\/{rel}","templated":true}]}}