{"id":10420,"date":"2025-06-09T14:46:16","date_gmt":"2025-06-09T14:46:16","guid":{"rendered":"https:\/\/livrariasolmar.pt\/?post_type=product&#038;p=10420"},"modified":"2025-10-08T17:33:25","modified_gmt":"2025-10-08T17:33:25","slug":"crescer-a-ler-1-nunca-te-esquecas-do-quanto-eu-te-adoro","status":"publish","type":"product","link":"https:\/\/livrariasolmar.pt\/en\/produto\/crescer-a-ler-1-nunca-te-esquecas-do-quanto-eu-te-adoro\/","title":{"rendered":"Crescer a Ler 1: Nunca te Esque\u00e7as\u2026 Do Quanto eu te Adoro"},"content":{"rendered":"","protected":false},"excerpt":{"rendered":"<p>Quando a tua m\u00e3o for t\u00e3o grande como a minha; Quando a tua voz fininha se tiver evaporado; Quando j\u00e1 n\u00e3o precisares de mim para te assoar\u2026 Ser\u00e1 que te vais lembrar dos beijinhos soprados pela janela, das l\u00ednguas de fora e das caretas?<br \/>\nEu vou lembrar-me de tudo isso por ti. S\u00f3 nunca te esque\u00e7as\u2026 do quanto eu te adoro.<br \/>\nEsta \u00e9 uma hist\u00f3ria cheia de ternura. Atrav\u00e9s de palavras carinhosas e ilustra\u00e7\u00f5es bel\u00edssimas, percebemos que os mais simples e bonitos gestos do quotidiano, at\u00e9 aqueles que passam despercebidos, nos ficam gravados no cora\u00e7\u00e3o.<\/p>\n","protected":false},"author":2,"featured_media":10421,"template":"","meta":[],"product_cat":[172],"product_tag":[],"cat_produtos":[],"yoast_head":"<!-- This site is optimized with the Yoast SEO plugin v16.6 - https:\/\/yoast.com\/wordpress\/plugins\/seo\/ -->\n<title>Crescer a Ler 1: Nunca te Esque\u00e7as\u2026 Do Quanto eu te Adoro - Livraria Solmar - Livraria online<\/title>\n<meta name=\"robots\" content=\"index, follow, max-snippet:-1, max-image-preview:large, max-video-preview:-1\" \/>\n<link rel=\"canonical\" href=\"https:\/\/livrariasolmar.pt\/en\/produto\/crescer-a-ler-1-nunca-te-esquecas-do-quanto-eu-te-adoro\/\" \/>\n<meta property=\"og:locale\" content=\"en_US\" \/>\n<meta property=\"og:type\" content=\"article\" \/>\n<meta property=\"og:title\" content=\"Crescer a Ler 1: Nunca te Esque\u00e7as\u2026 Do Quanto eu te Adoro - Livraria Solmar - Livraria online\" \/>\n<meta property=\"og:description\" content=\"Quando a tua m\u00e3o for t\u00e3o grande como a minha; Quando a tua voz fininha se tiver evaporado; Quando j\u00e1 n\u00e3o precisares de mim para te assoar\u2026 Ser\u00e1 que te vais lembrar dos beijinhos soprados pela janela, das l\u00ednguas de fora e das caretas? Eu vou lembrar-me de tudo isso por ti. S\u00f3 nunca te esque\u00e7as\u2026 do quanto eu te adoro. Esta \u00e9 uma hist\u00f3ria cheia de ternura. Atrav\u00e9s de palavras carinhosas e ilustra\u00e7\u00f5es bel\u00edssimas, percebemos que os mais simples e bonitos gestos do quotidiano, at\u00e9 aqueles que passam despercebidos, nos ficam gravados no cora\u00e7\u00e3o.\" \/>\n<meta property=\"og:url\" content=\"https:\/\/livrariasolmar.pt\/produto\/crescer-a-ler-1-nunca-te-esquecas-do-quanto-eu-te-adoro\/\" \/>\n<meta property=\"og:site_name\" content=\"Livraria Solmar - Livraria online\" \/>\n<meta property=\"article:modified_time\" content=\"2025-10-08T17:33:25+00:00\" \/>\n<meta property=\"og:image\" content=\"https:\/\/livrariasolmar.pt\/wp-content\/uploads\/2025\/06\/crescer-a-ler-1-nunca-te-esquecas-do-quanto-eu-te-adoroLP43929-scaled-600x599-1.jpg\" \/>\n\t<meta property=\"og:image:width\" content=\"600\" \/>\n\t<meta property=\"og:image:height\" content=\"599\" \/>\n<meta name=\"twitter:card\" content=\"summary_large_image\" \/>\n<script type=\"application\/ld+json\" class=\"yoast-schema-graph\">{\"@context\":\"https:\/\/schema.org\",\"@graph\":[{\"@type\":\"WebSite\",\"@id\":\"https:\/\/livrariasolmar.pt\/#website\",\"url\":\"https:\/\/livrariasolmar.pt\/\",\"name\":\"Livraria Solmar - Livraria online\",\"description\":\"Com\\u00e9rcio Livros E Objetos De Arte, Lda - Ponta Delgada, A\\u00e7ores\",\"potentialAction\":[{\"@type\":\"SearchAction\",\"target\":{\"@type\":\"EntryPoint\",\"urlTemplate\":\"https:\/\/livrariasolmar.pt\/?s={search_term_string}\"},\"query-input\":\"required name=search_term_string\"}],\"inLanguage\":\"en-US\"},{\"@type\":\"ImageObject\",\"@id\":\"https:\/\/livrariasolmar.pt\/produto\/crescer-a-ler-1-nunca-te-esquecas-do-quanto-eu-te-adoro\/#primaryimage\",\"inLanguage\":\"en-US\",\"url\":\"https:\/\/livrariasolmar.pt\/wp-content\/uploads\/2025\/06\/crescer-a-ler-1-nunca-te-esquecas-do-quanto-eu-te-adoroLP43929-scaled-600x599-1.jpg\",\"contentUrl\":\"https:\/\/livrariasolmar.pt\/wp-content\/uploads\/2025\/06\/crescer-a-ler-1-nunca-te-esquecas-do-quanto-eu-te-adoroLP43929-scaled-600x599-1.jpg\",\"width\":600,\"height\":599},{\"@type\":\"WebPage\",\"@id\":\"https:\/\/livrariasolmar.pt\/produto\/crescer-a-ler-1-nunca-te-esquecas-do-quanto-eu-te-adoro\/#webpage\",\"url\":\"https:\/\/livrariasolmar.pt\/produto\/crescer-a-ler-1-nunca-te-esquecas-do-quanto-eu-te-adoro\/\",\"name\":\"Crescer a Ler 1: Nunca te Esque\\u00e7as\\u2026 Do Quanto eu te Adoro - Livraria Solmar - Livraria online\",\"isPartOf\":{\"@id\":\"https:\/\/livrariasolmar.pt\/#website\"},\"primaryImageOfPage\":{\"@id\":\"https:\/\/livrariasolmar.pt\/produto\/crescer-a-ler-1-nunca-te-esquecas-do-quanto-eu-te-adoro\/#primaryimage\"},\"datePublished\":\"2025-06-09T14:46:16+00:00\",\"dateModified\":\"2025-10-08T17:33:25+00:00\",\"breadcrumb\":{\"@id\":\"https:\/\/livrariasolmar.pt\/produto\/crescer-a-ler-1-nunca-te-esquecas-do-quanto-eu-te-adoro\/#breadcrumb\"},\"inLanguage\":\"en-US\",\"potentialAction\":[{\"@type\":\"ReadAction\",\"target\":[\"https:\/\/livrariasolmar.pt\/produto\/crescer-a-ler-1-nunca-te-esquecas-do-quanto-eu-te-adoro\/\"]}]},{\"@type\":\"BreadcrumbList\",\"@id\":\"https:\/\/livrariasolmar.pt\/produto\/crescer-a-ler-1-nunca-te-esquecas-do-quanto-eu-te-adoro\/#breadcrumb\",\"itemListElement\":[{\"@type\":\"ListItem\",\"position\":1,\"name\":\"In\\u00edcio\",\"item\":\"https:\/\/livrariasolmar.pt\/en\/\"},{\"@type\":\"ListItem\",\"position\":2,\"name\":\"Shop\",\"item\":\"https:\/\/livrariasolmar.pt\/en\/shop\/\"},{\"@type\":\"ListItem\",\"position\":3,\"name\":\"Crescer a Ler 1: Nunca te Esque\\u00e7as\\u2026 Do Quanto eu te Adoro\"}]}]}<\/script>\n<!-- \/ Yoast SEO plugin. -->","_links":{"self":[{"href":"https:\/\/livrariasolmar.pt\/en\/wp-json\/wp\/v2\/product\/10420"}],"collection":[{"href":"https:\/\/livrariasolmar.pt\/en\/wp-json\/wp\/v2\/product"}],"about":[{"href":"https:\/\/livrariasolmar.pt\/en\/wp-json\/wp\/v2\/types\/product"}],"author":[{"embeddable":true,"href":"https:\/\/livrariasolmar.pt\/en\/wp-json\/wp\/v2\/users\/2"}],"wp:featuredmedia":[{"embeddable":true,"href":"https:\/\/livrariasolmar.pt\/en\/wp-json\/wp\/v2\/media\/10421"}],"wp:attachment":[{"href":"https:\/\/livrariasolmar.pt\/en\/wp-json\/wp\/v2\/media?parent=10420"}],"wp:term":[{"taxonomy":"product_cat","embeddable":true,"href":"https:\/\/livrariasolmar.pt\/en\/wp-json\/wp\/v2\/product_cat?post=10420"},{"taxonomy":"product_tag","embeddable":true,"href":"https:\/\/livrariasolmar.pt\/en\/wp-json\/wp\/v2\/product_tag?post=10420"},{"taxonomy":"cat_produtos","embeddable":true,"href":"https:\/\/livrariasolmar.pt\/en\/wp-json\/wp\/v2\/cat_produtos?post=10420"}],"curies":[{"name":"wp","href":"https:\/\/api.w.org\/{rel}","templated":true}]}}