{"id":10423,"date":"2025-06-09T14:55:56","date_gmt":"2025-06-09T14:55:56","guid":{"rendered":"https:\/\/livrariasolmar.pt\/?post_type=product&#038;p=10423"},"modified":"2025-10-08T17:33:43","modified_gmt":"2025-10-08T17:33:43","slug":"crescer-a-ler-2-o-dia-em-que-os-monstros-fugiram","status":"publish","type":"product","link":"https:\/\/livrariasolmar.pt\/en\/produto\/crescer-a-ler-2-o-dia-em-que-os-monstros-fugiram\/","title":{"rendered":"Crescer a Ler 2: O Dia em que os Monstros Fugiram!"},"content":{"rendered":"","protected":false},"excerpt":{"rendered":"<p>A Luna fica sempre muito ansiosa quando chega a noite\u2026 Um grupinho de monstros SUPERASSUSTADORES deve ter fugido da Monstrol\u00e2ndia e agora tem a mania de vir \u00e0 sua casa sem ela os convidar! O \u00d3scar, um assustador cabide fantasma, que adora esconder-se dentro dos arm\u00e1rios; o Ubu, um monstro peludo, que se v\u00ea a l\u00e9guas de dist\u00e2ncia, mas pensa que passa despercebido; o Chamas, um drag\u00e3o que se julga acrobata; e a Ester, uma bruxa MUITO feia e m\u00e1. Algu\u00e9m vai ter de os p\u00f4r na ordem!<br \/>\nUma hist\u00f3ria original, com ilustra\u00e7\u00f5es divertidas, para tranquilizar os maiores medos dos mais pequeninos!<\/p>\n","protected":false},"author":2,"featured_media":10424,"template":"","meta":[],"product_cat":[172],"product_tag":[],"cat_produtos":[],"yoast_head":"<!-- This site is optimized with the Yoast SEO plugin v16.6 - https:\/\/yoast.com\/wordpress\/plugins\/seo\/ -->\n<title>Crescer a Ler 2: O Dia em que os Monstros Fugiram! - Livraria Solmar - Livraria online<\/title>\n<meta name=\"robots\" content=\"index, follow, max-snippet:-1, max-image-preview:large, max-video-preview:-1\" \/>\n<link rel=\"canonical\" href=\"https:\/\/livrariasolmar.pt\/en\/produto\/crescer-a-ler-2-o-dia-em-que-os-monstros-fugiram\/\" \/>\n<meta property=\"og:locale\" content=\"en_US\" \/>\n<meta property=\"og:type\" content=\"article\" \/>\n<meta property=\"og:title\" content=\"Crescer a Ler 2: O Dia em que os Monstros Fugiram! - Livraria Solmar - Livraria online\" \/>\n<meta property=\"og:description\" content=\"A Luna fica sempre muito ansiosa quando chega a noite\u2026 Um grupinho de monstros SUPERASSUSTADORES deve ter fugido da Monstrol\u00e2ndia e agora tem a mania de vir \u00e0 sua casa sem ela os convidar! O \u00d3scar, um assustador cabide fantasma, que adora esconder-se dentro dos arm\u00e1rios; o Ubu, um monstro peludo, que se v\u00ea a l\u00e9guas de dist\u00e2ncia, mas pensa que passa despercebido; o Chamas, um drag\u00e3o que se julga acrobata; e a Ester, uma bruxa MUITO feia e m\u00e1. Algu\u00e9m vai ter de os p\u00f4r na ordem! Uma hist\u00f3ria original, com ilustra\u00e7\u00f5es divertidas, para tranquilizar os maiores medos dos mais pequeninos!\" \/>\n<meta property=\"og:url\" content=\"https:\/\/livrariasolmar.pt\/produto\/crescer-a-ler-2-o-dia-em-que-os-monstros-fugiram\/\" \/>\n<meta property=\"og:site_name\" content=\"Livraria Solmar - Livraria online\" \/>\n<meta property=\"article:modified_time\" content=\"2025-10-08T17:33:43+00:00\" \/>\n<meta property=\"og:image\" content=\"https:\/\/livrariasolmar.pt\/wp-content\/uploads\/2025\/06\/1540-1-5.jpg\" \/>\n\t<meta property=\"og:image:width\" content=\"340\" \/>\n\t<meta property=\"og:image:height\" content=\"340\" \/>\n<meta name=\"twitter:card\" content=\"summary_large_image\" \/>\n<script type=\"application\/ld+json\" class=\"yoast-schema-graph\">{\"@context\":\"https:\/\/schema.org\",\"@graph\":[{\"@type\":\"WebSite\",\"@id\":\"https:\/\/livrariasolmar.pt\/#website\",\"url\":\"https:\/\/livrariasolmar.pt\/\",\"name\":\"Livraria Solmar - Livraria online\",\"description\":\"Com\\u00e9rcio Livros E Objetos De Arte, Lda - Ponta Delgada, A\\u00e7ores\",\"potentialAction\":[{\"@type\":\"SearchAction\",\"target\":{\"@type\":\"EntryPoint\",\"urlTemplate\":\"https:\/\/livrariasolmar.pt\/?s={search_term_string}\"},\"query-input\":\"required name=search_term_string\"}],\"inLanguage\":\"en-US\"},{\"@type\":\"ImageObject\",\"@id\":\"https:\/\/livrariasolmar.pt\/produto\/crescer-a-ler-2-o-dia-em-que-os-monstros-fugiram\/#primaryimage\",\"inLanguage\":\"en-US\",\"url\":\"https:\/\/livrariasolmar.pt\/wp-content\/uploads\/2025\/06\/1540-1-5.jpg\",\"contentUrl\":\"https:\/\/livrariasolmar.pt\/wp-content\/uploads\/2025\/06\/1540-1-5.jpg\",\"width\":340,\"height\":340},{\"@type\":\"WebPage\",\"@id\":\"https:\/\/livrariasolmar.pt\/produto\/crescer-a-ler-2-o-dia-em-que-os-monstros-fugiram\/#webpage\",\"url\":\"https:\/\/livrariasolmar.pt\/produto\/crescer-a-ler-2-o-dia-em-que-os-monstros-fugiram\/\",\"name\":\"Crescer a Ler 2: O Dia em que os Monstros Fugiram! - Livraria Solmar - Livraria online\",\"isPartOf\":{\"@id\":\"https:\/\/livrariasolmar.pt\/#website\"},\"primaryImageOfPage\":{\"@id\":\"https:\/\/livrariasolmar.pt\/produto\/crescer-a-ler-2-o-dia-em-que-os-monstros-fugiram\/#primaryimage\"},\"datePublished\":\"2025-06-09T14:55:56+00:00\",\"dateModified\":\"2025-10-08T17:33:43+00:00\",\"breadcrumb\":{\"@id\":\"https:\/\/livrariasolmar.pt\/produto\/crescer-a-ler-2-o-dia-em-que-os-monstros-fugiram\/#breadcrumb\"},\"inLanguage\":\"en-US\",\"potentialAction\":[{\"@type\":\"ReadAction\",\"target\":[\"https:\/\/livrariasolmar.pt\/produto\/crescer-a-ler-2-o-dia-em-que-os-monstros-fugiram\/\"]}]},{\"@type\":\"BreadcrumbList\",\"@id\":\"https:\/\/livrariasolmar.pt\/produto\/crescer-a-ler-2-o-dia-em-que-os-monstros-fugiram\/#breadcrumb\",\"itemListElement\":[{\"@type\":\"ListItem\",\"position\":1,\"name\":\"In\\u00edcio\",\"item\":\"https:\/\/livrariasolmar.pt\/en\/\"},{\"@type\":\"ListItem\",\"position\":2,\"name\":\"Shop\",\"item\":\"https:\/\/livrariasolmar.pt\/en\/shop\/\"},{\"@type\":\"ListItem\",\"position\":3,\"name\":\"Crescer a Ler 2: O Dia em que os Monstros Fugiram!\"}]}]}<\/script>\n<!-- \/ Yoast SEO plugin. -->","_links":{"self":[{"href":"https:\/\/livrariasolmar.pt\/en\/wp-json\/wp\/v2\/product\/10423"}],"collection":[{"href":"https:\/\/livrariasolmar.pt\/en\/wp-json\/wp\/v2\/product"}],"about":[{"href":"https:\/\/livrariasolmar.pt\/en\/wp-json\/wp\/v2\/types\/product"}],"author":[{"embeddable":true,"href":"https:\/\/livrariasolmar.pt\/en\/wp-json\/wp\/v2\/users\/2"}],"wp:featuredmedia":[{"embeddable":true,"href":"https:\/\/livrariasolmar.pt\/en\/wp-json\/wp\/v2\/media\/10424"}],"wp:attachment":[{"href":"https:\/\/livrariasolmar.pt\/en\/wp-json\/wp\/v2\/media?parent=10423"}],"wp:term":[{"taxonomy":"product_cat","embeddable":true,"href":"https:\/\/livrariasolmar.pt\/en\/wp-json\/wp\/v2\/product_cat?post=10423"},{"taxonomy":"product_tag","embeddable":true,"href":"https:\/\/livrariasolmar.pt\/en\/wp-json\/wp\/v2\/product_tag?post=10423"},{"taxonomy":"cat_produtos","embeddable":true,"href":"https:\/\/livrariasolmar.pt\/en\/wp-json\/wp\/v2\/cat_produtos?post=10423"}],"curies":[{"name":"wp","href":"https:\/\/api.w.org\/{rel}","templated":true}]}}