{"id":10449,"date":"2025-06-09T16:38:32","date_gmt":"2025-06-09T16:38:32","guid":{"rendered":"https:\/\/livrariasolmar.pt\/?post_type=product&#038;p=10449"},"modified":"2025-11-15T20:16:34","modified_gmt":"2025-11-15T20:16:34","slug":"o-segredo-da-floresta","status":"publish","type":"product","link":"https:\/\/livrariasolmar.pt\/en\/produto\/o-segredo-da-floresta\/","title":{"rendered":"O Segredo da Floresta"},"content":{"rendered":"","protected":false},"excerpt":{"rendered":"<p>Naomi Shaw acreditava em magia.<\/p>\n<p>Quando era crian\u00e7a, ela e as suas melhores amigas, Cassidy e Olivia, passavam os ver\u00f5es a explorar a floresta, envolvidas num mundo de rituais e lendas a que chamavam\u00a0<i>O Jogo da Deusa<\/i>.<\/p>\n<p>At\u00e9 ao dia em que Naomi foi brutalmente atacada.<\/p>\n<p>Contra todas as probabilidades, sobreviveu a dezassete facadas. O seu testemunho e o das suas amigas levou \u00e0 condena\u00e7\u00e3o de um assassino em s\u00e9rie que era procurado pela morte de seis mulheres.<\/p>\n<p>Mas as tr\u00eas meninas n\u00e3o contaram tudo&#8230;<\/p>\n<p>Mais de duas d\u00e9cadas depois, Olivia quer revelar o que realmente aconteceu naquela floresta, e Naomi est\u00e1 determinada a descobrir a verdade \u2014 por mais assustadora que esta possa ser.<\/p>\n","protected":false},"author":2,"featured_media":10450,"template":"","meta":[],"product_cat":[477],"product_tag":[],"cat_produtos":[],"yoast_head":"<!-- This site is optimized with the Yoast SEO plugin v16.6 - https:\/\/yoast.com\/wordpress\/plugins\/seo\/ -->\n<title>O Segredo da Floresta - Livraria Solmar - Livraria online<\/title>\n<meta name=\"robots\" content=\"index, follow, max-snippet:-1, max-image-preview:large, max-video-preview:-1\" \/>\n<link rel=\"canonical\" href=\"https:\/\/livrariasolmar.pt\/en\/produto\/o-segredo-da-floresta\/\" \/>\n<meta property=\"og:locale\" content=\"en_US\" \/>\n<meta property=\"og:type\" content=\"article\" \/>\n<meta property=\"og:title\" content=\"O Segredo da Floresta - Livraria Solmar - Livraria online\" \/>\n<meta property=\"og:description\" content=\"Naomi Shaw acreditava em magia.  Quando era crian\u00e7a, ela e as suas melhores amigas, Cassidy e Olivia, passavam os ver\u00f5es a explorar a floresta, envolvidas num mundo de rituais e lendas a que chamavam\u00a0O Jogo da Deusa.  At\u00e9 ao dia em que Naomi foi brutalmente atacada.  Contra todas as probabilidades, sobreviveu a dezassete facadas. O seu testemunho e o das suas amigas levou \u00e0 condena\u00e7\u00e3o de um assassino em s\u00e9rie que era procurado pela morte de seis mulheres.  Mas as tr\u00eas meninas n\u00e3o contaram tudo...  Mais de duas d\u00e9cadas depois, Olivia quer revelar o que realmente aconteceu naquela floresta, e Naomi est\u00e1 determinada a descobrir a verdade \u2014 por mais assustadora que esta possa ser.\" \/>\n<meta property=\"og:url\" content=\"https:\/\/livrariasolmar.pt\/produto\/o-segredo-da-floresta\/\" \/>\n<meta property=\"og:site_name\" content=\"Livraria Solmar - Livraria online\" \/>\n<meta property=\"article:modified_time\" content=\"2025-11-15T20:16:34+00:00\" \/>\n<meta property=\"og:image\" content=\"https:\/\/livrariasolmar.pt\/wp-content\/uploads\/2025\/06\/1540-1-2-5.jpg\" \/>\n\t<meta property=\"og:image:width\" content=\"340\" \/>\n\t<meta property=\"og:image:height\" content=\"340\" \/>\n<meta name=\"twitter:card\" content=\"summary_large_image\" \/>\n<script type=\"application\/ld+json\" class=\"yoast-schema-graph\">{\"@context\":\"https:\/\/schema.org\",\"@graph\":[{\"@type\":\"WebSite\",\"@id\":\"https:\/\/livrariasolmar.pt\/#website\",\"url\":\"https:\/\/livrariasolmar.pt\/\",\"name\":\"Livraria Solmar - Livraria online\",\"description\":\"Com\\u00e9rcio Livros E Objetos De Arte, Lda - Ponta Delgada, A\\u00e7ores\",\"potentialAction\":[{\"@type\":\"SearchAction\",\"target\":{\"@type\":\"EntryPoint\",\"urlTemplate\":\"https:\/\/livrariasolmar.pt\/?s={search_term_string}\"},\"query-input\":\"required name=search_term_string\"}],\"inLanguage\":\"en-US\"},{\"@type\":\"ImageObject\",\"@id\":\"https:\/\/livrariasolmar.pt\/produto\/o-segredo-da-floresta\/#primaryimage\",\"inLanguage\":\"en-US\",\"url\":\"https:\/\/livrariasolmar.pt\/wp-content\/uploads\/2025\/06\/1540-1-2-5.jpg\",\"contentUrl\":\"https:\/\/livrariasolmar.pt\/wp-content\/uploads\/2025\/06\/1540-1-2-5.jpg\",\"width\":340,\"height\":340},{\"@type\":\"WebPage\",\"@id\":\"https:\/\/livrariasolmar.pt\/produto\/o-segredo-da-floresta\/#webpage\",\"url\":\"https:\/\/livrariasolmar.pt\/produto\/o-segredo-da-floresta\/\",\"name\":\"O Segredo da Floresta - Livraria Solmar - Livraria online\",\"isPartOf\":{\"@id\":\"https:\/\/livrariasolmar.pt\/#website\"},\"primaryImageOfPage\":{\"@id\":\"https:\/\/livrariasolmar.pt\/produto\/o-segredo-da-floresta\/#primaryimage\"},\"datePublished\":\"2025-06-09T16:38:32+00:00\",\"dateModified\":\"2025-11-15T20:16:34+00:00\",\"breadcrumb\":{\"@id\":\"https:\/\/livrariasolmar.pt\/produto\/o-segredo-da-floresta\/#breadcrumb\"},\"inLanguage\":\"en-US\",\"potentialAction\":[{\"@type\":\"ReadAction\",\"target\":[\"https:\/\/livrariasolmar.pt\/produto\/o-segredo-da-floresta\/\"]}]},{\"@type\":\"BreadcrumbList\",\"@id\":\"https:\/\/livrariasolmar.pt\/produto\/o-segredo-da-floresta\/#breadcrumb\",\"itemListElement\":[{\"@type\":\"ListItem\",\"position\":1,\"name\":\"In\\u00edcio\",\"item\":\"https:\/\/livrariasolmar.pt\/en\/\"},{\"@type\":\"ListItem\",\"position\":2,\"name\":\"Shop\",\"item\":\"https:\/\/livrariasolmar.pt\/en\/shop\/\"},{\"@type\":\"ListItem\",\"position\":3,\"name\":\"O Segredo da Floresta\"}]}]}<\/script>\n<!-- \/ Yoast SEO plugin. -->","_links":{"self":[{"href":"https:\/\/livrariasolmar.pt\/en\/wp-json\/wp\/v2\/product\/10449"}],"collection":[{"href":"https:\/\/livrariasolmar.pt\/en\/wp-json\/wp\/v2\/product"}],"about":[{"href":"https:\/\/livrariasolmar.pt\/en\/wp-json\/wp\/v2\/types\/product"}],"author":[{"embeddable":true,"href":"https:\/\/livrariasolmar.pt\/en\/wp-json\/wp\/v2\/users\/2"}],"wp:featuredmedia":[{"embeddable":true,"href":"https:\/\/livrariasolmar.pt\/en\/wp-json\/wp\/v2\/media\/10450"}],"wp:attachment":[{"href":"https:\/\/livrariasolmar.pt\/en\/wp-json\/wp\/v2\/media?parent=10449"}],"wp:term":[{"taxonomy":"product_cat","embeddable":true,"href":"https:\/\/livrariasolmar.pt\/en\/wp-json\/wp\/v2\/product_cat?post=10449"},{"taxonomy":"product_tag","embeddable":true,"href":"https:\/\/livrariasolmar.pt\/en\/wp-json\/wp\/v2\/product_tag?post=10449"},{"taxonomy":"cat_produtos","embeddable":true,"href":"https:\/\/livrariasolmar.pt\/en\/wp-json\/wp\/v2\/cat_produtos?post=10449"}],"curies":[{"name":"wp","href":"https:\/\/api.w.org\/{rel}","templated":true}]}}