{"id":10452,"date":"2025-06-09T16:46:20","date_gmt":"2025-06-09T16:46:20","guid":{"rendered":"https:\/\/livrariasolmar.pt\/?post_type=product&#038;p=10452"},"modified":"2026-03-07T19:30:53","modified_gmt":"2026-03-07T19:30:53","slug":"coracao-negro","status":"publish","type":"product","link":"https:\/\/livrariasolmar.pt\/en\/produto\/coracao-negro\/","title":{"rendered":"Cora\u00e7\u00e3o Negro"},"content":{"rendered":"","protected":false},"excerpt":{"rendered":"<p>A \u00fanica maneira de chegar \u00e0 remota povoa\u00e7\u00e3o montanhosa de Sassaia \u00e9 por um caminho \u00edngreme e sinuoso escondido por entre as faias. \u00c9 de l\u00e1 que um dia surge Emilia, uma mulher de trinta anos demasiado magra, de cabelo desgrenhado, selvagem. Da casa ao lado, Bruno assiste \u00e0 sua chegada como quem assiste a uma invas\u00e3o.<\/p>\n<p>Quando finalmente se encontram, cada um com a sua bagagem de solid\u00e3o, Bruno sente nos olhos de Emilia um abismo semelhante ao seu. Ambos experimentaram o mal: ele como v\u00edtima, ela como agressora \u2014 um ato pelo qual pagou um pre\u00e7o elevado, mas que n\u00e3o pode ser reparado.<\/p>\n<p>Sassaia \u00e9 o seu ref\u00fagio, a \u00fanica solu\u00e7\u00e3o para escaparem a um futuro em que ambos deixaram de acreditar. Mas o futuro chega e segue as suas pr\u00f3prias leis. Culpados ou inocentes, v\u00edtimas ou agressores, o tempo passa e revela-nos o que realmente somos: infinitamente fr\u00e1geis, fatalmente humanos.<\/p>\n","protected":false},"author":2,"featured_media":10453,"template":"","meta":[],"product_cat":[153],"product_tag":[],"cat_produtos":[1659],"yoast_head":"<!-- This site is optimized with the Yoast SEO plugin v16.6 - https:\/\/yoast.com\/wordpress\/plugins\/seo\/ -->\n<title>Cora\u00e7\u00e3o Negro - Livraria Solmar - Livraria online<\/title>\n<meta name=\"robots\" content=\"index, follow, max-snippet:-1, max-image-preview:large, max-video-preview:-1\" \/>\n<link rel=\"canonical\" href=\"https:\/\/livrariasolmar.pt\/en\/produto\/coracao-negro\/\" \/>\n<meta property=\"og:locale\" content=\"en_US\" \/>\n<meta property=\"og:type\" content=\"article\" \/>\n<meta property=\"og:title\" content=\"Cora\u00e7\u00e3o Negro - Livraria Solmar - Livraria online\" \/>\n<meta property=\"og:description\" content=\"A \u00fanica maneira de chegar \u00e0 remota povoa\u00e7\u00e3o montanhosa de Sassaia \u00e9 por um caminho \u00edngreme e sinuoso escondido por entre as faias. \u00c9 de l\u00e1 que um dia surge Emilia, uma mulher de trinta anos demasiado magra, de cabelo desgrenhado, selvagem. Da casa ao lado, Bruno assiste \u00e0 sua chegada como quem assiste a uma invas\u00e3o.  Quando finalmente se encontram, cada um com a sua bagagem de solid\u00e3o, Bruno sente nos olhos de Emilia um abismo semelhante ao seu. Ambos experimentaram o mal: ele como v\u00edtima, ela como agressora \u2014 um ato pelo qual pagou um pre\u00e7o elevado, mas que n\u00e3o pode ser reparado.  Sassaia \u00e9 o seu ref\u00fagio, a \u00fanica solu\u00e7\u00e3o para escaparem a um futuro em que ambos deixaram de acreditar. Mas o futuro chega e segue as suas pr\u00f3prias leis. Culpados ou inocentes, v\u00edtimas ou agressores, o tempo passa e revela-nos o que realmente somos: infinitamente fr\u00e1geis, fatalmente humanos.\" \/>\n<meta property=\"og:url\" content=\"https:\/\/livrariasolmar.pt\/produto\/coracao-negro\/\" \/>\n<meta property=\"og:site_name\" content=\"Livraria Solmar - Livraria online\" \/>\n<meta property=\"article:modified_time\" content=\"2026-03-07T19:30:53+00:00\" \/>\n<meta property=\"og:image\" content=\"https:\/\/livrariasolmar.pt\/wp-content\/uploads\/2025\/06\/1540-1-3-4.jpg\" \/>\n\t<meta property=\"og:image:width\" content=\"340\" \/>\n\t<meta property=\"og:image:height\" content=\"340\" \/>\n<meta name=\"twitter:card\" content=\"summary_large_image\" \/>\n<script type=\"application\/ld+json\" class=\"yoast-schema-graph\">{\"@context\":\"https:\/\/schema.org\",\"@graph\":[{\"@type\":\"WebSite\",\"@id\":\"https:\/\/livrariasolmar.pt\/#website\",\"url\":\"https:\/\/livrariasolmar.pt\/\",\"name\":\"Livraria Solmar - Livraria online\",\"description\":\"Com\\u00e9rcio Livros E Objetos De Arte, Lda - Ponta Delgada, A\\u00e7ores\",\"potentialAction\":[{\"@type\":\"SearchAction\",\"target\":{\"@type\":\"EntryPoint\",\"urlTemplate\":\"https:\/\/livrariasolmar.pt\/?s={search_term_string}\"},\"query-input\":\"required name=search_term_string\"}],\"inLanguage\":\"en-US\"},{\"@type\":\"ImageObject\",\"@id\":\"https:\/\/livrariasolmar.pt\/produto\/coracao-negro\/#primaryimage\",\"inLanguage\":\"en-US\",\"url\":\"https:\/\/livrariasolmar.pt\/wp-content\/uploads\/2025\/06\/1540-1-3-4.jpg\",\"contentUrl\":\"https:\/\/livrariasolmar.pt\/wp-content\/uploads\/2025\/06\/1540-1-3-4.jpg\",\"width\":340,\"height\":340},{\"@type\":\"WebPage\",\"@id\":\"https:\/\/livrariasolmar.pt\/produto\/coracao-negro\/#webpage\",\"url\":\"https:\/\/livrariasolmar.pt\/produto\/coracao-negro\/\",\"name\":\"Cora\\u00e7\\u00e3o Negro - Livraria Solmar - Livraria online\",\"isPartOf\":{\"@id\":\"https:\/\/livrariasolmar.pt\/#website\"},\"primaryImageOfPage\":{\"@id\":\"https:\/\/livrariasolmar.pt\/produto\/coracao-negro\/#primaryimage\"},\"datePublished\":\"2025-06-09T16:46:20+00:00\",\"dateModified\":\"2026-03-07T19:30:53+00:00\",\"breadcrumb\":{\"@id\":\"https:\/\/livrariasolmar.pt\/produto\/coracao-negro\/#breadcrumb\"},\"inLanguage\":\"en-US\",\"potentialAction\":[{\"@type\":\"ReadAction\",\"target\":[\"https:\/\/livrariasolmar.pt\/produto\/coracao-negro\/\"]}]},{\"@type\":\"BreadcrumbList\",\"@id\":\"https:\/\/livrariasolmar.pt\/produto\/coracao-negro\/#breadcrumb\",\"itemListElement\":[{\"@type\":\"ListItem\",\"position\":1,\"name\":\"In\\u00edcio\",\"item\":\"https:\/\/livrariasolmar.pt\/en\/\"},{\"@type\":\"ListItem\",\"position\":2,\"name\":\"Shop\",\"item\":\"https:\/\/livrariasolmar.pt\/en\/shop\/\"},{\"@type\":\"ListItem\",\"position\":3,\"name\":\"Cora\\u00e7\\u00e3o Negro\"}]}]}<\/script>\n<!-- \/ Yoast SEO plugin. -->","_links":{"self":[{"href":"https:\/\/livrariasolmar.pt\/en\/wp-json\/wp\/v2\/product\/10452"}],"collection":[{"href":"https:\/\/livrariasolmar.pt\/en\/wp-json\/wp\/v2\/product"}],"about":[{"href":"https:\/\/livrariasolmar.pt\/en\/wp-json\/wp\/v2\/types\/product"}],"author":[{"embeddable":true,"href":"https:\/\/livrariasolmar.pt\/en\/wp-json\/wp\/v2\/users\/2"}],"wp:featuredmedia":[{"embeddable":true,"href":"https:\/\/livrariasolmar.pt\/en\/wp-json\/wp\/v2\/media\/10453"}],"wp:attachment":[{"href":"https:\/\/livrariasolmar.pt\/en\/wp-json\/wp\/v2\/media?parent=10452"}],"wp:term":[{"taxonomy":"product_cat","embeddable":true,"href":"https:\/\/livrariasolmar.pt\/en\/wp-json\/wp\/v2\/product_cat?post=10452"},{"taxonomy":"product_tag","embeddable":true,"href":"https:\/\/livrariasolmar.pt\/en\/wp-json\/wp\/v2\/product_tag?post=10452"},{"taxonomy":"cat_produtos","embeddable":true,"href":"https:\/\/livrariasolmar.pt\/en\/wp-json\/wp\/v2\/cat_produtos?post=10452"}],"curies":[{"name":"wp","href":"https:\/\/api.w.org\/{rel}","templated":true}]}}