{"id":10455,"date":"2025-06-09T16:57:49","date_gmt":"2025-06-09T16:57:49","guid":{"rendered":"https:\/\/livrariasolmar.pt\/?post_type=product&#038;p=10455"},"modified":"2025-11-15T20:07:25","modified_gmt":"2025-11-15T20:07:25","slug":"a-noite-da-tempestade","status":"publish","type":"product","link":"https:\/\/livrariasolmar.pt\/en\/produto\/a-noite-da-tempestade\/","title":{"rendered":"A Noite da Tempestade"},"content":{"rendered":"","protected":false},"excerpt":{"rendered":"<p>Sofia n\u00e3o \u00e9 a mesma desde que Vicente morreu. Desesperada por se agarrar \u00e0 mem\u00f3ria do irm\u00e3o, muda-se para a casa de f\u00e9rias em Santa Cruz, onde ele se isolava do mundo e revia incansavelmente os casos que n\u00e3o conseguiu resolver na Pol\u00edcia Judici\u00e1ria. S\u00f3 que a casa n\u00e3o esconde apenas casos antigos.<\/p>\n<p>Ap\u00f3s uma noite de tempestade, que Sofia passa com David, um amigo do seu irm\u00e3o que se revela um inesperado porto de abrigo, acorda com a not\u00edcia de que um corpo foi encontrado junto \u00e0 casa de Vicente. Os inspetores C\u00e9sar Delgado e Rodrigo Gon\u00e7alves, com quem Sofia tamb\u00e9m tem uma rela\u00e7\u00e3o complexa, s\u00e3o chamados a conduzir a investiga\u00e7\u00e3o, que trar\u00e1 consigo uma vaga de mentiras e segredos capaz de arrasar a ideia que Sofia tinha de Vicente &#8211; e de si pr\u00f3pria.<\/p>\n<p>Perseguir a verdade sempre lhes esteve no sangue, e apesar de defender que o tempo em que a sua vida pessoal e profissional se fundiam acabou, Sofia n\u00e3o vai conseguir virar costas ao caso de Liliana Ribeiro nem a Santa Cruz, onde est\u00e1 disposta a ficar at\u00e9 ao fecho da investiga\u00e7\u00e3o\u2026 mesmo que esta coloque a sua vida em perigo.<\/p>\n","protected":false},"author":2,"featured_media":10456,"template":"","meta":[],"product_cat":[588],"product_tag":[],"cat_produtos":[1660],"yoast_head":"<!-- This site is optimized with the Yoast SEO plugin v16.6 - https:\/\/yoast.com\/wordpress\/plugins\/seo\/ -->\n<title>A Noite da Tempestade - Livraria Solmar - Livraria online<\/title>\n<meta name=\"robots\" content=\"index, follow, max-snippet:-1, max-image-preview:large, max-video-preview:-1\" \/>\n<link rel=\"canonical\" href=\"https:\/\/livrariasolmar.pt\/en\/produto\/a-noite-da-tempestade\/\" \/>\n<meta property=\"og:locale\" content=\"en_US\" \/>\n<meta property=\"og:type\" content=\"article\" \/>\n<meta property=\"og:title\" content=\"A Noite da Tempestade - Livraria Solmar - Livraria online\" \/>\n<meta property=\"og:description\" content=\"Sofia n\u00e3o \u00e9 a mesma desde que Vicente morreu. Desesperada por se agarrar \u00e0 mem\u00f3ria do irm\u00e3o, muda-se para a casa de f\u00e9rias em Santa Cruz, onde ele se isolava do mundo e revia incansavelmente os casos que n\u00e3o conseguiu resolver na Pol\u00edcia Judici\u00e1ria. S\u00f3 que a casa n\u00e3o esconde apenas casos antigos.  Ap\u00f3s uma noite de tempestade, que Sofia passa com David, um amigo do seu irm\u00e3o que se revela um inesperado porto de abrigo, acorda com a not\u00edcia de que um corpo foi encontrado junto \u00e0 casa de Vicente. Os inspetores C\u00e9sar Delgado e Rodrigo Gon\u00e7alves, com quem Sofia tamb\u00e9m tem uma rela\u00e7\u00e3o complexa, s\u00e3o chamados a conduzir a investiga\u00e7\u00e3o, que trar\u00e1 consigo uma vaga de mentiras e segredos capaz de arrasar a ideia que Sofia tinha de Vicente - e de si pr\u00f3pria.  Perseguir a verdade sempre lhes esteve no sangue, e apesar de defender que o tempo em que a sua vida pessoal e profissional se fundiam acabou, Sofia n\u00e3o vai conseguir virar costas ao caso de Liliana Ribeiro nem a Santa Cruz, onde est\u00e1 disposta a ficar at\u00e9 ao fecho da investiga\u00e7\u00e3o\u2026 mesmo que esta coloque a sua vida em perigo.\" \/>\n<meta property=\"og:url\" content=\"https:\/\/livrariasolmar.pt\/produto\/a-noite-da-tempestade\/\" \/>\n<meta property=\"og:site_name\" content=\"Livraria Solmar - Livraria online\" \/>\n<meta property=\"article:modified_time\" content=\"2025-11-15T20:07:25+00:00\" \/>\n<meta property=\"og:image\" content=\"https:\/\/livrariasolmar.pt\/wp-content\/uploads\/2025\/06\/1540-1-2-6.jpg\" \/>\n\t<meta property=\"og:image:width\" content=\"340\" \/>\n\t<meta property=\"og:image:height\" content=\"340\" \/>\n<meta name=\"twitter:card\" content=\"summary_large_image\" \/>\n<script type=\"application\/ld+json\" class=\"yoast-schema-graph\">{\"@context\":\"https:\/\/schema.org\",\"@graph\":[{\"@type\":\"WebSite\",\"@id\":\"https:\/\/livrariasolmar.pt\/#website\",\"url\":\"https:\/\/livrariasolmar.pt\/\",\"name\":\"Livraria Solmar - Livraria online\",\"description\":\"Com\\u00e9rcio Livros E Objetos De Arte, Lda - Ponta Delgada, A\\u00e7ores\",\"potentialAction\":[{\"@type\":\"SearchAction\",\"target\":{\"@type\":\"EntryPoint\",\"urlTemplate\":\"https:\/\/livrariasolmar.pt\/?s={search_term_string}\"},\"query-input\":\"required name=search_term_string\"}],\"inLanguage\":\"en-US\"},{\"@type\":\"ImageObject\",\"@id\":\"https:\/\/livrariasolmar.pt\/produto\/a-noite-da-tempestade\/#primaryimage\",\"inLanguage\":\"en-US\",\"url\":\"https:\/\/livrariasolmar.pt\/wp-content\/uploads\/2025\/06\/1540-1-2-6.jpg\",\"contentUrl\":\"https:\/\/livrariasolmar.pt\/wp-content\/uploads\/2025\/06\/1540-1-2-6.jpg\",\"width\":340,\"height\":340},{\"@type\":\"WebPage\",\"@id\":\"https:\/\/livrariasolmar.pt\/produto\/a-noite-da-tempestade\/#webpage\",\"url\":\"https:\/\/livrariasolmar.pt\/produto\/a-noite-da-tempestade\/\",\"name\":\"A Noite da Tempestade - Livraria Solmar - Livraria online\",\"isPartOf\":{\"@id\":\"https:\/\/livrariasolmar.pt\/#website\"},\"primaryImageOfPage\":{\"@id\":\"https:\/\/livrariasolmar.pt\/produto\/a-noite-da-tempestade\/#primaryimage\"},\"datePublished\":\"2025-06-09T16:57:49+00:00\",\"dateModified\":\"2025-11-15T20:07:25+00:00\",\"breadcrumb\":{\"@id\":\"https:\/\/livrariasolmar.pt\/produto\/a-noite-da-tempestade\/#breadcrumb\"},\"inLanguage\":\"en-US\",\"potentialAction\":[{\"@type\":\"ReadAction\",\"target\":[\"https:\/\/livrariasolmar.pt\/produto\/a-noite-da-tempestade\/\"]}]},{\"@type\":\"BreadcrumbList\",\"@id\":\"https:\/\/livrariasolmar.pt\/produto\/a-noite-da-tempestade\/#breadcrumb\",\"itemListElement\":[{\"@type\":\"ListItem\",\"position\":1,\"name\":\"In\\u00edcio\",\"item\":\"https:\/\/livrariasolmar.pt\/en\/\"},{\"@type\":\"ListItem\",\"position\":2,\"name\":\"Shop\",\"item\":\"https:\/\/livrariasolmar.pt\/en\/shop\/\"},{\"@type\":\"ListItem\",\"position\":3,\"name\":\"A Noite da Tempestade\"}]}]}<\/script>\n<!-- \/ Yoast SEO plugin. -->","_links":{"self":[{"href":"https:\/\/livrariasolmar.pt\/en\/wp-json\/wp\/v2\/product\/10455"}],"collection":[{"href":"https:\/\/livrariasolmar.pt\/en\/wp-json\/wp\/v2\/product"}],"about":[{"href":"https:\/\/livrariasolmar.pt\/en\/wp-json\/wp\/v2\/types\/product"}],"author":[{"embeddable":true,"href":"https:\/\/livrariasolmar.pt\/en\/wp-json\/wp\/v2\/users\/2"}],"wp:featuredmedia":[{"embeddable":true,"href":"https:\/\/livrariasolmar.pt\/en\/wp-json\/wp\/v2\/media\/10456"}],"wp:attachment":[{"href":"https:\/\/livrariasolmar.pt\/en\/wp-json\/wp\/v2\/media?parent=10455"}],"wp:term":[{"taxonomy":"product_cat","embeddable":true,"href":"https:\/\/livrariasolmar.pt\/en\/wp-json\/wp\/v2\/product_cat?post=10455"},{"taxonomy":"product_tag","embeddable":true,"href":"https:\/\/livrariasolmar.pt\/en\/wp-json\/wp\/v2\/product_tag?post=10455"},{"taxonomy":"cat_produtos","embeddable":true,"href":"https:\/\/livrariasolmar.pt\/en\/wp-json\/wp\/v2\/cat_produtos?post=10455"}],"curies":[{"name":"wp","href":"https:\/\/api.w.org\/{rel}","templated":true}]}}