{"id":10458,"date":"2025-06-09T17:04:49","date_gmt":"2025-06-09T17:04:49","guid":{"rendered":"https:\/\/livrariasolmar.pt\/?post_type=product&#038;p=10458"},"modified":"2025-10-08T17:27:53","modified_gmt":"2025-10-08T17:27:53","slug":"o-sonambulo","status":"publish","type":"product","link":"https:\/\/livrariasolmar.pt\/en\/produto\/o-sonambulo\/","title":{"rendered":"O Son\u00e2mbulo"},"content":{"rendered":"","protected":false},"excerpt":{"rendered":"<p>A meio da noite \u00e9 emitido um alerta sobre um assalto em curso no parque de campismo de Bred\u00e4ng, nos arredores de Estocolmo. O ve\u00edculo da pol\u00edcia mais pr\u00f3ximo responde \u00e0 chamada e dirige-se para o local. Apesar de o parque estar encerrado durante o inverno, h\u00e1 luz numa das autocaravanas e ao abrirem a porta os agentes encontram um cen\u00e1rio aterrador. Das paredes aos m\u00f3veis, tudo est\u00e1 coberto de sangue. Uma pessoa foi brutalmente assassinada e esquartejada com um machado.<\/p>\n<p>No ch\u00e3o de um dos quartos, um jovem dorme, usando um bra\u00e7o decepado como almofada. \u00c9 imediatamente detido, levado para a pris\u00e3o de Kronoberg e identificado como Hugo Sand, de dezassete anos, filho de um conhecido escritor. Mas Hugo sofre de uma forma rara de sonambulismo e, por isso, tanto pode ser o criminoso como uma testemunha. Contudo, alega n\u00e3o ter qualquer recorda\u00e7\u00e3o daquela noite. Joona Linna, a quem cabe investigar o caso, contacta o seu velho amigo Erik Maria Bark para, com recurso \u00e0 hipnose, tentar descobrir o que aconteceu no interior da autocaravana. Este torna-se o tiro de partida para uma complicada persegui\u00e7\u00e3o a um tem\u00edvel assassino em s\u00e9rie, que acaba de entrar numa fase particularmente cruel.<\/p>\n<p>&nbsp;<\/p>\n","protected":false},"author":2,"featured_media":10459,"template":"","meta":[],"product_cat":[588],"product_tag":[],"cat_produtos":[1661],"yoast_head":"<!-- This site is optimized with the Yoast SEO plugin v16.6 - https:\/\/yoast.com\/wordpress\/plugins\/seo\/ -->\n<title>O Son\u00e2mbulo - Livraria Solmar - Livraria online<\/title>\n<meta name=\"robots\" content=\"index, follow, max-snippet:-1, max-image-preview:large, max-video-preview:-1\" \/>\n<link rel=\"canonical\" href=\"https:\/\/livrariasolmar.pt\/en\/produto\/o-sonambulo\/\" \/>\n<meta property=\"og:locale\" content=\"en_US\" \/>\n<meta property=\"og:type\" content=\"article\" \/>\n<meta property=\"og:title\" content=\"O Son\u00e2mbulo - Livraria Solmar - Livraria online\" \/>\n<meta property=\"og:description\" content=\"A meio da noite \u00e9 emitido um alerta sobre um assalto em curso no parque de campismo de Bred\u00e4ng, nos arredores de Estocolmo. O ve\u00edculo da pol\u00edcia mais pr\u00f3ximo responde \u00e0 chamada e dirige-se para o local. Apesar de o parque estar encerrado durante o inverno, h\u00e1 luz numa das autocaravanas e ao abrirem a porta os agentes encontram um cen\u00e1rio aterrador. Das paredes aos m\u00f3veis, tudo est\u00e1 coberto de sangue. Uma pessoa foi brutalmente assassinada e esquartejada com um machado.  No ch\u00e3o de um dos quartos, um jovem dorme, usando um bra\u00e7o decepado como almofada. \u00c9 imediatamente detido, levado para a pris\u00e3o de Kronoberg e identificado como Hugo Sand, de dezassete anos, filho de um conhecido escritor. Mas Hugo sofre de uma forma rara de sonambulismo e, por isso, tanto pode ser o criminoso como uma testemunha. Contudo, alega n\u00e3o ter qualquer recorda\u00e7\u00e3o daquela noite. Joona Linna, a quem cabe investigar o caso, contacta o seu velho amigo Erik Maria Bark para, com recurso \u00e0 hipnose, tentar descobrir o que aconteceu no interior da autocaravana. Este torna-se o tiro de partida para uma complicada persegui\u00e7\u00e3o a um tem\u00edvel assassino em s\u00e9rie, que acaba de entrar numa fase particularmente cruel.  &nbsp;\" \/>\n<meta property=\"og:url\" content=\"https:\/\/livrariasolmar.pt\/produto\/o-sonambulo\/\" \/>\n<meta property=\"og:site_name\" content=\"Livraria Solmar - Livraria online\" \/>\n<meta property=\"article:modified_time\" content=\"2025-10-08T17:27:53+00:00\" \/>\n<meta property=\"og:image\" content=\"https:\/\/livrariasolmar.pt\/wp-content\/uploads\/2025\/06\/1540-1-3-5.jpg\" \/>\n\t<meta property=\"og:image:width\" content=\"340\" \/>\n\t<meta property=\"og:image:height\" content=\"340\" \/>\n<meta name=\"twitter:card\" content=\"summary_large_image\" \/>\n<script type=\"application\/ld+json\" class=\"yoast-schema-graph\">{\"@context\":\"https:\/\/schema.org\",\"@graph\":[{\"@type\":\"WebSite\",\"@id\":\"https:\/\/livrariasolmar.pt\/#website\",\"url\":\"https:\/\/livrariasolmar.pt\/\",\"name\":\"Livraria Solmar - Livraria online\",\"description\":\"Com\\u00e9rcio Livros E Objetos De Arte, Lda - Ponta Delgada, A\\u00e7ores\",\"potentialAction\":[{\"@type\":\"SearchAction\",\"target\":{\"@type\":\"EntryPoint\",\"urlTemplate\":\"https:\/\/livrariasolmar.pt\/?s={search_term_string}\"},\"query-input\":\"required name=search_term_string\"}],\"inLanguage\":\"en-US\"},{\"@type\":\"ImageObject\",\"@id\":\"https:\/\/livrariasolmar.pt\/produto\/o-sonambulo\/#primaryimage\",\"inLanguage\":\"en-US\",\"url\":\"https:\/\/livrariasolmar.pt\/wp-content\/uploads\/2025\/06\/1540-1-3-5.jpg\",\"contentUrl\":\"https:\/\/livrariasolmar.pt\/wp-content\/uploads\/2025\/06\/1540-1-3-5.jpg\",\"width\":340,\"height\":340},{\"@type\":\"WebPage\",\"@id\":\"https:\/\/livrariasolmar.pt\/produto\/o-sonambulo\/#webpage\",\"url\":\"https:\/\/livrariasolmar.pt\/produto\/o-sonambulo\/\",\"name\":\"O Son\\u00e2mbulo - Livraria Solmar - Livraria online\",\"isPartOf\":{\"@id\":\"https:\/\/livrariasolmar.pt\/#website\"},\"primaryImageOfPage\":{\"@id\":\"https:\/\/livrariasolmar.pt\/produto\/o-sonambulo\/#primaryimage\"},\"datePublished\":\"2025-06-09T17:04:49+00:00\",\"dateModified\":\"2025-10-08T17:27:53+00:00\",\"breadcrumb\":{\"@id\":\"https:\/\/livrariasolmar.pt\/produto\/o-sonambulo\/#breadcrumb\"},\"inLanguage\":\"en-US\",\"potentialAction\":[{\"@type\":\"ReadAction\",\"target\":[\"https:\/\/livrariasolmar.pt\/produto\/o-sonambulo\/\"]}]},{\"@type\":\"BreadcrumbList\",\"@id\":\"https:\/\/livrariasolmar.pt\/produto\/o-sonambulo\/#breadcrumb\",\"itemListElement\":[{\"@type\":\"ListItem\",\"position\":1,\"name\":\"In\\u00edcio\",\"item\":\"https:\/\/livrariasolmar.pt\/en\/\"},{\"@type\":\"ListItem\",\"position\":2,\"name\":\"Shop\",\"item\":\"https:\/\/livrariasolmar.pt\/en\/shop\/\"},{\"@type\":\"ListItem\",\"position\":3,\"name\":\"O Son\\u00e2mbulo\"}]}]}<\/script>\n<!-- \/ Yoast SEO plugin. -->","_links":{"self":[{"href":"https:\/\/livrariasolmar.pt\/en\/wp-json\/wp\/v2\/product\/10458"}],"collection":[{"href":"https:\/\/livrariasolmar.pt\/en\/wp-json\/wp\/v2\/product"}],"about":[{"href":"https:\/\/livrariasolmar.pt\/en\/wp-json\/wp\/v2\/types\/product"}],"author":[{"embeddable":true,"href":"https:\/\/livrariasolmar.pt\/en\/wp-json\/wp\/v2\/users\/2"}],"wp:featuredmedia":[{"embeddable":true,"href":"https:\/\/livrariasolmar.pt\/en\/wp-json\/wp\/v2\/media\/10459"}],"wp:attachment":[{"href":"https:\/\/livrariasolmar.pt\/en\/wp-json\/wp\/v2\/media?parent=10458"}],"wp:term":[{"taxonomy":"product_cat","embeddable":true,"href":"https:\/\/livrariasolmar.pt\/en\/wp-json\/wp\/v2\/product_cat?post=10458"},{"taxonomy":"product_tag","embeddable":true,"href":"https:\/\/livrariasolmar.pt\/en\/wp-json\/wp\/v2\/product_tag?post=10458"},{"taxonomy":"cat_produtos","embeddable":true,"href":"https:\/\/livrariasolmar.pt\/en\/wp-json\/wp\/v2\/cat_produtos?post=10458"}],"curies":[{"name":"wp","href":"https:\/\/api.w.org\/{rel}","templated":true}]}}