{"id":10461,"date":"2025-06-09T17:24:10","date_gmt":"2025-06-09T17:24:10","guid":{"rendered":"https:\/\/livrariasolmar.pt\/?post_type=product&#038;p=10461"},"modified":"2025-10-08T17:28:04","modified_gmt":"2025-10-08T17:28:04","slug":"silencio-de-gelo","status":"publish","type":"product","link":"https:\/\/livrariasolmar.pt\/en\/produto\/silencio-de-gelo\/","title":{"rendered":"Sil\u00eancio de Gelo"},"content":{"rendered":"","protected":false},"excerpt":{"rendered":"<p>Em 1955, dois jovens casais mudam-se para o fiorde desabitado e isolado de Hedinsfj\u00f6rdur, na Isl\u00e2ndia. A sua estadia termina quando uma das mulheres morre de forma misteriosa. O caso nunca \u00e9 resolvido. Cinquenta anos mais tarde, surge uma fotografia antiga que mostra que, afinal, os dois casais n\u00e3o se encontravam sozinhos no fiorde.<\/p>\n<p>Em Siglufj\u00f6rdur, uma pequena cidade pr\u00f3xima, o jovem pol\u00edcia Ari Th\u00f3r tenta perceber o que realmente aconteceu naquela noite fat\u00eddica, ap\u00f3s ter sido procurado por um familiar da v\u00edtima. Numa altura em que a cidade se encontra de quarentena devido a um v\u00edrus mortal, Ari conta apenas com a ajuda de \u00cdsr\u00fan, uma jornalista de Reiquiavique, para desvendar o caso. Por\u00e9m, \u00cdsr\u00fan encontra-se tamb\u00e9m a investigar um outro caso sinistro, que envolve o rapto de um beb\u00e9 e o atropelamento mortal do filho de um ex-pol\u00edtico.<\/p>\n<p>Conseguir\u00e3o eles resolver dois casos que s\u00f3 encontram explica\u00e7\u00e3o num passado mergulhado no sil\u00eancio?<\/p>\n","protected":false},"author":2,"featured_media":10462,"template":"","meta":[],"product_cat":[588],"product_tag":[],"cat_produtos":[1662],"yoast_head":"<!-- This site is optimized with the Yoast SEO plugin v16.6 - https:\/\/yoast.com\/wordpress\/plugins\/seo\/ -->\n<title>Sil\u00eancio de Gelo - Livraria Solmar - Livraria online<\/title>\n<meta name=\"robots\" content=\"index, follow, max-snippet:-1, max-image-preview:large, max-video-preview:-1\" \/>\n<link rel=\"canonical\" href=\"https:\/\/livrariasolmar.pt\/en\/produto\/silencio-de-gelo\/\" \/>\n<meta property=\"og:locale\" content=\"en_US\" \/>\n<meta property=\"og:type\" content=\"article\" \/>\n<meta property=\"og:title\" content=\"Sil\u00eancio de Gelo - Livraria Solmar - Livraria online\" \/>\n<meta property=\"og:description\" content=\"Em 1955, dois jovens casais mudam-se para o fiorde desabitado e isolado de Hedinsfj\u00f6rdur, na Isl\u00e2ndia. A sua estadia termina quando uma das mulheres morre de forma misteriosa. O caso nunca \u00e9 resolvido. Cinquenta anos mais tarde, surge uma fotografia antiga que mostra que, afinal, os dois casais n\u00e3o se encontravam sozinhos no fiorde.  Em Siglufj\u00f6rdur, uma pequena cidade pr\u00f3xima, o jovem pol\u00edcia Ari Th\u00f3r tenta perceber o que realmente aconteceu naquela noite fat\u00eddica, ap\u00f3s ter sido procurado por um familiar da v\u00edtima. Numa altura em que a cidade se encontra de quarentena devido a um v\u00edrus mortal, Ari conta apenas com a ajuda de \u00cdsr\u00fan, uma jornalista de Reiquiavique, para desvendar o caso. Por\u00e9m, \u00cdsr\u00fan encontra-se tamb\u00e9m a investigar um outro caso sinistro, que envolve o rapto de um beb\u00e9 e o atropelamento mortal do filho de um ex-pol\u00edtico.  Conseguir\u00e3o eles resolver dois casos que s\u00f3 encontram explica\u00e7\u00e3o num passado mergulhado no sil\u00eancio?\" \/>\n<meta property=\"og:url\" content=\"https:\/\/livrariasolmar.pt\/produto\/silencio-de-gelo\/\" \/>\n<meta property=\"og:site_name\" content=\"Livraria Solmar - Livraria online\" \/>\n<meta property=\"article:modified_time\" content=\"2025-10-08T17:28:04+00:00\" \/>\n<meta property=\"og:image\" content=\"https:\/\/livrariasolmar.pt\/wp-content\/uploads\/2025\/06\/1540-1-2-7.jpg\" \/>\n\t<meta property=\"og:image:width\" content=\"340\" \/>\n\t<meta property=\"og:image:height\" content=\"340\" \/>\n<meta name=\"twitter:card\" content=\"summary_large_image\" \/>\n<script type=\"application\/ld+json\" class=\"yoast-schema-graph\">{\"@context\":\"https:\/\/schema.org\",\"@graph\":[{\"@type\":\"WebSite\",\"@id\":\"https:\/\/livrariasolmar.pt\/#website\",\"url\":\"https:\/\/livrariasolmar.pt\/\",\"name\":\"Livraria Solmar - Livraria online\",\"description\":\"Com\\u00e9rcio Livros E Objetos De Arte, Lda - Ponta Delgada, A\\u00e7ores\",\"potentialAction\":[{\"@type\":\"SearchAction\",\"target\":{\"@type\":\"EntryPoint\",\"urlTemplate\":\"https:\/\/livrariasolmar.pt\/?s={search_term_string}\"},\"query-input\":\"required name=search_term_string\"}],\"inLanguage\":\"en-US\"},{\"@type\":\"ImageObject\",\"@id\":\"https:\/\/livrariasolmar.pt\/produto\/silencio-de-gelo\/#primaryimage\",\"inLanguage\":\"en-US\",\"url\":\"https:\/\/livrariasolmar.pt\/wp-content\/uploads\/2025\/06\/1540-1-2-7.jpg\",\"contentUrl\":\"https:\/\/livrariasolmar.pt\/wp-content\/uploads\/2025\/06\/1540-1-2-7.jpg\",\"width\":340,\"height\":340},{\"@type\":\"WebPage\",\"@id\":\"https:\/\/livrariasolmar.pt\/produto\/silencio-de-gelo\/#webpage\",\"url\":\"https:\/\/livrariasolmar.pt\/produto\/silencio-de-gelo\/\",\"name\":\"Sil\\u00eancio de Gelo - Livraria Solmar - Livraria online\",\"isPartOf\":{\"@id\":\"https:\/\/livrariasolmar.pt\/#website\"},\"primaryImageOfPage\":{\"@id\":\"https:\/\/livrariasolmar.pt\/produto\/silencio-de-gelo\/#primaryimage\"},\"datePublished\":\"2025-06-09T17:24:10+00:00\",\"dateModified\":\"2025-10-08T17:28:04+00:00\",\"breadcrumb\":{\"@id\":\"https:\/\/livrariasolmar.pt\/produto\/silencio-de-gelo\/#breadcrumb\"},\"inLanguage\":\"en-US\",\"potentialAction\":[{\"@type\":\"ReadAction\",\"target\":[\"https:\/\/livrariasolmar.pt\/produto\/silencio-de-gelo\/\"]}]},{\"@type\":\"BreadcrumbList\",\"@id\":\"https:\/\/livrariasolmar.pt\/produto\/silencio-de-gelo\/#breadcrumb\",\"itemListElement\":[{\"@type\":\"ListItem\",\"position\":1,\"name\":\"In\\u00edcio\",\"item\":\"https:\/\/livrariasolmar.pt\/en\/\"},{\"@type\":\"ListItem\",\"position\":2,\"name\":\"Shop\",\"item\":\"https:\/\/livrariasolmar.pt\/en\/shop\/\"},{\"@type\":\"ListItem\",\"position\":3,\"name\":\"Sil\\u00eancio de Gelo\"}]}]}<\/script>\n<!-- \/ Yoast SEO plugin. -->","_links":{"self":[{"href":"https:\/\/livrariasolmar.pt\/en\/wp-json\/wp\/v2\/product\/10461"}],"collection":[{"href":"https:\/\/livrariasolmar.pt\/en\/wp-json\/wp\/v2\/product"}],"about":[{"href":"https:\/\/livrariasolmar.pt\/en\/wp-json\/wp\/v2\/types\/product"}],"author":[{"embeddable":true,"href":"https:\/\/livrariasolmar.pt\/en\/wp-json\/wp\/v2\/users\/2"}],"wp:featuredmedia":[{"embeddable":true,"href":"https:\/\/livrariasolmar.pt\/en\/wp-json\/wp\/v2\/media\/10462"}],"wp:attachment":[{"href":"https:\/\/livrariasolmar.pt\/en\/wp-json\/wp\/v2\/media?parent=10461"}],"wp:term":[{"taxonomy":"product_cat","embeddable":true,"href":"https:\/\/livrariasolmar.pt\/en\/wp-json\/wp\/v2\/product_cat?post=10461"},{"taxonomy":"product_tag","embeddable":true,"href":"https:\/\/livrariasolmar.pt\/en\/wp-json\/wp\/v2\/product_tag?post=10461"},{"taxonomy":"cat_produtos","embeddable":true,"href":"https:\/\/livrariasolmar.pt\/en\/wp-json\/wp\/v2\/cat_produtos?post=10461"}],"curies":[{"name":"wp","href":"https:\/\/api.w.org\/{rel}","templated":true}]}}