{"id":10467,"date":"2025-06-11T15:32:45","date_gmt":"2025-06-11T15:32:45","guid":{"rendered":"https:\/\/livrariasolmar.pt\/?post_type=product&#038;p=10467"},"modified":"2025-10-08T17:24:16","modified_gmt":"2025-10-08T17:24:16","slug":"sem-treguas","status":"publish","type":"product","link":"https:\/\/livrariasolmar.pt\/en\/produto\/sem-treguas\/","title":{"rendered":"Sem Tr\u00e9guas"},"content":{"rendered":"","protected":false},"excerpt":{"rendered":"<p>O novo e mais emocionante thriller do maior escritor dos nossos dias.<\/p>\n<p>Um assassino numa diab\u00f3lica miss\u00e3o de vingan\u00e7a e um justiceiro perturbado com uma v\u00edtima favorita\u2026 dois casos que se v\u00e3o unir no frente a frente com a adorada Holly Gibney &#8211; a melhor personagem de Stephen King.<\/p>\n<p>Quando o Departamento de Pol\u00edcia de Buckeye City recebe uma carta perturbadora de uma pessoa que amea\u00e7a \u00abmatar treze inocentes e um culpado\u00bb num ato de expia\u00e7\u00e3o pela morte desnecess\u00e1ria de um homem inocente, a detetive Isabelle Jaynes n\u00e3o faz ideia do que pensar. Estar\u00e3o mesmo catorze cidad\u00e3os prestes a ser chacinados num desvairado ato de vingan\u00e7a? \u00c0 medida que a investiga\u00e7\u00e3o se desenrola, Isabelle compreende que o autor da carta n\u00e3o podia estar a falar mais a s\u00e9rio e pede ajuda \u00e0 sua amiga Holly Gibney. Sim, ela est\u00e1 de volta.<br \/>\nEnquanto isso, Kate McKay, ativista controversa, mas esclarecida, pelos direitos das mulheres, embarca numa digress\u00e3o de palestras por v\u00e1rios estados norte-americanos, atraindo tanto multid\u00f5es de f\u00e3s quanto de detratores. E algu\u00e9m que se op\u00f5e veementemente \u00e0 mensagem de Kate sobre o empoderamento feminino tem andado a persegui-la e a sabotar os seus eventos. No in\u00edcio, ningu\u00e9m \u00e9 ferido, mas o stalker est\u00e1 a ficar mais ousado\u2026 Por isso Holly \u00e9 contratada como guarda-costas de Kate, uma miss\u00e3o desafiante tendo em considera\u00e7\u00e3o a \u00abempregadora\u00bb teimosa e o advers\u00e1rio determinado, movido pela f\u00faria e pela cren\u00e7a absoluta na sua pr\u00f3pria vers\u00e3o da justi\u00e7a.<\/p>\n<p>Com uma incr\u00edvel galeria de personagens, algumas antigas e outras novas &#8211; incluindo um vil\u00e3o viciado em matar que nunca mais conseguiremos esquecer -, estes dois fios narrativos v\u00e3o convergir ao longo do romance para uma conclus\u00e3o espetacular\u2026 e terrivelmente arrepiante. Uma proeza que, entre as guerras culturais dos Estados Unidos e crimes diab\u00f3licos, s\u00f3 mesmo Stephen King poderia concretizar nas p\u00e1ginas de um livro.<\/p>\n","protected":false},"author":2,"featured_media":10468,"template":"","meta":[],"product_cat":[588],"product_tag":[],"cat_produtos":[],"yoast_head":"<!-- This site is optimized with the Yoast SEO plugin v16.6 - https:\/\/yoast.com\/wordpress\/plugins\/seo\/ -->\n<title>Sem Tr\u00e9guas - Livraria Solmar - Livraria online<\/title>\n<meta name=\"robots\" content=\"index, follow, max-snippet:-1, max-image-preview:large, max-video-preview:-1\" \/>\n<link rel=\"canonical\" href=\"https:\/\/livrariasolmar.pt\/en\/produto\/sem-treguas\/\" \/>\n<meta property=\"og:locale\" content=\"en_US\" \/>\n<meta property=\"og:type\" content=\"article\" \/>\n<meta property=\"og:title\" content=\"Sem Tr\u00e9guas - Livraria Solmar - Livraria online\" \/>\n<meta property=\"og:description\" content=\"O novo e mais emocionante thriller do maior escritor dos nossos dias.  Um assassino numa diab\u00f3lica miss\u00e3o de vingan\u00e7a e um justiceiro perturbado com uma v\u00edtima favorita\u2026 dois casos que se v\u00e3o unir no frente a frente com a adorada Holly Gibney - a melhor personagem de Stephen King.  Quando o Departamento de Pol\u00edcia de Buckeye City recebe uma carta perturbadora de uma pessoa que amea\u00e7a \u00abmatar treze inocentes e um culpado\u00bb num ato de expia\u00e7\u00e3o pela morte desnecess\u00e1ria de um homem inocente, a detetive Isabelle Jaynes n\u00e3o faz ideia do que pensar. Estar\u00e3o mesmo catorze cidad\u00e3os prestes a ser chacinados num desvairado ato de vingan\u00e7a? \u00c0 medida que a investiga\u00e7\u00e3o se desenrola, Isabelle compreende que o autor da carta n\u00e3o podia estar a falar mais a s\u00e9rio e pede ajuda \u00e0 sua amiga Holly Gibney. Sim, ela est\u00e1 de volta. Enquanto isso, Kate McKay, ativista controversa, mas esclarecida, pelos direitos das mulheres, embarca numa digress\u00e3o de palestras por v\u00e1rios estados norte-americanos, atraindo tanto multid\u00f5es de f\u00e3s quanto de detratores. E algu\u00e9m que se op\u00f5e veementemente \u00e0 mensagem de Kate sobre o empoderamento feminino tem andado a persegui-la e a sabotar os seus eventos. No in\u00edcio, ningu\u00e9m \u00e9 ferido, mas o stalker est\u00e1 a ficar mais ousado\u2026 Por isso Holly \u00e9 contratada como guarda-costas de Kate, uma miss\u00e3o desafiante tendo em considera\u00e7\u00e3o a \u00abempregadora\u00bb teimosa e o advers\u00e1rio determinado, movido pela f\u00faria e pela cren\u00e7a absoluta na sua pr\u00f3pria vers\u00e3o da justi\u00e7a.  Com uma incr\u00edvel galeria de personagens, algumas antigas e outras novas - incluindo um vil\u00e3o viciado em matar que nunca mais conseguiremos esquecer -, estes dois fios narrativos v\u00e3o convergir ao longo do romance para uma conclus\u00e3o espetacular\u2026 e terrivelmente arrepiante. Uma proeza que, entre as guerras culturais dos Estados Unidos e crimes diab\u00f3licos, s\u00f3 mesmo Stephen King poderia concretizar nas p\u00e1ginas de um livro.\" \/>\n<meta property=\"og:url\" content=\"https:\/\/livrariasolmar.pt\/produto\/sem-treguas\/\" \/>\n<meta property=\"og:site_name\" content=\"Livraria Solmar - Livraria online\" \/>\n<meta property=\"article:modified_time\" content=\"2025-10-08T17:24:16+00:00\" \/>\n<meta property=\"og:image\" content=\"https:\/\/livrariasolmar.pt\/wp-content\/uploads\/2025\/06\/1540-1-4-3.jpg\" \/>\n\t<meta property=\"og:image:width\" content=\"340\" \/>\n\t<meta property=\"og:image:height\" content=\"340\" \/>\n<meta name=\"twitter:card\" content=\"summary_large_image\" \/>\n<script type=\"application\/ld+json\" class=\"yoast-schema-graph\">{\"@context\":\"https:\/\/schema.org\",\"@graph\":[{\"@type\":\"WebSite\",\"@id\":\"https:\/\/livrariasolmar.pt\/#website\",\"url\":\"https:\/\/livrariasolmar.pt\/\",\"name\":\"Livraria Solmar - Livraria online\",\"description\":\"Com\\u00e9rcio Livros E Objetos De Arte, Lda - Ponta Delgada, A\\u00e7ores\",\"potentialAction\":[{\"@type\":\"SearchAction\",\"target\":{\"@type\":\"EntryPoint\",\"urlTemplate\":\"https:\/\/livrariasolmar.pt\/?s={search_term_string}\"},\"query-input\":\"required name=search_term_string\"}],\"inLanguage\":\"en-US\"},{\"@type\":\"ImageObject\",\"@id\":\"https:\/\/livrariasolmar.pt\/produto\/sem-treguas\/#primaryimage\",\"inLanguage\":\"en-US\",\"url\":\"https:\/\/livrariasolmar.pt\/wp-content\/uploads\/2025\/06\/1540-1-4-3.jpg\",\"contentUrl\":\"https:\/\/livrariasolmar.pt\/wp-content\/uploads\/2025\/06\/1540-1-4-3.jpg\",\"width\":340,\"height\":340},{\"@type\":\"WebPage\",\"@id\":\"https:\/\/livrariasolmar.pt\/produto\/sem-treguas\/#webpage\",\"url\":\"https:\/\/livrariasolmar.pt\/produto\/sem-treguas\/\",\"name\":\"Sem Tr\\u00e9guas - Livraria Solmar - Livraria online\",\"isPartOf\":{\"@id\":\"https:\/\/livrariasolmar.pt\/#website\"},\"primaryImageOfPage\":{\"@id\":\"https:\/\/livrariasolmar.pt\/produto\/sem-treguas\/#primaryimage\"},\"datePublished\":\"2025-06-11T15:32:45+00:00\",\"dateModified\":\"2025-10-08T17:24:16+00:00\",\"breadcrumb\":{\"@id\":\"https:\/\/livrariasolmar.pt\/produto\/sem-treguas\/#breadcrumb\"},\"inLanguage\":\"en-US\",\"potentialAction\":[{\"@type\":\"ReadAction\",\"target\":[\"https:\/\/livrariasolmar.pt\/produto\/sem-treguas\/\"]}]},{\"@type\":\"BreadcrumbList\",\"@id\":\"https:\/\/livrariasolmar.pt\/produto\/sem-treguas\/#breadcrumb\",\"itemListElement\":[{\"@type\":\"ListItem\",\"position\":1,\"name\":\"In\\u00edcio\",\"item\":\"https:\/\/livrariasolmar.pt\/en\/\"},{\"@type\":\"ListItem\",\"position\":2,\"name\":\"Shop\",\"item\":\"https:\/\/livrariasolmar.pt\/en\/shop\/\"},{\"@type\":\"ListItem\",\"position\":3,\"name\":\"Sem Tr\\u00e9guas\"}]}]}<\/script>\n<!-- \/ Yoast SEO plugin. -->","_links":{"self":[{"href":"https:\/\/livrariasolmar.pt\/en\/wp-json\/wp\/v2\/product\/10467"}],"collection":[{"href":"https:\/\/livrariasolmar.pt\/en\/wp-json\/wp\/v2\/product"}],"about":[{"href":"https:\/\/livrariasolmar.pt\/en\/wp-json\/wp\/v2\/types\/product"}],"author":[{"embeddable":true,"href":"https:\/\/livrariasolmar.pt\/en\/wp-json\/wp\/v2\/users\/2"}],"wp:featuredmedia":[{"embeddable":true,"href":"https:\/\/livrariasolmar.pt\/en\/wp-json\/wp\/v2\/media\/10468"}],"wp:attachment":[{"href":"https:\/\/livrariasolmar.pt\/en\/wp-json\/wp\/v2\/media?parent=10467"}],"wp:term":[{"taxonomy":"product_cat","embeddable":true,"href":"https:\/\/livrariasolmar.pt\/en\/wp-json\/wp\/v2\/product_cat?post=10467"},{"taxonomy":"product_tag","embeddable":true,"href":"https:\/\/livrariasolmar.pt\/en\/wp-json\/wp\/v2\/product_tag?post=10467"},{"taxonomy":"cat_produtos","embeddable":true,"href":"https:\/\/livrariasolmar.pt\/en\/wp-json\/wp\/v2\/cat_produtos?post=10467"}],"curies":[{"name":"wp","href":"https:\/\/api.w.org\/{rel}","templated":true}]}}